{"id":679,"date":"2023-12-05T16:20:43","date_gmt":"2023-12-05T16:20:43","guid":{"rendered":"https:\/\/ads.nodengo.com\/?page_id=679"},"modified":"2023-12-29T14:44:59","modified_gmt":"2023-12-29T14:44:59","slug":"help-center","status":"publish","type":"page","link":"https:\/\/ads.nodengo.com\/it\/help-center\/","title":{"rendered":"Centro assistenza"},"content":{"rendered":"<div class=\"wp-block-citadela-blocks-custom-container citadela-block-custom-container size-content bg-type-image inside-space-none bg-size-cover has-bg has-overlay\" style=\"background-color:rgba(36, 37, 39, 1)\"><div class=\"bg-image-wrapper lazyload\" style=\"background-image:inherit;background-repeat:no-repeat;background-position:50% 50%\" data-bg-image=\"url(https:\/\/ads.nodengo.com\/wp-content\/uploads\/2019\/09\/owen-cl-boLgiM0qwkg-unsplash.jpg)\"><\/div><div class=\"bg-image-overlay\" style=\"background-color:#1f2125;opacity:0.9\"><\/div><div class=\"inner-holder\">\n<div class=\"wp-block-citadela-blocks-spacer citadela-block-spacer responsive-options loading\" data-block-attr=\"{&quot;desktop&quot;:{&quot;height&quot;:&quot;7em&quot;},&quot;mobile&quot;:{&quot;height&quot;:&quot;3em&quot;}}\" data-block-mobile-breakpoint=\"600\"><div class=\"inner-holder\" style=\"padding-top:7em\"><\/div><\/div>\n\n\n\n<div class=\"wp-block-citadela-blocks-spacer citadela-block-spacer responsive-options loading\" data-block-attr=\"{&quot;desktop&quot;:{&quot;height&quot;:&quot;4vw&quot;},&quot;mobile&quot;:{&quot;height&quot;:&quot;1.4vw&quot;}}\" data-block-mobile-breakpoint=\"600\"><div class=\"inner-holder\" style=\"padding-top:4vw\"><\/div><\/div>\n\n\n         <div \r\n            class=\"citadela-block-responsive-text align-center responsive-options loading\"\r\n            data-block-mobile-attr=\"{&quot;desktop&quot;:{&quot;fontSize&quot;:&quot;3em&quot;},&quot;mobile&quot;:{&quot;fontSize&quot;:&quot;2.6em&quot;}}\"            data-block-mobile-breakpoint=\"600\"         >\r\n            <h1 class=\"inner-tag\" style=\"font-size: 3em; color: #ffffff;\">Centro assistenza<\/h1>         <\/div>\r\n      \n\n         <div \r\n            class=\"citadela-block-responsive-text align-center\"\r\n                                 >\r\n            <p class=\"inner-tag\" style=\"font-size: 0.95em; letter-spacing: 0.05em; color: #c09b72;\">Ho bisogno di aiuto ! Abbiamo raccolto alcune domande frequenti <\/p>         <\/div>\r\n      \n\n\n<div class=\"wp-block-citadela-blocks-spacer citadela-block-spacer\"><div class=\"inner-holder\" style=\"padding-top:20px\"><\/div><\/div>\n\n\n\n<div class=\"wp-block-buttons is-horizontal is-content-justification-center is-layout-flex wp-container-core-buttons-is-layout-499968f5 wp-block-buttons-is-layout-flex\">\n<div class=\"wp-block-button is-style-outline is-style-outline--2\"><a class=\"wp-block-button__link has-text-color wp-element-button\" style=\"color:#c09b72\">Vedi offerte e prezzi<\/a><\/div>\n<\/div>\n\n\n\n<div class=\"wp-block-citadela-blocks-spacer citadela-block-spacer\"><div class=\"inner-holder\" style=\"padding-top:20px\"><\/div><\/div>\n\n\n\n<div class=\"wp-block-citadela-blocks-spacer citadela-block-spacer\"><div class=\"inner-holder\" style=\"padding-top:7.5vw\"><\/div><\/div>\n<\/div><\/div>\n\n\n\n<div class=\"wp-block-group alignwide\"><div class=\"wp-block-group__inner-container is-layout-flow wp-block-group-is-layout-flow\">\t\t\t<!-- Flexy Breadcrumb -->\r\n\t\t\t<div class=\"fbc fbc-page\">\r\n\r\n\t\t\t\t<!-- Breadcrumb wrapper -->\r\n\t\t\t\t<div class=\"fbc-wrap\">\r\n\r\n\t\t\t\t\t<!-- Ordered list-->\r\n\t\t\t\t\t<ol class=\"fbc-items\" itemscope itemtype=\"https:\/\/schema.org\/BreadcrumbList\">\r\n\t\t\t\t\t\t            <li itemprop=\"itemListElement\" itemscope itemtype=\"https:\/\/schema.org\/ListItem\">\r\n                <span itemprop=\"name\">\r\n                    <!-- Home Link -->\r\n                    <a itemprop=\"item\" href=\"https:\/\/ads.nodengo.com\/it\/\">\r\n                    \r\n                                                    <i class=\"fa fa-home\" aria-hidden=\"true\"><\/i>Home                    <\/a>\r\n                <\/span>\r\n                <meta itemprop=\"position\" content=\"1\" \/><!-- Meta Position-->\r\n             <\/li><li><span class=\"fbc-separator\">\/<\/span><\/li><li class=\"active\" itemprop=\"itemListElement\" itemscope itemtype=\"https:\/\/schema.org\/ListItem\"><span itemprop=\"name\" title=\"Blog\">Blog<\/span><meta itemprop=\"position\" content=\"2\" \/><\/li>\t\t\t\t\t<\/ol>\r\n\t\t\t\t\t<div class=\"clearfix\"><\/div>\r\n\t\t\t\t<\/div>\r\n\t\t\t<\/div>\r\n\t\t\t\n<\/div><\/div>\n\n\n\n<div style=\"height:55px\" aria-hidden=\"true\" class=\"wp-block-spacer\"><\/div>\n\n\n\n<div class=\"wp-block-citadela-blocks-custom-container citadela-block-custom-container size-wide bg-type-none inside-space-none\"><div class=\"inner-holder\">\n<h2 class=\"wp-block-heading\"><img decoding=\"async\" data-src=\"https:\/\/ads.nodengo.com\/wp-content\/uploads\/vert_titre.gif\" alt=\"help center\" src=\"data:image\/svg+xml;base64,PHN2ZyB3aWR0aD0iMSIgaGVpZ2h0PSIxIiB4bWxucz0iaHR0cDovL3d3dy53My5vcmcvMjAwMC9zdmciPjwvc3ZnPg==\" class=\"lazyload\" style=\"--smush-placeholder-width: 40px; --smush-placeholder-aspect-ratio: 40\/27;\">CENTRO ASSISTENZA<\/h2>\n\n\n\n<p>Our help center aim to answer most of your questions, if it does not feel free to <a href=\"https:\/\/ads.nodengo.com\/it\/contatto-2\/\" data-type=\"page\" data-id=\"74\">Contattaci<\/a><\/p>\n<\/div><\/div>\n\n\n<div id=\"rank-math-faq\" class=\"rank-math-block\">\n<div class=\"rank-math-list\">\n<div id=\"faq-question-1701792969815\" class=\"rank-math-list-item\">\n<h3 class=\"rank-math-question\">Devo registrarmi per pubblicare un annuncio?<\/h3>\n<div class=\"rank-math-answer\">\n\n<p>S\u00ec  ! Devi\u00a0<a href=\"https:\/\/ads.nodengo.com\/it\/register\/\">Registrati<\/a>\u00a0per effettuare un ordine ma anche per poter accedere alle statistiche pubblicitarie per la tua campagna pubblicitaria.<\/p>\n\n<\/div>\n<\/div>\n<div id=\"faq-question-1701793019245\" class=\"rank-math-list-item\">\n<h3 class=\"rank-math-question\">Quali formati di annunci sono disponibili?<\/h3>\n<div class=\"rank-math-answer\">\n\n<p>Flash non \u00e8 pi\u00f9 accettato. Sono accettati e disponibili i seguenti formati di testo - immagini (jpg, png, gif) - video (html5, flash) - testo \/ immagini (modelli di annunci) - html- javascript - css (css personalizzato)<br \/>In questo momento, per mantenere i nostri layout di pagine e pubblicit\u00e0. Abbiamo limitato le nostre offerte al seguente formato di annunci: banner standard 300 \u00d7 250 e 728x90.<\/p>\n\n<\/div>\n<\/div>\n<div id=\"faq-question-1701793061138\" class=\"rank-math-list-item\">\n<h3 class=\"rank-math-question\">Dove apparir\u00e0 il mio annuncio?<\/h3>\n<div class=\"rank-math-answer\">\n\n<p>Abbiamo deciso di fornire il nostro sistema pubblicitario, al fine di controllare esattamente dove vengono visualizzati gli annunci. Al momento dell'acquisto di pubblicit\u00e0, selezionerai la posizione del tuo banner in base alla posizione del tuo stabilimento su <a href=\"https:\/\/nodengo.com\" target=\"_blank\" rel=\"noopener\">Nodengo.com<\/a> pagine<br \/>Pertanto, se il tuo stabilimento \u00e8 a Londra, potrai acquistare annunci sulle pagine di Londra ma non su quelle di Lisbona.<\/p>\n\n<\/div>\n<\/div>\n<div id=\"faq-question-1701793083185\" class=\"rank-math-list-item\">\n<h3 class=\"rank-math-question\">Domande prima della vendita<\/h3>\n<div class=\"rank-math-answer\">\n\n<p>La maggior parte delle informazioni relative alla pubblicit\u00e0 pu\u00f2 essere trovata nelle pagine del nostro sito come \"Opzioni\" \"Informazioni\" \"Promozioni\" e \"Prezzi\". Se non trovi la risposta non esitare a contattarci.<\/p>\n\n<\/div>\n<\/div>\n<div id=\"faq-question-1701793105732\" class=\"rank-math-list-item\">\n<h3 class=\"rank-math-question\">Tipo di annunci disponibili <\/h3>\n<div class=\"rank-math-answer\">\n\n<p>In questo momento abbiamo limitato le nostre offerte al CPD (costo giornaliero) che riteniamo ti renda pi\u00f9 facile il budget e la semplificazione del nostro sistema pubblicitario.<br \/>Stiamo valutando di aggiungere in futuro CPC (Costo per clic) e CPM (Costo per impressioni) e ti avviseremo quando queste funzioni saranno disponibili.<\/p>\n\n<\/div>\n<\/div>\n<div id=\"faq-question-1701793189612\" class=\"rank-math-list-item\">\n<h3 class=\"rank-math-question\">Sono disponibili altri formati?<\/h3>\n<div class=\"rank-math-answer\">\n\n<p>Al momento offriamo il formato banner 300x250 o 728x90, che hanno funzionato molto bene. Stiamo cercando un formato aggiuntivo e potremmo presentarli in futuro<\/p>\n\n<\/div>\n<\/div>\n<div id=\"faq-question-1701793128764\" class=\"rank-math-list-item\">\n<h3 class=\"rank-math-question\">Problemi di accesso<\/h3>\n<div class=\"rank-math-answer\">\n\n<p>Il nostro sistema di gestione dell'account ti consente di accedere al tuo account, accedere alle statistiche del tuo account, acquistare pubblicit\u00e0 aggiuntiva.<br \/>Il tuo account ti consente anche di cambiare \/ reimpostare o modificare il tuo account e la tua password. Tutti questi collegamenti sono disponibili a pi\u00e8 di pagina di ogni pagina del nostro sito.<br \/>Se queste opzioni non risolvono il problema, contattaci<\/p>\n\n<\/div>\n<\/div>\n<div id=\"faq-question-1701793148804\" class=\"rank-math-list-item\">\n<h3 class=\"rank-math-question\">Fatturazione e pagamento<\/h3>\n<div class=\"rank-math-answer\">\n\n<p>Al momento lavoriamo esclusivamente con PayPal per elaborare il nostro pagamento, pertanto la pubblicit\u00e0 viene pagata al momento dell'acquisto. Inizialmente hai la possibilit\u00e0 di acquistare pubblicit\u00e0 per 30 \u2013 60 o 90 giorni. La pubblicit\u00e0 acquistata non \u00e8 rimborsabile.<br \/>Se hai acquistato 30 giorni e desideri estendere la tua campagna, acquista semplicemente pi\u00f9 giorni nel tuo account pubblicitario.<br \/>Per ulteriori domande sulla fatturazione, contattaci direttamente<\/p>\n\n<\/div>\n<\/div>\n<div id=\"faq-question-1701793175508\" class=\"rank-math-list-item\">\n<h3 class=\"rank-math-question\">Opzioni di lunghezza della pubblicit\u00e0<\/h3>\n<div class=\"rank-math-answer\">\n\n<p>Offriamo la possibilit\u00e0 di acquistare pubblicit\u00e0 per 30 - 60 o 90 giorni. Attualmente offriamo il seguente sconto sulla maggior parte delle nostre offerte pubblicitarie<br \/>60 giorni - 10% di sconto 90 giorni - 20% di sconto.<br \/>Se hai acquistato 30 giorni e desideri estendere la tua campagna, acquista semplicemente pi\u00f9 giorni nel tuo account pubblicitario. lo sconto \u00e8 disponibile per l'acquisto iniziale cos\u00ec come per gli acquisti aggiuntivi.<br \/>Domande tecniche e supporto<br \/>Le domande tecniche e l'assistenza di supporto sono servite meglio quando tu<a href=\"https:\/\/ads.nodengo.com\/it\/contact-1\/\"> Contattaci<\/a> direttamente<br \/>Hai bisogno di ulteriore aiuto, hai altre domande<br \/>Se hai bisogno di ulteriore aiuto e non abbiamo risposto alle tue domande, non esitare a contattarci tramite il modulo di contatto<\/p>\n\n<\/div>\n<\/div>\n<div id=\"faq-question-1702313572409\" class=\"rank-math-list-item\">\n<h3 class=\"rank-math-question\">Help Center advertising shortcut<\/h3>\n<div class=\"rank-math-answer\">\n\n<p>1 Advertising for main pages<br \/>2 Advertising for Country pages<br \/>3. Advertising for City pages<br \/>4. Quick order form for returning advertisers<br \/>5. Order and pricing information<\/p>\n\n<\/div>\n<\/div>\n<\/div>\n<\/div>","protected":false},"excerpt":{"rendered":"","protected":false},"author":5,"featured_media":0,"parent":0,"menu_order":0,"comment_status":"closed","ping_status":"closed","template":"","meta":{"_citadela_hide_page_title":"1","_citadela_remove_header_space":"1","_citadela_custom_class":"","_citadela_half_map_provider":"","_citadela_half_map_theme":"","_citadela_half_map_themeOSM":"","_citadela_half_map_customTheme":"","_citadela_half_map_dataType":"","_citadela_half_map_dynamicTrack":false,"_citadela_half_map_trackColor":"","_citadela_half_map_trackEndpointsColor":"","_citadela_half_map_filterCategory":"","_citadela_half_map_filterLocation":"","_citadela_half_map_filterFeatured":false,"_citadela_half_map_noDataBehavior":"empty-map","_citadela_half_map_noDataText":"","_citadela_half_map_clusterGridSize":80,"_citadela_header":true,"_citadela_header_over_content":true,"_citadela_header_text_color":"","_citadela_header_logo":[],"_citadela_header_bg_image":[],"_citadela_header_bg_position":{"x":0.5,"y":0.5},"_citadela_header_bg_size":"cover","_citadela_header_bg_repeat":"no-repeat","_citadela_header_bg_fixed":false,"_citadela_header_bg_color":"","_citadela_header_bg_image_overlay":"","_citadela_header_transparent_bg":true,"_citadela_content_width":"default","_citadela_half_layout_position":"","footnotes":""},"class_list":["post-679","page","type-page","status-publish","hentry"],"_links":{"self":[{"href":"https:\/\/ads.nodengo.com\/it\/wp-json\/wp\/v2\/pages\/679","targetHints":{"allow":["GET"]}}],"collection":[{"href":"https:\/\/ads.nodengo.com\/it\/wp-json\/wp\/v2\/pages"}],"about":[{"href":"https:\/\/ads.nodengo.com\/it\/wp-json\/wp\/v2\/types\/page"}],"author":[{"embeddable":true,"href":"https:\/\/ads.nodengo.com\/it\/wp-json\/wp\/v2\/users\/5"}],"replies":[{"embeddable":true,"href":"https:\/\/ads.nodengo.com\/it\/wp-json\/wp\/v2\/comments?post=679"}],"version-history":[{"count":0,"href":"https:\/\/ads.nodengo.com\/it\/wp-json\/wp\/v2\/pages\/679\/revisions"}],"wp:attachment":[{"href":"https:\/\/ads.nodengo.com\/it\/wp-json\/wp\/v2\/media?parent=679"}],"curies":[{"name":"wp","href":"https:\/\/api.w.org\/{rel}","templated":true}]}}