{"id":605,"date":"2023-12-05T15:18:09","date_gmt":"2023-12-05T15:18:09","guid":{"rendered":"https:\/\/ads.nodengo.com\/?page_id=605"},"modified":"2023-12-13T10:14:35","modified_gmt":"2023-12-13T10:14:35","slug":"informazione-2","status":"publish","type":"page","link":"https:\/\/ads.nodengo.com\/it\/information\/","title":{"rendered":"Informazione"},"content":{"rendered":"<div class=\"wp-block-citadela-blocks-custom-container citadela-block-custom-container size-content bg-type-image inside-space-none bg-size-cover has-bg has-overlay\" style=\"background-color:rgba(36, 37, 39, 1)\"><div class=\"bg-image-wrapper lazyload\" style=\"background-image:inherit;background-repeat:no-repeat;background-position:50% 50%\" data-bg-image=\"url(https:\/\/ads.nodengo.com\/wp-content\/uploads\/2019\/09\/owen-cl-boLgiM0qwkg-unsplash.jpg)\"><\/div><div class=\"bg-image-overlay\" style=\"background-color:#1f2125;opacity:0.9\"><\/div><div class=\"inner-holder\">\n<div class=\"wp-block-citadela-blocks-spacer citadela-block-spacer responsive-options loading\" data-block-attr=\"{&quot;desktop&quot;:{&quot;height&quot;:&quot;7em&quot;},&quot;mobile&quot;:{&quot;height&quot;:&quot;3em&quot;}}\" data-block-mobile-breakpoint=\"600\"><div class=\"inner-holder\" style=\"padding-top:7em\"><\/div><\/div>\n\n\n\n<div class=\"wp-block-citadela-blocks-spacer citadela-block-spacer responsive-options loading\" data-block-attr=\"{&quot;desktop&quot;:{&quot;height&quot;:&quot;4vw&quot;},&quot;mobile&quot;:{&quot;height&quot;:&quot;1.4vw&quot;}}\" data-block-mobile-breakpoint=\"600\"><div class=\"inner-holder\" style=\"padding-top:4vw\"><\/div><\/div>\n\n\n\n<h1 class=\"wp-block-heading has-text-align-center has-white-color has-text-color has-link-color wp-elements-8dc5dc561e6d7f3ede868b39a384130e\" style=\"font-size:64px\">Informazione<\/h1>\n\n\n         <div \r\n            class=\"citadela-block-responsive-text align-center\"\r\n                                 >\r\n            <p class=\"inner-tag\" style=\"font-size: 0.95em; letter-spacing: 0.05em; color: #c09b72;\">Informazioni sul nostro programma pubblicitario<br>Offriamo pubblicit\u00e0 veramente mirata che ti consente di raggiungere i potenziali clienti direttamente quando cercano informazioni sulla destinazione e pianificano la loro vacanza.<\/p>         <\/div>\r\n      \n\n\n<div class=\"wp-block-citadela-blocks-spacer citadela-block-spacer\"><div class=\"inner-holder\" style=\"padding-top:20px\"><\/div><\/div>\n\n\n\n<div class=\"wp-block-buttons is-horizontal is-content-justification-center is-layout-flex wp-container-core-buttons-is-layout-499968f5 wp-block-buttons-is-layout-flex\">\n<div class=\"wp-block-button is-style-outline is-style-outline--2\"><a class=\"wp-block-button__link has-text-color wp-element-button\" href=\"https:\/\/ads.nodengo.com\/it\/advertising-options\/\" style=\"color:#c09b72\" target=\"_blank\" rel=\"noreferrer noopener\">Vedi offerte e prezzi<\/a><\/div>\n<\/div>\n\n\n\n<div class=\"wp-block-citadela-blocks-spacer citadela-block-spacer\"><div class=\"inner-holder\" style=\"padding-top:20px\"><\/div><\/div>\n\n\n\n<div class=\"wp-block-citadela-blocks-spacer citadela-block-spacer\"><div class=\"inner-holder\" style=\"padding-top:7.5vw\"><\/div><\/div>\n<\/div><\/div>\n\n\n\n<div class=\"wp-block-group alignwide\"><div class=\"wp-block-group__inner-container is-layout-flow wp-block-group-is-layout-flow\">\t\t\t<!-- Flexy Breadcrumb -->\r\n\t\t\t<div class=\"fbc fbc-page\">\r\n\r\n\t\t\t\t<!-- Breadcrumb wrapper -->\r\n\t\t\t\t<div class=\"fbc-wrap\">\r\n\r\n\t\t\t\t\t<!-- Ordered list-->\r\n\t\t\t\t\t<ol class=\"fbc-items\" itemscope itemtype=\"https:\/\/schema.org\/BreadcrumbList\">\r\n\t\t\t\t\t\t            <li itemprop=\"itemListElement\" itemscope itemtype=\"https:\/\/schema.org\/ListItem\">\r\n                <span itemprop=\"name\">\r\n                    <!-- Home Link -->\r\n                    <a itemprop=\"item\" href=\"https:\/\/ads.nodengo.com\/it\/\">\r\n                    \r\n                                                    <i class=\"fa fa-home\" aria-hidden=\"true\"><\/i>Home                    <\/a>\r\n                <\/span>\r\n                <meta itemprop=\"position\" content=\"1\" \/><!-- Meta Position-->\r\n             <\/li><li><span class=\"fbc-separator\">\/<\/span><\/li><li class=\"active\" itemprop=\"itemListElement\" itemscope itemtype=\"https:\/\/schema.org\/ListItem\"><span itemprop=\"name\" title=\"Blog\">Blog<\/span><meta itemprop=\"position\" content=\"2\" \/><\/li>\t\t\t\t\t<\/ol>\r\n\t\t\t\t\t<div class=\"clearfix\"><\/div>\r\n\t\t\t\t<\/div>\r\n\t\t\t<\/div>\r\n\t\t\t\n<\/div><\/div>\n\n\n\r\n        <div class=\"wp-block-citadela-blocks ctdl-directory-search-form border-thin shadow-default align-center\">\r\n            <div class=\"citadela-block-form search-form-component-container\" style=\"\" data-action=\"&quot;https:\\\/\\\/ads.nodengo.com\\\/it\\\/&quot;\"data-post-type=\"citadela-item\"data-category-taxonomy=\"citadela-item-category\"data-location-taxonomy=\"citadela-item-location\">\r\n            <\/div>\r\n                    <\/div>\r\n\r\n        \n\n\n<div class=\"wp-block-citadela-blocks-custom-container citadela-block-custom-container size-wide bg-type-none inside-space-none\"><div class=\"inner-holder\">\n<div class=\"wp-block-citadela-blocks-custom-container citadela-block-custom-container size-wide bg-type-none inside-space-none\"><div class=\"inner-holder\">\n<h2 class=\"wp-block-heading\">INFORMAZIONI SUL NOSTRO PROGRAMMA<\/h2>\n\n\n\n<h4 class=\"wp-block-heading\"><img decoding=\"async\" data-src=\"https:\/\/ads.nodengo.com\/wp-content\/uploads\/buttongrey.gif\" src=\"data:image\/svg+xml;base64,PHN2ZyB3aWR0aD0iMSIgaGVpZ2h0PSIxIiB4bWxucz0iaHR0cDovL3d3dy53My5vcmcvMjAwMC9zdmciPjwvc3ZnPg==\" class=\"lazyload\" style=\"--smush-placeholder-width: 16px; --smush-placeholder-aspect-ratio: 16\/9;\">&nbsp;<u>Cos'\u00e8 Nodengo.com?<\/u><\/h4>\n\n\n\n<p>Nodengo.com \u00e8 una rete online focalizzata sulla fornitura di informazioni turistiche locali, dettagli di viaggio e guide della citt\u00e0. Abbiamo riconosciuto la mancanza di informazioni locali precise e imparziali su Internet, cosa che ci ha portato a creare questa piattaforma. Con la nostra esperienza nel settore del turismo e dell'ospitalit\u00e0, abbiamo visto la necessit\u00e0 di miglioramento e credevamo che dovesse esserci un modo pi\u00f9 efficace per promuovere le strutture al pubblico.<\/p>\n\n\n\n<p>La nostra missione \u00e8 affrontare questo problema offrendo ai visitatori informazioni aggiornate sulla citt\u00e0 di destinazione. Che tu abbia preferenze di viaggio specifiche o che tu sia flessibile e cerchi informazioni, Nodengo.com \u00e8 la risorsa ideale per cercare e pianificare il miglior viaggio con consigli.<\/p>\n\n\n\n<p><img decoding=\"async\" data-src=\"https:\/\/ads.nodengo.com\/wp-content\/uploads\/buttongrey.gif\" alt=\"information\" src=\"data:image\/svg+xml;base64,PHN2ZyB3aWR0aD0iMSIgaGVpZ2h0PSIxIiB4bWxucz0iaHR0cDovL3d3dy53My5vcmcvMjAwMC9zdmciPjwvc3ZnPg==\" class=\"lazyload\" style=\"--smush-placeholder-width: 16px; --smush-placeholder-aspect-ratio: 16\/9;\">  Se desideri maggiori informazioni su come possiamo aiutarti oltre alla pubblicit\u00e0 sul nostro sito, ti invitiamo a controllare il nostro <a href=\"https:\/\/nodengo.com\/it\/hospitality-network\/\" target=\"_blank\" rel=\"noopener\">Network information&nbsp;<\/a><\/p>\n\n\n\n<h4 class=\"wp-block-heading\"><img decoding=\"async\" data-src=\"https:\/\/ads.nodengo.com\/wp-content\/uploads\/buttongrey.gif\" src=\"data:image\/svg+xml;base64,PHN2ZyB3aWR0aD0iMSIgaGVpZ2h0PSIxIiB4bWxucz0iaHR0cDovL3d3dy53My5vcmcvMjAwMC9zdmciPjwvc3ZnPg==\" class=\"lazyload\" style=\"--smush-placeholder-width: 16px; --smush-placeholder-aspect-ratio: 16\/9;\">&nbsp;Perch\u00e9 Nodengo.com?<\/h4>\n\n\n\n<p>A&nbsp;<a href=\"http:\/\/nodengo.com\/\" target=\"_blank\" rel=\"noreferrer noopener\">Nodengo.com<\/a>&nbsp;vogliamo offrire pubblicit\u00e0 direttamente tramite il nostro sistema di annunci. Siamo un raduno di professionisti del turismo locale come te, che vivono nel tuo quartiere e possiamo raccontare \"professionalmente\" al mondo la tua struttura. Ci siamo prefissati di essere il luogo numero uno per le informazioni sulle destinazioni in tutto il mondo, fornendo recensioni imparziali, professionali e accurate sulle strutture locali fornite dagli editori locali.<\/p>\n\n\n\n<h4 class=\"wp-block-heading\"><img decoding=\"async\" data-src=\"https:\/\/ads.nodengo.com\/wp-content\/uploads\/buttongrey.gif\" src=\"data:image\/svg+xml;base64,PHN2ZyB3aWR0aD0iMSIgaGVpZ2h0PSIxIiB4bWxucz0iaHR0cDovL3d3dy53My5vcmcvMjAwMC9zdmciPjwvc3ZnPg==\" class=\"lazyload\" style=\"--smush-placeholder-width: 16px; --smush-placeholder-aspect-ratio: 16\/9;\">&nbsp;Opzioni di targeting geografico<\/h4>\n\n\n\n<p>Abbiamo scelto di offrire pubblicit\u00e0 diretta poich\u00e9 riteniamo che \"Ad Words\" e altri programmi non offrano la flessibilit\u00e0 di presentare un annuncio per la citt\u00e0 specifica o specificamente per il tuo tipo di attivit\u00e0.<\/p>\n\n\n\n<p>La maggior parte dei siti si basa sulla pubblicit\u00e0 automatica e non \u00e8 specificamente mirata al loro pubblico, se stai cercando di visitare la Patagonia la prossima estate, l'annuncio per una nuova macchina da cucire potrebbe non essere quello che ti interessa in questo particolare momento. Tuttavia, se hai uno stabilimento a Budapest, la visualizzazione del tuo annuncio sulla nostra pagina di Budapest aumenter\u00e0 sicuramente la tua esposizione a potenziali clienti.<\/p>\n\n\n\n<h4 class=\"wp-block-heading\"><img decoding=\"async\" data-src=\"https:\/\/ads.nodengo.com\/wp-content\/uploads\/buttongrey.gif\" src=\"data:image\/svg+xml;base64,PHN2ZyB3aWR0aD0iMSIgaGVpZ2h0PSIxIiB4bWxucz0iaHR0cDovL3d3dy53My5vcmcvMjAwMC9zdmciPjwvc3ZnPg==\" class=\"lazyload\" style=\"--smush-placeholder-width: 16px; --smush-placeholder-aspect-ratio: 16\/9;\">&nbsp;Dove verranno visualizzati gli annunci?<\/h4>\n\n\n\n<p>L'aspetto dell'annuncio \u00e8 definito dalla localit\u00e0 scelta quando acquisti un'unit\u00e0 pubblicitaria. Come accennato, il tuo annuncio \u00e8 mirato a seconda della tua posizione per attirare clienti \/ visitatori in una citt\u00e0 specifica<\/p>\n\n\n\n<h4 class=\"wp-block-heading\"><img decoding=\"async\" data-src=\"https:\/\/ads.nodengo.com\/wp-content\/uploads\/buttongrey.gif\" src=\"data:image\/svg+xml;base64,PHN2ZyB3aWR0aD0iMSIgaGVpZ2h0PSIxIiB4bWxucz0iaHR0cDovL3d3dy53My5vcmcvMjAwMC9zdmciPjwvc3ZnPg==\" class=\"lazyload\" style=\"--smush-placeholder-width: 16px; --smush-placeholder-aspect-ratio: 16\/9;\">&nbsp;Quanto costeranno gli annunci?<\/h4>\n\n\n\n<p>Sono disponibili diversi piani tariffari, dipende dal paese o dalla citt\u00e0 a cui ti rivolgi e dalla posizione della tua pubblicit\u00e0.<\/p>\n\n\n\n<p><strong>Controlla la tua spesa pubblicitaria<\/strong>&nbsp;: Al momento offriamo solo pubblicit\u00e0 CPD, poich\u00e9 in calo ti offre un ritorno migliore per il tuo budget pubblicitario, in futuro offriremo le opzioni CPC e CPM. Gli annunci sono specifici per una posizione per ulteriori informazioni controlla il nostro&nbsp;<a href=\"https:\/\/ads.nodengo.com\/it\/order-prices\/\">list<\/a><\/p>\n\n\n\n<h4 class=\"wp-block-heading\"><img decoding=\"async\" data-src=\"https:\/\/ads.nodengo.com\/wp-content\/uploads\/buttongrey.gif\" src=\"data:image\/svg+xml;base64,PHN2ZyB3aWR0aD0iMSIgaGVpZ2h0PSIxIiB4bWxucz0iaHR0cDovL3d3dy53My5vcmcvMjAwMC9zdmciPjwvc3ZnPg==\" class=\"lazyload\" style=\"--smush-placeholder-width: 16px; --smush-placeholder-aspect-ratio: 16\/9;\">&nbsp;Quale formato sono accettati?<\/h4>\n\n\n\n<p>Sono disponibili i seguenti formati di annunci: Flash non \u00e8 pi\u00f9 accettato. Sono accettate - testo - immagini (jpg, png, gif) Per mantenere la coerenza nella nostra consegna e nella versione mobile, privilegiamo i banner pubblicitari standard (principalmente 300 \u00d7 250 e 728 \u00d7 90) che abbiamo trovato funzionano bene. Comunque abbiamo<\/p>\n\n\n\n<h4 class=\"wp-block-heading\"><img decoding=\"async\" data-src=\"https:\/\/ads.nodengo.com\/wp-content\/uploads\/buttongrey.gif\" src=\"data:image\/svg+xml;base64,PHN2ZyB3aWR0aD0iMSIgaGVpZ2h0PSIxIiB4bWxucz0iaHR0cDovL3d3dy53My5vcmcvMjAwMC9zdmciPjwvc3ZnPg==\" class=\"lazyload\" style=\"--smush-placeholder-width: 16px; --smush-placeholder-aspect-ratio: 16\/9;\">&nbsp;Lo rendiamo facile<\/h4>\n\n\n\n<p>Dal semplificarti il targeting di potenziali clienti, all'offerta di opzioni pubblicitarie molto convenienti, aiutandoti a raggiungere il tuo pubblico e a tenere traccia del tuo budget pubblicitario tramite le nostre statistiche online e offrendo termini pubblicitari flessibili, ti rendiamo facile ottenere \" Pi\u00f9 bang per il tuo pub \"&nbsp;<strong>\u201cMore bang for your pub\u201d<\/strong><\/p>\n\n\n\n<h4 class=\"wp-block-heading\"><img decoding=\"async\" data-src=\"https:\/\/ads.nodengo.com\/wp-content\/uploads\/buttongrey.gif\" src=\"data:image\/svg+xml;base64,PHN2ZyB3aWR0aD0iMSIgaGVpZ2h0PSIxIiB4bWxucz0iaHR0cDovL3d3dy53My5vcmcvMjAwMC9zdmciPjwvc3ZnPg==\" class=\"lazyload\" style=\"--smush-placeholder-width: 16px; --smush-placeholder-aspect-ratio: 16\/9;\">&nbsp;Controlla la tua spesa pubblicitaria<\/h4>\n\n\n\n<p>Ogni inserzionista ha accesso alle statistiche online. Dopo aver acquistato uno spazio pubblicitario, riceverai un'email con un collegamento alle statistiche disponibili online.<\/p>\n\n\n\n<p>Puoi anche accedere e visualizzare le tue statistiche pubblicitarie<br>Le statistiche sono reattive, quindi puoi controllarle ogni volta. Le statistiche includono (<strong>contatore clic \/ visualizzazioni, CTR<\/strong>&nbsp;e fare clic su dettagli:&nbsp;<strong>data, IP, browser, stato<\/strong>)<\/p>\n\n\n\n<h4 class=\"wp-block-heading\"><img decoding=\"async\" data-src=\"https:\/\/ads.nodengo.com\/wp-content\/uploads\/buttongrey.gif\" src=\"data:image\/svg+xml;base64,PHN2ZyB3aWR0aD0iMSIgaGVpZ2h0PSIxIiB4bWxucz0iaHR0cDovL3d3dy53My5vcmcvMjAwMC9zdmciPjwvc3ZnPg==\" class=\"lazyload\" style=\"--smush-placeholder-width: 16px; --smush-placeholder-aspect-ratio: 16\/9;\">&nbsp;Imposta il pagamento in pochi minuti<\/h4>\n\n\n\n<p>Tutto ci\u00f2 di cui hai bisogno \u00e8 una carta di credito e un account Paypal.<\/p>\n\n\n\n<h4 class=\"wp-block-heading\"><img decoding=\"async\" data-src=\"https:\/\/ads.nodengo.com\/wp-content\/uploads\/buttongrey.gif\" src=\"data:image\/svg+xml;base64,PHN2ZyB3aWR0aD0iMSIgaGVpZ2h0PSIxIiB4bWxucz0iaHR0cDovL3d3dy53My5vcmcvMjAwMC9zdmciPjwvc3ZnPg==\" class=\"lazyload\" style=\"--smush-placeholder-width: 16px; --smush-placeholder-aspect-ratio: 16\/9;\">&nbsp;Perch\u00e9 devo registrarmi?<\/h4>\n\n\n\n<p>Per offrire la migliore esperienza ai nostri visitatori e ai nostri inserzionisti, ti chiediamo di registrarti prima di inserire un annuncio. Non solo ci consente di ottenere statistiche sulla tua campagna pubblicitaria, ma impedisce anche allo spam e ad altri robot di utilizzare il nostro sistema pubblicitario automatizzato.<\/p>\n\n\n\n<p>Il tuo account viene utilizzato esclusivamente per lo scopo sopra elencato e segui il nostro<a href=\"https:\/\/ads.nodengo.com\/it\/privacy\/\"><strong>&nbsp;politica sulla riservatezza<\/strong><\/a><\/p>\n<\/div><\/div>\n<\/div><\/div>","protected":false},"excerpt":{"rendered":"","protected":false},"author":5,"featured_media":0,"parent":0,"menu_order":0,"comment_status":"closed","ping_status":"closed","template":"","meta":{"_citadela_hide_page_title":"1","_citadela_remove_header_space":"1","_citadela_custom_class":"","_citadela_half_map_provider":"","_citadela_half_map_theme":"","_citadela_half_map_themeOSM":"","_citadela_half_map_customTheme":"","_citadela_half_map_dataType":"","_citadela_half_map_dynamicTrack":false,"_citadela_half_map_trackColor":"","_citadela_half_map_trackEndpointsColor":"","_citadela_half_map_filterCategory":"","_citadela_half_map_filterLocation":"","_citadela_half_map_filterFeatured":false,"_citadela_half_map_noDataBehavior":"empty-map","_citadela_half_map_noDataText":"","_citadela_half_map_clusterGridSize":80,"_citadela_header":true,"_citadela_header_over_content":true,"_citadela_header_text_color":"","_citadela_header_logo":[],"_citadela_header_bg_image":[],"_citadela_header_bg_position":{"x":0.5,"y":0.5},"_citadela_header_bg_size":"cover","_citadela_header_bg_repeat":"no-repeat","_citadela_header_bg_fixed":false,"_citadela_header_bg_color":"","_citadela_header_bg_image_overlay":"","_citadela_header_transparent_bg":true,"_citadela_content_width":"default","_citadela_half_layout_position":"","footnotes":""},"class_list":["post-605","page","type-page","status-publish","hentry"],"_links":{"self":[{"href":"https:\/\/ads.nodengo.com\/it\/wp-json\/wp\/v2\/pages\/605","targetHints":{"allow":["GET"]}}],"collection":[{"href":"https:\/\/ads.nodengo.com\/it\/wp-json\/wp\/v2\/pages"}],"about":[{"href":"https:\/\/ads.nodengo.com\/it\/wp-json\/wp\/v2\/types\/page"}],"author":[{"embeddable":true,"href":"https:\/\/ads.nodengo.com\/it\/wp-json\/wp\/v2\/users\/5"}],"replies":[{"embeddable":true,"href":"https:\/\/ads.nodengo.com\/it\/wp-json\/wp\/v2\/comments?post=605"}],"version-history":[{"count":0,"href":"https:\/\/ads.nodengo.com\/it\/wp-json\/wp\/v2\/pages\/605\/revisions"}],"wp:attachment":[{"href":"https:\/\/ads.nodengo.com\/it\/wp-json\/wp\/v2\/media?parent=605"}],"curies":[{"name":"wp","href":"https:\/\/api.w.org\/{rel}","templated":true}]}}