{"id":589,"date":"2023-12-05T14:51:52","date_gmt":"2023-12-05T14:51:52","guid":{"rendered":"https:\/\/ads.nodengo.com\/?page_id=589"},"modified":"2023-12-14T17:55:20","modified_gmt":"2023-12-14T17:55:20","slug":"terms-and-conditions","status":"publish","type":"page","link":"https:\/\/ads.nodengo.com\/it\/terms-and-conditions\/","title":{"rendered":"Termini e Condizioni"},"content":{"rendered":"<div class=\"wp-block-citadela-blocks-custom-container citadela-block-custom-container size-wide bg-type-none inside-space-none\"><div class=\"inner-holder\">\n<div class=\"wp-block-citadela-blocks-spacer citadela-block-spacer responsive-options loading\" data-block-attr=\"{&quot;desktop&quot;:{&quot;height&quot;:&quot;40px&quot;},&quot;mobile&quot;:{&quot;height&quot;:&quot;30px&quot;}}\" data-block-mobile-breakpoint=\"600\"><div class=\"inner-holder\" style=\"padding-top:40px\"><\/div><\/div>\n\n\n\t\t\t<!-- Flexy Breadcrumb -->\r\n\t\t\t<div class=\"fbc fbc-page\">\r\n\r\n\t\t\t\t<!-- Breadcrumb wrapper -->\r\n\t\t\t\t<div class=\"fbc-wrap\">\r\n\r\n\t\t\t\t\t<!-- Ordered list-->\r\n\t\t\t\t\t<ol class=\"fbc-items\" itemscope itemtype=\"https:\/\/schema.org\/BreadcrumbList\">\r\n\t\t\t\t\t\t            <li itemprop=\"itemListElement\" itemscope itemtype=\"https:\/\/schema.org\/ListItem\">\r\n                <span itemprop=\"name\">\r\n                    <!-- Home Link -->\r\n                    <a itemprop=\"item\" href=\"https:\/\/ads.nodengo.com\/it\/\">\r\n                    \r\n                                                    <i class=\"fa fa-home\" aria-hidden=\"true\"><\/i>Home                    <\/a>\r\n                <\/span>\r\n                <meta itemprop=\"position\" content=\"1\" \/><!-- Meta Position-->\r\n             <\/li><li><span class=\"fbc-separator\">\/<\/span><\/li><li class=\"active\" itemprop=\"itemListElement\" itemscope itemtype=\"https:\/\/schema.org\/ListItem\"><span itemprop=\"name\" title=\"Blog\">Blog<\/span><meta itemprop=\"position\" content=\"2\" \/><\/li>\t\t\t\t\t<\/ol>\r\n\t\t\t\t\t<div class=\"clearfix\"><\/div>\r\n\t\t\t\t<\/div>\r\n\t\t\t<\/div>\r\n\t\t\t\n\n\n\n<h2 class=\"wp-block-heading\"><img decoding=\"async\" data-src=\"https:\/\/ads.nodengo.com\/wp-content\/uploads\/nodengo-2.gif\" alt=\"terms and conditions\" src=\"data:image\/svg+xml;base64,PHN2ZyB3aWR0aD0iMSIgaGVpZ2h0PSIxIiB4bWxucz0iaHR0cDovL3d3dy53My5vcmcvMjAwMC9zdmciPjwvc3ZnPg==\" class=\"lazyload\" style=\"--smush-placeholder-width: 58px; --smush-placeholder-aspect-ratio: 58\/57;\"><strong>Termini e condizioni della pubblicit\u00e0<\/strong><\/h2>\n\n\n\n<p><strong>Termini e condizioni per l'accettazione della pubblicit\u00e0<\/strong><\/p>\n\n\n\n<p>Nei presenti Termini e Condizioni, la rete pubblicitaria Nodengo.com\/ <a href=\"https:\/\/ads.nodengo.com\/it\/\">ads.nodengo.com<\/a>  (collettivamente \"Azienda, il nostro sito, noi, il nostro o noi\") e \"Inserzionista\" indica la persona o altra entit\u00e0 giuridica che effettua l'ordine per la Pubblicit\u00e0 (\"l'Ordine\"), indipendentemente dal fatto che sia l'inserzionista del prodotto o servizio indicato nell'Annuncio o dall'agenzia pubblicitaria o dall'acquirente dei media per tale inserzionista e effettuando un Ordine l'Inserzionista accetta e concorda di essere vincolato integralmente dai presenti Termini e Condizioni.  <\/p>\n\n\n\n<p>Laddove l'inserzionista sia un'agenzia pubblicitaria o un acquirente di media, l'inserzionista garantisce di essere autorizzato dall'inserzionista del prodotto o servizio a effettuare l'ordine con noi e l'inserzionista ci compenser\u00e0 e ci indennizzer\u00e0 integralmente per qualsiasi reclamo avanzato da tale inserzionista contro noi in relazione alla pubblicazione di tale Annuncio.<br>Tutti gli Ordini saranno accettati previa approvazione da parte del nostro sito del testo pubblicitario e dello spazio disponibile nella relativa pubblicazione.<\/p>\n\n\n\n<p>Riconosciamo l'importanza della sicurezza e dell'integrit\u00e0 del marchio degli inserzionisti. Pertanto, utilizziamo il nostro sistema pubblicitario per garantire l'efficacia di ciascuna campagna dei nostri inserzionisti.<br>Tutte le campagne pubblicitarie sul nostro sito passano attraverso un processo di verifica interna prima di essere pubblicate sul nostro sito. Verifichiamo, tra le altre cose, la qualit\u00e0 della campagna pubblicitaria e il posizionamento dei contenuti all'interno della pagina, poich\u00e9 la pubblicit\u00e0 deve essere indirizzata a paesi\/citt\u00e0\/ecc. specifici. accettiamo solo pubblicit\u00e0 pertinente a quel paese\/citt\u00e0<\/p>\n\n\n\n<p>Parte integrante dell'attivit\u00e0 del nostro sito \u00e8 visualizzare specificamente annunci per paese\/citt\u00e0. Tutti i contenuti inviati dagli utenti sono moderati e pubblicati in conformit\u00e0 con le linee guida per l'invio e i termini e le condizioni del nostro sito. per garantire che contenuti e contesti inappropriati siano esclusi.<\/p>\n\n\n\n<p>Non possiamo garantire il numero di impressioni durante qualsiasi periodo della campagna, sia esso CPM\/CPC o CPD. non possiamo garantire la posizione, la data e\/o l'ora della pubblicazione di un annuncio e tale decisione sar\u00e0 a esclusiva discrezione del nostro sito che utilizzer\u00e0 le sue misure ragionevoli per soddisfare i desideri dell'inserzionista<br>Nell'improbabile caso in cui un inserzionista abbia richiesto il posizionamento di una campagna che non segue le nostre linee guida per paese\/citt\u00e0, verr\u00e0 informato per indagare sul problema e discutere una soluzione.<\/p>\n\n\n\n<p>Possiamo modificare le tariffe pubblicitarie in qualsiasi momento pubblicando le tariffe modificate sul relativo sito web. Eventuali modifiche alle tariffe avranno effetto immediato ma non si applicheranno a qualsiasi ordine per il quale Nodengo.com ha accettato la pubblicazione prima della data di tale modifica.<\/p>\n\n\n\n<p>Utilizzeremo i mezzi ragionevoli per riprodurre gli annunci pubblicitari forniti dall'inserzionista, ma non possiamo garantire che gli annunci pubblicitari siano della stessa qualit\u00e0.<\/p>\n\n\n\n<p>Se il nostro sito ha accettato un Ordine e l'Annuncio non viene pubblicato affatto esclusivamente a causa di un nostro errore, proveremo ad offrire una data di pubblicazione alternativa. Se la data di pubblicazione alternativa non viene accettata dall'Inserzionista, l'Ordine originale verr\u00e0 annullato e l'Inserzionista avr\u00e0 diritto a un rimborso completo. Questo sar\u00e0 l\u2019unico rimedio a disposizione dell\u2019Inserzionista in caso di mancata pubblicazione dell\u2019Annuncio.<\/p>\n\n\n\n<p>Se l'annuncio pubblicato da noi contiene un errore sostanziale dovuto esclusivamente al nostro errore, su richiesta dell'inserzionista ripubblicheremo l'annuncio senza costi aggiuntivi per l'inserzionista. Questo sar\u00e0 l'unico rimedio a disposizione dell'inserzionista per l'errore originale. Non saremo responsabili della ripetizione di errori e sar\u00e0 responsabilit\u00e0 dell'Inserzionista informarci di eventuali errori.<\/p>\n\n\n\n<p><br>Saremo responsabili solo per le perdite dirette e comprovate subite o sostenute dall'Inserzionista derivanti da qualsiasi responsabilit\u00e0 del nostro sito nei confronti dell'Inserzionista, sia come risultato di una violazione del Contratto, violazione dei doveri o altro e in ogni caso il totale la responsabilit\u00e0 del nostro sito per tali perdite dirette non superer\u00e0 l'importo totale della tariffa per la relativa Pubblicit\u00e0 effettivamente pagata dall'Inserzionista.<\/p>\n\n\n\n<p>Non saremo responsabili per qualsiasi perdita di ricavi, perdita di profitto, perdita di risparmi anticipati, perdita di opportunit\u00e0, perdita di avviamento e\/o qualsiasi altra perdita che si verifica come conseguenza di eventuali perdite dirette e provate subite dall'Inserzionista o per qualsiasi altra perdita che non potesse essere contemplata da noi.<\/p>\n\n\n\n<p>L'Inserzionista ci concede il diritto, gratuitamente, in ogni momento di utilizzare i nomi, i marchi e\/o i loghi dell'Inserzionista che riteniamo necessari allo scopo di pubblicare l'Annuncio.<br><\/p>\n\n\n\n<p>Termini e Condizioni <strong>Politica per tutti gli inserzionisti<\/strong><\/p>\n\n\n\n<p>La lingua principale del nostro sito \u00e8 l'inglese, pertanto richiediamo che il banner sia presentato in questa lingua. Qualora ci\u00f2 non fosse possibile, potrebbe essere utilizzata la lingua locale.\n\u200b<br>No competitive advertiser we are working on a translation features are allowed (e.g. TripAdvisor etc.).<br>Non sar\u00e0 inoltre consentita la pubblicit\u00e0 di siti di meta-ricerca (kayak, ecc.) nel settore dei viaggi e degli hotel.<br>La pubblicit\u00e0 inviata per la pubblicazione online sar\u00e0 priva di virus e non causer\u00e0 alcun effetto negativo sul funzionamento di qualsiasi sito web o altro dispositivo digitale.<br>L'Inserzionista ci garantisce che tutte le informazioni fornite in relazione all'Annuncio sono accurate, complete, vere e non fuorvianti;<br>Non sar\u00e0 accettata pubblicit\u00e0 non legata ai viaggi o senza collegamento al viaggio.<br>Sul sito non \u00e8 consentito l'uso di materiale pubblicitario indecente, illegale, fuorviante, dannoso, offensivo, molesto, calunnioso, diffamatorio o altro materiale offensivo.<br>Non sar\u00e0 accettato materiale pubblicitario illegale nel Paese\/Citt\u00e0 che si desidera pubblicare.<br>Sul sito non sar\u00e0 consentita alcuna pubblicit\u00e0 che simuli il nostro materiale editoriale nell'aspetto o nello stile o che non sia facilmente identificabile come pubblicit\u00e0.<br>Il nostro sito non limita alcun colore all'interno degli annunci pubblicitari; tuttavia, la creativit\u00e0 potrebbe essere rifiutata se sembra imitare i colori, la funzionalit\u00e0, il contenuto o l'aspetto del nostro sito o del nostro marchio. Ci\u00f2 vale anche per gli annunci che potrebbero essere confusi con i contenuti del nostro sito come elenchi, blog, pagine locali o funzionalit\u00e0.<br>Nessuno stile pubblicitario \u201cappariscente\u201d, \u201clampeggiante\u201d.<br>Non saranno accettati contenuti offerti in cambio di guadagno personale, come regali, servizi o denaro<br>Non sar\u00e0 accettata pubblicit\u00e0 di giochi d'azzardo, farmaci da prescrizione, tabacco, religione, politica, armi o temi sessualmente espliciti.<br>Ci riserviamo il diritto di rifiutare la pubblicit\u00e0 o richiedere una revisione se il contenuto o il design dell'annuncio ritiene non adatto al sito o ha un impatto negativo sull'esperienza dell'utente, a sua esclusiva discrezione<br>Nessuna immagine o video che violi diritti d'autore, marchi o altri diritti di propriet\u00e0 legale.<br>Gli inserzionisti si assumono la piena responsabilit\u00e0 per qualsiasi pubblicit\u00e0 inserita sul nostro sito e per tutti i servizi forniti sul Sito o per i prodotti venduti tramite tali pubblicit\u00e0.<br>Non siamo responsabili del contenuto dei siti accessibili tramite banner visualizzati dagli Inserzionisti<br>Flash non \u00e8 pi\u00f9 accettato, sono accettati GIF, JPG, PNG, HTML5 sono obbligatori.<\/p>\n\n\n\n<p><strong>Indennizzo<\/strong><\/p>\n\n\n\n<p>Accetti di indennizzare e tenere indenne il nostro sito e i suoi dipendenti e agenti da e contro tutte le responsabilit\u00e0, spese legali, danni, perdite, costi e altre spese in relazione a qualsiasi reclamo o azione intentata contro il nostro sito derivante da qualsiasi violazione da parte tua di questi Termini e Condizioni o altre responsabilit\u00e0 derivanti dall'utilizzo di questo sito Web.<\/p>\n\n\n\n<p><\/p>\n\n\n\n<div style=\"height:19px\" aria-hidden=\"true\" class=\"wp-block-spacer\"><\/div>\n\n\n\n<p><em>Tieni presente che questa pagina \u00e8 stata tradotta automaticamente dall'originale inglese<\/em>.&nbsp;<em>Non viene fornita alcuna garanzia di alcun tipo, espressa o implicita, circa l'accuratezza, l'affidabilit\u00e0 o la correttezza delle traduzioni effettuate dall'inglese in qualsiasi altra lingua.<\/em><\/p>\n<\/div><\/div>\n\n\n\n<div class=\"wp-block-citadela-blocks-spacer citadela-block-spacer\"><div class=\"inner-holder\" style=\"padding-top:50px\"><\/div><\/div>\n\n\n\n<div class=\"wp-block-citadela-blocks-spacer citadela-block-spacer\"><div class=\"inner-holder\" style=\"padding-top:2vw\"><\/div><\/div>\n\n\n\n<div class=\"wp-block-citadela-blocks-custom-container citadela-block-custom-container size-wide bg-type-image inside-space-none bg-size-auto\"><div class=\"bg-image-wrapper lazyload\" style=\"background-image:inherit;background-repeat:no-repeat;background-position:40% 100%\" data-bg-image=\"url(https:\/\/ads.nodengo.com\/wp-content\/uploads\/2019\/09\/graph.png)\"><\/div><div class=\"inner-holder\">\n<div class=\"wp-block-citadela-blocks-spacer citadela-block-spacer\"><div class=\"inner-holder\" style=\"padding-top:40px\"><\/div><\/div>\n\n\n\n<div class=\"wp-block-citadela-blocks-spacer citadela-block-spacer\"><div class=\"inner-holder\" style=\"padding-top:145px\"><\/div><\/div>\n<\/div><\/div>\n\n\n\n<div class=\"wp-block-citadela-blocks-spacer citadela-block-spacer\"><div class=\"inner-holder\" style=\"padding-top:4vw\"><\/div><\/div>","protected":false},"excerpt":{"rendered":"","protected":false},"author":2,"featured_media":0,"parent":0,"menu_order":0,"comment_status":"closed","ping_status":"closed","template":"","meta":{"_citadela_hide_page_title":"1","_citadela_remove_header_space":"1","_citadela_custom_class":"","_citadela_half_map_provider":"","_citadela_half_map_theme":"","_citadela_half_map_themeOSM":"","_citadela_half_map_customTheme":"","_citadela_half_map_dataType":"","_citadela_half_map_dynamicTrack":false,"_citadela_half_map_trackColor":"","_citadela_half_map_trackEndpointsColor":"","_citadela_half_map_filterCategory":"","_citadela_half_map_filterLocation":"","_citadela_half_map_filterFeatured":false,"_citadela_half_map_noDataBehavior":"empty-map","_citadela_half_map_noDataText":"","_citadela_half_map_clusterGridSize":80,"_citadela_header":true,"_citadela_header_over_content":false,"_citadela_header_text_color":"","_citadela_header_logo":[],"_citadela_header_bg_image":{"id":102,"url":"https:\/\/ads.nodengo.com\/wp-content\/uploads\/2019\/09\/owen-cl-boLgiM0qwkg-unsplash.jpg","size":{"width":1920,"height":1280}},"_citadela_header_bg_position":{"x":0.5,"y":0.6},"_citadela_header_bg_size":"cover","_citadela_header_bg_repeat":"no-repeat","_citadela_header_bg_fixed":false,"_citadela_header_bg_color":"rgba(31, 33, 37, 1)","_citadela_header_bg_image_overlay":"rgba(30, 32, 36, 0.9)","_citadela_header_transparent_bg":false,"_citadela_content_width":"","_citadela_half_layout_position":"","footnotes":""},"class_list":["post-589","page","type-page","status-publish","hentry"],"_links":{"self":[{"href":"https:\/\/ads.nodengo.com\/it\/wp-json\/wp\/v2\/pages\/589","targetHints":{"allow":["GET"]}}],"collection":[{"href":"https:\/\/ads.nodengo.com\/it\/wp-json\/wp\/v2\/pages"}],"about":[{"href":"https:\/\/ads.nodengo.com\/it\/wp-json\/wp\/v2\/types\/page"}],"author":[{"embeddable":true,"href":"https:\/\/ads.nodengo.com\/it\/wp-json\/wp\/v2\/users\/2"}],"replies":[{"embeddable":true,"href":"https:\/\/ads.nodengo.com\/it\/wp-json\/wp\/v2\/comments?post=589"}],"version-history":[{"count":0,"href":"https:\/\/ads.nodengo.com\/it\/wp-json\/wp\/v2\/pages\/589\/revisions"}],"wp:attachment":[{"href":"https:\/\/ads.nodengo.com\/it\/wp-json\/wp\/v2\/media?parent=589"}],"curies":[{"name":"wp","href":"https:\/\/api.w.org\/{rel}","templated":true}]}}