{"id":585,"date":"2023-12-07T08:43:53","date_gmt":"2023-12-07T08:43:53","guid":{"rendered":"https:\/\/ads.nodengo.com\/?page_id=585"},"modified":"2024-01-24T10:56:33","modified_gmt":"2024-01-24T10:56:33","slug":"advertising-options","status":"publish","type":"page","link":"https:\/\/ads.nodengo.com\/it\/advertising-options\/","title":{"rendered":"Opzioni pubblicitarie"},"content":{"rendered":"<div class=\"wp-block-citadela-blocks-custom-container citadela-block-custom-container size-wide bg-type-none inside-space-none\"><div class=\"inner-holder\">\n<div class=\"wp-block-citadela-blocks-spacer citadela-block-spacer responsive-options loading\" data-block-attr=\"{&quot;desktop&quot;:{&quot;height&quot;:&quot;40px&quot;},&quot;mobile&quot;:{&quot;height&quot;:&quot;30px&quot;}}\" data-block-mobile-breakpoint=\"600\"><div class=\"inner-holder\" style=\"padding-top:40px\"><\/div><\/div>\n\n\n\t\t\t<!-- Flexy Breadcrumb -->\r\n\t\t\t<div class=\"fbc fbc-page\">\r\n\r\n\t\t\t\t<!-- Breadcrumb wrapper -->\r\n\t\t\t\t<div class=\"fbc-wrap\">\r\n\r\n\t\t\t\t\t<!-- Ordered list-->\r\n\t\t\t\t\t<ol class=\"fbc-items\" itemscope itemtype=\"https:\/\/schema.org\/BreadcrumbList\">\r\n\t\t\t\t\t\t            <li itemprop=\"itemListElement\" itemscope itemtype=\"https:\/\/schema.org\/ListItem\">\r\n                <span itemprop=\"name\">\r\n                    <!-- Home Link -->\r\n                    <a itemprop=\"item\" href=\"https:\/\/ads.nodengo.com\/it\/\">\r\n                    \r\n                                                    <i class=\"fa fa-home\" aria-hidden=\"true\"><\/i>Home                    <\/a>\r\n                <\/span>\r\n                <meta itemprop=\"position\" content=\"1\" \/><!-- Meta Position-->\r\n             <\/li><li><span class=\"fbc-separator\">\/<\/span><\/li><li class=\"active\" itemprop=\"itemListElement\" itemscope itemtype=\"https:\/\/schema.org\/ListItem\"><span itemprop=\"name\" title=\"Blog\">Blog<\/span><meta itemprop=\"position\" content=\"2\" \/><\/li>\t\t\t\t\t<\/ol>\r\n\t\t\t\t\t<div class=\"clearfix\"><\/div>\r\n\t\t\t\t<\/div>\r\n\t\t\t<\/div>\r\n\t\t\t\n\n\n\r\n        <div class=\"wp-block-citadela-blocks ctdl-directory-search-form border-thin shadow-default align-center\">\r\n            <div class=\"citadela-block-form search-form-component-container\" style=\"\" data-action=\"&quot;https:\\\/\\\/ads.nodengo.com\\\/it\\\/&quot;\"data-post-type=\"citadela-item\"data-category-taxonomy=\"citadela-item-category\"data-location-taxonomy=\"citadela-item-location\">\r\n            <\/div>\r\n                    <\/div>\r\n\r\n        \n\n\n<h2 class=\"wp-block-heading\"><img decoding=\"async\" data-src=\"https:\/\/ads.nodengo.com\/wp-content\/uploads\/orange_titre.gif\" alt=\"opzioni pubblicitarie\" src=\"data:image\/svg+xml;base64,PHN2ZyB3aWR0aD0iMSIgaGVpZ2h0PSIxIiB4bWxucz0iaHR0cDovL3d3dy53My5vcmcvMjAwMC9zdmciPjwvc3ZnPg==\" class=\"lazyload\" style=\"--smush-placeholder-width: 40px; --smush-placeholder-aspect-ratio: 40\/27;\">  Opzioni pubblicitarie su Nodengo.com<\/h2>\n\n\n\n<p class=\"has-text-align-center\">Ogni clic su un annuncio Nodengo \u00e8 altamente qualificato: un potenziale cliente pronto per essere convertito in un cliente<\/p>\n\n\n\n<div class=\"wp-block-citadela-blocks-spacer citadela-block-spacer responsive-options loading\" data-block-attr=\"{&quot;desktop&quot;:{&quot;height&quot;:&quot;2vw&quot;},&quot;mobile&quot;:{&quot;height&quot;:&quot;0vw&quot;}}\" data-block-mobile-breakpoint=\"600\"><div class=\"inner-holder\" style=\"padding-top:2vw\"><\/div><\/div>\n\n\n\n<p>Rivolgiti ad un pubblico mondiale a livello locale, i nostri visitatori vengono da noi quando stanno pianificando la loro vacanza, prendine parte, non perdere l'occasione.<br>Fai loro conoscere la tua attivit\u00e0 prima che raggiungano la loro destinazione. Oppure potresti anche acquisire attivit\u00e0 commerciali locali. Controlla le nostre opzioni di seguito o scopri di pi\u00f9 sulle nostre<a href=\"https:\/\/nodengo.com\/it\/hospitality-network\/\" target=\"_blank\" rel=\"noopener\"> Network<\/a> <\/p>\n\n\n\n<p>Massimizza il tuo budget, raggiungi un pubblico mondiale a livello locale, non perdere l'occasione<br>Fagli conoscere la tua attivit\u00e0 prima che raggiungano la loro destinazione. Oppure potresti persino catturare attivit\u00e0 commerciali locali. Il tuo banner apparir\u00e0 nella pagina della citt\u00e0 a cui sono interessati.<\/p>\n\n\n\n<p><strong>Le nostre opzioni pubblicitarie<\/strong><\/p>\n\n\n\n<p><strong>Pubblicit\u00e0 per le citt\u00e0<\/strong>  Cattura la loro attenzione presentando la tua struttura nelle posizioni chiave della pagina della citt\u00e0: sono disponibili diversi posizionamenti chiave<br>Hai diversi stabilimenti nel paese o desideri raggiungere un pubblico pi\u00f9 ampio, offriamo posizionamenti pubblicitari chiave sulle pagine del tuo paese<\/p>\n\n\n\n<p><strong>Pubblicit\u00e0 per i paesi<\/strong> Hai diversi stabilimenti nel paese o desideri raggiungere un pubblico pi\u00f9 ampio, offriamo posizionamenti pubblicitari chiave sulle pagine del tuo paese<\/p>\n\n\n\n<p><strong>Pubblicit\u00e0 nella sezione \u201cRistoranti\u201d.<\/strong> Presenta il tuo ristorante sulle nostre pagine locali, meglio ancora aggiungi un banner che verr\u00e0 visualizzato nell'elenco, massimizzando cos\u00ec la tua esposizione ai potenziali clienti<\/p>\n\n\n\n<p><strong>Pubblicit\u00e0 delle attivit\u00e0<\/strong> Offriamo ai nostri visitatori di ricercare e prenotare attivit\u00e0 direttamente online mentre pianificano le loro vacanze, perch\u00e9 non pubblicizzare il tuo banner e parlare loro della tua attivit\u00e0?<\/p>\n\n\n\n<p>Raggiungi tutti i nostri visitatori \u2013 Raggiungi i visitatori che cercano informazioni di viaggio \u2013 Target di riferimento che pianificano la propria vacanza \u2013 Targeting di interessi specifici<br>Raggiungere tutto il mondo - Raggiungere un pubblico pi\u00f9 ampio - Raggiungere il mercato locale in tutto il mondo - Esposizione in ogni continente - Coprire ogni destinazione<\/p>\n<\/div><\/div>\n\n\n\n<div class=\"wp-block-citadela-blocks-custom-container citadela-block-custom-container size-wide bg-type-none inside-space-none\"><div class=\"inner-holder\">\n<div class=\"wp-block-citadela-blocks-service citadela-block-service main-holder layout-list header-type-image-as-icon has-bg standard\" style=\"background-color:#f4f4f4\"><div class=\"service-header\"><div class=\"service-image\"><img decoding=\"async\" data-src=\"https:\/\/ads.nodengo.com\/wp-content\/uploads\/2019\/09\/owen-cl-boLgiM0qwkg-unsplash.jpg\" alt=\"\" width=\"1920\" height=\"1280\" data-id=\"102\" data-full-url=\"https:\/\/ads.nodengo.com\/wp-content\/uploads\/2019\/09\/owen-cl-boLgiM0qwkg-unsplash.jpg\" data-link=\"https:\/\/ads.nodengo.com\/owen-cl-bolgim0qwkg-unsplash\/\" class=\"wp-image-102 lazyload\" data-srcset=\"https:\/\/ads.nodengo.com\/wp-content\/uploads\/2019\/09\/owen-cl-boLgiM0qwkg-unsplash.jpg 1920w, https:\/\/ads.nodengo.com\/wp-content\/uploads\/2019\/09\/owen-cl-boLgiM0qwkg-unsplash-150x100.jpg 150w, https:\/\/ads.nodengo.com\/wp-content\/uploads\/2019\/09\/owen-cl-boLgiM0qwkg-unsplash-600x400.jpg 600w, https:\/\/ads.nodengo.com\/wp-content\/uploads\/2019\/09\/owen-cl-boLgiM0qwkg-unsplash-300x200.jpg 300w, https:\/\/ads.nodengo.com\/wp-content\/uploads\/2019\/09\/owen-cl-boLgiM0qwkg-unsplash-768x512.jpg 768w, https:\/\/ads.nodengo.com\/wp-content\/uploads\/2019\/09\/owen-cl-boLgiM0qwkg-unsplash-1024x683.jpg 1024w\" data-sizes=\"(max-width: 1920px) 100vw, 1920px\" src=\"data:image\/svg+xml;base64,PHN2ZyB3aWR0aD0iMSIgaGVpZ2h0PSIxIiB4bWxucz0iaHR0cDovL3d3dy53My5vcmcvMjAwMC9zdmciPjwvc3ZnPg==\" style=\"--smush-placeholder-width: 1920px; --smush-placeholder-aspect-ratio: 1920\/1280;\" \/><\/div><\/div><div class=\"service-content\"><div class=\"service-content-wrap\"><h3 class=\"service-title\">Collegamenti alle opzioni di pubblicazione<\/h3><p class=\"service-description\"><strong>Pagine principali per <a href=\"https:\/\/ads.nodengo.com\/it\/ads\/main-index-page\/\">Index<\/a> | <a href=\"https:\/\/ads.nodengo.com\/it\/ads\/main-travel-blog-page\/\">Blog<\/a> | <a href=\"https:\/\/ads.nodengo.com\/it\/ads\/main-review-page\/\">Valutazione<\/a> | <a href=\"https:\/\/ads.nodengo.com\/it\/ads\/hotel-reservation-main-page\/\">Hotels<\/a> | <a href=\"https:\/\/ads.nodengo.com\/it\/ads\/flights-reservation-main-page\/\">voli<\/a><\/strong><br\/><strong>Pagine dei paesi per: <a href=\"https:\/\/ads.nodengo.com\/it\/ads-for-african-countries\/\">AFRICA<\/a>\u00a0\u2013\u00a0<a href=\"https:\/\/ads.nodengo.com\/it\/ads--for-asian-countries\/\">ASIA\u00a0<\/a>\u2013\u00a0\u00a0<a href=\"https:\/\/ads.nodengo.com\/it\/ads-for-canadian-provinces\/\">CANADA\u00a0<\/a>\u2013\u00a0<a href=\"https:\/\/ads.nodengo.com\/it\/ads-for-caribbean-countries\/\">CARAIBICA<\/a>\u00a0\u2013\u00a0<a href=\"https:\/\/ads.nodengo.com\/it\/ads-for-south-and-central-american-countries\/\">AMERICA CENTRALE<\/a>\u00a0\u2013\u00a0<a href=\"https:\/\/ads.nodengo.com\/it\/ads-for-european-countries\/\">EUROPA<\/a>\u00a0\u2013\u00a0<a href=\"https:\/\/ads.nodengo.com\/it\/ads-for-oceanian-countries\/\">OCEANIA\u00a0<\/a>\u00a0\u2013\u00a0<a href=\"https:\/\/ads.nodengo.com\/it\/ads-for-south-and-central-american-countries\/\">SUD AMERICA<\/a>\u00a0\u2013\u00a0<a href=\"https:\/\/ads.nodengo.com\/it\/ads-for-the-united-states\/\">STATI UNITI<\/a><\/strong><br\/><strong>Pagine di citt\u00e0 per: <a href=\"https:\/\/ads.nodengo.com\/it\/ads-for-african-cities\/\">AFRICA<\/a> &#8211; <a href=\"https:\/\/ads.nodengo.com\/it\/ads-for-asian-cities\/\">ASIA<\/a> &#8211;\u00a0 <a href=\"https:\/\/ads.nodengo.com\/it\/ads-for-canadian-cities\/\">CANADA<\/a> &#8211; <a href=\"https:\/\/ads.nodengo.com\/it\/ads-for-caribbean-cities\/\">CARAIBICA<\/a> &#8211; <a href=\"https:\/\/ads.nodengo.com\/it\/ads-for-central-american-cities\/\">AMERICA CENTRALE<\/a> &#8211; <a href=\"https:\/\/ads.nodengo.com\/it\/ads-for-european-cities\/\">EUROPA<\/a> &#8211; <a href=\"https:\/\/ads.nodengo.com\/it\/ads-for-mexican-cities\/\">MESSICO<\/a> &#8211;\u00a0 <a href=\"https:\/\/ads.nodengo.com\/it\/ads-for-oceanian-cities\/\">OCEANIA<\/a>\u00a0 &#8211; <a href=\"https:\/\/ads.nodengo.com\/it\/ads-for-south-american-cities\/\">SUD AMERICA<\/a> &#8211; <a href=\"https:\/\/ads.nodengo.com\/it\/ads-for-united-states-cities\/\">STATI UNITI<\/a><\/strong><br\/><\/p><\/div><\/div><\/div>\n<\/div><\/div>\n\n\n\n<div class=\"wp-block-citadela-blocks-custom-container citadela-block-custom-container size-wide bg-type-none inside-space-none\"><div class=\"inner-holder\">\n<h2 class=\"wp-block-heading\">Opzioni pubblicitarie da pubblicare su Nodengo.com<\/h2>\n\n\n\n<p>La maggior parte dei siti si basa sulla pubblicit\u00e0 automatica e non \u00e8 specificamente mirata al loro pubblico, se stai cercando di visitare la Patagonia la prossima estate, l'annuncio per una nuova macchina da cucire potrebbe non essere quello che ti interessa in questo particolare momento. Tuttavia, se hai uno stabilimento a Budapest, la visualizzazione del tuo annuncio sulla nostra pagina di Budapest aumenter\u00e0 sicuramente la tua esposizione a potenziali clienti.<\/p>\n<\/div><\/div>\n\n\n\n<div class=\"wp-block-citadela-blocks-custom-container citadela-block-custom-container size-wide bg-type-none inside-space-none\"><div class=\"inner-holder\">\n<div class=\"wp-block-columns is-layout-flex wp-container-core-columns-is-layout-9d6595d7 wp-block-columns-is-layout-flex\">\n<div class=\"wp-block-column is-layout-flow wp-block-column-is-layout-flow\">\n<div class=\"wp-block-citadela-blocks-service citadela-block-service main-holder layout-list header-type-icon standard\"><div class=\"service-header\"><div class=\"service-icon\"><a href=\"https:\/\/ads.nodengo.com\/it\/ads\/main-index-page\/\"><i class=\"fas fa-utensils\" style=\"color:#b9b9b9\"><\/i><\/a><\/div><\/div><div class=\"service-content\"><div class=\"service-content-wrap\"><a href=\"https:\/\/ads.nodengo.com\/it\/ads\/main-index-page\/\"><h3 class=\"service-title\">Pagine principali<\/h3><\/a><p class=\"service-description\">Advertise on our main pages, Index page, Travel Blog and Main review pages <\/p><\/div><\/div><\/div>\n<\/div>\n\n\n\n<div class=\"wp-block-column is-layout-flow wp-block-column-is-layout-flow\">\n<div class=\"wp-block-citadela-blocks-service citadela-block-service main-holder layout-list header-type-icon standard\"><div class=\"service-header\"><div class=\"service-icon\"><a href=\"https:\/\/ads.nodengo.com\/it\/ads\/flights-reservation-main-page\/\"><i class=\"fas fa-plane\" style=\"color:#b9b9b9\"><\/i><\/a><\/div><\/div><div class=\"service-content\"><div class=\"service-content-wrap\"><a href=\"https:\/\/ads.nodengo.com\/it\/ads\/flights-reservation-main-page\/\"><h3 class=\"service-title\">Flight Booking<\/h3><\/a><p class=\"service-description\">Disponibilit\u00e0 limitata per posizionare il tuo banner sulle nostre pagine di prenotazione degli hotel.<\/p><\/div><\/div><\/div>\n<\/div>\n\n\n\n<div class=\"wp-block-column is-layout-flow wp-block-column-is-layout-flow\">\n<div class=\"wp-block-citadela-blocks-service citadela-block-service main-holder layout-list header-type-icon standard\"><div class=\"service-header\"><div class=\"service-icon\"><a href=\"https:\/\/ads.nodengo.com\/it\/ads\/hotel-reservation-main-page\/\"><i class=\"fas fa-concierge-bell\" style=\"color:#b9b9b9\"><\/i><\/a><\/div><\/div><div class=\"service-content\"><div class=\"service-content-wrap\"><a href=\"https:\/\/ads.nodengo.com\/it\/ads\/hotel-reservation-main-page\/\"><h3 class=\"service-title\">Hotel Booking<\/h3><\/a><p class=\"service-description\">Disponibilit\u00e0 limitata per posizionare il tuo banner sulle nostre pagine di prenotazione degli hotel.<\/p><\/div><\/div><\/div>\n<\/div>\n<\/div>\n\n\n\n<h4 class=\"wp-block-heading has-text-color has-link-color wp-elements-5725bbfc390e6b3a51c83482ac39b328\" style=\"color:#1d5576\">COUNTRY PAGES<\/h4>\n\n\n\n<div class=\"wp-block-columns is-layout-flex wp-container-core-columns-is-layout-9d6595d7 wp-block-columns-is-layout-flex\">\n<div class=\"wp-block-column is-layout-flow wp-block-column-is-layout-flow\">\n<div class=\"wp-block-citadela-blocks-service citadela-block-service main-holder layout-list header-type-icon standard\"><div class=\"service-header\"><div class=\"service-icon\"><a href=\"https:\/\/ads.nodengo.com\/it\/ads\/country-index-entry-page\/\"><i class=\"fas fa-globe\" style=\"color:#b9b9b9\"><\/i><\/a><\/div><\/div><div class=\"service-content\"><div class=\"service-content-wrap\"><a href=\"https:\/\/ads.nodengo.com\/it\/ads\/country-index-entry-page\/\"><h3 class=\"service-title\">Country Main page  <\/h3><\/a><p class=\"service-description\">Fai pubblicit\u00e0 a un intero paese, il tuo banner verr\u00e0 visualizzato nella pagina di ingresso di un paese specifico<\/p><\/div><\/div><\/div>\n<\/div>\n\n\n\n<div class=\"wp-block-column is-layout-flow wp-block-column-is-layout-flow\">\n<div class=\"wp-block-citadela-blocks-service citadela-block-service main-holder layout-list header-type-icon standard\"><div class=\"service-header\"><div class=\"service-icon\"><a href=\"https:\/\/ads.nodengo.com\/it\/ads\/country-travel-blog-page\/\"><i class=\"fas fa-rss-square\" style=\"color:#b9b9b9\"><\/i><\/a><\/div><\/div><div class=\"service-content\"><div class=\"service-content-wrap\"><a href=\"https:\/\/ads.nodengo.com\/it\/ads\/country-travel-blog-page\/\"><h3 class=\"service-title\">Pagina Blog di viaggio (Paese)<\/h3><\/a><p class=\"service-description\">Ogni Paese ha una pagina blog che raccoglie tutti i blog di ogni citt\u00e0<\/p><\/div><\/div><\/div>\n<\/div>\n\n\n\n<div class=\"wp-block-column is-layout-flow wp-block-column-is-layout-flow\">\n<div class=\"wp-block-citadela-blocks-service citadela-block-service main-holder layout-list header-type-icon standard\"><div class=\"service-header\"><div class=\"service-icon\"><a href=\"https:\/\/ads.nodengo.com\/it\/ads\/main-review-page\/\"><i class=\"fas fa-medal\" style=\"color:#b9b9b9\"><\/i><\/a><\/div><\/div><div class=\"service-content\"><div class=\"service-content-wrap\"><a href=\"https:\/\/ads.nodengo.com\/it\/ads\/main-review-page\/\"><h3 class=\"service-title\">Country Review page<\/h3><\/a><p class=\"service-description\">Each Country has a review page which compiled all the reviews from every cities<\/p><\/div><\/div><\/div>\n<\/div>\n<\/div>\n\n\n\n<h4 class=\"wp-block-heading has-text-color has-link-color wp-elements-4926c10c98c76504a54ee46cc4efdbd9\" style=\"color:#396177\">CITY PAGES<\/h4>\n\n\n\n<div class=\"wp-block-columns is-layout-flex wp-container-core-columns-is-layout-9d6595d7 wp-block-columns-is-layout-flex\">\n<div class=\"wp-block-column is-layout-flow wp-block-column-is-layout-flow\">\n<div class=\"wp-block-citadela-blocks-service citadela-block-service main-holder layout-list header-type-icon standard\"><div class=\"service-header\"><div class=\"service-icon\"><a href=\"https:\/\/ads.nodengo.com\/it\/ads\/country-index-entry-page\/\"><i class=\"fas fa-globe\" style=\"color:#b9b9b9\"><\/i><\/a><\/div><\/div><div class=\"service-content\"><div class=\"service-content-wrap\"><a href=\"https:\/\/ads.nodengo.com\/it\/ads\/country-index-entry-page\/\"><h3 class=\"service-title\">City Main Page  <\/h3><\/a><p class=\"service-description\">Fai pubblicit\u00e0 a un intero paese, il tuo banner verr\u00e0 visualizzato nella pagina di ingresso di un paese specifico<\/p><\/div><\/div><\/div>\n\n\n\n<div class=\"wp-block-citadela-blocks-service citadela-block-service main-holder layout-list header-type-icon standard\"><div class=\"service-header\"><div class=\"service-icon\"><a href=\"https:\/\/ads.nodengo.com\/it\/ads\/city-things-to-do-ad-1\/\"><i class=\"fas fa-tasks\" style=\"color:#b9b9b9\"><\/i><\/a><\/div><\/div><div class=\"service-content\"><div class=\"service-content-wrap\"><a href=\"https:\/\/ads.nodengo.com\/it\/ads\/city-things-to-do-ad-1\/\"><h3 class=\"service-title\">City Things to do<\/h3><\/a><p class=\"service-description\">Pubblicizza \"Cose da fare\" fornendo una preziosa opportunit\u00e0 per promuovere la tua struttura nella tua citt\u00e0. Diverse opzioni disponibili<\/p><\/div><\/div><\/div>\n<\/div>\n\n\n\n<div class=\"wp-block-column is-layout-flow wp-block-column-is-layout-flow\">\n<div class=\"wp-block-citadela-blocks-service citadela-block-service main-holder layout-list header-type-icon standard\"><div class=\"service-header\"><div class=\"service-icon\"><a href=\"https:\/\/ads.nodengo.com\/it\/ads\/city-restaurant-page\/\"><i class=\"fas fa-utensils\" style=\"color:#b9b9b9\"><\/i><\/a><\/div><\/div><div class=\"service-content\"><div class=\"service-content-wrap\"><a href=\"https:\/\/ads.nodengo.com\/it\/ads\/city-restaurant-page\/\"><h3 class=\"service-title\">City Restaurant<\/h3><\/a><p class=\"service-description\">Fai pubblicit\u00e0 nell'elenco dei ristoranti della citt\u00e0 in cui si trova il tuo locale. <\/p><\/div><\/div><\/div>\n\n\n\n<div class=\"wp-block-citadela-blocks-service citadela-block-service main-holder layout-list header-type-icon standard\"><div class=\"service-header\"><div class=\"service-icon\"><a href=\"https:\/\/ads.nodengo.com\/it\/ads\/city-review-page\/\"><i class=\"fas fa-award\" style=\"color:#b9b9b9\"><\/i><\/a><\/div><\/div><div class=\"service-content\"><div class=\"service-content-wrap\"><a href=\"https:\/\/ads.nodengo.com\/it\/ads\/city-review-page\/\"><h3 class=\"service-title\">City Reviews<\/h3><\/a><p class=\"service-description\">L'annuncio verr\u00e0 mostrato nella pagina \u201cCity Review\u201d.<\/p><\/div><\/div><\/div>\n<\/div>\n\n\n\n<div class=\"wp-block-column is-layout-flow wp-block-column-is-layout-flow\">\n<div class=\"wp-block-citadela-blocks-service citadela-block-service main-holder layout-list header-type-icon standard\"><div class=\"service-header\"><div class=\"service-icon\"><i class=\"fas fa-city\" style=\"color:#b9b9b9\"><\/i><\/div><\/div><div class=\"service-content\"><div class=\"service-content-wrap\"><h3 class=\"service-title\">City Activities<\/h3><p class=\"service-description\">Pubblicizza le tue attivit\u00e0 fornendo una preziosa opportunit\u00e0 per promuovere la tua struttura nella tua citt\u00e0. Diverse opzioni disponibili<\/p><\/div><\/div><\/div>\n\n\n\n<div class=\"wp-block-citadela-blocks-service citadela-block-service main-holder layout-list header-type-icon standard\"><div class=\"service-header\"><div class=\"service-icon\"><a href=\"https:\/\/ads.nodengo.com\/it\/ads\/city-blog-page\/\"><i class=\"fas fa-rss\" style=\"color:#b9b9b9\"><\/i><\/a><\/div><\/div><div class=\"service-content\"><div class=\"service-content-wrap\"><a href=\"https:\/\/ads.nodengo.com\/it\/ads\/city-blog-page\/\"><h3 class=\"service-title\">Blog della citt\u00e0<\/h3><\/a><p class=\"service-description\">L'annuncio verr\u00e0 visualizzato nella pagina \u201cBlog della citt\u00e0\u201d.<\/p><\/div><\/div><\/div>\n<\/div>\n<\/div>\n\n\n\n<div class=\"wp-block-columns is-layout-flex wp-container-core-columns-is-layout-9d6595d7 wp-block-columns-is-layout-flex\">\n<div class=\"wp-block-column is-layout-flow wp-block-column-is-layout-flow\"><\/div>\n\n\n\n<div class=\"wp-block-column is-layout-flow wp-block-column-is-layout-flow\"><\/div>\n<\/div>\n<\/div><\/div>\n\n\n\n<p><\/p>\n\n\n\n<p>Offriamo una moltitudine di opzioni pubblicitarie dalla pubblicit\u00e0 in tutta la citt\u00e0 alla pubblicit\u00e0 veramente mirata sulla pagina locale che corrisponde al tuo tipo di attivit\u00e0 e questo \u00e8 un prezzo molto competitivo, attualmente abbiamo optato per un programma CPD che ti consente di pianificare in modo abbastanza preciso ci\u00f2 che vuoi spendere in pubblicit\u00e0,<\/p>\n\n\n\n<div class=\"wp-block-citadela-blocks-spacer citadela-block-spacer\"><div class=\"inner-holder\" style=\"padding-top:2vw\"><\/div><\/div>\n\n\n\n<div class=\"wp-block-citadela-blocks-custom-container citadela-block-custom-container size-wide bg-type-none inside-space-none\"><div class=\"inner-holder\">\n<div class=\"wp-block-citadela-blocks-service citadela-block-service main-holder layout-list header-type-icon has-bg standard\" style=\"background-color:#f2eee9\"><div class=\"service-header\"><div class=\"service-icon\"><i class=\"fas fa-info-circle\" style=\"color:#000000\"><\/i><\/div><\/div><div class=\"service-content\"><div class=\"service-content-wrap\"><h3 class=\"service-title\"><strong>Non pianificando una campagna pubblicitaria ora, offriamo molte altre opzioni:<\/strong><\/h3><p class=\"service-description\">Elenca la <a href=\"https:\/\/nodengo.com\/en\/register-to-submit-your-establishment\/\" target=\"_blank\" rel=\"noopener\">struttura GRATUITAMENTE <\/a>sulle pagine delle nostre citt\u00e0 locali<br\/>Migliora la tua scheda con <a href=\"https:\/\/nodengo.com\/en\/register-to-submit-your-establishment\/\" target=\"_blank\" rel=\"noopener\">funzionalit\u00e0 di elenco<\/a> aggiuntive<br\/>Ottieni il tuo stabilimento <a href=\"https:\/\/nodengo.com\/it\/hospitality-network\/\" target=\"_blank\" rel=\"noopener\">ivisto<\/a> da uno dei nostri Editori locali.<br\/>Sponsorizza un posto nella sezione <a href=\"https:\/\/ads.nodengo.com\/it\/ads\/hotel-reservation-main-page\/\">Hotels<\/a>, <a href=\"https:\/\/ads.nodengo.com\/it\/ads\/flights-reservation-main-page\/\">voli<\/a>.<\/p><\/div><\/div><\/div>\n<\/div><\/div>\n\n\n\n<div class=\"wp-block-citadela-blocks-spacer citadela-block-spacer\"><div class=\"inner-holder\" style=\"padding-top:4vw\"><\/div><\/div>","protected":false},"excerpt":{"rendered":"<p>Offriamo una moltitudine di opzioni pubblicitarie dalla pubblicit\u00e0 in tutta la citt\u00e0 alla pubblicit\u00e0 veramente mirata sulla pagina locale che corrisponde al tuo tipo di attivit\u00e0 e questo \u00e8 un prezzo molto competitivo, attualmente abbiamo optato per un programma CPD che ti consente di pianificare in modo abbastanza preciso ci\u00f2 che vuoi spendere in pubblicit\u00e0,<\/p>","protected":false},"author":2,"featured_media":0,"parent":0,"menu_order":0,"comment_status":"closed","ping_status":"closed","template":"","meta":{"_citadela_hide_page_title":"1","_citadela_remove_header_space":"1","_citadela_custom_class":"","_citadela_half_map_provider":"","_citadela_half_map_theme":"","_citadela_half_map_themeOSM":"","_citadela_half_map_customTheme":"","_citadela_half_map_dataType":"","_citadela_half_map_dynamicTrack":false,"_citadela_half_map_trackColor":"","_citadela_half_map_trackEndpointsColor":"","_citadela_half_map_filterCategory":"","_citadela_half_map_filterLocation":"","_citadela_half_map_filterFeatured":false,"_citadela_half_map_noDataBehavior":"empty-map","_citadela_half_map_noDataText":"","_citadela_half_map_clusterGridSize":80,"_citadela_header":true,"_citadela_header_over_content":false,"_citadela_header_text_color":"","_citadela_header_logo":[],"_citadela_header_bg_image":{"id":102,"url":"https:\/\/ads.nodengo.com\/wp-content\/uploads\/2019\/09\/owen-cl-boLgiM0qwkg-unsplash.jpg","size":{"width":1920,"height":1280}},"_citadela_header_bg_position":{"x":0.5,"y":0.6},"_citadela_header_bg_size":"cover","_citadela_header_bg_repeat":"no-repeat","_citadela_header_bg_fixed":false,"_citadela_header_bg_color":"rgba(31, 33, 37, 1)","_citadela_header_bg_image_overlay":"rgba(30, 32, 36, 0.9)","_citadela_header_transparent_bg":false,"_citadela_content_width":"","_citadela_half_layout_position":"","footnotes":""},"class_list":["post-585","page","type-page","status-publish","hentry"],"_links":{"self":[{"href":"https:\/\/ads.nodengo.com\/it\/wp-json\/wp\/v2\/pages\/585","targetHints":{"allow":["GET"]}}],"collection":[{"href":"https:\/\/ads.nodengo.com\/it\/wp-json\/wp\/v2\/pages"}],"about":[{"href":"https:\/\/ads.nodengo.com\/it\/wp-json\/wp\/v2\/types\/page"}],"author":[{"embeddable":true,"href":"https:\/\/ads.nodengo.com\/it\/wp-json\/wp\/v2\/users\/2"}],"replies":[{"embeddable":true,"href":"https:\/\/ads.nodengo.com\/it\/wp-json\/wp\/v2\/comments?post=585"}],"version-history":[{"count":0,"href":"https:\/\/ads.nodengo.com\/it\/wp-json\/wp\/v2\/pages\/585\/revisions"}],"wp:attachment":[{"href":"https:\/\/ads.nodengo.com\/it\/wp-json\/wp\/v2\/media?parent=585"}],"curies":[{"name":"wp","href":"https:\/\/api.w.org\/{rel}","templated":true}]}}