{"id":2,"date":"2019-09-03T21:17:10","date_gmt":"2019-09-03T21:17:10","guid":{"rendered":"https:\/\/ads.nodengo.com\/about-us\/"},"modified":"2023-12-05T14:27:12","modified_gmt":"2023-12-05T14:27:12","slug":"about-us","status":"publish","type":"page","link":"https:\/\/ads.nodengo.com\/it\/about-us\/","title":{"rendered":"About Nodengo.com #1 Best Targeted Advertising"},"content":{"rendered":"<div class=\"wp-block-citadela-blocks-custom-container citadela-block-custom-container size-wide bg-type-none inside-space-none\"><div class=\"inner-holder\">\n<div class=\"wp-block-citadela-blocks-spacer citadela-block-spacer responsive-options loading\" data-block-attr=\"{&quot;desktop&quot;:{&quot;height&quot;:&quot;40px&quot;},&quot;mobile&quot;:{&quot;height&quot;:&quot;30px&quot;}}\" data-block-mobile-breakpoint=\"600\"><div class=\"inner-holder\" style=\"padding-top:40px\"><\/div><\/div>\n\n\n\t\t\t<!-- Flexy Breadcrumb -->\r\n\t\t\t<div class=\"fbc fbc-page\">\r\n\r\n\t\t\t\t<!-- Breadcrumb wrapper -->\r\n\t\t\t\t<div class=\"fbc-wrap\">\r\n\r\n\t\t\t\t\t<!-- Ordered list-->\r\n\t\t\t\t\t<ol class=\"fbc-items\" itemscope itemtype=\"https:\/\/schema.org\/BreadcrumbList\">\r\n\t\t\t\t\t\t            <li itemprop=\"itemListElement\" itemscope itemtype=\"https:\/\/schema.org\/ListItem\">\r\n                <span itemprop=\"name\">\r\n                    <!-- Home Link -->\r\n                    <a itemprop=\"item\" href=\"https:\/\/ads.nodengo.com\/it\/\">\r\n                    \r\n                                                    <i class=\"fa fa-home\" aria-hidden=\"true\"><\/i>Home                    <\/a>\r\n                <\/span>\r\n                <meta itemprop=\"position\" content=\"1\" \/><!-- Meta Position-->\r\n             <\/li><li><span class=\"fbc-separator\">\/<\/span><\/li><li class=\"active\" itemprop=\"itemListElement\" itemscope itemtype=\"https:\/\/schema.org\/ListItem\"><span itemprop=\"name\" title=\"Blog\">Blog<\/span><meta itemprop=\"position\" content=\"2\" \/><\/li>\t\t\t\t\t<\/ol>\r\n\t\t\t\t\t<div class=\"clearfix\"><\/div>\r\n\t\t\t\t<\/div>\r\n\t\t\t<\/div>\r\n\t\t\t\n\n\n         <div \r\n            class=\"citadela-block-responsive-text align-left responsive-options loading\"\r\n            data-block-mobile-attr=\"{&quot;desktop&quot;:{&quot;fontSize&quot;:&quot;37px&quot;},&quot;mobile&quot;:{&quot;fontSize&quot;:&quot;2.6em&quot;}}\"            data-block-mobile-breakpoint=\"600\"         >\r\n            <h2 class=\"inner-tag\" style=\"font-size: 37px;\">About us &#8211;  Advertising on Nodengo.com<\/h2>         <\/div>\r\n      \n\n         <div \r\n            class=\"citadela-block-responsive-text align-center\"\r\n                                 >\r\n            <p class=\"inner-tag\" style=\"font-size: 15px; letter-spacing: 0.05em; color: #c09b72;\"><strong> <\/strong><a href=\"https:\/\/ads.nodengo.com\/it\/\"><strong>Ads.nodengo.com<\/strong><\/a> \u00e8 il braccio pubblicitario della guida della citt\u00e0 e sito di informazioni di viaggio-&gt; <a href=\"http:\/\/nodengo.com\/it\/\" target=\"_blank\" rel=\"noopener\"><strong>Nodengo.com<\/strong><\/a><\/p>         <\/div>\r\n      \n\n\n<div class=\"wp-block-citadela-blocks-spacer citadela-block-spacer responsive-options loading\" data-block-attr=\"{&quot;desktop&quot;:{&quot;height&quot;:&quot;2vw&quot;},&quot;mobile&quot;:{&quot;height&quot;:&quot;0vw&quot;}}\" data-block-mobile-breakpoint=\"600\"><div class=\"inner-holder\" style=\"padding-top:2vw\"><\/div><\/div>\n<\/div><\/div>\n\n\n\n<div class=\"wp-block-citadela-blocks-spacer citadela-block-spacer\"><div class=\"inner-holder\" style=\"padding-top:50px\"><\/div><\/div>\n\n\n\n<div class=\"wp-block-citadela-blocks-custom-container citadela-block-custom-container size-wide bg-type-none inside-space-none\"><div class=\"inner-holder\">\n<h2 class=\"wp-block-heading\">INFORMAZIONI SULLA PUBBLICIT\u00c0 DI NODENGO.COM<\/h2>\n\n\n\n<p>Offriamo pubblicit\u00e0 veramente mirata che ti consente di raggiungere i potenziali clienti direttamente quando cercano informazioni sulla destinazione e pianificano la loro vacanza.<\/p>\n\n\n\n<p>La maggior parte dei siti si basa sulla pubblicit\u00e0 automatica e non \u00e8 specificamente mirata al loro pubblico, se stai cercando di visitare la Patagonia la prossima estate, l'annuncio per una nuova macchina da cucire potrebbe non essere quello che ti interessa in questo particolare momento. Tuttavia, se hai uno stabilimento a Budapest, la visualizzazione del tuo annuncio sulla nostra pagina di Budapest aumenter\u00e0 sicuramente la tua esposizione a potenziali clienti.<\/p>\n\n\n\n<p>Dal semplificarti il targeting di potenziali clienti, all'offerta di opzioni pubblicitarie molto convenienti, aiutandoti a raggiungere il tuo pubblico e a tenere traccia del tuo budget pubblicitario tramite le nostre statistiche online e offrendo termini pubblicitari flessibili, ti rendiamo facile ottenere \" Pi\u00f9 bang per il tuo pub \"<\/p>\n\n\n\n<p>Offriamo una moltitudine di opzioni pubblicitarie dalla pubblicit\u00e0 in tutta la citt\u00e0 alla pubblicit\u00e0 veramente mirata sulla pagina locale che corrisponde al tuo tipo di attivit\u00e0 e questo \u00e8 un prezzo molto competitivo, attualmente abbiamo optato per un programma CPD che ti consente di pianificare in modo abbastanza preciso ci\u00f2 che vuoi spendere in pubblicit\u00e0,<\/p>\n\n\n\n<p>Massimizza il tuo budget pubblicitario. Rivolgiti a un pubblico mondiale a livello locale, i nostri visitatori vengono da noi quando pianificano le loro vacanze, sii parte di esso, non perdere l'occasione. Fagli conoscere la tua attivit\u00e0 prima che raggiungano la loro destinazione. Oppure potresti persino catturare attivit\u00e0 commerciali locali.<\/p>\n\n\n\n<p>Controlla le nostre opzioni: per saperne di pi\u00f9 su come fare pubblicit\u00e0 su Nodengo.com&nbsp; &nbsp; <a href=\"https:\/\/ads.nodengo.com\/it\/promotions\/\">PROMOZIONI<\/a> | <a href=\"https:\/\/ads.nodengo.com\/it\/order-prices\/\">PREZZI<\/a><\/p>\n<\/div><\/div>\n\n\n\n<div class=\"wp-block-citadela-blocks-custom-container citadela-block-custom-container size-wide bg-type-none inside-space-none\"><div class=\"inner-holder\">\n<h2 class=\"wp-block-heading\">CHI SIAMO NODENGO.COM <\/h2>\n\n\n\n<p>Nodengo.com \u00e8 una startup e un network dedicato alla distribuzione di informazioni turistiche locali e guide della citt\u00e0. Di volta in volta ci siamo resi conto che in qualche modo su Internet mancavano informazioni locali accurate e imparziali.<br>Professionisti del turismo di lunga data e noi stessi nel settore dell'ospitalit\u00e0, abbiamo ritenuto che fosse qualcosa che meritava un miglioramento.<\/p>\n\n\n\n<p>In generale: i siti di viaggio e delle citt\u00e0 si basano su link a pagamento o su recensioni generiche dei clienti per diffondere le loro informazioni locali, apprezziamo l'idea, ma onestamente crediamo che dovrebbe esserci un concetto migliore, che offra informazioni e recensioni su una struttura ai clienti consentendo allo stesso tempo a questa struttura di essere rappresentata in modo professionale e indipendente.<\/p>\n\n\n\n<p>E come professionisti siamo i pi\u00f9 qualificati per rivedere la tua struttura, un nuovo modo non retribuito, imparziale e ineguagliabile per promuovere la tua struttura.<\/p>\n\n\n\n<p><a href=\"https:\/\/nodengo.com\/en\/register-to-submit-your-establishment\/\" target=\"_blank\" rel=\"noopener\"><strong>Scopri di pi\u00f9<\/strong><\/a> su Come possiamo aiutarti a promuovere il tuo stabilimento. Dall'inserzione gratuita all'inserzione avanzata, dalla sponsorizzazione alle recensioni, offriamo diverse soluzioni per promuovere la tua struttura<\/p>\n\n\n\n<p><a href=\"https:\/\/nodengo.com\/it\/hospitality-network\/\" target=\"_blank\" rel=\"noreferrer noopener\"><strong>Scopri di pi\u00f9<\/strong><\/a> su cosa \u00e8 Nodengo.com e su come ci siamo impegnati per aiutare le istituzioni a promuoversi in un modo nuovo e diverso.<\/p>\n\n\n\n<h2 class=\"wp-block-heading\">ALTRE OFFERTE <\/h2>\n\n\n\n<p>Forse non sei ancora interessato alla pubblicit\u00e0 su Nodengo.com, va bene, offriamo una vasta gamma di altre opportunit\u00e0 come&nbsp; <a href=\"https:\/\/nodengo.com\/en\/register-to-submit-your-establishment\/\" target=\"_blank\" rel=\"noopener\">ELENCO<\/a> | <a href=\"https:\/\/nodengo.com\/en\/register-to-submit-your-establishment\/\" target=\"_blank\" rel=\"noopener\">SPONSORIZZAZIONE<\/a> | <a href=\"https:\/\/nodengo.com\/it\/hospitality-network\/reviews\/\" target=\"_blank\" rel=\"noopener\">RECENSIONI<\/a> |<\/p>\n\n\n\n<p>Nodengo.com presenta editori locali, professionisti del turismo e dell'ospitalit\u00e0 e in grado di consigliare potenziali viaggiatori sulla loro citt\u00e0 meglio di chiunque altro.<\/p>\n\n\n\n<p>Sei interessato a diventare un <strong><a href=\"https:\/\/nodengo.com\/en\/hospitality-network\/become-an-editor\/\" target=\"_blank\" rel=\"noopener\">editore locale <\/a><\/strong>Perch\u00e9 non scoprire e vedere se sei idoneo per entrare a far parte del nostro Editor locale. Verifica se la TUA citt\u00e0 \u00e8 ancora disponibile.<\/p>\n\n\n\n<p>Or maybe you would like to refer someone to our services, send them this link via email to tell them&nbsp; &nbsp;:&nbsp; <a href=\"https:\/\/nodengo.com\/en\/referral\/\" target=\"_blank\" rel=\"noopener\">&nbsp;via this form<\/a><\/p>\n<\/div><\/div>\n\n\n\n<div class=\"wp-block-citadela-blocks-spacer citadela-block-spacer\"><div class=\"inner-holder\" style=\"padding-top:2vw\"><\/div><\/div>\n\n\n\n<div class=\"wp-block-citadela-blocks-custom-container citadela-block-custom-container size-wide bg-type-image inside-space-none bg-size-auto\"><div class=\"bg-image-wrapper lazyload\" style=\"background-image:inherit;background-repeat:no-repeat;background-position:40% 100%\" data-bg-image=\"url(https:\/\/ads.nodengo.com\/wp-content\/uploads\/2019\/09\/graph.png)\"><\/div><div class=\"inner-holder\">\n<div class=\"wp-block-citadela-blocks-spacer citadela-block-spacer\"><div class=\"inner-holder\" style=\"padding-top:3vw\"><\/div><\/div>\n\n\n\n<div class=\"wp-block-citadela-blocks-spacer citadela-block-spacer\"><div class=\"inner-holder\" style=\"padding-top:145px\"><\/div><\/div>\n<\/div><\/div>\n\n\n\n<div class=\"wp-block-citadela-blocks-spacer citadela-block-spacer negative-height\"><div class=\"inner-holder\" style=\"margin-top:-45px\"><\/div><\/div>\n\n\n\n<div class=\"wp-block-citadela-blocks-custom-container citadela-block-custom-container size-content bg-type-none inside-space-none\"><div class=\"inner-holder\">\n<div class=\"wp-block-buttons is-horizontal is-content-justification-center is-layout-flex wp-container-core-buttons-is-layout-499968f5 wp-block-buttons-is-layout-flex\">\n<div class=\"wp-block-button is-style-outline is-style-outline--2\"><a class=\"wp-block-button__link has-text-color wp-element-button\" style=\"color:#c09b72\">View our offers<\/a><\/div>\n<\/div>\n<\/div><\/div>\n\n\n\n<div class=\"wp-block-citadela-blocks-spacer citadela-block-spacer\"><div class=\"inner-holder\" style=\"padding-top:4vw\"><\/div><\/div>","protected":false},"excerpt":{"rendered":"","protected":false},"author":2,"featured_media":0,"parent":0,"menu_order":0,"comment_status":"closed","ping_status":"closed","template":"","meta":{"_citadela_hide_page_title":"1","_citadela_remove_header_space":"1","_citadela_custom_class":"","_citadela_half_map_provider":"","_citadela_half_map_theme":"","_citadela_half_map_themeOSM":"","_citadela_half_map_customTheme":"","_citadela_half_map_dataType":"","_citadela_half_map_dynamicTrack":false,"_citadela_half_map_trackColor":"","_citadela_half_map_trackEndpointsColor":"","_citadela_half_map_filterCategory":"","_citadela_half_map_filterLocation":"","_citadela_half_map_filterFeatured":false,"_citadela_half_map_noDataBehavior":"empty-map","_citadela_half_map_noDataText":"","_citadela_half_map_clusterGridSize":80,"_citadela_header":true,"_citadela_header_over_content":false,"_citadela_header_text_color":"","_citadela_header_logo":[],"_citadela_header_bg_image":{"id":102,"url":"https:\/\/ads.nodengo.com\/wp-content\/uploads\/2019\/09\/owen-cl-boLgiM0qwkg-unsplash.jpg","size":{"width":1920,"height":1280}},"_citadela_header_bg_position":{"x":0.5,"y":0.6},"_citadela_header_bg_size":"cover","_citadela_header_bg_repeat":"no-repeat","_citadela_header_bg_fixed":false,"_citadela_header_bg_color":"rgba(31, 33, 37, 1)","_citadela_header_bg_image_overlay":"rgba(30, 32, 36, 0.9)","_citadela_header_transparent_bg":false,"_citadela_content_width":"","_citadela_half_layout_position":"","footnotes":""},"class_list":["post-2","page","type-page","status-publish","hentry"],"_links":{"self":[{"href":"https:\/\/ads.nodengo.com\/it\/wp-json\/wp\/v2\/pages\/2","targetHints":{"allow":["GET"]}}],"collection":[{"href":"https:\/\/ads.nodengo.com\/it\/wp-json\/wp\/v2\/pages"}],"about":[{"href":"https:\/\/ads.nodengo.com\/it\/wp-json\/wp\/v2\/types\/page"}],"author":[{"embeddable":true,"href":"https:\/\/ads.nodengo.com\/it\/wp-json\/wp\/v2\/users\/2"}],"replies":[{"embeddable":true,"href":"https:\/\/ads.nodengo.com\/it\/wp-json\/wp\/v2\/comments?post=2"}],"version-history":[{"count":0,"href":"https:\/\/ads.nodengo.com\/it\/wp-json\/wp\/v2\/pages\/2\/revisions"}],"wp:attachment":[{"href":"https:\/\/ads.nodengo.com\/it\/wp-json\/wp\/v2\/media?parent=2"}],"curies":[{"name":"wp","href":"https:\/\/api.w.org\/{rel}","templated":true}]}}