{"id":1650,"date":"2023-12-06T20:25:19","date_gmt":"2023-12-06T20:25:19","guid":{"rendered":"https:\/\/ads.nodengo.com\/?page_id=1650"},"modified":"2023-12-13T10:14:21","modified_gmt":"2023-12-13T10:14:21","slug":"ads-for-oceanian-cities","status":"publish","type":"page","link":"https:\/\/ads.nodengo.com\/it\/ads-for-oceanian-cities\/","title":{"rendered":"Affordable advertising for Ocanian cities"},"content":{"rendered":"<div class=\"wp-block-citadela-blocks-custom-container citadela-block-custom-container size-content bg-type-image inside-space-none bg-size-cover has-overlay has-min-height vertical-align-center\" style=\"min-height:350px\"><div class=\"bg-image-wrapper lazyload\" style=\"background-image:inherit;background-repeat:no-repeat;background-position:50% 50%\" data-bg-image=\"url(https:\/\/ads.nodengo.com\/wp-content\/uploads\/adbanner.jpg)\"><\/div><div class=\"bg-image-overlay\" style=\"background-color:#1f2125;opacity:0.59\"><\/div><div class=\"inner-holder\">\n<div class=\"wp-block-citadela-blocks-spacer citadela-block-spacer responsive-options loading\" data-block-attr=\"{&quot;desktop&quot;:{&quot;height&quot;:&quot;7em&quot;},&quot;mobile&quot;:{&quot;height&quot;:&quot;3em&quot;}}\" data-block-mobile-breakpoint=\"600\"><div class=\"inner-holder\" style=\"padding-top:7em\"><\/div><\/div>\n\n\n\n<div class=\"wp-block-citadela-blocks-spacer citadela-block-spacer responsive-options loading\" data-block-attr=\"{&quot;desktop&quot;:{&quot;height&quot;:&quot;4vw&quot;},&quot;mobile&quot;:{&quot;height&quot;:&quot;1.4vw&quot;}}\" data-block-mobile-breakpoint=\"600\"><div class=\"inner-holder\" style=\"padding-top:4vw\"><\/div><\/div>\n\n\n         <div \r\n            class=\"citadela-block-responsive-text align-center responsive-options loading\"\r\n            data-block-mobile-attr=\"{&quot;desktop&quot;:{&quot;fontSize&quot;:&quot;3em&quot;},&quot;mobile&quot;:{&quot;fontSize&quot;:&quot;2.6em&quot;}}\"            data-block-mobile-breakpoint=\"600\"         >\r\n            <h1 class=\"inner-tag\" style=\"font-size: 3em; color: #ffffff;\">Ads for Oceanian Cities<\/h1>         <\/div>\r\n      \n\n         <div \r\n            class=\"citadela-block-responsive-text align-center\"\r\n                                 >\r\n            <p class=\"inner-tag\" style=\"font-size: 0.95em; letter-spacing: 0.05em; color: #eba421;\">Ci scusiamo. Al momento non disponiamo di redattori per tutte queste localit\u00e0. Pertanto la pubblicit\u00e0 potrebbe non essere disponibile per la citt\u00e0 in cui desideri fare pubblicit\u00e0. Aggiungiamo citt\u00e0 regolarmente, quindi ricontrolla presto<\/p>         <\/div>\r\n      \n\n\n<div class=\"wp-block-citadela-blocks-spacer citadela-block-spacer\"><div class=\"inner-holder\" style=\"padding-top:20px\"><\/div><\/div>\n\n\n\n<div class=\"wp-block-buttons is-horizontal is-content-justification-center is-layout-flex wp-container-core-buttons-is-layout-499968f5 wp-block-buttons-is-layout-flex\">\n<div class=\"wp-block-button is-style-outline is-style-outline--2\"><a class=\"wp-block-button__link has-text-color wp-element-button\" style=\"color:#c09b72\">Vedi offerte e prezzi<\/a><\/div>\n<\/div>\n\n\n\n<div class=\"wp-block-citadela-blocks-spacer citadela-block-spacer\"><div class=\"inner-holder\" style=\"padding-top:20px\"><\/div><\/div>\n<\/div><\/div>\n\n\n\n<div class=\"wp-block-group alignwide\"><div class=\"wp-block-group__inner-container is-layout-flow wp-block-group-is-layout-flow\">\t\t\t<!-- Flexy Breadcrumb -->\r\n\t\t\t<div class=\"fbc fbc-page\">\r\n\r\n\t\t\t\t<!-- Breadcrumb wrapper -->\r\n\t\t\t\t<div class=\"fbc-wrap\">\r\n\r\n\t\t\t\t\t<!-- Ordered list-->\r\n\t\t\t\t\t<ol class=\"fbc-items\" itemscope itemtype=\"https:\/\/schema.org\/BreadcrumbList\">\r\n\t\t\t\t\t\t            <li itemprop=\"itemListElement\" itemscope itemtype=\"https:\/\/schema.org\/ListItem\">\r\n                <span itemprop=\"name\">\r\n                    <!-- Home Link -->\r\n                    <a itemprop=\"item\" href=\"https:\/\/ads.nodengo.com\/it\/\">\r\n                    \r\n                                                    <i class=\"fa fa-home\" aria-hidden=\"true\"><\/i>Home                    <\/a>\r\n                <\/span>\r\n                <meta itemprop=\"position\" content=\"1\" \/><!-- Meta Position-->\r\n             <\/li><li><span class=\"fbc-separator\">\/<\/span><\/li><li class=\"active\" itemprop=\"itemListElement\" itemscope itemtype=\"https:\/\/schema.org\/ListItem\"><span itemprop=\"name\" title=\"Blog\">Blog<\/span><meta itemprop=\"position\" content=\"2\" \/><\/li>\t\t\t\t\t<\/ol>\r\n\t\t\t\t\t<div class=\"clearfix\"><\/div>\r\n\t\t\t\t<\/div>\r\n\t\t\t<\/div>\r\n\t\t\t\n<\/div><\/div>\n\n\n\n<div style=\"height:32px\" aria-hidden=\"true\" class=\"wp-block-spacer\"><\/div>\n\n\n\n<div class=\"wp-block-citadela-blocks-custom-container citadela-block-custom-container size-wide bg-type-none inside-space-none\"><div class=\"inner-holder\">\n<div class=\"wp-block-citadela-blocks-custom-container citadela-block-custom-container size-wide bg-type-none inside-space-none\"><div class=\"inner-holder\">\n<h2 class=\"wp-block-heading\" id=\"ads-for-oceanian-cities\"><img decoding=\"async\" data-src=\"https:\/\/ads.nodengo.com\/wp-content\/uploads\/vert_titre.gif\" alt=\"ads for oceanian cities\" src=\"data:image\/svg+xml;base64,PHN2ZyB3aWR0aD0iMSIgaGVpZ2h0PSIxIiB4bWxucz0iaHR0cDovL3d3dy53My5vcmcvMjAwMC9zdmciPjwvc3ZnPg==\" class=\"lazyload\" style=\"--smush-placeholder-width: 40px; --smush-placeholder-aspect-ratio: 40\/27;\">   Ads for Oceanian Cities<\/h2>\n\n\n\n<p>Grazie per il tuo interesse nella pubblicit\u00e0 con noi su&nbsp;<a href=\"https:\/\/nodengo.com\/\" target=\"_blank\" rel=\"noopener\">Nodengo.com<\/a>. The options below allows you to purchase advertising for one of our local pages for your establishment\u2019s city in Oceania.<\/p>\n\n\n\n<p class=\"has-text-align-center\">Se non sei sicuro di quale sia l'opzione migliore per te. Si prega di leggere la descrizione del nostro <a href=\"https:\/\/ads.nodengo.com\/it\/advertising-options\/\" target=\"_blank\" rel=\"noreferrer noopener\">opzioni pubblicitarie<\/a>.<\/p>\n\n\n\n<h4 class=\"wp-block-heading has-text-color has-link-color wp-elements-b98c39749f2956ddf94f737f378db8f0\" id=\"please-note-that-this-option-is-for-the-ads-for-african-cities-pages-advertising-and-not-for-specific-cities-should-you-want-to-advertise-in-a-city-only-learn-more\" style=\"color:#eba421\">Stai scegliendo di fare pubblicit\u00e0 in una o pi\u00f9 delle categorie seguenti per essere inserito nelle pagine delle citt\u00e0 africane in cui si trova la tua struttura, seleziona la TUA citt\u00e0 (dal basso) e verrai indirizzato alla sezione appropriata per completare l'acquisto<\/h4>\n\n\n\n<hr class=\"wp-block-separator has-alpha-channel-opacity\"\/>\n\n\n\n<h4 class=\"wp-block-heading has-text-align-center\" id=\"country-index-page-country-blog-page\">Annunci per le pagine delle citt\u00e0 africane:   Main Index  \u2013  Restaurant  \u2013 Things to Do \u2013 Activities \u2013 City Blog  \u2013 City Reviews <\/h4>\n\n\n\n<hr class=\"wp-block-separator has-alpha-channel-opacity\"\/>\n<\/div><\/div>\n<\/div><\/div>\n\n\n\n<div class=\"wp-block-citadela-blocks-custom-container citadela-block-custom-container size-wide bg-type-none inside-space-none\"><div class=\"inner-holder\">\n<p class=\"has-background\" style=\"background-color:#e7faeb;font-size:16px\">Se la citt\u00e0 che desideri non appare sotto l'intestazione del paese significa che non abbiamo ancora un editor per questa citt\u00e0 specifica e quindi la pubblicit\u00e0 non \u00e8 al momento disponibile \u2013\u00a0 Se la citt\u00e0 \u00e8 elencata \u00e8 disponibile, fai clic su di essa per seguire il processo di ordinazione .<\/p>\n\n\n\n<h2 class=\"wp-block-heading has-text-color has-link-color wp-elements-116282da9583ad3185693245944ec4c3\" id=\"advertising-options-african-cities\" style=\"color:#eba421\">Advertising options &#8211; Ads for Oceanian Cities<\/h2>\n\n\n\n<p>Questa sezione \u00e8 per gli annunci di<strong> Oceanian cities only<\/strong> \u2013 Facendo clic sul collegamento della citt\u00e0 nella sezione del Paese verrai indirizzato al passaggio successivo\u00a0per effettuare l'ordine. <\/p>\n\n\n\n<div class=\"wp-block-columns is-layout-flex wp-container-core-columns-is-layout-9d6595d7 wp-block-columns-is-layout-flex\">\n<div class=\"wp-block-column is-layout-flow wp-block-column-is-layout-flow\"><div id=\"rank-math-faq\" class=\"rank-math-block\">\n<div class=\"rank-math-list\">\n<div id=\"faq-question-1701878950501\" class=\"rank-math-list-item\">\n<h3 class=\"rank-math-question\">Australia<\/h3>\n<div class=\"rank-math-answer\">\n\n<p>nessuna citt\u00e0 ancora<\/p>\n\n<\/div>\n<\/div>\n<div id=\"faq-question-1701878972521\" class=\"rank-math-list-item\">\n<h3 class=\"rank-math-question\">French Polynesia<\/h3>\n<div class=\"rank-math-answer\">\n\n<p>nessuna citt\u00e0 ancora<\/p>\n\n<\/div>\n<\/div>\n<div id=\"faq-question-1701879556727\" class=\"rank-math-list-item\">\n<h3 class=\"rank-math-question\">New Caledonia<\/h3>\n<div class=\"rank-math-answer\">\n\n<p>nessuna citt\u00e0 ancora<\/p>\n\n<\/div>\n<\/div>\n<div id=\"faq-question-1701879559795\" class=\"rank-math-list-item\">\n<h3 class=\"rank-math-question\">Northern Mariana Islands<\/h3>\n<div class=\"rank-math-answer\">\n\n<p>nessuna citt\u00e0 ancora<\/p>\n\n<\/div>\n<\/div>\n<div id=\"faq-question-1701880054665\" class=\"rank-math-list-item\">\n<h3 class=\"rank-math-question\">Solomon Islands<\/h3>\n<div class=\"rank-math-answer\">\n\n<p>nessuna citt\u00e0 ancora<\/p>\n\n<\/div>\n<\/div>\n<\/div>\n<\/div><\/div>\n\n\n\n<div class=\"wp-block-column is-layout-flow wp-block-column-is-layout-flow\"><div id=\"rank-math-faq\" class=\"rank-math-block\">\n<div class=\"rank-math-list\">\n<div id=\"faq-question-1701879208288\" class=\"rank-math-list-item\">\n<h3 class=\"rank-math-question\">Cook Islands<\/h3>\n<div class=\"rank-math-answer\">\n\n<p>Nessuna citt\u00e0 ancora<\/p>\n\n<\/div>\n<\/div>\n<div id=\"faq-question-1701879477004\" class=\"rank-math-list-item\">\n<h3 class=\"rank-math-question\">Guam<\/h3>\n<div class=\"rank-math-answer\">\n\n<p>nessuna citt\u00e0 ancora<\/p>\n\n<\/div>\n<\/div>\n<div id=\"faq-question-1701879557414\" class=\"rank-math-list-item\">\n<h3 class=\"rank-math-question\">New Zealand<\/h3>\n<div class=\"rank-math-answer\">\n\n<p>nessuna citt\u00e0 ancora<\/p>\n\n<\/div>\n<\/div>\n<div id=\"faq-question-1701879560382\" class=\"rank-math-list-item\">\n<h3 class=\"rank-math-question\">Papua Nuova Guinea<\/h3>\n<div class=\"rank-math-answer\">\n\n<p>nessuna citt\u00e0 ancora<\/p>\n\n<\/div>\n<\/div>\n<div id=\"faq-question-1701880055737\" class=\"rank-math-list-item\">\n<h3 class=\"rank-math-question\">Tonga<\/h3>\n<div class=\"rank-math-answer\">\n\n<p>nessuna citt\u00e0 ancora<\/p>\n\n<\/div>\n<\/div>\n<\/div>\n<\/div><\/div>\n\n\n\n<div class=\"wp-block-column is-layout-flow wp-block-column-is-layout-flow\"><div id=\"rank-math-faq\" class=\"rank-math-block\">\n<div class=\"rank-math-list\">\n<div id=\"faq-question-1701879225227\" class=\"rank-math-list-item\">\n<h3 class=\"rank-math-question\">Fiji<\/h3>\n<div class=\"rank-math-answer\">\n\n<p>nessuna citt\u00e0 ancora<\/p>\n\n<\/div>\n<\/div>\n<div id=\"faq-question-1701879477827\" class=\"rank-math-list-item\">\n<h3 class=\"rank-math-question\">Micronesia<\/h3>\n<div class=\"rank-math-answer\">\n\n<p>nessuna citt\u00e0 ancora<\/p>\n\n<\/div>\n<\/div>\n<div id=\"faq-question-1701879558135\" class=\"rank-math-list-item\">\n<h3 class=\"rank-math-question\">Norfolk Island<\/h3>\n<div class=\"rank-math-answer\">\n\n<p>nessuna citt\u00e0 ancora<\/p>\n\n<\/div>\n<\/div>\n<div id=\"faq-question-1701879561078\" class=\"rank-math-list-item\">\n<h3 class=\"rank-math-question\">Samoa<\/h3>\n<div class=\"rank-math-answer\">\n\n<p>nessuna citt\u00e0 ancora<\/p>\n\n<\/div>\n<\/div>\n<\/div>\n<\/div><\/div>\n<\/div>\n\n\n\n<hr class=\"wp-block-separator has-alpha-channel-opacity is-style-dots\"\/>\n\n\n\n<p class=\"has-medium-font-size\"><strong>Informazioni sulla pubblicazione<\/strong><\/p>\n\n\n\n<ol class=\"wp-block-list\">\n<li class=\"has-small-font-size\"><em>Se la citt\u00e0 che hai scelto non appare sotto l'intestazione del paese, significa che non abbiamo ancora un editor per questa citt\u00e0 specifica e quindi la pubblicit\u00e0 non \u00e8 attualmente disponibile - Se la citt\u00e0 \u00e8 disponibile, fai clic per seguire il processo di ordinazione.<\/em><\/li>\n\n\n\n<li class=\"has-small-font-size\"><em>Tieni presente che se lo spazio pubblicitario scelto non viene visualizzato nel menu a discesa nella pagina seguente, purtroppo significa che tutti gli spazi disponibili sono attualmente in uso.<\/em><\/li>\n\n\n\n<li class=\"has-small-font-size\">Una volta acquistata, la pubblicit\u00e0 non pu\u00f2 essere cancellata<\/li>\n\n\n\n<li class=\"has-small-font-size\"><em>Una volta acquistati, gli annunci non possono essere rimborsati<\/em><\/li>\n\n\n\n<li class=\"has-small-font-size\"><em>Scegli ATTENTAMENTE la SEZIONE in cui desideri che venga visualizzato l'annuncio<\/em>.<\/li>\n\n\n\n<li class=\"has-small-font-size\"><em>Tutte le campagne pubblicitarie su Nodengo.com passano attraverso un processo di verifica interno prima di essere pubblicate.<\/em><\/li>\n<\/ol>\n<\/div><\/div>\n\n\n\n<div style=\"height:55px\" aria-hidden=\"true\" class=\"wp-block-spacer\"><\/div>\n\n\n\n<p><\/p>","protected":false},"excerpt":{"rendered":"","protected":false},"author":2,"featured_media":0,"parent":0,"menu_order":0,"comment_status":"closed","ping_status":"closed","template":"","meta":{"_citadela_hide_page_title":"1","_citadela_remove_header_space":"1","_citadela_custom_class":"","_citadela_half_map_provider":"","_citadela_half_map_theme":"","_citadela_half_map_themeOSM":"","_citadela_half_map_customTheme":"","_citadela_half_map_dataType":"","_citadela_half_map_dynamicTrack":false,"_citadela_half_map_trackColor":"","_citadela_half_map_trackEndpointsColor":"","_citadela_half_map_filterCategory":"","_citadela_half_map_filterLocation":"","_citadela_half_map_filterFeatured":false,"_citadela_half_map_noDataBehavior":"empty-map","_citadela_half_map_noDataText":"","_citadela_half_map_clusterGridSize":80,"_citadela_header":true,"_citadela_header_over_content":true,"_citadela_header_text_color":"","_citadela_header_logo":[],"_citadela_header_bg_image":[],"_citadela_header_bg_position":{"x":0.5,"y":0.5},"_citadela_header_bg_size":"cover","_citadela_header_bg_repeat":"no-repeat","_citadela_header_bg_fixed":false,"_citadela_header_bg_color":"","_citadela_header_bg_image_overlay":"","_citadela_header_transparent_bg":true,"_citadela_content_width":"default","_citadela_half_layout_position":"","footnotes":""},"class_list":["post-1650","page","type-page","status-publish","hentry"],"_links":{"self":[{"href":"https:\/\/ads.nodengo.com\/it\/wp-json\/wp\/v2\/pages\/1650","targetHints":{"allow":["GET"]}}],"collection":[{"href":"https:\/\/ads.nodengo.com\/it\/wp-json\/wp\/v2\/pages"}],"about":[{"href":"https:\/\/ads.nodengo.com\/it\/wp-json\/wp\/v2\/types\/page"}],"author":[{"embeddable":true,"href":"https:\/\/ads.nodengo.com\/it\/wp-json\/wp\/v2\/users\/2"}],"replies":[{"embeddable":true,"href":"https:\/\/ads.nodengo.com\/it\/wp-json\/wp\/v2\/comments?post=1650"}],"version-history":[{"count":0,"href":"https:\/\/ads.nodengo.com\/it\/wp-json\/wp\/v2\/pages\/1650\/revisions"}],"wp:attachment":[{"href":"https:\/\/ads.nodengo.com\/it\/wp-json\/wp\/v2\/media?parent=1650"}],"curies":[{"name":"wp","href":"https:\/\/api.w.org\/{rel}","templated":true}]}}