{"id":1627,"date":"2023-12-06T19:52:56","date_gmt":"2023-12-06T19:52:56","guid":{"rendered":"https:\/\/ads.nodengo.com\/?page_id=1627"},"modified":"2023-12-13T16:58:53","modified_gmt":"2023-12-13T16:58:53","slug":"ads-for-african-cities","status":"publish","type":"page","link":"https:\/\/ads.nodengo.com\/it\/ads-for-african-cities\/","title":{"rendered":"Annunci per le citt\u00e0 africane"},"content":{"rendered":"<div class=\"wp-block-citadela-blocks-custom-container citadela-block-custom-container size-content bg-type-image inside-space-none bg-size-cover has-overlay has-min-height vertical-align-center\" style=\"min-height:350px\"><div class=\"bg-image-wrapper lazyload\" style=\"background-image:inherit;background-repeat:no-repeat;background-position:50% 50%\" data-bg-image=\"url(https:\/\/ads.nodengo.com\/wp-content\/uploads\/adbanner.jpg)\"><\/div><div class=\"bg-image-overlay\" style=\"background-color:#1f2125;opacity:0.59\"><\/div><div class=\"inner-holder\">\n<div class=\"wp-block-citadela-blocks-spacer citadela-block-spacer responsive-options loading\" data-block-attr=\"{&quot;desktop&quot;:{&quot;height&quot;:&quot;7em&quot;},&quot;mobile&quot;:{&quot;height&quot;:&quot;3em&quot;}}\" data-block-mobile-breakpoint=\"600\"><div class=\"inner-holder\" style=\"padding-top:7em\"><\/div><\/div>\n\n\n\n<div class=\"wp-block-citadela-blocks-spacer citadela-block-spacer responsive-options loading\" data-block-attr=\"{&quot;desktop&quot;:{&quot;height&quot;:&quot;4vw&quot;},&quot;mobile&quot;:{&quot;height&quot;:&quot;1.4vw&quot;}}\" data-block-mobile-breakpoint=\"600\"><div class=\"inner-holder\" style=\"padding-top:4vw\"><\/div><\/div>\n\n\n         <div \r\n            class=\"citadela-block-responsive-text align-center responsive-options loading\"\r\n            data-block-mobile-attr=\"{&quot;desktop&quot;:{&quot;fontSize&quot;:&quot;3em&quot;},&quot;mobile&quot;:{&quot;fontSize&quot;:&quot;2.6em&quot;}}\"            data-block-mobile-breakpoint=\"600\"         >\r\n            <h1 class=\"inner-tag\" style=\"font-size: 3em; color: #ffffff;\">Annunci per le citt\u00e0 africane<\/h1>         <\/div>\r\n      \n\n         <div \r\n            class=\"citadela-block-responsive-text align-center\"\r\n                                 >\r\n            <p class=\"inner-tag\" style=\"font-size: 0.95em; letter-spacing: 0.05em; color: #eba421;\">Ci scusiamo. Al momento non disponiamo di redattori per tutte queste localit\u00e0. Pertanto la pubblicit\u00e0 potrebbe non essere disponibile per la citt\u00e0 in cui desideri fare pubblicit\u00e0. Aggiungiamo citt\u00e0 regolarmente, quindi ricontrolla presto<\/p>         <\/div>\r\n      \n\n\n<div class=\"wp-block-citadela-blocks-spacer citadela-block-spacer\"><div class=\"inner-holder\" style=\"padding-top:20px\"><\/div><\/div>\n\n\n\n<div class=\"wp-block-buttons is-horizontal is-content-justification-center is-layout-flex wp-container-core-buttons-is-layout-499968f5 wp-block-buttons-is-layout-flex\">\n<div class=\"wp-block-button is-style-outline is-style-outline--2\"><a class=\"wp-block-button__link has-text-color wp-element-button\" style=\"color:#c09b72\">Vedi offerte e prezzi<\/a><\/div>\n<\/div>\n\n\n\n<div class=\"wp-block-citadela-blocks-spacer citadela-block-spacer\"><div class=\"inner-holder\" style=\"padding-top:20px\"><\/div><\/div>\n<\/div><\/div>\n\n\n\n<div class=\"wp-block-group alignwide\"><div class=\"wp-block-group__inner-container is-layout-flow wp-block-group-is-layout-flow\">\t\t\t<!-- Flexy Breadcrumb -->\r\n\t\t\t<div class=\"fbc fbc-page\">\r\n\r\n\t\t\t\t<!-- Breadcrumb wrapper -->\r\n\t\t\t\t<div class=\"fbc-wrap\">\r\n\r\n\t\t\t\t\t<!-- Ordered list-->\r\n\t\t\t\t\t<ol class=\"fbc-items\" itemscope itemtype=\"https:\/\/schema.org\/BreadcrumbList\">\r\n\t\t\t\t\t\t            <li itemprop=\"itemListElement\" itemscope itemtype=\"https:\/\/schema.org\/ListItem\">\r\n                <span itemprop=\"name\">\r\n                    <!-- Home Link -->\r\n                    <a itemprop=\"item\" href=\"https:\/\/ads.nodengo.com\/it\/\">\r\n                    \r\n                                                    <i class=\"fa fa-home\" aria-hidden=\"true\"><\/i>Home                    <\/a>\r\n                <\/span>\r\n                <meta itemprop=\"position\" content=\"1\" \/><!-- Meta Position-->\r\n             <\/li><li><span class=\"fbc-separator\">\/<\/span><\/li><li class=\"active\" itemprop=\"itemListElement\" itemscope itemtype=\"https:\/\/schema.org\/ListItem\"><span itemprop=\"name\" title=\"Blog\">Blog<\/span><meta itemprop=\"position\" content=\"2\" \/><\/li>\t\t\t\t\t<\/ol>\r\n\t\t\t\t\t<div class=\"clearfix\"><\/div>\r\n\t\t\t\t<\/div>\r\n\t\t\t<\/div>\r\n\t\t\t\n<\/div><\/div>\n\n\n\n<div style=\"height:32px\" aria-hidden=\"true\" class=\"wp-block-spacer\"><\/div>\n\n\n\n<div class=\"wp-block-citadela-blocks-custom-container citadela-block-custom-container size-wide bg-type-none inside-space-none\"><div class=\"inner-holder\">\n<div class=\"wp-block-citadela-blocks-custom-container citadela-block-custom-container size-wide bg-type-none inside-space-none\"><div class=\"inner-holder\">\n<h2 class=\"wp-block-heading\" id=\"ads-for-african-cities\"><img decoding=\"async\" data-src=\"https:\/\/ads.nodengo.com\/wp-content\/uploads\/vert_titre.gif\" alt=\"annunci per le citt\u00e0 africane\" src=\"data:image\/svg+xml;base64,PHN2ZyB3aWR0aD0iMSIgaGVpZ2h0PSIxIiB4bWxucz0iaHR0cDovL3d3dy53My5vcmcvMjAwMC9zdmciPjwvc3ZnPg==\" class=\"lazyload\" style=\"--smush-placeholder-width: 40px; --smush-placeholder-aspect-ratio: 40\/27;\">   Annunci per le citt\u00e0 africane<\/h2>\n\n\n\n<p>Grazie per il tuo interesse nella pubblicit\u00e0 con noi su&nbsp;<a href=\"https:\/\/nodengo.com\/\" target=\"_blank\" rel=\"noopener\">Nodengo.com<\/a>. Le opzioni seguenti ti consentono di acquistare pubblicit\u00e0 per una delle nostre pagine locali per la citt\u00e0 del tuo stabilimento in Africa.<\/p>\n\n\n\n<p class=\"has-text-align-center\">Se non sei sicuro di quale sia l'opzione migliore per te. Si prega di leggere la descrizione del nostro <a href=\"https:\/\/ads.nodengo.com\/it\/advertising-options\/\" target=\"_blank\" rel=\"noreferrer noopener\">opzioni pubblicitarie<\/a>.<\/p>\n\n\n\n<h4 class=\"wp-block-heading has-text-color has-link-color wp-elements-6fe22f1d21f934fd153ae3c0f20f5787\" id=\"please-note-that-this-option-is-for-the-ads-for-african-cities-pages-advertising-and-not-for-specific-cities-should-you-want-to-advertise-in-a-city-only-learn-more\" style=\"color:#eba421\">Stai scegliendo di fare pubblicit\u00e0 in una o pi\u00f9 delle categorie seguenti per essere inserito nelle pagine delle citt\u00e0 africane in cui si trova la tua struttura, seleziona la TUA citt\u00e0 (dal basso) e verrai indirizzato alla sezione appropriata per completare l'acquisto<\/h4>\n\n\n\n<hr class=\"wp-block-separator has-alpha-channel-opacity\"\/>\n\n\n\n<h4 class=\"wp-block-heading has-text-align-center\" id=\"country-index-page-country-blog-page\">Annunci per le pagine delle citt\u00e0 africane:   <\/h4>\n\n\n\n<h4 class=\"wp-block-heading has-text-align-center\" id=\"country-index-page-country-blog-page\">Main Index  &#8211;  Restaurant  &#8211; Things to Do &#8211; Activities &#8211; City Blog  &#8211; City Reviews <\/h4>\n\n\n\n<hr class=\"wp-block-separator has-alpha-channel-opacity\"\/>\n<\/div><\/div>\n<\/div><\/div>\n\n\n\n<div class=\"wp-block-citadela-blocks-custom-container citadela-block-custom-container size-wide bg-type-none inside-space-none\"><div class=\"inner-holder\">\n<p class=\"has-background\" style=\"background-color:#e7faeb;font-size:16px\">Se la citt\u00e0 che desideri non appare sotto l'intestazione del paese significa che non abbiamo ancora un editor per questa citt\u00e0 specifica e quindi la pubblicit\u00e0 non \u00e8 al momento disponibile \u2013\u00a0 Se la citt\u00e0 \u00e8 elencata \u00e8 disponibile, fai clic su di essa per seguire il processo di ordinazione .<\/p>\n\n\n\n<h2 class=\"wp-block-heading has-text-color has-link-color wp-elements-7d9bfc0da66148143eb9c463a205b5c3\" id=\"advertising-options-african-cities\" style=\"color:#eba421\">Opzioni pubblicitarie: annunci per citt\u00e0 africane<\/h2>\n\n\n\n<p>Questa sezione \u00e8 per gli annunci di<strong> Solo citt\u00e0 africane<\/strong> \u2013 Facendo clic sul collegamento della citt\u00e0 nella sezione del Paese verrai indirizzato al passaggio successivo\u00a0per effettuare l'ordine. <\/p>\n\n\n\n<div class=\"wp-block-columns is-layout-flex wp-container-core-columns-is-layout-9d6595d7 wp-block-columns-is-layout-flex\">\n<div class=\"wp-block-column is-layout-flow wp-block-column-is-layout-flow\"><div id=\"rank-math-faq\" class=\"rank-math-block\">\n<div class=\"rank-math-list\">\n<div id=\"faq-question-1701878950501\" class=\"rank-math-list-item\">\n<h3 class=\"rank-math-question\">Algeria<\/h3>\n<div class=\"rank-math-answer\">\n\n<p>nessuna citt\u00e0 ancora<\/p>\n\n<\/div>\n<\/div>\n<div id=\"faq-question-1701878972521\" class=\"rank-math-list-item\">\n<h3 class=\"rank-math-question\">Botswana<\/h3>\n<div class=\"rank-math-answer\">\n\n<p>nessuna citt\u00e0 ancora<\/p>\n\n<\/div>\n<\/div>\n<div id=\"faq-question-1701879556727\" class=\"rank-math-list-item\">\n<h3 class=\"rank-math-question\">Camerun<\/h3>\n<div class=\"rank-math-answer\">\n\n<p>nessuna citt\u00e0 ancora<\/p>\n\n<\/div>\n<\/div>\n<div id=\"faq-question-1701879559795\" class=\"rank-math-list-item\">\n<h3 class=\"rank-math-question\">Chad<\/h3>\n<div class=\"rank-math-answer\">\n\n<p>nessuna citt\u00e0 ancora<\/p>\n\n<\/div>\n<\/div>\n<div id=\"faq-question-1701880054665\" class=\"rank-math-list-item\">\n<h3 class=\"rank-math-question\">Gibuti<\/h3>\n<div class=\"rank-math-answer\">\n\n<p>nessuna citt\u00e0 ancora<\/p>\n\n<\/div>\n<\/div>\n<div id=\"faq-question-1701880093521\" class=\"rank-math-list-item\">\n<h3 class=\"rank-math-question\">Etiopia<\/h3>\n<div class=\"rank-math-answer\">\n\n<p>nessuna citt\u00e0 ancora<\/p>\n\n<\/div>\n<\/div>\n<div id=\"faq-question-1701880119817\" class=\"rank-math-list-item\">\n<h3 class=\"rank-math-question\">Gambia<\/h3>\n<div class=\"rank-math-answer\">\n\n<p>nessuna citt\u00e0 ancora<\/p>\n\n<\/div>\n<\/div>\n<div id=\"faq-question-1701880125002\" class=\"rank-math-list-item\">\n<h3 class=\"rank-math-question\">Guinea-Bissau<\/h3>\n<div class=\"rank-math-answer\">\n\n<p>nessuna citt\u00e0 ancora<\/p>\n\n<\/div>\n<\/div>\n<div id=\"faq-question-1701880254723\" class=\"rank-math-list-item\">\n<h3 class=\"rank-math-question\">Lesoto<\/h3>\n<div class=\"rank-math-answer\">\n\n<p>nessuna citt\u00e0 ancora<\/p>\n\n<\/div>\n<\/div>\n<div id=\"faq-question-1701880256441\" class=\"rank-math-list-item\">\n<h3 class=\"rank-math-question\">Mauritius<\/h3>\n<div class=\"rank-math-answer\">\n\n<p>nessuna citt\u00e0 ancora<\/p>\n\n<\/div>\n<\/div>\n<div id=\"faq-question-1701880476074\" class=\"rank-math-list-item\">\n<h3 class=\"rank-math-question\">Mozambico<\/h3>\n<div class=\"rank-math-answer\">\n\n<p>nessuna citt\u00e0 ancora<\/p>\n\n<\/div>\n<\/div>\n<div id=\"faq-question-1701880478546\" class=\"rank-math-list-item\">\n<h3 class=\"rank-math-question\">v<\/h3>\n<div class=\"rank-math-answer\">\n\n<p>nessuna citt\u00e0 ancora<\/p>\n\n<\/div>\n<\/div>\n<div id=\"faq-question-1701880481206\" class=\"rank-math-list-item\">\n<h3 class=\"rank-math-question\">Seychelles<\/h3>\n<div class=\"rank-math-answer\">\n\n<p>nessuna citt\u00e0 ancora<\/p>\n\n<\/div>\n<\/div>\n<div id=\"faq-question-1701880602034\" class=\"rank-math-list-item\">\n<h3 class=\"rank-math-question\">Sud Africa<\/h3>\n<div class=\"rank-math-answer\">\n\n<p>nessuna citt\u00e0 ancora<\/p>\n\n<\/div>\n<\/div>\n<div id=\"faq-question-1701880605507\" class=\"rank-math-list-item\">\n<h3 class=\"rank-math-question\">Tanzania<\/h3>\n<div class=\"rank-math-answer\">\n\n<p>nessuna citt\u00e0 ancora<\/p>\n\n<\/div>\n<\/div>\n<div id=\"faq-question-1701880662648\" class=\"rank-math-list-item\">\n<h3 class=\"rank-math-question\">Uganda<\/h3>\n<div class=\"rank-math-answer\">\n\n<p>nessuna citt\u00e0 ancora<\/p>\n\n<\/div>\n<\/div>\n<\/div>\n<\/div><\/div>\n\n\n\n<div class=\"wp-block-column is-layout-flow wp-block-column-is-layout-flow\"><div id=\"rank-math-faq\" class=\"rank-math-block\">\n<div class=\"rank-math-list\">\n<div id=\"faq-question-1701879208288\" class=\"rank-math-list-item\">\n<h3 class=\"rank-math-question\">Angola<\/h3>\n<div class=\"rank-math-answer\">\n\n<p>nessuna citt\u00e0 ancora<\/p>\n\n<\/div>\n<\/div>\n<div id=\"faq-question-1701879477004\" class=\"rank-math-list-item\">\n<h3 class=\"rank-math-question\">Burkina Faso<\/h3>\n<div class=\"rank-math-answer\">\n\n<p>nessuna citt\u00e0 ancora<\/p>\n\n<\/div>\n<\/div>\n<div id=\"faq-question-1701879557414\" class=\"rank-math-list-item\">\n<h3 class=\"rank-math-question\">capo Verde<\/h3>\n<div class=\"rank-math-answer\">\n\n<p>nessuna citt\u00e0 ancora<\/p>\n\n<\/div>\n<\/div>\n<div id=\"faq-question-1701879560382\" class=\"rank-math-list-item\">\n<h3 class=\"rank-math-question\">Congo<\/h3>\n<div class=\"rank-math-answer\">\n\n<p>nessuna citt\u00e0 ancora<\/p>\n\n<\/div>\n<\/div>\n<div id=\"faq-question-1701880055737\" class=\"rank-math-list-item\">\n<h3 class=\"rank-math-question\">Egitto<\/h3>\n<div class=\"rank-math-answer\">\n\n<p>nessuna citt\u00e0 ancora<\/p>\n\n<\/div>\n<\/div>\n<div id=\"faq-question-1701880094785\" class=\"rank-math-list-item\">\n<h3 class=\"rank-math-question\">Gabon<\/h3>\n<div class=\"rank-math-answer\">\n\n<p>nessuna citt\u00e0 ancora<\/p>\n\n<\/div>\n<\/div>\n<div id=\"faq-question-1701880120489\" class=\"rank-math-list-item\">\n<h3 class=\"rank-math-question\">Ghana<\/h3>\n<div class=\"rank-math-answer\">\n\n<p>nessuna citt\u00e0 ancora<\/p>\n\n<\/div>\n<\/div>\n<div id=\"faq-question-1701880122706\" class=\"rank-math-list-item\">\n<h3 class=\"rank-math-question\">Costa d'Avorio<\/h3>\n<div class=\"rank-math-answer\">\n\n<p>nessuna citt\u00e0 ancora<\/p>\n\n<\/div>\n<\/div>\n<div id=\"faq-question-1701880125684\" class=\"rank-math-list-item\">\n<h3 class=\"rank-math-question\">Liberia<\/h3>\n<div class=\"rank-math-answer\">\n\n<p>nessuna citt\u00e0 ancora<\/p>\n\n<\/div>\n<\/div>\n<div id=\"faq-question-1701880257425\" class=\"rank-math-list-item\">\n<h3 class=\"rank-math-question\">Malawi<\/h3>\n<div class=\"rank-math-answer\">\n\n<p>nessuna citt\u00e0 ancora<\/p>\n\n<\/div>\n<\/div>\n<div id=\"faq-question-1701880476917\" class=\"rank-math-list-item\">\n<h3 class=\"rank-math-question\">Mayotte<\/h3>\n<div class=\"rank-math-answer\">\n\n<p>nessuna citt\u00e0 ancora<\/p>\n\n<\/div>\n<\/div>\n<div id=\"faq-question-1701880479244\" class=\"rank-math-list-item\">\n<h3 class=\"rank-math-question\">Namibia<\/h3>\n<div class=\"rank-math-answer\">\n\n<p>nessuna citt\u00e0 ancora<\/p>\n\n<\/div>\n<\/div>\n<div id=\"faq-question-1701880481804\" class=\"rank-math-list-item\">\n<h3 class=\"rank-math-question\">Ruanda<\/h3>\n<div class=\"rank-math-answer\">\n\n<p>nessuna citt\u00e0 ancora<\/p>\n\n<\/div>\n<\/div>\n<div id=\"faq-question-1701880603333\" class=\"rank-math-list-item\">\n<h3 class=\"rank-math-question\">Sierra Leone<\/h3>\n<div class=\"rank-math-answer\">\n\n<p>nessuna citt\u00e0 ancora<\/p>\n\n<\/div>\n<\/div>\n<div id=\"faq-question-1701880606156\" class=\"rank-math-list-item\">\n<h3 class=\"rank-math-question\">Sudan del Sud<\/h3>\n<div class=\"rank-math-answer\">\n\n<p>nessuna citt\u00e0 ancora<\/p>\n\n<\/div>\n<\/div>\n<div id=\"faq-question-1701880663475\" class=\"rank-math-list-item\">\n<h3 class=\"rank-math-question\">Togo<\/h3>\n<div class=\"rank-math-answer\">\n\n<p>nessuna citt\u00e0 ancora<\/p>\n\n<\/div>\n<\/div>\n<div id=\"faq-question-1701880722545\" class=\"rank-math-list-item\">\n<h3 class=\"rank-math-question\">Zambia<\/h3>\n<div class=\"rank-math-answer\">\n\n<p>nessuna citt\u00e0 ancora<\/p>\n\n<\/div>\n<\/div>\n<\/div>\n<\/div><\/div>\n\n\n\n<div class=\"wp-block-column is-layout-flow wp-block-column-is-layout-flow\"><div id=\"rank-math-faq\" class=\"rank-math-block\">\n<div class=\"rank-math-list\">\n<div id=\"faq-question-1701879225227\" class=\"rank-math-list-item\">\n<h3 class=\"rank-math-question\">Benin<\/h3>\n<div class=\"rank-math-answer\">\n\n<p>nessuna citt\u00e0 ancora<\/p>\n\n<\/div>\n<\/div>\n<div id=\"faq-question-1701879477827\" class=\"rank-math-list-item\">\n<h3 class=\"rank-math-question\">Burundi<\/h3>\n<div class=\"rank-math-answer\">\n\n<p>nessuna citt\u00e0 ancora<\/p>\n\n<\/div>\n<\/div>\n<div id=\"faq-question-1701879558135\" class=\"rank-math-list-item\">\n<h3 class=\"rank-math-question\">Repubblica Centrafricana<\/h3>\n<div class=\"rank-math-answer\">\n\n<p>nessuna citt\u00e0 ancora<\/p>\n\n<\/div>\n<\/div>\n<div id=\"faq-question-1701879561078\" class=\"rank-math-list-item\">\n<h3 class=\"rank-math-question\">R.D. del Congo<\/h3>\n<div class=\"rank-math-answer\">\n\n<p>nessuna citt\u00e0 ancora<\/p>\n\n<\/div>\n<\/div>\n<div id=\"faq-question-1701880056409\" class=\"rank-math-list-item\">\n<h3 class=\"rank-math-question\">Eritrea<\/h3>\n<div class=\"rank-math-answer\">\n\n<p>nessuna citt\u00e0 ancora<\/p>\n\n<\/div>\n<\/div>\n<div id=\"faq-question-1701880096098\" class=\"rank-math-list-item\">\n<h3 class=\"rank-math-question\">Guinea<\/h3>\n<div class=\"rank-math-answer\">\n\n<p>nessuna citt\u00e0 ancora<\/p>\n\n<\/div>\n<\/div>\n<div id=\"faq-question-1701880121201\" class=\"rank-math-list-item\">\n<h3 class=\"rank-math-question\">Kenia<\/h3>\n<div class=\"rank-math-answer\">\n\n<p>nessuna citt\u00e0 ancora<\/p>\n\n<\/div>\n<\/div>\n<div id=\"faq-question-1701880123505\" class=\"rank-math-list-item\">\n<h3 class=\"rank-math-question\">Libia<\/h3>\n<div class=\"rank-math-answer\">\n\n<p>nessuna citt\u00e0 ancora<\/p>\n\n<\/div>\n<\/div>\n<div id=\"faq-question-1701880126769\" class=\"rank-math-list-item\">\n<h3 class=\"rank-math-question\">Mauritania<\/h3>\n<div class=\"rank-math-answer\">\n\n<p>nessuna citt\u00e0 ancora<\/p>\n\n<\/div>\n<\/div>\n<div id=\"faq-question-1701880258233\" class=\"rank-math-list-item\">\n<h3 class=\"rank-math-question\">Marocco<\/h3>\n<div class=\"rank-math-answer\">\n\n<p>nessuna citt\u00e0 ancora<\/p>\n\n<\/div>\n<\/div>\n<div id=\"faq-question-1701880477623\" class=\"rank-math-list-item\">\n<h3 class=\"rank-math-question\">Niger<\/h3>\n<div class=\"rank-math-answer\">\n\n<p>nessuna citt\u00e0 ancora<\/p>\n\n<\/div>\n<\/div>\n<div id=\"faq-question-1701880479902\" class=\"rank-math-list-item\">\n<h3 class=\"rank-math-question\">Senegal<\/h3>\n<div class=\"rank-math-answer\">\n\n<p>nessuna citt\u00e0 ancora<\/p>\n\n<\/div>\n<\/div>\n<div id=\"faq-question-1701880482509\" class=\"rank-math-list-item\">\n<h3 class=\"rank-math-question\">Somalia<\/h3>\n<div class=\"rank-math-answer\">\n\n<p>nessuna citt\u00e0 ancora<\/p>\n\n<\/div>\n<\/div>\n<div id=\"faq-question-1701880604023\" class=\"rank-math-list-item\">\n<h3 class=\"rank-math-question\">Swasiland<\/h3>\n<div class=\"rank-math-answer\">\n\n<p>nessuna citt\u00e0 ancora<\/p>\n\n<\/div>\n<\/div>\n<div id=\"faq-question-1701880606750\" class=\"rank-math-list-item\">\n<h3 class=\"rank-math-question\">Tunisia<\/h3>\n<div class=\"rank-math-answer\">\n\n<p>nessuna citt\u00e0 ancora<\/p>\n\n<\/div>\n<\/div>\n<div id=\"faq-question-1701880723267\" class=\"rank-math-list-item\">\n<h3 class=\"rank-math-question\">Zimbabwe<\/h3>\n<div class=\"rank-math-answer\">\n\n<p>nessuna citt\u00e0 ancora<\/p>\n\n<\/div>\n<\/div>\n<\/div>\n<\/div><\/div>\n<\/div>\n\n\n\n<hr class=\"wp-block-separator has-alpha-channel-opacity is-style-dots\"\/>\n\n\n\n<p class=\"has-medium-font-size\"><strong>Informazioni sulla pubblicazione<\/strong><\/p>\n\n\n\n<ol class=\"wp-block-list\">\n<li class=\"has-small-font-size\"><em>Se la citt\u00e0 che hai scelto non appare sotto l'intestazione del paese, significa che non abbiamo ancora un editor per questa citt\u00e0 specifica e quindi la pubblicit\u00e0 non \u00e8 attualmente disponibile - Se la citt\u00e0 \u00e8 disponibile, fai clic per seguire il processo di ordinazione.<\/em><\/li>\n\n\n\n<li class=\"has-small-font-size\"><em>Tieni presente che se lo spazio pubblicitario scelto non viene visualizzato nel menu a discesa nella pagina seguente, purtroppo significa che tutti gli spazi disponibili sono attualmente in uso.<\/em><\/li>\n\n\n\n<li class=\"has-small-font-size\">Una volta acquistata, la pubblicit\u00e0 non pu\u00f2 essere cancellata<\/li>\n\n\n\n<li class=\"has-small-font-size\"><em>Una volta acquistati, gli annunci non possono essere rimborsati<\/em><\/li>\n\n\n\n<li class=\"has-small-font-size\"><em>Scegli ATTENTAMENTE la SEZIONE in cui desideri che venga visualizzato l'annuncio<\/em>.<\/li>\n\n\n\n<li class=\"has-small-font-size\"><em>Tutte le campagne pubblicitarie su Nodengo.com passano attraverso un processo di verifica interno prima di essere pubblicate.<\/em><\/li>\n<\/ol>\n<\/div><\/div>\n\n\n\n<div style=\"height:55px\" aria-hidden=\"true\" class=\"wp-block-spacer\"><\/div>\n\n\n\n<p><\/p>","protected":false},"excerpt":{"rendered":"","protected":false},"author":2,"featured_media":0,"parent":0,"menu_order":0,"comment_status":"closed","ping_status":"closed","template":"","meta":{"_citadela_hide_page_title":"1","_citadela_remove_header_space":"1","_citadela_custom_class":"","_citadela_half_map_provider":"","_citadela_half_map_theme":"","_citadela_half_map_themeOSM":"","_citadela_half_map_customTheme":"","_citadela_half_map_dataType":"","_citadela_half_map_dynamicTrack":false,"_citadela_half_map_trackColor":"","_citadela_half_map_trackEndpointsColor":"","_citadela_half_map_filterCategory":"","_citadela_half_map_filterLocation":"","_citadela_half_map_filterFeatured":false,"_citadela_half_map_noDataBehavior":"empty-map","_citadela_half_map_noDataText":"","_citadela_half_map_clusterGridSize":80,"_citadela_header":true,"_citadela_header_over_content":true,"_citadela_header_text_color":"","_citadela_header_logo":[],"_citadela_header_bg_image":[],"_citadela_header_bg_position":{"x":0.5,"y":0.5},"_citadela_header_bg_size":"cover","_citadela_header_bg_repeat":"no-repeat","_citadela_header_bg_fixed":false,"_citadela_header_bg_color":"","_citadela_header_bg_image_overlay":"","_citadela_header_transparent_bg":true,"_citadela_content_width":"default","_citadela_half_layout_position":"","footnotes":""},"class_list":["post-1627","page","type-page","status-publish","hentry"],"_links":{"self":[{"href":"https:\/\/ads.nodengo.com\/it\/wp-json\/wp\/v2\/pages\/1627","targetHints":{"allow":["GET"]}}],"collection":[{"href":"https:\/\/ads.nodengo.com\/it\/wp-json\/wp\/v2\/pages"}],"about":[{"href":"https:\/\/ads.nodengo.com\/it\/wp-json\/wp\/v2\/types\/page"}],"author":[{"embeddable":true,"href":"https:\/\/ads.nodengo.com\/it\/wp-json\/wp\/v2\/users\/2"}],"replies":[{"embeddable":true,"href":"https:\/\/ads.nodengo.com\/it\/wp-json\/wp\/v2\/comments?post=1627"}],"version-history":[{"count":0,"href":"https:\/\/ads.nodengo.com\/it\/wp-json\/wp\/v2\/pages\/1627\/revisions"}],"wp:attachment":[{"href":"https:\/\/ads.nodengo.com\/it\/wp-json\/wp\/v2\/media?parent=1627"}],"curies":[{"name":"wp","href":"https:\/\/api.w.org\/{rel}","templated":true}]}}