{"id":605,"date":"2023-12-05T15:18:09","date_gmt":"2023-12-05T15:18:09","guid":{"rendered":"https:\/\/ads.nodengo.com\/?page_id=605"},"modified":"2023-12-13T10:14:35","modified_gmt":"2023-12-13T10:14:35","slug":"information","status":"publish","type":"page","link":"https:\/\/ads.nodengo.com\/fr\/information\/","title":{"rendered":"Information"},"content":{"rendered":"<div class=\"wp-block-citadela-blocks-custom-container citadela-block-custom-container size-content bg-type-image inside-space-none bg-size-cover has-bg has-overlay\" style=\"background-color:rgba(36, 37, 39, 1)\"><div class=\"bg-image-wrapper lazyload\" style=\"background-image:inherit;background-repeat:no-repeat;background-position:50% 50%\" data-bg-image=\"url(https:\/\/ads.nodengo.com\/wp-content\/uploads\/2019\/09\/owen-cl-boLgiM0qwkg-unsplash.jpg)\"><\/div><div class=\"bg-image-overlay\" style=\"background-color:#1f2125;opacity:0.9\"><\/div><div class=\"inner-holder\">\n<div class=\"wp-block-citadela-blocks-spacer citadela-block-spacer responsive-options loading\" data-block-attr=\"{&quot;desktop&quot;:{&quot;height&quot;:&quot;7em&quot;},&quot;mobile&quot;:{&quot;height&quot;:&quot;3em&quot;}}\" data-block-mobile-breakpoint=\"600\"><div class=\"inner-holder\" style=\"padding-top:7em\"><\/div><\/div>\n\n\n\n<div class=\"wp-block-citadela-blocks-spacer citadela-block-spacer responsive-options loading\" data-block-attr=\"{&quot;desktop&quot;:{&quot;height&quot;:&quot;4vw&quot;},&quot;mobile&quot;:{&quot;height&quot;:&quot;1.4vw&quot;}}\" data-block-mobile-breakpoint=\"600\"><div class=\"inner-holder\" style=\"padding-top:4vw\"><\/div><\/div>\n\n\n\n<h1 class=\"wp-block-heading has-text-align-center has-white-color has-text-color has-link-color wp-elements-8dc5dc561e6d7f3ede868b39a384130e\" style=\"font-size:64px\">Information<\/h1>\n\n\n         <div \r\n            class=\"citadela-block-responsive-text align-center\"\r\n                                 >\r\n            <p class=\"inner-tag\" style=\"font-size: 0.95em; letter-spacing: 0.05em; color: #c09b72;\">\u00c0 propos de notre programme publicitaire<br>Nous proposons des publicit\u00e9s vraiment cibl\u00e9es, vous permettant de contacter directement des clients potentiels lorsqu'ils cherchent des informations sur une destination et planifient leurs vacances.<\/p>         <\/div>\r\n      \n\n\n<div class=\"wp-block-citadela-blocks-spacer citadela-block-spacer\"><div class=\"inner-holder\" style=\"padding-top:20px\"><\/div><\/div>\n\n\n\n<div class=\"wp-block-buttons is-horizontal is-content-justification-center is-layout-flex wp-container-core-buttons-is-layout-499968f5 wp-block-buttons-is-layout-flex\">\n<div class=\"wp-block-button is-style-outline is-style-outline--2\"><a class=\"wp-block-button__link has-text-color wp-element-button\" href=\"https:\/\/ads.nodengo.com\/fr\/advertising-options\/\" style=\"color:#c09b72\" target=\"_blank\" rel=\"noreferrer noopener\">Voir les offres et les tarifs<\/a><\/div>\n<\/div>\n\n\n\n<div class=\"wp-block-citadela-blocks-spacer citadela-block-spacer\"><div class=\"inner-holder\" style=\"padding-top:20px\"><\/div><\/div>\n\n\n\n<div class=\"wp-block-citadela-blocks-spacer citadela-block-spacer\"><div class=\"inner-holder\" style=\"padding-top:7.5vw\"><\/div><\/div>\n<\/div><\/div>\n\n\n\n<div class=\"wp-block-group alignwide\"><div class=\"wp-block-group__inner-container is-layout-flow wp-block-group-is-layout-flow\">\t\t\t<!-- Flexy Breadcrumb -->\r\n\t\t\t<div class=\"fbc fbc-page\">\r\n\r\n\t\t\t\t<!-- Breadcrumb wrapper -->\r\n\t\t\t\t<div class=\"fbc-wrap\">\r\n\r\n\t\t\t\t\t<!-- Ordered list-->\r\n\t\t\t\t\t<ol class=\"fbc-items\" itemscope itemtype=\"https:\/\/schema.org\/BreadcrumbList\">\r\n\t\t\t\t\t\t            <li itemprop=\"itemListElement\" itemscope itemtype=\"https:\/\/schema.org\/ListItem\">\r\n                <span itemprop=\"name\">\r\n                    <!-- Home Link -->\r\n                    <a itemprop=\"item\" href=\"https:\/\/ads.nodengo.com\/fr\/\">\r\n                    \r\n                                                    <i class=\"fa fa-home\" aria-hidden=\"true\"><\/i>Accueil                    <\/a>\r\n                <\/span>\r\n                <meta itemprop=\"position\" content=\"1\" \/><!-- Meta Position-->\r\n             <\/li><li><span class=\"fbc-separator\">\/<\/span><\/li><li class=\"active\" itemprop=\"itemListElement\" itemscope itemtype=\"https:\/\/schema.org\/ListItem\"><span itemprop=\"name\" title=\"Blog\">Blog<\/span><meta itemprop=\"position\" content=\"2\" \/><\/li>\t\t\t\t\t<\/ol>\r\n\t\t\t\t\t<div class=\"clearfix\"><\/div>\r\n\t\t\t\t<\/div>\r\n\t\t\t<\/div>\r\n\t\t\t\n<\/div><\/div>\n\n\n\r\n        <div class=\"wp-block-citadela-blocks ctdl-directory-search-form border-thin shadow-default align-center\">\r\n            <div class=\"citadela-block-form search-form-component-container\" style=\"\" data-action=\"&quot;https:\\\/\\\/ads.nodengo.com\\\/fr\\\/&quot;\"data-post-type=\"citadela-item\"data-category-taxonomy=\"citadela-item-category\"data-location-taxonomy=\"citadela-item-location\">\r\n            <\/div>\r\n                    <\/div>\r\n\r\n        \n\n\n<div class=\"wp-block-citadela-blocks-custom-container citadela-block-custom-container size-wide bg-type-none inside-space-none\"><div class=\"inner-holder\">\n<div class=\"wp-block-citadela-blocks-custom-container citadela-block-custom-container size-wide bg-type-none inside-space-none\"><div class=\"inner-holder\">\n<h2 class=\"wp-block-heading\">INFORMATIONS SUR NOTRE PROGRAMME<\/h2>\n\n\n\n<h4 class=\"wp-block-heading\"><img decoding=\"async\" data-src=\"https:\/\/ads.nodengo.com\/wp-content\/uploads\/buttongrey.gif\" src=\"data:image\/svg+xml;base64,PHN2ZyB3aWR0aD0iMSIgaGVpZ2h0PSIxIiB4bWxucz0iaHR0cDovL3d3dy53My5vcmcvMjAwMC9zdmciPjwvc3ZnPg==\" class=\"lazyload\" style=\"--smush-placeholder-width: 16px; --smush-placeholder-aspect-ratio: 16\/9;\">&nbsp;<u>Qu'est ce que Nodengo.com ?<\/u><\/h4>\n\n\n\n<p>Nodengo.com est un r\u00e9seau en ligne ax\u00e9 sur la fourniture d'informations touristiques locales, de d\u00e9tails de voyage et de guides de la ville. Nous avons reconnu le manque d\u2019informations locales pr\u00e9cises et impartiales sur Internet, ce qui nous a conduit \u00e0 cr\u00e9er cette plateforme. Forts de notre exp\u00e9rience dans l\u2019industrie du tourisme et de l\u2019h\u00f4tellerie, nous avons vu la n\u00e9cessit\u00e9 d\u2019am\u00e9lioration et avons pens\u00e9 qu\u2019il devrait y avoir un moyen plus efficace de promouvoir les \u00e9tablissements aupr\u00e8s du public.<\/p>\n\n\n\n<p>Notre mission est de r\u00e9soudre ce probl\u00e8me en offrant aux visiteurs des informations \u00e0 jour sur leur ville de destination. Que vous ayez des pr\u00e9f\u00e9rences de voyage sp\u00e9cifiques ou que vous soyez flexible et en recherche d'informations, Nodengo.com est la ressource id\u00e9ale pour rechercher et planifier le meilleur voyage avec des recommandations.<\/p>\n\n\n\n<p><img decoding=\"async\" data-src=\"https:\/\/ads.nodengo.com\/wp-content\/uploads\/buttongrey.gif\" alt=\"information\" src=\"data:image\/svg+xml;base64,PHN2ZyB3aWR0aD0iMSIgaGVpZ2h0PSIxIiB4bWxucz0iaHR0cDovL3d3dy53My5vcmcvMjAwMC9zdmciPjwvc3ZnPg==\" class=\"lazyload\" style=\"--smush-placeholder-width: 16px; --smush-placeholder-aspect-ratio: 16\/9;\">  Si vous souhaitez plus d'informations sur la mani\u00e8re dont nous pouvons vous aider en dehors ou en compl\u00e9ment d'un campagne publicitaire sur notre site, nous vous invitons \u00e0 consulter notre <a href=\"https:\/\/nodengo.com\/fr\/hospitality-network\/\" target=\"_blank\" rel=\"noopener\">Network Information&nbsp;<\/a><\/p>\n\n\n\n<h4 class=\"wp-block-heading\"><img decoding=\"async\" data-src=\"https:\/\/ads.nodengo.com\/wp-content\/uploads\/buttongrey.gif\" src=\"data:image\/svg+xml;base64,PHN2ZyB3aWR0aD0iMSIgaGVpZ2h0PSIxIiB4bWxucz0iaHR0cDovL3d3dy53My5vcmcvMjAwMC9zdmciPjwvc3ZnPg==\" class=\"lazyload\" style=\"--smush-placeholder-width: 16px; --smush-placeholder-aspect-ratio: 16\/9;\">&nbsp;Pourquoi Nodengo.com ?<\/h4>\n\n\n\n<p>A&nbsp;<a href=\"http:\/\/nodengo.com\/\" target=\"_blank\" rel=\"noreferrer noopener\">Nodengo.com<\/a>&nbsp;nous voulons proposer de la publicit\u00e9 directement via notre propre syst\u00e8me publicitaire. Nous sommes un groupement de professionnels du tourisme et de l'h\u00f4tellerie, nous sommes locaux comme vous, vivant dans votre quartier et pouvant \u00abprofessionnellement\u00bb faire conna\u00eetre votre \u00e9tablissement au monde entier. Nous avons pour but d'\u00eatre le num\u00e9ro 1 des informations sur la destination dans le monde entier, en offrant des avis impartiaux, professionnels et pr\u00e9cis sur les \u00e9tablissements fournis par nos \u00e9diteurs locaux.<\/p>\n\n\n\n<h4 class=\"wp-block-heading\"><img decoding=\"async\" data-src=\"https:\/\/ads.nodengo.com\/wp-content\/uploads\/buttongrey.gif\" src=\"data:image\/svg+xml;base64,PHN2ZyB3aWR0aD0iMSIgaGVpZ2h0PSIxIiB4bWxucz0iaHR0cDovL3d3dy53My5vcmcvMjAwMC9zdmciPjwvc3ZnPg==\" class=\"lazyload\" style=\"--smush-placeholder-width: 16px; --smush-placeholder-aspect-ratio: 16\/9;\">&nbsp;Option Geo Targeting<\/h4>\n\n\n\n<p>Nous avons opt\u00e9 pour une publicit\u00e9 directe via notre syst\u00e8me, car nous pensons que \u00abAd Words\u00bb et d'autres programmes n'offrent pas la flexibilit\u00e9 n\u00e9cessaire pour pr\u00e9senter une publicit\u00e9 suffisamment sp\u00e9cifique pour une ville particuli\u00e8re ou pour votre type d'\u00e9tablissement<\/p>\n\n\n\n<p>La plupart des sites s'appuient sur une publicit\u00e9 automatis\u00e9e et qui la plupart du temps pas sp\u00e9cifiquement cibl\u00e9es sur leur public. Si vous envisagez de visiter la Patagonie l'\u00e9t\u00e9 prochain, l'annonce d'une nouvelle machine \u00e0 coudre pourrait n'est certainement pas ce que vous cherchez en ce moment. Par contre, si vous avez un \u00e9tablissement \u00e0 Budapest, l'affichage de votre annonce sur notre page Budapest augmentera de mani\u00e8re \u00e9vidente votre exposition \u00e0 de potentiels clients.<\/p>\n\n\n\n<h4 class=\"wp-block-heading\"><img decoding=\"async\" data-src=\"https:\/\/ads.nodengo.com\/wp-content\/uploads\/buttongrey.gif\" src=\"data:image\/svg+xml;base64,PHN2ZyB3aWR0aD0iMSIgaGVpZ2h0PSIxIiB4bWxucz0iaHR0cDovL3d3dy53My5vcmcvMjAwMC9zdmciPjwvc3ZnPg==\" class=\"lazyload\" style=\"--smush-placeholder-width: 16px; --smush-placeholder-aspect-ratio: 16\/9;\">&nbsp;O\u00f9 les annonces seront-elles diffus\u00e9es?<\/h4>\n\n\n\n<p>L'emplacement de votre publicit\u00e9 est d\u00e9finie en fonction de l'emplacement choisi lors de l'achat d'une annonce. Comme mentionn\u00e9 pr\u00e9c\u00e9dement, votre annonce est cibl\u00e9e en fonction de l'emplacement de votre \u00e9tablissement afin d'attirer des clients \/ visiteurs pour une ville sp\u00e9cifique.<\/p>\n\n\n\n<h4 class=\"wp-block-heading\"><img decoding=\"async\" data-src=\"https:\/\/ads.nodengo.com\/wp-content\/uploads\/buttongrey.gif\" src=\"data:image\/svg+xml;base64,PHN2ZyB3aWR0aD0iMSIgaGVpZ2h0PSIxIiB4bWxucz0iaHR0cDovL3d3dy53My5vcmcvMjAwMC9zdmciPjwvc3ZnPg==\" class=\"lazyload\" style=\"--smush-placeholder-width: 16px; --smush-placeholder-aspect-ratio: 16\/9;\">&nbsp;Combien co\u00fbtent les annonces?<\/h4>\n\n\n\n<p>Il existe plusieurs plans tarifaires disponibles, cela d\u00e9pend du pays, de la ville, de votre type d'\u00e9tablissement ansi que de la position de votre publicit\u00e9.<\/p>\n\n\n\n<p><strong>Contr\u00f4ler vos d\u00e9penses publicitaires<\/strong>&nbsp;: Pour le moment, nous n'offrons que la publicit\u00e9 CPJ car nous estimons que cela vous donne un meilleur rendement pour votre budget publicitaire, nous proposerons les options CPC et CPM \u00e0 l'avenir. Les annonces sont sp\u00e9cifiques \u00e0 un emplacement pour plus d'informations, consultez notre&nbsp;<a href=\"https:\/\/ads.nodengo.com\/fr\/order-prices\/\">list<\/a><\/p>\n\n\n\n<h4 class=\"wp-block-heading\"><img decoding=\"async\" data-src=\"https:\/\/ads.nodengo.com\/wp-content\/uploads\/buttongrey.gif\" src=\"data:image\/svg+xml;base64,PHN2ZyB3aWR0aD0iMSIgaGVpZ2h0PSIxIiB4bWxucz0iaHR0cDovL3d3dy53My5vcmcvMjAwMC9zdmciPjwvc3ZnPg==\" class=\"lazyload\" style=\"--smush-placeholder-width: 16px; --smush-placeholder-aspect-ratio: 16\/9;\">&nbsp;Quels formats sont accept\u00e9s<\/h4>\n\n\n\n<p>Les formats d'annonces suivants sont disponibles: Flash n'est plus accept\u00e9. Sont accept\u00e9s - texte - images (jpg, png, gif) - vid\u00e9o (html, flash) - texte et images - html - javascript - css (css personnalis\u00e9). Pour garder une coh\u00e9rence dans nos pages et facilit\u00e9 la publicit\u00e9 sur mobile, nous privil\u00e9gions les banni\u00e8res publicitaires standard (principalement 300 \u00d7 250 et 728 \u00d7 90) qui, selon nos \u00e9tudes ont un bon rendement. Cependant, nous offrons \u00e9galement<\/p>\n\n\n\n<h4 class=\"wp-block-heading\"><img decoding=\"async\" data-src=\"https:\/\/ads.nodengo.com\/wp-content\/uploads\/buttongrey.gif\" src=\"data:image\/svg+xml;base64,PHN2ZyB3aWR0aD0iMSIgaGVpZ2h0PSIxIiB4bWxucz0iaHR0cDovL3d3dy53My5vcmcvMjAwMC9zdmciPjwvc3ZnPg==\" class=\"lazyload\" style=\"--smush-placeholder-width: 16px; --smush-placeholder-aspect-ratio: 16\/9;\">&nbsp;Nous vous facilitons la t\u00e2che<\/h4>\n\n\n\n<p>Qu'il s'agisse de faciliter pour atteindre une client\u00e8le cibl\u00e9e, d'offrir des options publicitaires  abordables, de cibler votre public, ou de g\u00e9rer votre budget publicitaire via nos statistiques en ligne. nous vous facilitons la vie&nbsp;<strong>\u201cMore bang for your pub\u201d<\/strong><\/p>\n\n\n\n<h4 class=\"wp-block-heading\"><img decoding=\"async\" data-src=\"https:\/\/ads.nodengo.com\/wp-content\/uploads\/buttongrey.gif\" src=\"data:image\/svg+xml;base64,PHN2ZyB3aWR0aD0iMSIgaGVpZ2h0PSIxIiB4bWxucz0iaHR0cDovL3d3dy53My5vcmcvMjAwMC9zdmciPjwvc3ZnPg==\" class=\"lazyload\" style=\"--smush-placeholder-width: 16px; --smush-placeholder-aspect-ratio: 16\/9;\">&nbsp;Contr\u00f4ler vos d\u00e9penses publicitaires<\/h4>\n\n\n\n<p>Chaque client a acc\u00e8s aux statistiques en ligne. Apr\u00e8s l'achat d'un espace publicitaire, vous recevrez un courrier \u00e9lectronique contenant un lien vers les statistiques de votre campagne publicitaire.<\/p>\n\n\n\n<p>Vous pouvez \u00e9galement vous connecter \u00e0 tout moment et consulter les statistiques de votre campagne<br>Les statistiques sont r\u00e9actives pour une information pr\u00e9cise. Les statistiques incluent (<strong>clicks\/views counter, CTR<\/strong>&nbsp;et cliquez sur details;&nbsp;<strong>date, IP, navigateur, status<\/strong>)<\/p>\n\n\n\n<h4 class=\"wp-block-heading\"><img decoding=\"async\" data-src=\"https:\/\/ads.nodengo.com\/wp-content\/uploads\/buttongrey.gif\" src=\"data:image\/svg+xml;base64,PHN2ZyB3aWR0aD0iMSIgaGVpZ2h0PSIxIiB4bWxucz0iaHR0cDovL3d3dy53My5vcmcvMjAwMC9zdmciPjwvc3ZnPg==\" class=\"lazyload\" style=\"--smush-placeholder-width: 16px; --smush-placeholder-aspect-ratio: 16\/9;\">&nbsp;Payez pour votre publicit\u00e9 ais\u00e9ment<\/h4>\n\n\n\n<p>Tout ce dont vous avez besoin est une carte de cr\u00e9dit et un compte Paypal.<\/p>\n\n\n\n<h4 class=\"wp-block-heading\"><img decoding=\"async\" data-src=\"https:\/\/ads.nodengo.com\/wp-content\/uploads\/buttongrey.gif\" src=\"data:image\/svg+xml;base64,PHN2ZyB3aWR0aD0iMSIgaGVpZ2h0PSIxIiB4bWxucz0iaHR0cDovL3d3dy53My5vcmcvMjAwMC9zdmciPjwvc3ZnPg==\" class=\"lazyload\" style=\"--smush-placeholder-width: 16px; --smush-placeholder-aspect-ratio: 16\/9;\">&nbsp;Pourquoi dois-je m'enregistrer ?<\/h4>\n\n\n\n<p>Afin d'offrir la meilleure exp\u00e9rience \u00e0 nos visiteurs et \u00e0 nos annonceurs, nous vous demandons de vous inscrire avant de placer une annonce. Non seulement cela vous donnera acc\u00e8s aux statistiques de votre campagne publicitaire, mais cela emp\u00eache aussi les spams et autres robots d'utiliser notre syst\u00e8me de publicit\u00e9 automatis\u00e9.<\/p>\n\n\n\n<p>Votre compte est utilis\u00e9 \"uniquement\" aux fins \u00e9num\u00e9r\u00e9es ci-dessus et suit notre<a href=\"https:\/\/ads.nodengo.com\/fr\/privacy\/\"><strong>&nbsp;Politique de Confidentialit\u00e9<\/strong><\/a><\/p>\n<\/div><\/div>\n<\/div><\/div>","protected":false},"excerpt":{"rendered":"","protected":false},"author":5,"featured_media":0,"parent":0,"menu_order":0,"comment_status":"closed","ping_status":"closed","template":"","meta":{"_citadela_hide_page_title":"1","_citadela_remove_header_space":"1","_citadela_custom_class":"","_citadela_half_map_provider":"","_citadela_half_map_theme":"","_citadela_half_map_themeOSM":"","_citadela_half_map_customTheme":"","_citadela_half_map_dataType":"","_citadela_half_map_dynamicTrack":false,"_citadela_half_map_trackColor":"","_citadela_half_map_trackEndpointsColor":"","_citadela_half_map_filterCategory":"","_citadela_half_map_filterLocation":"","_citadela_half_map_filterFeatured":false,"_citadela_half_map_noDataBehavior":"empty-map","_citadela_half_map_noDataText":"","_citadela_half_map_clusterGridSize":80,"_citadela_header":true,"_citadela_header_over_content":true,"_citadela_header_text_color":"","_citadela_header_logo":[],"_citadela_header_bg_image":[],"_citadela_header_bg_position":{"x":0.5,"y":0.5},"_citadela_header_bg_size":"cover","_citadela_header_bg_repeat":"no-repeat","_citadela_header_bg_fixed":false,"_citadela_header_bg_color":"","_citadela_header_bg_image_overlay":"","_citadela_header_transparent_bg":true,"_citadela_content_width":"default","_citadela_half_layout_position":"","footnotes":""},"class_list":["post-605","page","type-page","status-publish","hentry"],"_links":{"self":[{"href":"https:\/\/ads.nodengo.com\/fr\/wp-json\/wp\/v2\/pages\/605","targetHints":{"allow":["GET"]}}],"collection":[{"href":"https:\/\/ads.nodengo.com\/fr\/wp-json\/wp\/v2\/pages"}],"about":[{"href":"https:\/\/ads.nodengo.com\/fr\/wp-json\/wp\/v2\/types\/page"}],"author":[{"embeddable":true,"href":"https:\/\/ads.nodengo.com\/fr\/wp-json\/wp\/v2\/users\/5"}],"replies":[{"embeddable":true,"href":"https:\/\/ads.nodengo.com\/fr\/wp-json\/wp\/v2\/comments?post=605"}],"version-history":[{"count":0,"href":"https:\/\/ads.nodengo.com\/fr\/wp-json\/wp\/v2\/pages\/605\/revisions"}],"wp:attachment":[{"href":"https:\/\/ads.nodengo.com\/fr\/wp-json\/wp\/v2\/media?parent=605"}],"curies":[{"name":"wp","href":"https:\/\/api.w.org\/{rel}","templated":true}]}}