{"id":589,"date":"2023-12-05T14:51:52","date_gmt":"2023-12-05T14:51:52","guid":{"rendered":"https:\/\/ads.nodengo.com\/?page_id=589"},"modified":"2023-12-14T17:55:20","modified_gmt":"2023-12-14T17:55:20","slug":"terms-and-conditions","status":"publish","type":"page","link":"https:\/\/ads.nodengo.com\/fr\/terms-and-conditions\/","title":{"rendered":"Termes &amp; Conditions"},"content":{"rendered":"<div class=\"wp-block-citadela-blocks-custom-container citadela-block-custom-container size-wide bg-type-none inside-space-none\"><div class=\"inner-holder\">\n<div class=\"wp-block-citadela-blocks-spacer citadela-block-spacer responsive-options loading\" data-block-attr=\"{&quot;desktop&quot;:{&quot;height&quot;:&quot;40px&quot;},&quot;mobile&quot;:{&quot;height&quot;:&quot;30px&quot;}}\" data-block-mobile-breakpoint=\"600\"><div class=\"inner-holder\" style=\"padding-top:40px\"><\/div><\/div>\n\n\n\t\t\t<!-- Flexy Breadcrumb -->\r\n\t\t\t<div class=\"fbc fbc-page\">\r\n\r\n\t\t\t\t<!-- Breadcrumb wrapper -->\r\n\t\t\t\t<div class=\"fbc-wrap\">\r\n\r\n\t\t\t\t\t<!-- Ordered list-->\r\n\t\t\t\t\t<ol class=\"fbc-items\" itemscope itemtype=\"https:\/\/schema.org\/BreadcrumbList\">\r\n\t\t\t\t\t\t            <li itemprop=\"itemListElement\" itemscope itemtype=\"https:\/\/schema.org\/ListItem\">\r\n                <span itemprop=\"name\">\r\n                    <!-- Home Link -->\r\n                    <a itemprop=\"item\" href=\"https:\/\/ads.nodengo.com\/fr\/\">\r\n                    \r\n                                                    <i class=\"fa fa-home\" aria-hidden=\"true\"><\/i>Accueil                    <\/a>\r\n                <\/span>\r\n                <meta itemprop=\"position\" content=\"1\" \/><!-- Meta Position-->\r\n             <\/li><li><span class=\"fbc-separator\">\/<\/span><\/li><li class=\"active\" itemprop=\"itemListElement\" itemscope itemtype=\"https:\/\/schema.org\/ListItem\"><span itemprop=\"name\" title=\"Blog\">Blog<\/span><meta itemprop=\"position\" content=\"2\" \/><\/li>\t\t\t\t\t<\/ol>\r\n\t\t\t\t\t<div class=\"clearfix\"><\/div>\r\n\t\t\t\t<\/div>\r\n\t\t\t<\/div>\r\n\t\t\t\n\n\n\n<h2 class=\"wp-block-heading\"><img decoding=\"async\" data-src=\"https:\/\/ads.nodengo.com\/wp-content\/uploads\/nodengo-2.gif\" alt=\"terms and conditions\" src=\"data:image\/svg+xml;base64,PHN2ZyB3aWR0aD0iMSIgaGVpZ2h0PSIxIiB4bWxucz0iaHR0cDovL3d3dy53My5vcmcvMjAwMC9zdmciPjwvc3ZnPg==\" class=\"lazyload\" style=\"--smush-placeholder-width: 58px; --smush-placeholder-aspect-ratio: 58\/57;\"><strong>Conditions g\u00e9n\u00e9rales de publicit\u00e9<\/strong><\/h2>\n\n\n\n<p><strong>Conditions g\u00e9n\u00e9rales d'acceptation de la publicit\u00e9<\/strong><\/p>\n\n\n\n<p>Dans les pr\u00e9sentes Conditions G\u00e9n\u00e9rales, Nodengo.com Advertising Network\/ <a href=\"https:\/\/ads.nodengo.com\/fr\/\">ads.nodengo.com<\/a>  (collectivement \u00ab Soci\u00e9t\u00e9, notre site, nous, notre ou nos \u00bb), et \u00ab Annonceur \u00bb d\u00e9signe la personne ou autre entit\u00e9 juridique qui passe la commande de la Publicit\u00e9 (\u00ab la Commande \u00bb), qu'elle soit l'annonceur du produit ou du service. mentionn\u00e9 dans l'annonce ou l'agence de publicit\u00e9 ou l'acheteur de m\u00e9dias pour cet annonceur et en passant une commande, l'annonceur accepte et convient d'\u00eatre li\u00e9 par les pr\u00e9sentes conditions g\u00e9n\u00e9rales dans leur int\u00e9gralit\u00e9.  <\/p>\n\n\n\n<p>Lorsque l'Annonceur est une agence de publicit\u00e9 ou un acheteur de m\u00e9dias, l'Annonceur garantit qu'il est autoris\u00e9 par l'annonceur du produit ou du service \u00e0 passer la Commande chez nous et l'Annonceur nous compensera et nous indemnisera int\u00e9gralement pour toute r\u00e9clamation formul\u00e9e par cet annonceur contre nous concernant la publication de cette publicit\u00e9.<br>Toutes les commandes seront accept\u00e9es sous r\u00e9serve de l\u2019approbation par notre site du texte publicitaire et de l\u2019espace disponible dans la publication concern\u00e9e.<\/p>\n\n\n\n<p>Nous reconnaissons l\u2019importance de la s\u00e9curit\u00e9 et de l\u2019int\u00e9grit\u00e9 de la marque des annonceurs. Par cons\u00e9quent, nous utilisons notre propre syst\u00e8me publicitaire pour garantir l\u2019efficacit\u00e9 de chacune des campagnes de nos annonceurs.\n\u200b<br>Toutes les campagnes publicitaires sur notre site passent par un processus de v\u00e9rification interne avant d'\u00eatre publi\u00e9es sur notre site. Nous v\u00e9rifions, entre autres, la qualit\u00e9 de la campagne publicitaire et le placement du contenu dans la page, car la publicit\u00e9 doit cibler des pays\/villes\/etc sp\u00e9cifiques. nous n'acceptons que les publicit\u00e9s pertinentes pour ce pays\/ville<\/p>\n\n\n\n<p>Une partie int\u00e9grante de l\u2019activit\u00e9 de notre site consiste \u00e0 afficher sp\u00e9cifiquement des publicit\u00e9s pour le pays\/la ville. Tous les contenus soumis par les utilisateurs sont mod\u00e9r\u00e9s et publi\u00e9s conform\u00e9ment aux directives de soumission et aux termes et conditions de notre site. pour garantir que les contenus et les contextes inappropri\u00e9s soient exclus.<\/p>\n\n\n\n<p>Nous ne pouvons garantir le nombre d'impressions au cours d'une p\u00e9riode de campagne, qu'il s'agisse de CPM\/CPC ou de CPD. nous ne pouvons pas garantir la position, la date et\/ou l'heure de publication d'une annonce et cette d\u00e9cision sera \u00e0 la seule discr\u00e9tion de notre site qui utilisera ses mesures raisonnables pour se conformer aux souhaits de l'annonceur<br>Dans le cas peu probable o\u00f9 un annonceur aurait demand\u00e9 le placement d'une campagne qui ne respecte pas nos directives en mati\u00e8re de pays\/ville, il en sera inform\u00e9 pour enqu\u00eater sur le probl\u00e8me et discuter d'une solution.<\/p>\n\n\n\n<p>Nous pouvons modifier ses tarifs publicitaires \u00e0 tout moment en publiant les tarifs modifi\u00e9s sur son site Internet. Toute modification des tarifs prendra effet imm\u00e9diatement mais ne s'appliquera \u00e0 aucune commande pour laquelle Nodengo.com aura accept\u00e9 la publication avant la date de cette modification.<\/p>\n\n\n\n<p>Nous utiliserons tous les moyens raisonnables pour reproduire les publicit\u00e9s fournies par l'annonceur, mais nous ne pouvons garantir que la publicit\u00e9 sera de la m\u00eame qualit\u00e9.<\/p>\n\n\n\n<p>Si notre site a accept\u00e9 une commande et que l'annonce n'est pas publi\u00e9e du tout uniquement en raison de notre erreur, nous essaierons de proposer une date de publication alternative. Si la date de publication alternative n'est pas accept\u00e9e par l'Annonceur, la Commande initiale sera annul\u00e9e et l'Annonceur aura droit \u00e0 un remboursement int\u00e9gral. Ce sera le seul recours de l\u2019Annonceur en cas de non-publication de l\u2019Annonce.<\/p>\n\n\n\n<p>Si l'annonce que nous publions contient une erreur substantielle uniquement due \u00e0 notre erreur, nous, sur demande de l'annonceur, republierons l'annonce sans frais suppl\u00e9mentaires pour l'annonceur. Ce sera le seul recours de l\u2019Annonceur face \u00e0 l\u2019erreur initiale. Nous ne serons pas responsables de la r\u00e9p\u00e9tition des erreurs et il appartiendra \u00e0 l\u2019Annonceur de nous informer de toute erreur.<\/p>\n\n\n\n<p><br>Nous ne serons responsables que des pertes directes et prouv\u00e9es subies ou encourues par l'Annonceur d\u00e9coulant de toute responsabilit\u00e9 de notre site envers l'Annonceur, que ce soit \u00e0 la suite d'une rupture de Contrat, d'un manquement \u00e0 une obligation ou autre et en tout \u00e9tat de cause le total La responsabilit\u00e9 de notre site pour ces pertes directes ne d\u00e9passera pas le montant total des frais pour l'annonce concern\u00e9e effectivement pay\u00e9s par l'annonceur.<\/p>\n\n\n\n<p>Nous ne serons pas responsables de toute perte de revenus, perte de profit, perte d'\u00e9conomies anticip\u00e9es, perte d'opportunit\u00e9, perte de goodwill et\/ou toute autre perte survenant \u00e0 la suite de toute perte directe et prouv\u00e9e subie par l'Annonceur ou pour toute autre perte que nous ne pourrions pas envisager.<\/p>\n\n\n\n<p>L\u2019Annonceur nous accorde le droit, gratuitement, \u00e0 tout moment d\u2019utiliser les noms, marques et\/ou logos de l\u2019Annonceur que nous pouvons juger n\u00e9cessaires aux fins de la publication de l\u2019Annonce\u00a0.<br><\/p>\n\n\n\n<p>Termes &amp; Conditions <strong>Politique pour tous les annonceurs<\/strong><\/p>\n\n\n\n<p>La langue principale de notre site est \u00ab l'anglais \u00bb. Nous demandons donc que votre banni\u00e8re soit pr\u00e9sent\u00e9e dans cette langue. Si cela n'est pas possible, la langue locale peut \u00eatre utilis\u00e9e.<br>No competitive advertiser we are working on a translation features are allowed (e.g. TripAdvisor etc.).<br>La publicit\u00e9 pour les sites de m\u00e9ta-recherche (kayak, etc.) dans l'espace voyage et h\u00f4tellerie sera \u00e9galement interdite.<br>La publicit\u00e9 soumise pour publication en ligne sera exempte de tout virus et n\u2019entra\u00eenera aucun effet n\u00e9gatif sur le fonctionnement de tout site Web ou autre appareil num\u00e9rique.<br>L'Annonceur nous garantit que toutes les informations fournies dans le cadre de l'Annonce sont exactes, compl\u00e8tes, v\u00e9ridiques et non trompeuses ;<br>Les publicit\u00e9s non li\u00e9es aux voyages ou sans lien avec les voyages ne seront pas accept\u00e9es.<br>Aucun mat\u00e9riel publicitaire ind\u00e9cent, ill\u00e9gal, trompeur, pr\u00e9judiciable, abusif, harcelant, calomnieux, diffamatoire ou autre mat\u00e9riel offensant n'est autoris\u00e9 sur le site.<br>Aucun mat\u00e9riel publicitaire ill\u00e9gal dans le pays\/la ville dans lequel vous souhaitez \u00eatre publi\u00e9 ne sera accept\u00e9.<br>Aucune publicit\u00e9 qui simule notre contenu \u00e9ditorial dans son apparence ou son style, ou qui n'est pas facilement identifiable comme publicit\u00e9, ne sera autoris\u00e9e sur le site.<br>Notre site ne restreint aucune couleur dans les publicit\u00e9s\u00a0; Cependant, la cr\u00e9ation pourrait \u00eatre rejet\u00e9e si elle semble imiter les couleurs, les fonctionnalit\u00e9s, le contenu ou l'apparence de notre site ou de notre marque. Cela s'applique \u00e9galement aux publicit\u00e9s qui peuvent \u00eatre confondues avec le contenu de notre site, comme les listes, les blogs, les pages locales ou les fonctionnalit\u00e9s.<br>Pas de style publicitaire \u00ab flashy \u00bb, \u00ab clignotant \u00bb.<br>Le contenu propos\u00e9 en \u00e9change d'un gain personnel, tel que des cadeaux, des services ou de l'argent, ne sera pas accept\u00e9<br>Aucune publicit\u00e9 sur les jeux de hasard, les m\u00e9dicaments sur ordonnance, le tabac, la religion, la politique, les armes \u00e0 feu ou sur des th\u00e8mes sexuellement explicites ne sera accept\u00e9e.<br>Nous nous r\u00e9servons le droit de rejeter la publicit\u00e9 ou de demander une r\u00e9vision si le contenu ou la conception de l'annonce semble inadapt\u00e9 au site ou a un impact n\u00e9gatif sur l'exp\u00e9rience utilisateur, \u00e0 notre seule discr\u00e9tion.<br>Aucune image ou vid\u00e9o qui enfreint un droit d'auteur, une marque ou d'autres droits de propri\u00e9t\u00e9 l\u00e9gaux.<br>Les annonceurs assumeront l'enti\u00e8re responsabilit\u00e9 de toute publicit\u00e9 plac\u00e9e sur notre site et de tout service fourni sur le site ou des produits vendus via ces publicit\u00e9s.<br>Nous ne sommes pas responsables du contenu des sites accessibles via banni\u00e8re qui sont affich\u00e9s par les Annonceurs<br>Flash n'est plus accept\u00e9, les GIF, JPG, PNG, HTML5 sont obligatoires.<\/p>\n\n\n\n<p><strong>Indemnit\u00e9<\/strong><\/p>\n\n\n\n<p>Vous acceptez d'indemniser et de d\u00e9gager notre site et ses employ\u00e9s et agents de toute responsabilit\u00e9, frais juridiques, dommages, pertes, co\u00fbts et autres d\u00e9penses en relation avec toute r\u00e9clamation ou action intent\u00e9e contre notre site r\u00e9sultant d'une violation de votre part. des pr\u00e9sentes Conditions g\u00e9n\u00e9rales ou d'autres responsabilit\u00e9s d\u00e9coulant de votre utilisation de ce site Web.<\/p>\n\n\n\n<p><\/p>\n\n\n\n<div style=\"height:19px\" aria-hidden=\"true\" class=\"wp-block-spacer\"><\/div>\n\n\n\n<p><em>Veuillez noter que cette page a \u00e9t\u00e9 traduite automatiquement \u00e0 partir de l'anglais original.<\/em>.&nbsp;<em>Aucune garantie d'aucune sorte, expresse ou implicite, n'est donn\u00e9e quant \u00e0 l'exactitude, la fiabilit\u00e9 ou l'exactitude des traductions effectu\u00e9es de l'anglais vers une autre langue.<\/em><\/p>\n<\/div><\/div>\n\n\n\n<div class=\"wp-block-citadela-blocks-spacer citadela-block-spacer\"><div class=\"inner-holder\" style=\"padding-top:50px\"><\/div><\/div>\n\n\n\n<div class=\"wp-block-citadela-blocks-spacer citadela-block-spacer\"><div class=\"inner-holder\" style=\"padding-top:2vw\"><\/div><\/div>\n\n\n\n<div class=\"wp-block-citadela-blocks-custom-container citadela-block-custom-container size-wide bg-type-image inside-space-none bg-size-auto\"><div class=\"bg-image-wrapper lazyload\" style=\"background-image:inherit;background-repeat:no-repeat;background-position:40% 100%\" data-bg-image=\"url(https:\/\/ads.nodengo.com\/wp-content\/uploads\/2019\/09\/graph.png)\"><\/div><div class=\"inner-holder\">\n<div class=\"wp-block-citadela-blocks-spacer citadela-block-spacer\"><div class=\"inner-holder\" style=\"padding-top:40px\"><\/div><\/div>\n\n\n\n<div class=\"wp-block-citadela-blocks-spacer citadela-block-spacer\"><div class=\"inner-holder\" style=\"padding-top:145px\"><\/div><\/div>\n<\/div><\/div>\n\n\n\n<div class=\"wp-block-citadela-blocks-spacer citadela-block-spacer\"><div class=\"inner-holder\" style=\"padding-top:4vw\"><\/div><\/div>","protected":false},"excerpt":{"rendered":"","protected":false},"author":2,"featured_media":0,"parent":0,"menu_order":0,"comment_status":"closed","ping_status":"closed","template":"","meta":{"_citadela_hide_page_title":"1","_citadela_remove_header_space":"1","_citadela_custom_class":"","_citadela_half_map_provider":"","_citadela_half_map_theme":"","_citadela_half_map_themeOSM":"","_citadela_half_map_customTheme":"","_citadela_half_map_dataType":"","_citadela_half_map_dynamicTrack":false,"_citadela_half_map_trackColor":"","_citadela_half_map_trackEndpointsColor":"","_citadela_half_map_filterCategory":"","_citadela_half_map_filterLocation":"","_citadela_half_map_filterFeatured":false,"_citadela_half_map_noDataBehavior":"empty-map","_citadela_half_map_noDataText":"","_citadela_half_map_clusterGridSize":80,"_citadela_header":true,"_citadela_header_over_content":false,"_citadela_header_text_color":"","_citadela_header_logo":[],"_citadela_header_bg_image":{"id":102,"url":"https:\/\/ads.nodengo.com\/wp-content\/uploads\/2019\/09\/owen-cl-boLgiM0qwkg-unsplash.jpg","size":{"width":1920,"height":1280}},"_citadela_header_bg_position":{"x":0.5,"y":0.6},"_citadela_header_bg_size":"cover","_citadela_header_bg_repeat":"no-repeat","_citadela_header_bg_fixed":false,"_citadela_header_bg_color":"rgba(31, 33, 37, 1)","_citadela_header_bg_image_overlay":"rgba(30, 32, 36, 0.9)","_citadela_header_transparent_bg":false,"_citadela_content_width":"","_citadela_half_layout_position":"","footnotes":""},"class_list":["post-589","page","type-page","status-publish","hentry"],"_links":{"self":[{"href":"https:\/\/ads.nodengo.com\/fr\/wp-json\/wp\/v2\/pages\/589","targetHints":{"allow":["GET"]}}],"collection":[{"href":"https:\/\/ads.nodengo.com\/fr\/wp-json\/wp\/v2\/pages"}],"about":[{"href":"https:\/\/ads.nodengo.com\/fr\/wp-json\/wp\/v2\/types\/page"}],"author":[{"embeddable":true,"href":"https:\/\/ads.nodengo.com\/fr\/wp-json\/wp\/v2\/users\/2"}],"replies":[{"embeddable":true,"href":"https:\/\/ads.nodengo.com\/fr\/wp-json\/wp\/v2\/comments?post=589"}],"version-history":[{"count":0,"href":"https:\/\/ads.nodengo.com\/fr\/wp-json\/wp\/v2\/pages\/589\/revisions"}],"wp:attachment":[{"href":"https:\/\/ads.nodengo.com\/fr\/wp-json\/wp\/v2\/media?parent=589"}],"curies":[{"name":"wp","href":"https:\/\/api.w.org\/{rel}","templated":true}]}}