{"id":585,"date":"2023-12-07T08:43:53","date_gmt":"2023-12-07T08:43:53","guid":{"rendered":"https:\/\/ads.nodengo.com\/?page_id=585"},"modified":"2024-01-24T10:56:33","modified_gmt":"2024-01-24T10:56:33","slug":"advertising-options","status":"publish","type":"page","link":"https:\/\/ads.nodengo.com\/fr\/advertising-options\/","title":{"rendered":"Options Publicitaires"},"content":{"rendered":"<div class=\"wp-block-citadela-blocks-custom-container citadela-block-custom-container size-wide bg-type-none inside-space-none\"><div class=\"inner-holder\">\n<div class=\"wp-block-citadela-blocks-spacer citadela-block-spacer responsive-options loading\" data-block-attr=\"{&quot;desktop&quot;:{&quot;height&quot;:&quot;40px&quot;},&quot;mobile&quot;:{&quot;height&quot;:&quot;30px&quot;}}\" data-block-mobile-breakpoint=\"600\"><div class=\"inner-holder\" style=\"padding-top:40px\"><\/div><\/div>\n\n\n\t\t\t<!-- Flexy Breadcrumb -->\r\n\t\t\t<div class=\"fbc fbc-page\">\r\n\r\n\t\t\t\t<!-- Breadcrumb wrapper -->\r\n\t\t\t\t<div class=\"fbc-wrap\">\r\n\r\n\t\t\t\t\t<!-- Ordered list-->\r\n\t\t\t\t\t<ol class=\"fbc-items\" itemscope itemtype=\"https:\/\/schema.org\/BreadcrumbList\">\r\n\t\t\t\t\t\t            <li itemprop=\"itemListElement\" itemscope itemtype=\"https:\/\/schema.org\/ListItem\">\r\n                <span itemprop=\"name\">\r\n                    <!-- Home Link -->\r\n                    <a itemprop=\"item\" href=\"https:\/\/ads.nodengo.com\/fr\/\">\r\n                    \r\n                                                    <i class=\"fa fa-home\" aria-hidden=\"true\"><\/i>Accueil                    <\/a>\r\n                <\/span>\r\n                <meta itemprop=\"position\" content=\"1\" \/><!-- Meta Position-->\r\n             <\/li><li><span class=\"fbc-separator\">\/<\/span><\/li><li class=\"active\" itemprop=\"itemListElement\" itemscope itemtype=\"https:\/\/schema.org\/ListItem\"><span itemprop=\"name\" title=\"Blog\">Blog<\/span><meta itemprop=\"position\" content=\"2\" \/><\/li>\t\t\t\t\t<\/ol>\r\n\t\t\t\t\t<div class=\"clearfix\"><\/div>\r\n\t\t\t\t<\/div>\r\n\t\t\t<\/div>\r\n\t\t\t\n\n\n\r\n        <div class=\"wp-block-citadela-blocks ctdl-directory-search-form border-thin shadow-default align-center\">\r\n            <div class=\"citadela-block-form search-form-component-container\" style=\"\" data-action=\"&quot;https:\\\/\\\/ads.nodengo.com\\\/fr\\\/&quot;\"data-post-type=\"citadela-item\"data-category-taxonomy=\"citadela-item-category\"data-location-taxonomy=\"citadela-item-location\">\r\n            <\/div>\r\n                    <\/div>\r\n\r\n        \n\n\n<h2 class=\"wp-block-heading\"><img decoding=\"async\" data-src=\"https:\/\/ads.nodengo.com\/wp-content\/uploads\/orange_titre.gif\" alt=\"options publicitaires\" src=\"data:image\/svg+xml;base64,PHN2ZyB3aWR0aD0iMSIgaGVpZ2h0PSIxIiB4bWxucz0iaHR0cDovL3d3dy53My5vcmcvMjAwMC9zdmciPjwvc3ZnPg==\" class=\"lazyload\" style=\"--smush-placeholder-width: 40px; --smush-placeholder-aspect-ratio: 40\/27;\">  Options de publicit\u00e9 sur Nodengo.com<\/h2>\n\n\n\n<p class=\"has-text-align-center\">Chaque clic sur une annonce Nodengo.com est hautement qualifi\u00e9 -  un client potentiel pr\u00eat \u00e0 \u00eatre converti<\/p>\n\n\n\n<div class=\"wp-block-citadela-blocks-spacer citadela-block-spacer responsive-options loading\" data-block-attr=\"{&quot;desktop&quot;:{&quot;height&quot;:&quot;2vw&quot;},&quot;mobile&quot;:{&quot;height&quot;:&quot;0vw&quot;}}\" data-block-mobile-breakpoint=\"600\"><div class=\"inner-holder\" style=\"padding-top:2vw\"><\/div><\/div>\n\n\n\n<p>Ciblez un public mondial au niveau local, nos visiteurs viennent chez nous lorsqu'ils planifient leurs vacances, en font partie, ne manquent pas l'occasion.<br>Faites-leur conna\u00eetre votre entreprise avant qu\u2019ils n\u2019atteignent leur destination. Ou vous pourriez m\u00eame capturer des entreprises locales. Consultez nos options ci-dessous ou apprenez-en davantage sur nos<a href=\"https:\/\/nodengo.com\/fr\/hospitality-network\/\" target=\"_blank\" rel=\"noopener\"> Network<\/a> <\/p>\n\n\n\n<p>Maximisez votre budget, ciblez une audience mondiale au niveau local, ne manquez pas cette opportunit\u00e9<br>Informez-les de votre entreprise avant qu\u2019ils n\u2019atteignent leur destination. Ou capturez les clients locaux. Votre banni\u00e8re appara\u00eetra sur la page de la ville qui les int\u00e9resse.<\/p>\n\n\n\n<p><strong>Nos options publicit\u00e9<\/strong><\/p>\n\n\n\n<p><strong>Publicit\u00e9 pour les villes<\/strong>  Captez leur attention en pr\u00e9sentant votre \u00e9tablissement dans les emplacements cl\u00e9s de la page de la ville \u2013 Plusieurs emplacements cl\u00e9s sont disponibles<br>Vous poss\u00e9dez plusieurs \u00e9tablissements dans le pays ou souhaitez toucher un public plus large, nous vous proposons des placements publicitaires cl\u00e9s sur vos pages pays<\/p>\n\n\n\n<p><strong>Publicit\u00e9 pour les Pays<\/strong> Vous poss\u00e9dez plusieurs \u00e9tablissements dans le pays ou souhaitez toucher un public plus large, nous vous proposons des placements publicitaires cl\u00e9s sur vos pages pays<\/p>\n\n\n\n<p><strong>Publicit\u00e9 dans la section \"Restaurants\"<\/strong> Pr\u00e9sentez votre restaurant sur nos pages locales, mieux encore, ajoutez une banni\u00e8re publicitaire qui sera affich\u00e9e sur la liste, maximisant ainsi votre exposition \u00e0 de potentiels clients<\/p>\n\n\n\n<p><strong>Publicit\u00e9 pour les activit\u00e9s<\/strong> Nous proposons \u00e0 nos visiteurs de rechercher et de r\u00e9server des activit\u00e9s directement en ligne lorsqu'ils planifient leurs vacances, pourquoi ne pas afficher votre banni\u00e8re et leur faire connaitre votre \u00e9tablissement ?<\/p>\n\n\n\n<p>Toucher tous nos visiteurs \u2013 Toucher les visiteurs recherchant des informations de voyage \u2013 Public cible planifiant ses vacances \u2013 Cibler un int\u00e9r\u00eat sp\u00e9cifique<br>Port\u00e9e dans le monde entier - Atteignez un public plus large - Atteignez le march\u00e9 local dans le monde entier - Exposition sur tous les continents - Couvrez toutes les destinations<\/p>\n<\/div><\/div>\n\n\n\n<div class=\"wp-block-citadela-blocks-custom-container citadela-block-custom-container size-wide bg-type-none inside-space-none\"><div class=\"inner-holder\">\n<div class=\"wp-block-citadela-blocks-service citadela-block-service main-holder layout-list header-type-image-as-icon has-bg standard\" style=\"background-color:#f4f4f4\"><div class=\"service-header\"><div class=\"service-image\"><img decoding=\"async\" data-src=\"https:\/\/ads.nodengo.com\/wp-content\/uploads\/2019\/09\/owen-cl-boLgiM0qwkg-unsplash.jpg\" alt=\"\" width=\"1920\" height=\"1280\" data-id=\"102\" data-full-url=\"https:\/\/ads.nodengo.com\/wp-content\/uploads\/2019\/09\/owen-cl-boLgiM0qwkg-unsplash.jpg\" data-link=\"https:\/\/ads.nodengo.com\/owen-cl-bolgim0qwkg-unsplash\/\" class=\"wp-image-102 lazyload\" data-srcset=\"https:\/\/ads.nodengo.com\/wp-content\/uploads\/2019\/09\/owen-cl-boLgiM0qwkg-unsplash.jpg 1920w, https:\/\/ads.nodengo.com\/wp-content\/uploads\/2019\/09\/owen-cl-boLgiM0qwkg-unsplash-150x100.jpg 150w, https:\/\/ads.nodengo.com\/wp-content\/uploads\/2019\/09\/owen-cl-boLgiM0qwkg-unsplash-600x400.jpg 600w, https:\/\/ads.nodengo.com\/wp-content\/uploads\/2019\/09\/owen-cl-boLgiM0qwkg-unsplash-300x200.jpg 300w, https:\/\/ads.nodengo.com\/wp-content\/uploads\/2019\/09\/owen-cl-boLgiM0qwkg-unsplash-768x512.jpg 768w, https:\/\/ads.nodengo.com\/wp-content\/uploads\/2019\/09\/owen-cl-boLgiM0qwkg-unsplash-1024x683.jpg 1024w\" data-sizes=\"(max-width: 1920px) 100vw, 1920px\" src=\"data:image\/svg+xml;base64,PHN2ZyB3aWR0aD0iMSIgaGVpZ2h0PSIxIiB4bWxucz0iaHR0cDovL3d3dy53My5vcmcvMjAwMC9zdmciPjwvc3ZnPg==\" style=\"--smush-placeholder-width: 1920px; --smush-placeholder-aspect-ratio: 1920\/1280;\" \/><\/div><\/div><div class=\"service-content\"><div class=\"service-content-wrap\"><h3 class=\"service-title\">Liens vers les options de publication<\/h3><p class=\"service-description\"><strong>Pages principales pour <a href=\"https:\/\/ads.nodengo.com\/fr\/ads\/main-index-page\/\">Index<\/a> | <a href=\"https:\/\/ads.nodengo.com\/fr\/ads\/main-travel-blog-page\/\">Blog<\/a> | <a href=\"https:\/\/ads.nodengo.com\/fr\/ads\/main-review-page\/\">Evaluation<\/a> | <a href=\"https:\/\/ads.nodengo.com\/fr\/ads\/hotel-reservation-main-page\/\">H\u00f4tels<\/a> | <a href=\"https:\/\/ads.nodengo.com\/fr\/ads\/flights-reservation-main-page\/\">Vols<\/a><\/strong><br\/><strong>Pages pays pour : <a href=\"https:\/\/ads.nodengo.com\/fr\/ads-for-african-countries\/\">AFRIQUE<\/a>\u00a0\u2013\u00a0<a href=\"https:\/\/ads.nodengo.com\/fr\/ads--for-asian-countries\/\">ASIE\u00a0<\/a>\u2013\u00a0\u00a0<a href=\"https:\/\/ads.nodengo.com\/fr\/ads-for-canadian-provinces\/\">CANADA\u00a0<\/a>\u2013\u00a0<a href=\"https:\/\/ads.nodengo.com\/fr\/ads-for-caribbean-countries\/\">CARA\u00cfBES<\/a>\u00a0\u2013\u00a0<a href=\"https:\/\/ads.nodengo.com\/fr\/ads-for-south-and-central-american-countries\/\">AMERIQUE CENTRALE<\/a>\u00a0\u2013\u00a0<a href=\"https:\/\/ads.nodengo.com\/fr\/ads-for-european-countries\/\">EUROPE<\/a>\u00a0\u2013\u00a0<a href=\"https:\/\/ads.nodengo.com\/fr\/ads-for-oceanian-countries\/\">OCEANIE\u00a0<\/a>\u00a0\u2013\u00a0<a href=\"https:\/\/ads.nodengo.com\/fr\/ads-for-south-and-central-american-countries\/\">AM\u00c9RIQUE DU SUD<\/a>\u00a0\u2013\u00a0<a href=\"https:\/\/ads.nodengo.com\/fr\/ads-for-the-united-states\/\">ETATS-UNIS<\/a><\/strong><br\/><strong>Pages de villes pour : <a href=\"https:\/\/ads.nodengo.com\/fr\/ads-for-african-cities\/\">AFRIQUE<\/a> &#8211; <a href=\"https:\/\/ads.nodengo.com\/fr\/ads-for-asian-cities\/\">ASIE<\/a> &#8211;\u00a0 <a href=\"https:\/\/ads.nodengo.com\/fr\/ads-for-canadian-cities\/\">CANADA<\/a> &#8211; <a href=\"https:\/\/ads.nodengo.com\/fr\/ads-for-caribbean-cities\/\">CARA\u00cfBES<\/a> &#8211; <a href=\"https:\/\/ads.nodengo.com\/fr\/ads-for-central-american-cities\/\">AMERIQUE CENTRALE<\/a> &#8211; <a href=\"https:\/\/ads.nodengo.com\/fr\/ads-for-european-cities\/\">EUROPE<\/a> &#8211; <a href=\"https:\/\/ads.nodengo.com\/fr\/ads-for-mexican-cities\/\">MEXIQUE<\/a> &#8211;\u00a0 <a href=\"https:\/\/ads.nodengo.com\/fr\/ads-for-oceanian-cities\/\">OCEANIE<\/a>\u00a0 &#8211; <a href=\"https:\/\/ads.nodengo.com\/fr\/ads-for-south-american-cities\/\">AM\u00c9RIQUE DU SUD<\/a> &#8211; <a href=\"https:\/\/ads.nodengo.com\/fr\/ads-for-united-states-cities\/\">ETATS-UNIS<\/a><\/strong><br\/><\/p><\/div><\/div><\/div>\n<\/div><\/div>\n\n\n\n<div class=\"wp-block-citadela-blocks-custom-container citadela-block-custom-container size-wide bg-type-none inside-space-none\"><div class=\"inner-holder\">\n<h2 class=\"wp-block-heading\">Options de publicit\u00e9 sur Nodengo.com<\/h2>\n\n\n\n<p>La plupart des sites s'appuient sur la publicit\u00e9 automatique et ne sont pas sp\u00e9cifiquement cibl\u00e9s sur leur public. Si vous envisagez de visiter la Patagonie l'\u00e9t\u00e9 prochain, l'annonce d'une nouvelle machine \u00e0 coudre pourrait ne pas \u00eatre ce qui vous int\u00e9resse en ce moment particulier. Par contre, si vous avez un \u00e9tablissement \u00e0 Budapest, l'affichage de votre annonce sur notre page Budapest augmentera certainement votre exposition aux clients potentiels<\/p>\n<\/div><\/div>\n\n\n\n<div class=\"wp-block-citadela-blocks-custom-container citadela-block-custom-container size-wide bg-type-none inside-space-none\"><div class=\"inner-holder\">\n<div class=\"wp-block-columns is-layout-flex wp-container-core-columns-is-layout-9d6595d7 wp-block-columns-is-layout-flex\">\n<div class=\"wp-block-column is-layout-flow wp-block-column-is-layout-flow\">\n<div class=\"wp-block-citadela-blocks-service citadela-block-service main-holder layout-list header-type-icon standard\"><div class=\"service-header\"><div class=\"service-icon\"><a href=\"https:\/\/ads.nodengo.com\/fr\/ads\/main-index-page\/\"><i class=\"fas fa-utensils\" style=\"color:#b9b9b9\"><\/i><\/a><\/div><\/div><div class=\"service-content\"><div class=\"service-content-wrap\"><a href=\"https:\/\/ads.nodengo.com\/fr\/ads\/main-index-page\/\"><h3 class=\"service-title\">Pages Principales<\/h3><\/a><p class=\"service-description\">Advertise on our main pages, Index page, Travel Blog and Main review pages <\/p><\/div><\/div><\/div>\n<\/div>\n\n\n\n<div class=\"wp-block-column is-layout-flow wp-block-column-is-layout-flow\">\n<div class=\"wp-block-citadela-blocks-service citadela-block-service main-holder layout-list header-type-icon standard\"><div class=\"service-header\"><div class=\"service-icon\"><a href=\"https:\/\/ads.nodengo.com\/fr\/ads\/flights-reservation-main-page\/\"><i class=\"fas fa-plane\" style=\"color:#b9b9b9\"><\/i><\/a><\/div><\/div><div class=\"service-content\"><div class=\"service-content-wrap\"><a href=\"https:\/\/ads.nodengo.com\/fr\/ads\/flights-reservation-main-page\/\"><h3 class=\"service-title\">Flight Booking<\/h3><\/a><p class=\"service-description\">Disponibilit\u00e9 limit\u00e9e pour placer votre banni\u00e8re sur nos pages de r\u00e9servation d'h\u00f4tels.<\/p><\/div><\/div><\/div>\n<\/div>\n\n\n\n<div class=\"wp-block-column is-layout-flow wp-block-column-is-layout-flow\">\n<div class=\"wp-block-citadela-blocks-service citadela-block-service main-holder layout-list header-type-icon standard\"><div class=\"service-header\"><div class=\"service-icon\"><a href=\"https:\/\/ads.nodengo.com\/fr\/ads\/hotel-reservation-main-page\/\"><i class=\"fas fa-concierge-bell\" style=\"color:#b9b9b9\"><\/i><\/a><\/div><\/div><div class=\"service-content\"><div class=\"service-content-wrap\"><a href=\"https:\/\/ads.nodengo.com\/fr\/ads\/hotel-reservation-main-page\/\"><h3 class=\"service-title\">Hotel Booking<\/h3><\/a><p class=\"service-description\">Disponibilit\u00e9 limit\u00e9e pour placer votre banni\u00e8re sur nos pages de r\u00e9servation d'h\u00f4tels.<\/p><\/div><\/div><\/div>\n<\/div>\n<\/div>\n\n\n\n<h4 class=\"wp-block-heading has-text-color has-link-color wp-elements-5725bbfc390e6b3a51c83482ac39b328\" style=\"color:#1d5576\">COUNTRY PAGES<\/h4>\n\n\n\n<div class=\"wp-block-columns is-layout-flex wp-container-core-columns-is-layout-9d6595d7 wp-block-columns-is-layout-flex\">\n<div class=\"wp-block-column is-layout-flow wp-block-column-is-layout-flow\">\n<div class=\"wp-block-citadela-blocks-service citadela-block-service main-holder layout-list header-type-icon standard\"><div class=\"service-header\"><div class=\"service-icon\"><a href=\"https:\/\/ads.nodengo.com\/fr\/ads\/country-index-entry-page\/\"><i class=\"fas fa-globe\" style=\"color:#b9b9b9\"><\/i><\/a><\/div><\/div><div class=\"service-content\"><div class=\"service-content-wrap\"><a href=\"https:\/\/ads.nodengo.com\/fr\/ads\/country-index-entry-page\/\"><h3 class=\"service-title\">Country Main page  <\/h3><\/a><p class=\"service-description\">Faites de la publicit\u00e9 dans tout un pays, votre banni\u00e8re s'affiche sur la page d'entr\u00e9e d'un pays sp\u00e9cifique<\/p><\/div><\/div><\/div>\n<\/div>\n\n\n\n<div class=\"wp-block-column is-layout-flow wp-block-column-is-layout-flow\">\n<div class=\"wp-block-citadela-blocks-service citadela-block-service main-holder layout-list header-type-icon standard\"><div class=\"service-header\"><div class=\"service-icon\"><a href=\"https:\/\/ads.nodengo.com\/fr\/ads\/country-travel-blog-page\/\"><i class=\"fas fa-rss-square\" style=\"color:#b9b9b9\"><\/i><\/a><\/div><\/div><div class=\"service-content\"><div class=\"service-content-wrap\"><a href=\"https:\/\/ads.nodengo.com\/fr\/ads\/country-travel-blog-page\/\"><h3 class=\"service-title\">Travel Blog (Pays) page<\/h3><\/a><p class=\"service-description\">Chaque pays poss\u00e8de une page de blog qui rassemble tous les blogs de chaque ville.<\/p><\/div><\/div><\/div>\n<\/div>\n\n\n\n<div class=\"wp-block-column is-layout-flow wp-block-column-is-layout-flow\">\n<div class=\"wp-block-citadela-blocks-service citadela-block-service main-holder layout-list header-type-icon standard\"><div class=\"service-header\"><div class=\"service-icon\"><a href=\"https:\/\/ads.nodengo.com\/fr\/ads\/main-review-page\/\"><i class=\"fas fa-medal\" style=\"color:#b9b9b9\"><\/i><\/a><\/div><\/div><div class=\"service-content\"><div class=\"service-content-wrap\"><a href=\"https:\/\/ads.nodengo.com\/fr\/ads\/main-review-page\/\"><h3 class=\"service-title\">Country Review page<\/h3><\/a><p class=\"service-description\">Each Country has a review page which compiled all the reviews from every cities<\/p><\/div><\/div><\/div>\n<\/div>\n<\/div>\n\n\n\n<h4 class=\"wp-block-heading has-text-color has-link-color wp-elements-4926c10c98c76504a54ee46cc4efdbd9\" style=\"color:#396177\">PAGE VILLE<\/h4>\n\n\n\n<div class=\"wp-block-columns is-layout-flex wp-container-core-columns-is-layout-9d6595d7 wp-block-columns-is-layout-flex\">\n<div class=\"wp-block-column is-layout-flow wp-block-column-is-layout-flow\">\n<div class=\"wp-block-citadela-blocks-service citadela-block-service main-holder layout-list header-type-icon standard\"><div class=\"service-header\"><div class=\"service-icon\"><a href=\"https:\/\/ads.nodengo.com\/fr\/ads\/country-index-entry-page\/\"><i class=\"fas fa-globe\" style=\"color:#b9b9b9\"><\/i><\/a><\/div><\/div><div class=\"service-content\"><div class=\"service-content-wrap\"><a href=\"https:\/\/ads.nodengo.com\/fr\/ads\/country-index-entry-page\/\"><h3 class=\"service-title\">City Main Page  <\/h3><\/a><p class=\"service-description\">Faites de la publicit\u00e9 dans tout un pays, votre banni\u00e8re s'affiche sur la page d'entr\u00e9e d'un pays sp\u00e9cifique<\/p><\/div><\/div><\/div>\n\n\n\n<div class=\"wp-block-citadela-blocks-service citadela-block-service main-holder layout-list header-type-icon standard\"><div class=\"service-header\"><div class=\"service-icon\"><a href=\"https:\/\/ads.nodengo.com\/fr\/ads\/city-things-to-do-ad-1\/\"><i class=\"fas fa-tasks\" style=\"color:#b9b9b9\"><\/i><\/a><\/div><\/div><div class=\"service-content\"><div class=\"service-content-wrap\"><a href=\"https:\/\/ads.nodengo.com\/fr\/ads\/city-things-to-do-ad-1\/\"><h3 class=\"service-title\">City Things to do<\/h3><\/a><p class=\"service-description\">Annoncez des \u00ab Choses \u00e0 faire \u00bb offrant une opportunit\u00e9 pr\u00e9cieuse de promouvoir votre \u00e9tablissement dans votre ville. Plusieurs options disponibles<\/p><\/div><\/div><\/div>\n<\/div>\n\n\n\n<div class=\"wp-block-column is-layout-flow wp-block-column-is-layout-flow\">\n<div class=\"wp-block-citadela-blocks-service citadela-block-service main-holder layout-list header-type-icon standard\"><div class=\"service-header\"><div class=\"service-icon\"><a href=\"https:\/\/ads.nodengo.com\/fr\/ads\/city-restaurant-page\/\"><i class=\"fas fa-utensils\" style=\"color:#b9b9b9\"><\/i><\/a><\/div><\/div><div class=\"service-content\"><div class=\"service-content-wrap\"><a href=\"https:\/\/ads.nodengo.com\/fr\/ads\/city-restaurant-page\/\"><h3 class=\"service-title\">City Restaurant<\/h3><\/a><p class=\"service-description\">Annoncez dans la liste des restaurants de la ville dans laquelle se trouve votre \u00e9tablissement. <\/p><\/div><\/div><\/div>\n\n\n\n<div class=\"wp-block-citadela-blocks-service citadela-block-service main-holder layout-list header-type-icon standard\"><div class=\"service-header\"><div class=\"service-icon\"><a href=\"https:\/\/ads.nodengo.com\/fr\/ads\/city-review-page\/\"><i class=\"fas fa-award\" style=\"color:#b9b9b9\"><\/i><\/a><\/div><\/div><div class=\"service-content\"><div class=\"service-content-wrap\"><a href=\"https:\/\/ads.nodengo.com\/fr\/ads\/city-review-page\/\"><h3 class=\"service-title\">City Reviews<\/h3><\/a><p class=\"service-description\">La publicit\u00e9 sera diffus\u00e9e sur la page \u00ab\u00a0City Review\u00a0\u00bb<\/p><\/div><\/div><\/div>\n<\/div>\n\n\n\n<div class=\"wp-block-column is-layout-flow wp-block-column-is-layout-flow\">\n<div class=\"wp-block-citadela-blocks-service citadela-block-service main-holder layout-list header-type-icon standard\"><div class=\"service-header\"><div class=\"service-icon\"><i class=\"fas fa-city\" style=\"color:#b9b9b9\"><\/i><\/div><\/div><div class=\"service-content\"><div class=\"service-content-wrap\"><h3 class=\"service-title\">City Activities<\/h3><p class=\"service-description\">Annoncez vos activit\u00e9s en offrant une opportunit\u00e9 pr\u00e9cieuse de promouvoir votre \u00e9tablissement au sein de votre ville. Plusieurs options disponibles<\/p><\/div><\/div><\/div>\n\n\n\n<div class=\"wp-block-citadela-blocks-service citadela-block-service main-holder layout-list header-type-icon standard\"><div class=\"service-header\"><div class=\"service-icon\"><a href=\"https:\/\/ads.nodengo.com\/fr\/ads\/city-blog-page\/\"><i class=\"fas fa-rss\" style=\"color:#b9b9b9\"><\/i><\/a><\/div><\/div><div class=\"service-content\"><div class=\"service-content-wrap\"><a href=\"https:\/\/ads.nodengo.com\/fr\/ads\/city-blog-page\/\"><h3 class=\"service-title\">City Blog<\/h3><\/a><p class=\"service-description\">La publicit\u00e9 sera diffus\u00e9e sur la page \u00ab City Blog \u00bb<\/p><\/div><\/div><\/div>\n<\/div>\n<\/div>\n\n\n\n<div class=\"wp-block-columns is-layout-flex wp-container-core-columns-is-layout-9d6595d7 wp-block-columns-is-layout-flex\">\n<div class=\"wp-block-column is-layout-flow wp-block-column-is-layout-flow\"><\/div>\n\n\n\n<div class=\"wp-block-column is-layout-flow wp-block-column-is-layout-flow\"><\/div>\n<\/div>\n<\/div><\/div>\n\n\n\n<p><\/p>\n\n\n\n<p>Nous offrons une multitude d'options publicitaires allant de la publicit\u00e9 \u00e0 l'\u00e9chelle d\u2019une ville, \u00e0 la publicit\u00e9 vraiment cibl\u00e9e sur la page locale qui correspond \u00e0 votre type d'entreprise, et ceci, \u00e0 des prix tr\u00e8s comp\u00e9titifs, nous avons actuellement opt\u00e9 pour un programme de CPJ (Co\u00fbt par jour) qui vous permet de budg\u00e9tiser pr\u00e9cis\u00e9ment ce que vous voulez d\u00e9penser en publicit\u00e9.<\/p>\n\n\n\n<div class=\"wp-block-citadela-blocks-spacer citadela-block-spacer\"><div class=\"inner-holder\" style=\"padding-top:2vw\"><\/div><\/div>\n\n\n\n<div class=\"wp-block-citadela-blocks-custom-container citadela-block-custom-container size-wide bg-type-none inside-space-none\"><div class=\"inner-holder\">\n<div class=\"wp-block-citadela-blocks-service citadela-block-service main-holder layout-list header-type-icon has-bg standard\" style=\"background-color:#f2eee9\"><div class=\"service-header\"><div class=\"service-icon\"><i class=\"fas fa-info-circle\" style=\"color:#000000\"><\/i><\/div><\/div><div class=\"service-content\"><div class=\"service-content-wrap\"><h3 class=\"service-title\"><strong>Vous ne planifiez pas de campagne publicitaire maintenant, nous vous proposons plusieurs autres options:<\/strong><\/h3><p class=\"service-description\">Inscrivez votre <a href=\"https:\/\/nodengo.com\/en\/register-to-submit-your-establishment\/\" target=\"_blank\" rel=\"noopener\">\u00e9tablissement GRATUITEMENT <\/a>sur nos pages de villes locales<br\/>Am\u00e9liorez votre listing avec des <a href=\"https:\/\/nodengo.com\/en\/register-to-submit-your-establishment\/\" target=\"_blank\" rel=\"noopener\">fonctionnalit\u00e9s de r\u00e9f\u00e9rencement<\/a> suppl\u00e9mentaires<br\/>Demandez une \u00e9valuation <a href=\"https:\/\/nodengo.com\/fr\/hospitality-network\/\" target=\"_blank\" rel=\"noopener\">de votre \u00e9tablissement<\/a> par un de nos Editeurs locaux<br\/>Sponsorisez un emplacement sur la section <a href=\"https:\/\/ads.nodengo.com\/fr\/ads\/hotel-reservation-main-page\/\">H\u00f4tels<\/a>, <a href=\"https:\/\/ads.nodengo.com\/fr\/ads\/flights-reservation-main-page\/\">Vols<\/a>.<\/p><\/div><\/div><\/div>\n<\/div><\/div>\n\n\n\n<div class=\"wp-block-citadela-blocks-spacer citadela-block-spacer\"><div class=\"inner-holder\" style=\"padding-top:4vw\"><\/div><\/div>","protected":false},"excerpt":{"rendered":"<p>Nous offrons une multitude d'options publicitaires allant de la publicit\u00e9 \u00e0 l'\u00e9chelle d\u2019une ville, \u00e0 la publicit\u00e9 vraiment cibl\u00e9e sur la page locale qui correspond \u00e0 votre type d'entreprise, et ceci, \u00e0 des prix tr\u00e8s comp\u00e9titifs, nous avons actuellement opt\u00e9 pour un programme de CPJ (Co\u00fbt par jour) qui vous permet de budg\u00e9tiser pr\u00e9cis\u00e9ment ce que vous voulez d\u00e9penser en publicit\u00e9.<\/p>","protected":false},"author":2,"featured_media":0,"parent":0,"menu_order":0,"comment_status":"closed","ping_status":"closed","template":"","meta":{"_citadela_hide_page_title":"1","_citadela_remove_header_space":"1","_citadela_custom_class":"","_citadela_half_map_provider":"","_citadela_half_map_theme":"","_citadela_half_map_themeOSM":"","_citadela_half_map_customTheme":"","_citadela_half_map_dataType":"","_citadela_half_map_dynamicTrack":false,"_citadela_half_map_trackColor":"","_citadela_half_map_trackEndpointsColor":"","_citadela_half_map_filterCategory":"","_citadela_half_map_filterLocation":"","_citadela_half_map_filterFeatured":false,"_citadela_half_map_noDataBehavior":"empty-map","_citadela_half_map_noDataText":"","_citadela_half_map_clusterGridSize":80,"_citadela_header":true,"_citadela_header_over_content":false,"_citadela_header_text_color":"","_citadela_header_logo":[],"_citadela_header_bg_image":{"id":102,"url":"https:\/\/ads.nodengo.com\/wp-content\/uploads\/2019\/09\/owen-cl-boLgiM0qwkg-unsplash.jpg","size":{"width":1920,"height":1280}},"_citadela_header_bg_position":{"x":0.5,"y":0.6},"_citadela_header_bg_size":"cover","_citadela_header_bg_repeat":"no-repeat","_citadela_header_bg_fixed":false,"_citadela_header_bg_color":"rgba(31, 33, 37, 1)","_citadela_header_bg_image_overlay":"rgba(30, 32, 36, 0.9)","_citadela_header_transparent_bg":false,"_citadela_content_width":"","_citadela_half_layout_position":"","footnotes":""},"class_list":["post-585","page","type-page","status-publish","hentry"],"_links":{"self":[{"href":"https:\/\/ads.nodengo.com\/fr\/wp-json\/wp\/v2\/pages\/585","targetHints":{"allow":["GET"]}}],"collection":[{"href":"https:\/\/ads.nodengo.com\/fr\/wp-json\/wp\/v2\/pages"}],"about":[{"href":"https:\/\/ads.nodengo.com\/fr\/wp-json\/wp\/v2\/types\/page"}],"author":[{"embeddable":true,"href":"https:\/\/ads.nodengo.com\/fr\/wp-json\/wp\/v2\/users\/2"}],"replies":[{"embeddable":true,"href":"https:\/\/ads.nodengo.com\/fr\/wp-json\/wp\/v2\/comments?post=585"}],"version-history":[{"count":0,"href":"https:\/\/ads.nodengo.com\/fr\/wp-json\/wp\/v2\/pages\/585\/revisions"}],"wp:attachment":[{"href":"https:\/\/ads.nodengo.com\/fr\/wp-json\/wp\/v2\/media?parent=585"}],"curies":[{"name":"wp","href":"https:\/\/api.w.org\/{rel}","templated":true}]}}