{"id":507,"date":"2023-12-05T14:47:18","date_gmt":"2023-12-05T14:47:18","guid":{"rendered":"https:\/\/ads.nodengo.com\/?page_id=507"},"modified":"2023-12-14T16:12:10","modified_gmt":"2023-12-14T16:12:10","slug":"privacy-statement","status":"publish","type":"page","link":"https:\/\/ads.nodengo.com\/fr\/privacy-statement\/","title":{"rendered":"D\u00e9claration de confidentialit\u00e9"},"content":{"rendered":"<div class=\"wp-block-citadela-blocks-custom-container citadela-block-custom-container size-wide bg-type-none inside-space-none\"><div class=\"inner-holder\">\n<div class=\"wp-block-citadela-blocks-spacer citadela-block-spacer responsive-options loading\" data-block-attr=\"{&quot;desktop&quot;:{&quot;height&quot;:&quot;40px&quot;},&quot;mobile&quot;:{&quot;height&quot;:&quot;30px&quot;}}\" data-block-mobile-breakpoint=\"600\"><div class=\"inner-holder\" style=\"padding-top:40px\"><\/div><\/div>\n\n\n\t\t\t<!-- Flexy Breadcrumb -->\r\n\t\t\t<div class=\"fbc fbc-page\">\r\n\r\n\t\t\t\t<!-- Breadcrumb wrapper -->\r\n\t\t\t\t<div class=\"fbc-wrap\">\r\n\r\n\t\t\t\t\t<!-- Ordered list-->\r\n\t\t\t\t\t<ol class=\"fbc-items\" itemscope itemtype=\"https:\/\/schema.org\/BreadcrumbList\">\r\n\t\t\t\t\t\t            <li itemprop=\"itemListElement\" itemscope itemtype=\"https:\/\/schema.org\/ListItem\">\r\n                <span itemprop=\"name\">\r\n                    <!-- Home Link -->\r\n                    <a itemprop=\"item\" href=\"https:\/\/ads.nodengo.com\/fr\/\">\r\n                    \r\n                                                    <i class=\"fa fa-home\" aria-hidden=\"true\"><\/i>Accueil                    <\/a>\r\n                <\/span>\r\n                <meta itemprop=\"position\" content=\"1\" \/><!-- Meta Position-->\r\n             <\/li><li><span class=\"fbc-separator\">\/<\/span><\/li><li class=\"active\" itemprop=\"itemListElement\" itemscope itemtype=\"https:\/\/schema.org\/ListItem\"><span itemprop=\"name\" title=\"Blog\">Blog<\/span><meta itemprop=\"position\" content=\"2\" \/><\/li>\t\t\t\t\t<\/ol>\r\n\t\t\t\t\t<div class=\"clearfix\"><\/div>\r\n\t\t\t\t<\/div>\r\n\t\t\t<\/div>\r\n\t\t\t\n\n\n\n<h2 class=\"wp-block-heading\"><img decoding=\"async\" data-src=\"https:\/\/ads.nodengo.com\/wp-content\/uploads\/nodengo-2.gif\" alt=\"privacy\" src=\"data:image\/svg+xml;base64,PHN2ZyB3aWR0aD0iMSIgaGVpZ2h0PSIxIiB4bWxucz0iaHR0cDovL3d3dy53My5vcmcvMjAwMC9zdmciPjwvc3ZnPg==\" class=\"lazyload\" style=\"--smush-placeholder-width: 58px; --smush-placeholder-aspect-ratio: 58\/57;\">Politique de Confidentialit\u00e9<\/h2>\n\n\n\n<p>Nous respectons la vie priv\u00e9e de nos clients et des personnes avec qui nous travaillons. Nous appr\u00e9cions votre confiance et nous nous engageons donc \u00e0 prot\u00e9ger et \u00e0 sauvegarder les informations personnelles que vous nous fournissez. Cette politique de confidentialit\u00e9 r\u00e9git la mani\u00e8re dont Nodengo.com Advertising collecte, utilise, conserve et divulgue les informations collect\u00e9es aupr\u00e8s des annonceurs (chacun, un \u00ab utilisateur \u00bb) du <a href=\"https:\/\/ads.nodengo.com\/fr\/\">https:\/\/ads.nodengo.com\/<\/a> site Web (\u00ab\u00a0Site\u00a0\u00bb).<\/p>\n\n\n\n<p><em>Consultez notre politique de confidentialit\u00e9 distincte qui d\u00e9crit comment&nbsp;<a href=\"http:\/\/nodengo.com\/privacy-policy\" target=\"_blank\" rel=\"noreferrer noopener\">Nodengo.com<\/a>, utilise et traite les informations personnelles en ce qui concerne le site accessible au public.<\/em><\/p>\n\n\n\n<h4 class=\"wp-block-heading\">Informations d'identification personnelle<\/h4>\n\n\n\n<p>Nous collectons des informations d'identification personnelle aupr\u00e8s des \u00ab\u00a0Annonceurs\u00a0\u00bb de diverses mani\u00e8res, notamment, mais sans s'y limiter\u00a0:<\/p>\n\n\n\n<p>Lorsque les \u00ab\u00a0Annonceurs\u00a0\u00bb visitent notre site, s'inscrivent sur le site, passent une commande, remplissent un formulaire et en relation avec d'autres activit\u00e9s, services, fonctionnalit\u00e9s ou ressources que nous mettons \u00e0 disposition sur notre Site.<br>Il peut \u00eatre demand\u00e9 aux \u00ab\u00a0Annonceurs\u00a0\u00bb, selon le cas, leur nom, leur adresse \u00e9lectronique, leur adresse postale. Les \u00ab\u00a0Annonceurs\u00a0\u00bb ne peuvent toutefois PAS visiter notre Site de mani\u00e8re anonyme.<br>Nous collecterons des informations d\u2019identification personnelles aupr\u00e8s des \u00ab Annonceurs \u00bb s\u2019ils nous soumettent volontairement ces informations.<br>Les \u00ab\u00a0Annonceurs\u00a0\u00bb doivent accepter de fournir des informations d'identification personnelle afin de s'engager dans certaines activit\u00e9s li\u00e9es au Site et d'acheter de la publicit\u00e9.<br><\/p>\n\n\n\n<h4 class=\"wp-block-heading\">Informations d'identification non personnelles<\/h4>\n\n\n\n<p>Nous pouvons collecter des informations d'identification non personnelles sur les \u00ab Annonceurs \u00bb chaque fois qu'ils interagissent avec notre Site. Les informations d'identification non personnelles peuvent inclure le nom du navigateur, le type d'ordinateur et des informations techniques sur les moyens de connexion des \u00ab Annonceurs \u00bb \u00e0 notre Site, tels que le syst\u00e8me d'exploitation et les fournisseurs de services Internet utilis\u00e9s et d'autres informations similaires.<\/p>\n\n\n\n<h4 class=\"wp-block-heading\">Comment nous utilisons les informations collect\u00e9es<\/h4>\n\n\n\n<p>Nodengo.com Advertising peut collecter et utiliser les informations personnelles des \u00ab\u00a0Annonceurs\u00a0\u00bb aux fins suivantes\u00a0:<br>Pour am\u00e9liorer \u2013 Les informations que vous fournissez nous aident \u00e0 r\u00e9pondre plus efficacement \u00e0 vos demandes de service client et \u00e0 vos besoins d\u2019assistance.<\/p>\n\n\n\n<p>Pour traiter les paiements \u2013 Nous pouvons utiliser les informations fournies par les \u00ab Annonceurs \u00bb sur eux-m\u00eames lorsqu\u2019ils passent une commande uniquement pour fournir le service correspondant \u00e0 cette commande.<br>Nous ne partageons pas ces informations avec des tiers, sauf dans la mesure n\u00e9cessaire \u00e0 la fourniture du service.<br>Nous pouvons utiliser les informations globalement pour comprendre comment nos \u00ab Annonceurs \u00bb en tant que groupe utilisent les services et les ressources fournis sur notre Site.<br>Pour contacter les \u00ab\u00a0Annonceurs\u00a0\u00bb au sujet de leur travail et autres activit\u00e9s li\u00e9es \u00e0 la poursuite du partenariat avec nous<br>Pour envoyer des e-mails p\u00e9riodiques \u2013 Nous pouvons utiliser l'adresse e-mail pour leur envoyer des informations et des mises \u00e0 jour relatives \u00e0 leur commande, ou des e-mails pouvant inclure des actualit\u00e9s de l'entreprise, des mises \u00e0 jour, des informations sur des produits ou services associ\u00e9s, etc.<\/p>\n\n\n\n<h4 class=\"wp-block-heading\">Comment nous prot\u00e9geons vos informations<\/h4>\n\n\n\n<p>Nous adoptons des pratiques appropri\u00e9es de collecte, de stockage et de traitement des donn\u00e9es ainsi que des mesures de s\u00e9curit\u00e9 pour vous prot\u00e9ger contre l'acc\u00e8s non autoris\u00e9, la modification, la divulgation ou la destruction de vos informations personnelles, nom d'utilisateur, mot de passe, informations de transaction et donn\u00e9es stock\u00e9es sur notre site.<br>L'\u00e9change de donn\u00e9es sensibles et priv\u00e9es entre le Site et ses \u00ab Annonceurs \u00bb s'effectue via un canal de communication s\u00e9curis\u00e9 SSL et est crypt\u00e9 et prot\u00e9g\u00e9 par des signatures num\u00e9riques.<\/p>\n\n\n\n<h4 class=\"wp-block-heading\">Partager vos informations personnelles<\/h4>\n\n\n\n<p>Nous ne vendons, n\u2019\u00e9changeons ni ne louons les informations d\u2019identification personnelle des \u00ab\u00a0Annonceurs\u00a0\u00bb \u00e0 des tiers. Nous pouvons partager des informations d\u00e9mographiques g\u00e9n\u00e9riques agr\u00e9g\u00e9es non li\u00e9es \u00e0 des informations d'identification personnelle concernant les visiteurs et les annonceurs avec nos partenaires commerciaux, nos soci\u00e9t\u00e9s affili\u00e9es de confiance et nos annonceurs aux fins d\u00e9crites ci-dessus.<\/p>\n\n\n\n<h4 class=\"wp-block-heading\">Third party websites<\/h4>\n\n\n\n<p>Les annonceurs peuvent trouver de la publicit\u00e9 ou d'autres contenus sur notre site qui renvoient vers les sites et services de nos partenaires, fournisseurs, annonceurs, sponsors, conc\u00e9dants de licence et autres tiers. Nous ne contr\u00f4lons pas le contenu ou les liens qui apparaissent sur ces sites et ne sommes pas responsables des pratiques employ\u00e9es par les sites Web li\u00e9s \u00e0 ou depuis notre Site. De plus, ces sites ou services, y compris leur contenu et leurs liens, peuvent \u00e9voluer en permanence. Ces sites et services peuvent avoir leurs propres politiques de confidentialit\u00e9 et politiques de service client. La navigation et l\u2019interaction sur tout autre site Web, y compris les sites Web ayant un lien vers notre Site, sont soumises aux conditions et politiques de ce site Web.<\/p>\n\n\n\n<h4 class=\"wp-block-heading\">Modifications de cette politique de confidentialit\u00e9<\/h4>\n\n\n\n<p><a href=\"https:\/\/ads.nodengo.com\/fr\/\">Nodengo.com <\/a>Network a le pouvoir discr\u00e9tionnaire de mettre \u00e0 jour cette politique de confidentialit\u00e9 \u00e0 tout moment. Nous encourageons les \u00ab\u00a0Annonceurs\u00a0\u00bb \u00e0 consulter fr\u00e9quemment cette page pour conna\u00eetre tout changement afin de rester inform\u00e9s de la mani\u00e8re dont nous contribuons \u00e0 prot\u00e9ger les informations personnelles que nous collectons. Vous reconnaissez et acceptez qu'il est de votre responsabilit\u00e9 de consulter p\u00e9riodiquement cette politique de confidentialit\u00e9 et de prendre connaissance des modifications.<\/p>\n\n\n\n<div class=\"wp-block-citadela-blocks-custom-container citadela-block-custom-container size-wide bg-type-none inside-space-none\"><div class=\"inner-holder\">\n<p><em>Veuillez noter que cette page a \u00e9t\u00e9 traduite automatiquement \u00e0 partir de l'anglais original.<\/em>.&nbsp;<em>Aucune garantie d'aucune sorte, expresse ou implicite, n'est donn\u00e9e quant \u00e0 l'exactitude, la fiabilit\u00e9 ou l'exactitude des traductions effectu\u00e9es de l'anglais vers une autre langue.<\/em><\/p>\n<\/div><\/div>\n<\/div><\/div>\n\n\n\n<div class=\"wp-block-citadela-blocks-spacer citadela-block-spacer\"><div class=\"inner-holder\" style=\"padding-top:50px\"><\/div><\/div>\n\n\n\n<div class=\"wp-block-citadela-blocks-spacer citadela-block-spacer\"><div class=\"inner-holder\" style=\"padding-top:2vw\"><\/div><\/div>\n\n\n\n<div class=\"wp-block-citadela-blocks-custom-container citadela-block-custom-container size-wide bg-type-image inside-space-none bg-size-auto\"><div class=\"bg-image-wrapper lazyload\" style=\"background-image:inherit;background-repeat:no-repeat;background-position:40% 100%\" data-bg-image=\"url(https:\/\/ads.nodengo.com\/wp-content\/uploads\/2019\/09\/graph.png)\"><\/div><div class=\"inner-holder\">\n<div class=\"wp-block-citadela-blocks-spacer citadela-block-spacer\"><div class=\"inner-holder\" style=\"padding-top:40px\"><\/div><\/div>\n\n\n\n<div class=\"wp-block-citadela-blocks-spacer citadela-block-spacer\"><div class=\"inner-holder\" style=\"padding-top:145px\"><\/div><\/div>\n<\/div><\/div>\n\n\n\n<div class=\"wp-block-citadela-blocks-spacer citadela-block-spacer\"><div class=\"inner-holder\" style=\"padding-top:4vw\"><\/div><\/div>","protected":false},"excerpt":{"rendered":"","protected":false},"author":2,"featured_media":0,"parent":0,"menu_order":0,"comment_status":"closed","ping_status":"closed","template":"","meta":{"_citadela_hide_page_title":"1","_citadela_remove_header_space":"1","_citadela_custom_class":"","_citadela_half_map_provider":"","_citadela_half_map_theme":"","_citadela_half_map_themeOSM":"","_citadela_half_map_customTheme":"","_citadela_half_map_dataType":"","_citadela_half_map_dynamicTrack":false,"_citadela_half_map_trackColor":"","_citadela_half_map_trackEndpointsColor":"","_citadela_half_map_filterCategory":"","_citadela_half_map_filterLocation":"","_citadela_half_map_filterFeatured":false,"_citadela_half_map_noDataBehavior":"empty-map","_citadela_half_map_noDataText":"","_citadela_half_map_clusterGridSize":80,"_citadela_header":true,"_citadela_header_over_content":false,"_citadela_header_text_color":"","_citadela_header_logo":[],"_citadela_header_bg_image":{"id":102,"url":"https:\/\/ads.nodengo.com\/wp-content\/uploads\/2019\/09\/owen-cl-boLgiM0qwkg-unsplash.jpg","size":{"width":1920,"height":1280}},"_citadela_header_bg_position":{"x":0.5,"y":0.6},"_citadela_header_bg_size":"cover","_citadela_header_bg_repeat":"no-repeat","_citadela_header_bg_fixed":false,"_citadela_header_bg_color":"rgba(31, 33, 37, 1)","_citadela_header_bg_image_overlay":"rgba(30, 32, 36, 0.9)","_citadela_header_transparent_bg":false,"_citadela_content_width":"","_citadela_half_layout_position":"","footnotes":""},"class_list":["post-507","page","type-page","status-publish","hentry"],"_links":{"self":[{"href":"https:\/\/ads.nodengo.com\/fr\/wp-json\/wp\/v2\/pages\/507","targetHints":{"allow":["GET"]}}],"collection":[{"href":"https:\/\/ads.nodengo.com\/fr\/wp-json\/wp\/v2\/pages"}],"about":[{"href":"https:\/\/ads.nodengo.com\/fr\/wp-json\/wp\/v2\/types\/page"}],"author":[{"embeddable":true,"href":"https:\/\/ads.nodengo.com\/fr\/wp-json\/wp\/v2\/users\/2"}],"replies":[{"embeddable":true,"href":"https:\/\/ads.nodengo.com\/fr\/wp-json\/wp\/v2\/comments?post=507"}],"version-history":[{"count":0,"href":"https:\/\/ads.nodengo.com\/fr\/wp-json\/wp\/v2\/pages\/507\/revisions"}],"wp:attachment":[{"href":"https:\/\/ads.nodengo.com\/fr\/wp-json\/wp\/v2\/media?parent=507"}],"curies":[{"name":"wp","href":"https:\/\/api.w.org\/{rel}","templated":true}]}}