{"id":4734,"date":"2024-01-04T14:21:02","date_gmt":"2024-01-04T14:21:02","guid":{"rendered":"https:\/\/ads.nodengo.com\/?page_id=4734"},"modified":"2024-01-04T14:27:40","modified_gmt":"2024-01-04T14:27:40","slug":"cookies-policy","status":"publish","type":"page","link":"https:\/\/ads.nodengo.com\/fr\/cookies-policy\/","title":{"rendered":"cookies-policy"},"content":{"rendered":"<h2 class=\"wp-block-heading\">\u00c0 propos de notre politique de cookies<\/h2>\n\n\n\n<p>Cette politique explique ce que sont les cookies et comment nous les utilisons. Vous devez lire cette politique pour comprendre de quoi il s'agit, comment nous les utilisons et les types de cookies que nous utilisons, les informations que nous collectons \u00e0 l'aide des cookies et comment ces informations sont utilis\u00e9es et comment contr\u00f4ler les pr\u00e9f\u00e9rences en mati\u00e8re de cookies. Pour plus d'informations sur la mani\u00e8re dont nous utilisons, stockons et gardons vos donn\u00e9es personnelles en s\u00e9curit\u00e9, consultez notre\u00a0 <a href=\"https:\/\/ads.nodengo.com\/fr\/privacy-statement\/\" data-type=\"page\" data-id=\"507\">D\u00e9claration de confidentialit\u00e9<\/a>.<\/p>\n\n\n\n<p>Vous pouvez \u00e0 tout moment modifier ou retirer votre consentement \u00e0 la d\u00e9claration sur notre site Internet. Apprenez-en davantage sur qui nous sommes, comment vous pouvez nous contacter et comment nous traitons les donn\u00e9es personnelles dans notre Politique de confidentialit\u00e9.<\/p>\n\n\n\n<p><img decoding=\"async\" data-src=\"https:\/\/ads.nodengo.com\/wp-content\/uploads\/orange_titre.gif\" alt=\"cookies policy\" src=\"data:image\/svg+xml;base64,PHN2ZyB3aWR0aD0iMSIgaGVpZ2h0PSIxIiB4bWxucz0iaHR0cDovL3d3dy53My5vcmcvMjAwMC9zdmciPjwvc3ZnPg==\" class=\"lazyload\" style=\"--smush-placeholder-width: 40px; --smush-placeholder-aspect-ratio: 40\/27;\">Votre consentement s'applique aux domaines suivants\u00a0:&nbsp;<a href=\"https:\/\/ads.nodengo.com\/fr\/\" data-type=\"link\" data-id=\"ads.nodengo.com\">ads.nodengo.com<\/a><\/p>\n\n\n\n<p>Que sont les cookies ?<\/p>\n\n\n\n<p>Ce sont de petits fichiers texte utilis\u00e9s pour stocker de petites informations. Ils sont stock\u00e9s sur votre appareil lorsque le site Internet est charg\u00e9 sur votre navigateur. Ces cookies nous aident \u00e0 faire fonctionner correctement notre site Web, \u00e0 rendre notre site Web plus s\u00e9curis\u00e9, \u00e0 offrir une meilleure exp\u00e9rience utilisateur, \u00e0 comprendre les performances de notre site Web et \u00e0 analyser ce qui fonctionne et o\u00f9 il doit \u00eatre am\u00e9lior\u00e9.<\/p>\n\n\n\n<h3 class=\"wp-block-heading\">politique de cookies \u2013 pourquoi utilisons-nous des cookies ?<\/h3>\n\n\n\n<p>Comme la plupart des services en ligne, notre site Web utilise des cookies propri\u00e9taires et tiers \u00e0 plusieurs fins. Les cookies propri\u00e9taires sont principalement n\u00e9cessaires au bon fonctionnement du site Web et ne collectent aucune de vos donn\u00e9es personnelles identifiables.<\/p>\n\n\n\n<p>Les cookies tiers utilis\u00e9s sur nos sites Web sont principalement utilis\u00e9s pour comprendre les performances du site Web, la fa\u00e7on dont vous interagissez avec notre site Web, assurer la s\u00e9curit\u00e9 de nos services, fournir des publicit\u00e9s qui vous int\u00e9ressent et, dans l'ensemble, vous offrir une exp\u00e9rience meilleure et am\u00e9lior\u00e9e. exp\u00e9rience utilisateur et vous aider \u00e0 acc\u00e9l\u00e9rer vos futures interactions avec notre site Web.<\/p>\n\n\n\n<h3 class=\"wp-block-heading\">politique de cookies \u2013 Quels types de cookies utilisons-nous ?<\/h3>\n\n\n\n<p><strong>Essentiel<\/strong>: Certains cookies sont essentiels pour que vous puissiez profiter de toutes les fonctionnalit\u00e9s de notre site. Ils nous permettent de maintenir les sessions des utilisateurs et de pr\u00e9venir toute menace de s\u00e9curit\u00e9. Ils ne collectent ni ne stockent aucune information personnelle. Par exemple, ceux-ci vous permettent de vous connecter \u00e0 votre compte, d'ajouter des produits \u00e0 votre panier et de payer en toute s\u00e9curit\u00e9.\n\u200b<\/p>\n\n\n\n<p><strong>Statistiques:<\/strong>&nbsp;Ces cookies stockent des informations telles que le nombre de visiteurs du site Web, le nombre de visiteurs uniques, les pages du site Web qui ont \u00e9t\u00e9 visit\u00e9es, la source de la visite, etc. Ces donn\u00e9es nous aident \u00e0 comprendre et \u00e0 analyser les performances du site Web et o\u00f9 il se trouve. a besoin d'am\u00e9lioration.<\/p>\n\n\n\n<p><strong>Fonctionnel:<\/strong>&nbsp;Ce sont les cookies qui aident certaines fonctionnalit\u00e9s non essentielles de notre site Web. Ces fonctionnalit\u00e9s incluent l'int\u00e9gration de contenus tels que des vid\u00e9os ou le partage de contenus sur le site Web sur des plateformes de m\u00e9dias sociaux.<\/p>\n\n\n\n<p><strong>Pr\u00e9f\u00e9rences\u00a0:<\/strong>&nbsp;Ceux-ci nous aident \u00e0 stocker vos param\u00e8tres et pr\u00e9f\u00e9rences de navigation, comme les pr\u00e9f\u00e9rences linguistiques, afin que vous ayez une exp\u00e9rience meilleure et plus efficace lors de vos futures visites sur le site Web.<\/p>\n\n\n\n<p>Si vous d\u00e9cidez de modifier vos pr\u00e9f\u00e9rences ult\u00e9rieurement au cours de votre session de navigation, vous pouvez cliquer sur l'onglet \u00ab Politique de confidentialit\u00e9 et cookies \u00bb sur votre \u00e9cran. Cela affichera \u00e0 nouveau l'avis de consentement vous permettant de modifier vos pr\u00e9f\u00e9rences ou de retirer compl\u00e8tement votre consentement.<\/p>\n\n\n\n<p>En plus de cela, diff\u00e9rents navigateurs proposent diff\u00e9rentes m\u00e9thodes pour bloquer et supprimer les cookies utilis\u00e9s par les sites Web. Vous pouvez modifier les param\u00e8tres de votre navigateur.<br>Pour en savoir plus sur la gestion et la suppression des cookies, visitez&nbsp;<a href=\"https:\/\/en.wikipedia.org\/wiki\/HTTP_cookie\" target=\"_blank\" rel=\"noreferrer noopener\">wikipedia.org<\/a>,&nbsp;<a href=\"http:\/\/www.allaboutcookies.org\/\" target=\"_blank\" rel=\"noreferrer noopener\">www.allaboutcookies.org.<\/a><\/p>\n\n\n\n<p><em>Veuillez noter que cette page a \u00e9t\u00e9 traduite automatiquement \u00e0 partir de l'anglais original.<\/em>.&nbsp;<em>Aucune garantie d'aucune sorte, expresse ou implicite, n'est donn\u00e9e quant \u00e0 l'exactitude, la fiabilit\u00e9 ou l'exactitude des traductions effectu\u00e9es de l'anglais vers une autre langue.<\/em><\/p>","protected":false},"excerpt":{"rendered":"<p>About our cookies policy This cookies Policy explains what cookies are and how we use them. You should read this policy to understand what they are, how we use them and the types of cookie we use, The information we collect using cookies and how that information is used and how to control the cookie [&hellip;]<\/p>\n","protected":false},"author":2,"featured_media":0,"parent":0,"menu_order":0,"comment_status":"closed","ping_status":"closed","template":"","meta":{"_citadela_hide_page_title":"1","_citadela_remove_header_space":"0","_citadela_custom_class":"","_citadela_half_map_provider":"","_citadela_half_map_theme":"","_citadela_half_map_themeOSM":"","_citadela_half_map_customTheme":"","_citadela_half_map_dataType":"","_citadela_half_map_dynamicTrack":false,"_citadela_half_map_trackColor":"","_citadela_half_map_trackEndpointsColor":"","_citadela_half_map_filterCategory":"","_citadela_half_map_filterLocation":"","_citadela_half_map_filterFeatured":false,"_citadela_half_map_noDataBehavior":"empty-map","_citadela_half_map_noDataText":"","_citadela_half_map_clusterGridSize":80,"_citadela_header":false,"_citadela_header_over_content":false,"_citadela_header_text_color":"","_citadela_header_logo":[],"_citadela_header_bg_image":[],"_citadela_header_bg_position":{"x":0.5,"y":0.5},"_citadela_header_bg_size":"cover","_citadela_header_bg_repeat":"no-repeat","_citadela_header_bg_fixed":false,"_citadela_header_bg_color":"","_citadela_header_bg_image_overlay":"","_citadela_header_transparent_bg":false,"_citadela_content_width":"wide","_citadela_half_layout_position":"","footnotes":""},"class_list":["post-4734","page","type-page","status-publish","hentry"],"_links":{"self":[{"href":"https:\/\/ads.nodengo.com\/fr\/wp-json\/wp\/v2\/pages\/4734","targetHints":{"allow":["GET"]}}],"collection":[{"href":"https:\/\/ads.nodengo.com\/fr\/wp-json\/wp\/v2\/pages"}],"about":[{"href":"https:\/\/ads.nodengo.com\/fr\/wp-json\/wp\/v2\/types\/page"}],"author":[{"embeddable":true,"href":"https:\/\/ads.nodengo.com\/fr\/wp-json\/wp\/v2\/users\/2"}],"replies":[{"embeddable":true,"href":"https:\/\/ads.nodengo.com\/fr\/wp-json\/wp\/v2\/comments?post=4734"}],"version-history":[{"count":0,"href":"https:\/\/ads.nodengo.com\/fr\/wp-json\/wp\/v2\/pages\/4734\/revisions"}],"wp:attachment":[{"href":"https:\/\/ads.nodengo.com\/fr\/wp-json\/wp\/v2\/media?parent=4734"}],"curies":[{"name":"wp","href":"https:\/\/api.w.org\/{rel}","templated":true}]}}