{"id":2,"date":"2019-09-03T21:17:10","date_gmt":"2019-09-03T21:17:10","guid":{"rendered":"https:\/\/ads.nodengo.com\/about-us\/"},"modified":"2023-12-05T14:27:12","modified_gmt":"2023-12-05T14:27:12","slug":"about-us","status":"publish","type":"page","link":"https:\/\/ads.nodengo.com\/fr\/about-us\/","title":{"rendered":"About Nodengo.com #1 Best Targeted Advertising"},"content":{"rendered":"<div class=\"wp-block-citadela-blocks-custom-container citadela-block-custom-container size-wide bg-type-none inside-space-none\"><div class=\"inner-holder\">\n<div class=\"wp-block-citadela-blocks-spacer citadela-block-spacer responsive-options loading\" data-block-attr=\"{&quot;desktop&quot;:{&quot;height&quot;:&quot;40px&quot;},&quot;mobile&quot;:{&quot;height&quot;:&quot;30px&quot;}}\" data-block-mobile-breakpoint=\"600\"><div class=\"inner-holder\" style=\"padding-top:40px\"><\/div><\/div>\n\n\n\t\t\t<!-- Flexy Breadcrumb -->\r\n\t\t\t<div class=\"fbc fbc-page\">\r\n\r\n\t\t\t\t<!-- Breadcrumb wrapper -->\r\n\t\t\t\t<div class=\"fbc-wrap\">\r\n\r\n\t\t\t\t\t<!-- Ordered list-->\r\n\t\t\t\t\t<ol class=\"fbc-items\" itemscope itemtype=\"https:\/\/schema.org\/BreadcrumbList\">\r\n\t\t\t\t\t\t            <li itemprop=\"itemListElement\" itemscope itemtype=\"https:\/\/schema.org\/ListItem\">\r\n                <span itemprop=\"name\">\r\n                    <!-- Home Link -->\r\n                    <a itemprop=\"item\" href=\"https:\/\/ads.nodengo.com\/fr\/\">\r\n                    \r\n                                                    <i class=\"fa fa-home\" aria-hidden=\"true\"><\/i>Accueil                    <\/a>\r\n                <\/span>\r\n                <meta itemprop=\"position\" content=\"1\" \/><!-- Meta Position-->\r\n             <\/li><li><span class=\"fbc-separator\">\/<\/span><\/li><li class=\"active\" itemprop=\"itemListElement\" itemscope itemtype=\"https:\/\/schema.org\/ListItem\"><span itemprop=\"name\" title=\"Blog\">Blog<\/span><meta itemprop=\"position\" content=\"2\" \/><\/li>\t\t\t\t\t<\/ol>\r\n\t\t\t\t\t<div class=\"clearfix\"><\/div>\r\n\t\t\t\t<\/div>\r\n\t\t\t<\/div>\r\n\t\t\t\n\n\n         <div \r\n            class=\"citadela-block-responsive-text align-left responsive-options loading\"\r\n            data-block-mobile-attr=\"{&quot;desktop&quot;:{&quot;fontSize&quot;:&quot;37px&quot;},&quot;mobile&quot;:{&quot;fontSize&quot;:&quot;2.6em&quot;}}\"            data-block-mobile-breakpoint=\"600\"         >\r\n            <h2 class=\"inner-tag\" style=\"font-size: 37px;\">About us &#8211;  Advertising on Nodengo.com<\/h2>         <\/div>\r\n      \n\n         <div \r\n            class=\"citadela-block-responsive-text align-center\"\r\n                                 >\r\n            <p class=\"inner-tag\" style=\"font-size: 15px; letter-spacing: 0.05em; color: #c09b72;\"><strong> <\/strong><a href=\"https:\/\/ads.nodengo.com\/fr\/\"><strong>Ads.Nodengo.com<\/strong><\/a> est la branche publicitaire du cityguide et d'information de voyage-&gt; <a href=\"http:\/\/nodengo.com\/fr\/\" target=\"_blank\" rel=\"noopener\"><strong>Nodengo.com<\/strong><\/a><\/p>         <\/div>\r\n      \n\n\n<div class=\"wp-block-citadela-blocks-spacer citadela-block-spacer responsive-options loading\" data-block-attr=\"{&quot;desktop&quot;:{&quot;height&quot;:&quot;2vw&quot;},&quot;mobile&quot;:{&quot;height&quot;:&quot;0vw&quot;}}\" data-block-mobile-breakpoint=\"600\"><div class=\"inner-holder\" style=\"padding-top:2vw\"><\/div><\/div>\n<\/div><\/div>\n\n\n\n<div class=\"wp-block-citadela-blocks-spacer citadela-block-spacer\"><div class=\"inner-holder\" style=\"padding-top:50px\"><\/div><\/div>\n\n\n\n<div class=\"wp-block-citadela-blocks-custom-container citadela-block-custom-container size-wide bg-type-none inside-space-none\"><div class=\"inner-holder\">\n<h2 class=\"wp-block-heading\">A PROPOS DE ADS.NODENGO.COM<\/h2>\n\n\n\n<p>Nous proposons des publicit\u00e9s vraiment cibl\u00e9es, vous permettant de contacter directement des clients potentiels lorsqu'ils cherchent des informations sur une destination et planifient leurs vacances.<\/p>\n\n\n\n<p>La plupart des sites s'appuient sur la publicit\u00e9 automatique et ne sont pas sp\u00e9cifiquement cibl\u00e9s sur leur public. Si vous envisagez de visiter la Patagonie l'\u00e9t\u00e9 prochain, l'annonce d'une nouvelle machine \u00e0 coudre pourrait ne pas \u00eatre ce qui vous int\u00e9resse en ce moment particulier. Par contre, si vous avez un \u00e9tablissement \u00e0 Budapest, l'affichage de votre annonce sur notre page Budapest augmentera certainement votre exposition aux clients potentiels<\/p>\n\n\n\n<p>Qu'il s'agisse de vous faciliter la t\u00e2che, d'offrir des options publicitaires tr\u00e8s abordables, de cibler votre public, de suivre votre budget publicitaire via nos statistiques en ligne et d'offrir des conditions de publicit\u00e9 flexibles, nous vous facilitons le travail \u00ab Plus de bang pour votre pub \u201d<\/p>\n\n\n\n<p>Nous offrons une multitude d'options publicitaires allant de la publicit\u00e9 \u00e0 l'\u00e9chelle d\u2019une ville, \u00e0 la publicit\u00e9 vraiment cibl\u00e9e sur la page locale qui correspond \u00e0 votre type d'entreprise, et ceci, \u00e0 des prix tr\u00e8s comp\u00e9titifs, nous avons actuellement opt\u00e9 pour un programme de CPJ (Co\u00fbt par jour) qui vous permet de budg\u00e9tiser pr\u00e9cis\u00e9ment ce que vous voulez d\u00e9penser en publicit\u00e9.<\/p>\n\n\n\n<p>Maximisez votre budget publicitaire. Ciblez un public mondial au niveau local, nos visiteurs viennent chez nous lorsqu'ils planifient leurs vacances, faites-en partie, ne manquez pas l'occasion. Faites-leur conna\u00eetre votre entreprise avant qu'ils n'atteignent leur destination. Ou vous pourriez m\u00eame capturer des entreprises locales.<\/p>\n\n\n\n<p>Pour en savoir plus sur la fa\u00e7on de faire de la publicit\u00e9 sur Nodengo.com&nbsp; &nbsp; <a href=\"https:\/\/ads.nodengo.com\/fr\/promotions\/\">PROMOTIONS<\/a> | <a href=\"https:\/\/ads.nodengo.com\/fr\/order-prices\/\">TARIFS<\/a><\/p>\n<\/div><\/div>\n\n\n\n<div class=\"wp-block-citadela-blocks-custom-container citadela-block-custom-container size-wide bg-type-none inside-space-none\"><div class=\"inner-holder\">\n<h2 class=\"wp-block-heading\">AU SUJET DE NODENGO.COM <\/h2>\n\n\n\n<p>Nodengo.com est une start-up et un r\u00e9seau d\u00e9di\u00e9 \u00e0 la diffusion d'informations touristiques locales et de city guide. \u00c0 maintes reprises, nous avons r\u00e9alis\u00e9 que des informations locales pr\u00e9cises et impartiales manquaient en quelque sorte sur Internet.<br>Professionnels du tourisme de longue date et dans l'industrie h\u00f4teli\u00e8re nous-m\u00eames, nous avons estim\u00e9 que c'\u00e9tait quelque chose qui m\u00e9ritait une am\u00e9lioration.<\/p>\n\n\n\n<p>En r\u00e8gle g\u00e9n\u00e9rale - les sites de voyage et city guide s'appuient soit sur des liens payants, soit sur des avis clients g\u00e9n\u00e9riques pour diffuser leurs informations locales, nous appr\u00e9cions l'id\u00e9e, mais nous pensons honn\u00eatement qu'il devrait y avoir un meilleur concept, un concept qui offre des informations et des avis. d'un \u00e9tablissement aux clients tout en permettant \u00e0 cet \u00e9tablissement d'\u00eatre repr\u00e9sent\u00e9 professionnellement et de mani\u00e8re ind\u00e9pendante.<\/p>\n\n\n\n<p>Et en tant que professionnels, nous sommes les mieux qualifi\u00e9s pour \u00e9valuer votre \u00e9tablissement, une nouvelle fa\u00e7on non r\u00e9mun\u00e9r\u00e9e, impartiale, et in\u00e9gal\u00e9e de promouvoir votre \u00e9tablissement.<\/p>\n\n\n\n<p><a href=\"https:\/\/nodengo.com\/en\/register-to-submit-your-establishment\/\" target=\"_blank\" rel=\"noopener\"><strong>En savoir plus<\/strong><\/a> sur Comment nous pouvons vous aider \u00e0 promouvoir votre \u00e9tablissement. De la liste gratuite \u00e0 la liste am\u00e9lior\u00e9e, du parrainage aux avis, nous proposons plusieurs solutions pour promouvoir votre \u00e9tablissement<\/p>\n\n\n\n<p><a href=\"https:\/\/nodengo.com\/fr\/hospitality-network\/\" target=\"_blank\" rel=\"noreferrer noopener\"><strong>En savoir plus<\/strong><\/a> sur ce qu'est Nodengo.com et comment nous avons entrepris d'aider l'\u00e9tablissement \u00e0 se promouvoir d'une mani\u00e8re nouvelle et diff\u00e9rente.<\/p>\n\n\n\n<h2 class=\"wp-block-heading\">AUTRES OFFRES <\/h2>\n\n\n\n<p>Peut-\u00eatre que vous n'\u00eates pas encore int\u00e9ress\u00e9 par la publicit\u00e9 sur Nodengo.com, c'est OK, nous vous proposons une multitude d'autres opportunit\u00e9s telles que&nbsp; <a href=\"https:\/\/nodengo.com\/en\/register-to-submit-your-establishment\/\" target=\"_blank\" rel=\"noopener\">REFERENCEMENT<\/a> | <a href=\"https:\/\/nodengo.com\/en\/register-to-submit-your-establishment\/\" target=\"_blank\" rel=\"noopener\">SPONSORING<\/a> | <a href=\"https:\/\/nodengo.com\/fr\/hospitality-network\/reviews\/\" target=\"_blank\" rel=\"noopener\">EVALUATIONS<\/a> |<\/p>\n\n\n\n<p>Nodengo.com propose des r\u00e9dacteurs locaux, qui sont des professionnels du tourisme et de l'h\u00f4tellerie et peuvent conseiller les voyageurs potentiels sur leur ville mieux que quiconque.<\/p>\n\n\n\n<p>Etes-vous interess\u00e9 \u00e0 devenir un <strong><a href=\"https:\/\/nodengo.com\/en\/hospitality-network\/become-an-editor\/\" target=\"_blank\" rel=\"noopener\">Editeur local ? <\/a><\/strong>Pourquoi ne pas d\u00e9couvrir et voir si vous \u00eates qualifi\u00e9 pour rejoindre nos \u00e9diteurs locaux. V\u00e9rifiez si VOTRE ville est toujours disponible.<\/p>\n\n\n\n<p>Or maybe you would like to refer someone to our services, send them this link via email to tell them&nbsp; &nbsp;:&nbsp; <a href=\"https:\/\/nodengo.com\/en\/referral\/\" target=\"_blank\" rel=\"noopener\">&nbsp;via this form<\/a><\/p>\n<\/div><\/div>\n\n\n\n<div class=\"wp-block-citadela-blocks-spacer citadela-block-spacer\"><div class=\"inner-holder\" style=\"padding-top:2vw\"><\/div><\/div>\n\n\n\n<div class=\"wp-block-citadela-blocks-custom-container citadela-block-custom-container size-wide bg-type-image inside-space-none bg-size-auto\"><div class=\"bg-image-wrapper lazyload\" style=\"background-image:inherit;background-repeat:no-repeat;background-position:40% 100%\" data-bg-image=\"url(https:\/\/ads.nodengo.com\/wp-content\/uploads\/2019\/09\/graph.png)\"><\/div><div class=\"inner-holder\">\n<div class=\"wp-block-citadela-blocks-spacer citadela-block-spacer\"><div class=\"inner-holder\" style=\"padding-top:3vw\"><\/div><\/div>\n\n\n\n<div class=\"wp-block-citadela-blocks-spacer citadela-block-spacer\"><div class=\"inner-holder\" style=\"padding-top:145px\"><\/div><\/div>\n<\/div><\/div>\n\n\n\n<div class=\"wp-block-citadela-blocks-spacer citadela-block-spacer negative-height\"><div class=\"inner-holder\" style=\"margin-top:-45px\"><\/div><\/div>\n\n\n\n<div class=\"wp-block-citadela-blocks-custom-container citadela-block-custom-container size-content bg-type-none inside-space-none\"><div class=\"inner-holder\">\n<div class=\"wp-block-buttons is-horizontal is-content-justification-center is-layout-flex wp-container-core-buttons-is-layout-499968f5 wp-block-buttons-is-layout-flex\">\n<div class=\"wp-block-button is-style-outline is-style-outline--2\"><a class=\"wp-block-button__link has-text-color wp-element-button\" style=\"color:#c09b72\">View our offers<\/a><\/div>\n<\/div>\n<\/div><\/div>\n\n\n\n<div class=\"wp-block-citadela-blocks-spacer citadela-block-spacer\"><div class=\"inner-holder\" style=\"padding-top:4vw\"><\/div><\/div>","protected":false},"excerpt":{"rendered":"","protected":false},"author":2,"featured_media":0,"parent":0,"menu_order":0,"comment_status":"closed","ping_status":"closed","template":"","meta":{"_citadela_hide_page_title":"1","_citadela_remove_header_space":"1","_citadela_custom_class":"","_citadela_half_map_provider":"","_citadela_half_map_theme":"","_citadela_half_map_themeOSM":"","_citadela_half_map_customTheme":"","_citadela_half_map_dataType":"","_citadela_half_map_dynamicTrack":false,"_citadela_half_map_trackColor":"","_citadela_half_map_trackEndpointsColor":"","_citadela_half_map_filterCategory":"","_citadela_half_map_filterLocation":"","_citadela_half_map_filterFeatured":false,"_citadela_half_map_noDataBehavior":"empty-map","_citadela_half_map_noDataText":"","_citadela_half_map_clusterGridSize":80,"_citadela_header":true,"_citadela_header_over_content":false,"_citadela_header_text_color":"","_citadela_header_logo":[],"_citadela_header_bg_image":{"id":102,"url":"https:\/\/ads.nodengo.com\/wp-content\/uploads\/2019\/09\/owen-cl-boLgiM0qwkg-unsplash.jpg","size":{"width":1920,"height":1280}},"_citadela_header_bg_position":{"x":0.5,"y":0.6},"_citadela_header_bg_size":"cover","_citadela_header_bg_repeat":"no-repeat","_citadela_header_bg_fixed":false,"_citadela_header_bg_color":"rgba(31, 33, 37, 1)","_citadela_header_bg_image_overlay":"rgba(30, 32, 36, 0.9)","_citadela_header_transparent_bg":false,"_citadela_content_width":"","_citadela_half_layout_position":"","footnotes":""},"class_list":["post-2","page","type-page","status-publish","hentry"],"_links":{"self":[{"href":"https:\/\/ads.nodengo.com\/fr\/wp-json\/wp\/v2\/pages\/2","targetHints":{"allow":["GET"]}}],"collection":[{"href":"https:\/\/ads.nodengo.com\/fr\/wp-json\/wp\/v2\/pages"}],"about":[{"href":"https:\/\/ads.nodengo.com\/fr\/wp-json\/wp\/v2\/types\/page"}],"author":[{"embeddable":true,"href":"https:\/\/ads.nodengo.com\/fr\/wp-json\/wp\/v2\/users\/2"}],"replies":[{"embeddable":true,"href":"https:\/\/ads.nodengo.com\/fr\/wp-json\/wp\/v2\/comments?post=2"}],"version-history":[{"count":0,"href":"https:\/\/ads.nodengo.com\/fr\/wp-json\/wp\/v2\/pages\/2\/revisions"}],"wp:attachment":[{"href":"https:\/\/ads.nodengo.com\/fr\/wp-json\/wp\/v2\/media?parent=2"}],"curies":[{"name":"wp","href":"https:\/\/api.w.org\/{rel}","templated":true}]}}