{"id":1637,"date":"2023-12-06T20:08:13","date_gmt":"2023-12-06T20:08:13","guid":{"rendered":"https:\/\/ads.nodengo.com\/?page_id=1637"},"modified":"2023-12-14T10:38:08","modified_gmt":"2023-12-14T10:38:08","slug":"ads-for-canadian-cities","status":"publish","type":"page","link":"https:\/\/ads.nodengo.com\/fr\/ads-for-canadian-cities\/","title":{"rendered":"Annonces abordables pour les villes canadiennes | Publicit\u00e9 Nodengo"},"content":{"rendered":"<div class=\"wp-block-citadela-blocks-custom-container citadela-block-custom-container size-content bg-type-image inside-space-none bg-size-cover has-overlay has-min-height vertical-align-center\" style=\"min-height:350px\"><div class=\"bg-image-wrapper lazyload\" style=\"background-image:inherit;background-repeat:no-repeat;background-position:50% 50%\" data-bg-image=\"url(https:\/\/ads.nodengo.com\/wp-content\/uploads\/adbanner.jpg)\"><\/div><div class=\"bg-image-overlay\" style=\"background-color:#1f2125;opacity:0.59\"><\/div><div class=\"inner-holder\">\n<div class=\"wp-block-citadela-blocks-spacer citadela-block-spacer responsive-options loading\" data-block-attr=\"{&quot;desktop&quot;:{&quot;height&quot;:&quot;7em&quot;},&quot;mobile&quot;:{&quot;height&quot;:&quot;3em&quot;}}\" data-block-mobile-breakpoint=\"600\"><div class=\"inner-holder\" style=\"padding-top:7em\"><\/div><\/div>\n\n\n\n<div class=\"wp-block-citadela-blocks-spacer citadela-block-spacer responsive-options loading\" data-block-attr=\"{&quot;desktop&quot;:{&quot;height&quot;:&quot;4vw&quot;},&quot;mobile&quot;:{&quot;height&quot;:&quot;1.4vw&quot;}}\" data-block-mobile-breakpoint=\"600\"><div class=\"inner-holder\" style=\"padding-top:4vw\"><\/div><\/div>\n\n\n         <div \r\n            class=\"citadela-block-responsive-text align-center responsive-options loading\"\r\n            data-block-mobile-attr=\"{&quot;desktop&quot;:{&quot;fontSize&quot;:&quot;3em&quot;},&quot;mobile&quot;:{&quot;fontSize&quot;:&quot;2.6em&quot;}}\"            data-block-mobile-breakpoint=\"600\"         >\r\n            <h1 class=\"inner-tag\" style=\"font-size: 3em; color: #ffffff;\">Publicit\u00e9s pour les villes canadiennes<\/h1>         <\/div>\r\n      \n\n         <div \r\n            class=\"citadela-block-responsive-text align-center\"\r\n                                 >\r\n            <p class=\"inner-tag\" style=\"font-size: 0.95em; letter-spacing: 0.05em; color: #eba421;\">Nos excuses Nous n'avons actuellement pas d'\u00e9diteurs pour tous ces emplacements. Par cons\u00e9quent, la publicit\u00e9 peut ne pas \u00eatre disponible pour la ville dans laquelle vous souhaitez faire de la publicit\u00e9. Nous ajoutons r\u00e9guli\u00e8rement des villes, alors revenez nous voir bient\u00f4t.<\/p>         <\/div>\r\n      \n\n\n<div class=\"wp-block-citadela-blocks-spacer citadela-block-spacer\"><div class=\"inner-holder\" style=\"padding-top:20px\"><\/div><\/div>\n\n\n\n<div class=\"wp-block-buttons is-horizontal is-content-justification-center is-layout-flex wp-container-core-buttons-is-layout-499968f5 wp-block-buttons-is-layout-flex\">\n<div class=\"wp-block-button is-style-outline is-style-outline--2\"><a class=\"wp-block-button__link has-text-color wp-element-button\" style=\"color:#c09b72\">Voir les offres et les tarifs<\/a><\/div>\n<\/div>\n\n\n\n<div class=\"wp-block-citadela-blocks-spacer citadela-block-spacer\"><div class=\"inner-holder\" style=\"padding-top:20px\"><\/div><\/div>\n<\/div><\/div>\n\n\n\n<div class=\"wp-block-group alignwide\"><div class=\"wp-block-group__inner-container is-layout-flow wp-block-group-is-layout-flow\">\t\t\t<!-- Flexy Breadcrumb -->\r\n\t\t\t<div class=\"fbc fbc-page\">\r\n\r\n\t\t\t\t<!-- Breadcrumb wrapper -->\r\n\t\t\t\t<div class=\"fbc-wrap\">\r\n\r\n\t\t\t\t\t<!-- Ordered list-->\r\n\t\t\t\t\t<ol class=\"fbc-items\" itemscope itemtype=\"https:\/\/schema.org\/BreadcrumbList\">\r\n\t\t\t\t\t\t            <li itemprop=\"itemListElement\" itemscope itemtype=\"https:\/\/schema.org\/ListItem\">\r\n                <span itemprop=\"name\">\r\n                    <!-- Home Link -->\r\n                    <a itemprop=\"item\" href=\"https:\/\/ads.nodengo.com\/fr\/\">\r\n                    \r\n                                                    <i class=\"fa fa-home\" aria-hidden=\"true\"><\/i>Accueil                    <\/a>\r\n                <\/span>\r\n                <meta itemprop=\"position\" content=\"1\" \/><!-- Meta Position-->\r\n             <\/li><li><span class=\"fbc-separator\">\/<\/span><\/li><li class=\"active\" itemprop=\"itemListElement\" itemscope itemtype=\"https:\/\/schema.org\/ListItem\"><span itemprop=\"name\" title=\"Blog\">Blog<\/span><meta itemprop=\"position\" content=\"2\" \/><\/li>\t\t\t\t\t<\/ol>\r\n\t\t\t\t\t<div class=\"clearfix\"><\/div>\r\n\t\t\t\t<\/div>\r\n\t\t\t<\/div>\r\n\t\t\t\n<\/div><\/div>\n\n\n\n<div style=\"height:32px\" aria-hidden=\"true\" class=\"wp-block-spacer\"><\/div>\n\n\n\n<div class=\"wp-block-citadela-blocks-custom-container citadela-block-custom-container size-wide bg-type-none inside-space-none\"><div class=\"inner-holder\">\n<div class=\"wp-block-citadela-blocks-custom-container citadela-block-custom-container size-wide bg-type-none inside-space-none\"><div class=\"inner-holder\">\n<h2 class=\"wp-block-heading\" id=\"ads-for-canadian-cities\"><img decoding=\"async\" data-src=\"https:\/\/ads.nodengo.com\/wp-content\/uploads\/vert_titre.gif\" alt=\"publicit\u00e9s pour les villes canadiennes\" src=\"data:image\/svg+xml;base64,PHN2ZyB3aWR0aD0iMSIgaGVpZ2h0PSIxIiB4bWxucz0iaHR0cDovL3d3dy53My5vcmcvMjAwMC9zdmciPjwvc3ZnPg==\" class=\"lazyload\" style=\"--smush-placeholder-width: 40px; --smush-placeholder-aspect-ratio: 40\/27;\">   Publicit\u00e9s pour les villes canadiennes<\/h2>\n\n\n\n<p>Merci de l'int\u00e9r\u00eat que vous portez \u00e0 la publicit\u00e9 avec nous sur&nbsp;<a href=\"https:\/\/nodengo.com\/\" target=\"_blank\" rel=\"noopener\">Nodengo.com<\/a>Les options ci-dessous vous permettent d'acheter de la publicit\u00e9 pour l'une de nos pages locales pour la ville de votre \u00e9tablissement au Canada.<\/p>\n\n\n\n<p class=\"has-text-align-center\">Si vous n'\u00eates pas s\u00fbr de l'option qui vous convient le mieux. Veuillez lire la description de nos <a href=\"https:\/\/ads.nodengo.com\/fr\/advertising-options\/\" target=\"_blank\" rel=\"noreferrer noopener\">options publicitaires<\/a>.<\/p>\n\n\n\n<h4 class=\"wp-block-heading has-text-color has-link-color wp-elements-a0bd48dca491cda70af0047fca24e29a\" id=\"please-note-that-this-option-is-for-the-ads-for-african-cities-pages-advertising-and-not-for-specific-cities-should-you-want-to-advertise-in-a-city-only-learn-more\" style=\"color:#eba421\">Vous choisissez de faire de la publicit\u00e9 dans une ou plusieurs des cat\u00e9gories ci-dessous pour une inscription sur les pages des villes canadiennes o\u00f9 se trouve votre \u00e9tablissement, veuillez s\u00e9lectionner VOTRE ville (ci-dessous) et vous serez redirig\u00e9 vers la section appropri\u00e9e pour finaliser votre achat.<\/h4>\n\n\n\n<hr class=\"wp-block-separator has-alpha-channel-opacity\"\/>\n\n\n\n<h4 class=\"wp-block-heading has-text-align-center\" id=\"country-index-page-country-blog-page\">Publicit\u00e9s pour les villes canadiennes  <\/h4>\n\n\n\n<h4 class=\"wp-block-heading has-text-align-center\" id=\"country-index-page-country-blog-page\"> Main Index  &#8211;  Restaurant  &#8211; Things to Do &#8211; Activities &#8211; City Blog  &#8211; City Reviews <\/h4>\n\n\n\n<hr class=\"wp-block-separator has-alpha-channel-opacity\"\/>\n<\/div><\/div>\n<\/div><\/div>\n\n\n\n<div class=\"wp-block-citadela-blocks-custom-container citadela-block-custom-container size-wide bg-type-none inside-space-none\"><div class=\"inner-holder\">\n<p class=\"has-background\" style=\"background-color:#e7faeb;font-size:16px\">Si la ville que vous d\u00e9sirez n'appara\u00eet pas sous l'en-t\u00eate de la province, cela signifie que nous n'avons pas encore d'\u00e9diteur pour cette ville sp\u00e9cifique et que la publicit\u00e9 n'est donc pas disponible actuellement.\u00a0Si la ville est r\u00e9pertori\u00e9e, elle est disponible, cliquez dessus pour suivre le processus de commande.<\/p>\n\n\n\n<h2 class=\"wp-block-heading has-text-color has-link-color wp-elements-9c69106687cd1c500b8e0f9e2ba6fd60\" id=\"advertising-options-african-cities\" style=\"color:#eba421\">Options de publicit\u00e9 \u2013 Provinces canadiennes<\/h2>\n\n\n\n<p>Cette section est destin\u00e9e aux annonces pour les<strong> Villes canadiennes seulement<\/strong> \u2013 En cliquant sur le lien de la ville dans la section province, vous serez redirig\u00e9 vers l'\u00e9tape suivante pour passer votre commande. <\/p>\n\n\n\n<div class=\"wp-block-columns is-layout-flex wp-container-core-columns-is-layout-9d6595d7 wp-block-columns-is-layout-flex\">\n<div class=\"wp-block-column is-layout-flow wp-block-column-is-layout-flow\"><div id=\"rank-math-faq\" class=\"rank-math-block\">\n<div class=\"rank-math-list\">\n<div id=\"faq-question-1701878950501\" class=\"rank-math-list-item\">\n<h3 class=\"rank-math-question\">Alberta<\/h3>\n<div class=\"rank-math-answer\">\n\n<p>pas encore de villes<\/p>\n\n<\/div>\n<\/div>\n<div id=\"faq-question-1701878972521\" class=\"rank-math-list-item\">\n<h3 class=\"rank-math-question\">New Brunswick<\/h3>\n<div class=\"rank-math-answer\">\n\n<p>pas encore de villes<\/p>\n\n<\/div>\n<\/div>\n<div id=\"faq-question-1701879556727\" class=\"rank-math-list-item\">\n<h3 class=\"rank-math-question\">Nova Scotia<\/h3>\n<div class=\"rank-math-answer\">\n\n<p>pas encore de villes<\/p>\n\n<\/div>\n<\/div>\n<div id=\"faq-question-1701879559795\" class=\"rank-math-list-item\">\n<h3 class=\"rank-math-question\">Prince Edward Island<\/h3>\n<div class=\"rank-math-answer\">\n\n<p>pas encore de villes<\/p>\n\n<\/div>\n<\/div>\n<div id=\"faq-question-1701880054665\" class=\"rank-math-list-item\">\n<h3 class=\"rank-math-question\">Yukon<\/h3>\n<div class=\"rank-math-answer\">\n\n<p>pas encore de villes<\/p>\n\n<\/div>\n<\/div>\n<\/div>\n<\/div><\/div>\n\n\n\n<div class=\"wp-block-column is-layout-flow wp-block-column-is-layout-flow\"><div id=\"rank-math-faq\" class=\"rank-math-block\">\n<div class=\"rank-math-list\">\n<div id=\"faq-question-1701879208288\" class=\"rank-math-list-item\">\n<h3 class=\"rank-math-question\">British Columbia<\/h3>\n<div class=\"rank-math-answer\">\n\n<p>Aucune ville pour l'instant<\/p>\n\n<\/div>\n<\/div>\n<div id=\"faq-question-1701879477004\" class=\"rank-math-list-item\">\n<h3 class=\"rank-math-question\">Newfoundland and Labrador<\/h3>\n<div class=\"rank-math-answer\">\n\n<p>pas encore de villes<\/p>\n\n<\/div>\n<\/div>\n<div id=\"faq-question-1701879557414\" class=\"rank-math-list-item\">\n<h3 class=\"rank-math-question\">Nunavut<\/h3>\n<div class=\"rank-math-answer\">\n\n<p>pas encore de villes<\/p>\n\n<\/div>\n<\/div>\n<div id=\"faq-question-1701879560382\" class=\"rank-math-list-item\">\n<h3 class=\"rank-math-question\">Quebec<\/h3>\n<div class=\"rank-math-answer\">\n\n<p>pas encore de villes<\/p>\n\n<\/div>\n<\/div>\n<\/div>\n<\/div><\/div>\n\n\n\n<div class=\"wp-block-column is-layout-flow wp-block-column-is-layout-flow\"><div id=\"rank-math-faq\" class=\"rank-math-block\">\n<div class=\"rank-math-list\">\n<div id=\"faq-question-1701879225227\" class=\"rank-math-list-item\">\n<h3 class=\"rank-math-question\">Manitoba<\/h3>\n<div class=\"rank-math-answer\">\n\n<p>pas encore de villes<\/p>\n\n<\/div>\n<\/div>\n<div id=\"faq-question-1701879477827\" class=\"rank-math-list-item\">\n<h3 class=\"rank-math-question\">Northwest Territories<\/h3>\n<div class=\"rank-math-answer\">\n\n<p>pas encore de villes<\/p>\n\n<\/div>\n<\/div>\n<div id=\"faq-question-1701879558135\" class=\"rank-math-list-item\">\n<h3 class=\"rank-math-question\">Ontario<\/h3>\n<div class=\"rank-math-answer\">\n\n<p>pas encore de villes<\/p>\n\n<\/div>\n<\/div>\n<div id=\"faq-question-1701879561078\" class=\"rank-math-list-item\">\n<h3 class=\"rank-math-question\">Saskatchewan<\/h3>\n<div class=\"rank-math-answer\">\n\n<p>pas encore de villes<\/p>\n\n<\/div>\n<\/div>\n<\/div>\n<\/div><\/div>\n<\/div>\n\n\n\n<hr class=\"wp-block-separator has-alpha-channel-opacity is-style-dots\"\/>\n\n\n\n<p class=\"has-medium-font-size\"><strong>Informations sur la publication<\/strong><\/p>\n\n\n\n<ol class=\"wp-block-list\">\n<li class=\"has-small-font-size\"><em>Si la ville que vous avez choisie n'appara\u00eet pas sous l'en-t\u00eate de la province, cela signifie que nous n'avons pas encore d'\u00e9diteur pour cette ville sp\u00e9cifique et que la publicit\u00e9 n'est donc pas disponible actuellement \u2013\u00a0Si la ville est disponible, cliquez pour suivre le processus de commande.<\/em><\/li>\n\n\n\n<li class=\"has-small-font-size\"><em>Veuillez noter que si l'espace publicitaire choisi n'appara\u00eet pas dans le menu d\u00e9roulant de la page suivante, cela signifie malheureusement que tous les espaces disponibles sont actuellement utilis\u00e9s.<\/em><\/li>\n\n\n\n<li class=\"has-small-font-size\">Une fois command\u00e9e la campagne publicitaire ne peut \u00eatre annul\u00e9e<\/li>\n\n\n\n<li class=\"has-small-font-size\"><em>Une fois achet\u00e9es, les annonces ne peuvent pas \u00eatre rembours\u00e9es<\/em><\/li>\n\n\n\n<li class=\"has-small-font-size\"><em>Choisissez ATTENTIVEMENT la SECTION dans laquelle vous souhaitez que l'annonce apparaisse<\/em>.<\/li>\n\n\n\n<li class=\"has-small-font-size\"><em>Toutes les campagnes publicitaires sur Nodengo.com passent par un processus de v\u00e9rification interne avant d'\u00eatre publi\u00e9es.<\/em><\/li>\n<\/ol>\n<\/div><\/div>\n\n\n\n<div style=\"height:55px\" aria-hidden=\"true\" class=\"wp-block-spacer\"><\/div>\n\n\n\n<p><\/p>","protected":false},"excerpt":{"rendered":"","protected":false},"author":2,"featured_media":0,"parent":0,"menu_order":0,"comment_status":"closed","ping_status":"closed","template":"","meta":{"_citadela_hide_page_title":"1","_citadela_remove_header_space":"1","_citadela_custom_class":"","_citadela_half_map_provider":"","_citadela_half_map_theme":"","_citadela_half_map_themeOSM":"","_citadela_half_map_customTheme":"","_citadela_half_map_dataType":"","_citadela_half_map_dynamicTrack":false,"_citadela_half_map_trackColor":"","_citadela_half_map_trackEndpointsColor":"","_citadela_half_map_filterCategory":"","_citadela_half_map_filterLocation":"","_citadela_half_map_filterFeatured":false,"_citadela_half_map_noDataBehavior":"empty-map","_citadela_half_map_noDataText":"","_citadela_half_map_clusterGridSize":80,"_citadela_header":true,"_citadela_header_over_content":true,"_citadela_header_text_color":"","_citadela_header_logo":[],"_citadela_header_bg_image":[],"_citadela_header_bg_position":{"x":0.5,"y":0.5},"_citadela_header_bg_size":"cover","_citadela_header_bg_repeat":"no-repeat","_citadela_header_bg_fixed":false,"_citadela_header_bg_color":"","_citadela_header_bg_image_overlay":"","_citadela_header_transparent_bg":true,"_citadela_content_width":"default","_citadela_half_layout_position":"","footnotes":""},"class_list":["post-1637","page","type-page","status-publish","hentry"],"_links":{"self":[{"href":"https:\/\/ads.nodengo.com\/fr\/wp-json\/wp\/v2\/pages\/1637","targetHints":{"allow":["GET"]}}],"collection":[{"href":"https:\/\/ads.nodengo.com\/fr\/wp-json\/wp\/v2\/pages"}],"about":[{"href":"https:\/\/ads.nodengo.com\/fr\/wp-json\/wp\/v2\/types\/page"}],"author":[{"embeddable":true,"href":"https:\/\/ads.nodengo.com\/fr\/wp-json\/wp\/v2\/users\/2"}],"replies":[{"embeddable":true,"href":"https:\/\/ads.nodengo.com\/fr\/wp-json\/wp\/v2\/comments?post=1637"}],"version-history":[{"count":0,"href":"https:\/\/ads.nodengo.com\/fr\/wp-json\/wp\/v2\/pages\/1637\/revisions"}],"wp:attachment":[{"href":"https:\/\/ads.nodengo.com\/fr\/wp-json\/wp\/v2\/media?parent=1637"}],"curies":[{"name":"wp","href":"https:\/\/api.w.org\/{rel}","templated":true}]}}