{"id":1504,"date":"2023-12-06T15:29:52","date_gmt":"2023-12-06T15:29:52","guid":{"rendered":"https:\/\/ads.nodengo.com\/?page_id=1504"},"modified":"2023-12-29T12:09:23","modified_gmt":"2023-12-29T12:09:23","slug":"ads-for-the-united-states","status":"publish","type":"page","link":"https:\/\/ads.nodengo.com\/fr\/ads-for-the-united-states\/","title":{"rendered":"Annonces abordables pour les \u00c9tats-Unis | Publicit\u00e9 Nodengo"},"content":{"rendered":"<div class=\"wp-block-citadela-blocks-custom-container citadela-block-custom-container size-content bg-type-image inside-space-none bg-size-cover has-overlay has-min-height vertical-align-center\" style=\"min-height:350px\"><div class=\"bg-image-wrapper lazyload\" style=\"background-image:inherit;background-repeat:no-repeat;background-position:50% 50%\" data-bg-image=\"url(https:\/\/ads.nodengo.com\/wp-content\/uploads\/adbanner.jpg)\"><\/div><div class=\"bg-image-overlay\" style=\"background-color:#1f2125;opacity:0.59\"><\/div><div class=\"inner-holder\">\n<div class=\"wp-block-citadela-blocks-spacer citadela-block-spacer responsive-options loading\" data-block-attr=\"{&quot;desktop&quot;:{&quot;height&quot;:&quot;7em&quot;},&quot;mobile&quot;:{&quot;height&quot;:&quot;3em&quot;}}\" data-block-mobile-breakpoint=\"600\"><div class=\"inner-holder\" style=\"padding-top:7em\"><\/div><\/div>\n\n\n\n<div class=\"wp-block-citadela-blocks-spacer citadela-block-spacer responsive-options loading\" data-block-attr=\"{&quot;desktop&quot;:{&quot;height&quot;:&quot;4vw&quot;},&quot;mobile&quot;:{&quot;height&quot;:&quot;1.4vw&quot;}}\" data-block-mobile-breakpoint=\"600\"><div class=\"inner-holder\" style=\"padding-top:4vw\"><\/div><\/div>\n\n\n         <div \r\n            class=\"citadela-block-responsive-text align-center responsive-options loading\"\r\n            data-block-mobile-attr=\"{&quot;desktop&quot;:{&quot;fontSize&quot;:&quot;3em&quot;},&quot;mobile&quot;:{&quot;fontSize&quot;:&quot;2.6em&quot;}}\"            data-block-mobile-breakpoint=\"600\"         >\r\n            <h1 class=\"inner-tag\" style=\"font-size: 3em; color: #ffffff;\">Annonces pour les \u00c9tats-Unis d'Am\u00e9rique<\/h1>         <\/div>\r\n      \n\n         <div \r\n            class=\"citadela-block-responsive-text align-center\"\r\n                                 >\r\n            <p class=\"inner-tag\" style=\"font-size: 0.95em; letter-spacing: 0.05em; color: #eba421;\">Nos excuses Nous n'avons actuellement pas de r\u00e9dacteurs pour tous les \u00c9tats. Par cons\u00e9quent, la publicit\u00e9 n'est pas disponible, nous ajoutons r\u00e9guli\u00e8rement des \u00c9tats, alors revenez nous voir bient\u00f4t.<\/p>         <\/div>\r\n      \n\n\n<div class=\"wp-block-citadela-blocks-spacer citadela-block-spacer\"><div class=\"inner-holder\" style=\"padding-top:20px\"><\/div><\/div>\n\n\n\n<div class=\"wp-block-buttons is-horizontal is-content-justification-center is-layout-flex wp-container-core-buttons-is-layout-499968f5 wp-block-buttons-is-layout-flex\">\n<div class=\"wp-block-button is-style-outline is-style-outline--2\"><a class=\"wp-block-button__link has-text-color wp-element-button\" style=\"color:#c09b72\">Voir les offres et les tarifs<\/a><\/div>\n<\/div>\n\n\n\n<div class=\"wp-block-citadela-blocks-spacer citadela-block-spacer\"><div class=\"inner-holder\" style=\"padding-top:20px\"><\/div><\/div>\n<\/div><\/div>\n\n\n\n<div class=\"wp-block-group alignwide\"><div class=\"wp-block-group__inner-container is-layout-flow wp-block-group-is-layout-flow\">\t\t\t<!-- Flexy Breadcrumb -->\r\n\t\t\t<div class=\"fbc fbc-page\">\r\n\r\n\t\t\t\t<!-- Breadcrumb wrapper -->\r\n\t\t\t\t<div class=\"fbc-wrap\">\r\n\r\n\t\t\t\t\t<!-- Ordered list-->\r\n\t\t\t\t\t<ol class=\"fbc-items\" itemscope itemtype=\"https:\/\/schema.org\/BreadcrumbList\">\r\n\t\t\t\t\t\t            <li itemprop=\"itemListElement\" itemscope itemtype=\"https:\/\/schema.org\/ListItem\">\r\n                <span itemprop=\"name\">\r\n                    <!-- Home Link -->\r\n                    <a itemprop=\"item\" href=\"https:\/\/ads.nodengo.com\/fr\/\">\r\n                    \r\n                                                    <i class=\"fa fa-home\" aria-hidden=\"true\"><\/i>Accueil                    <\/a>\r\n                <\/span>\r\n                <meta itemprop=\"position\" content=\"1\" \/><!-- Meta Position-->\r\n             <\/li><li><span class=\"fbc-separator\">\/<\/span><\/li><li class=\"active\" itemprop=\"itemListElement\" itemscope itemtype=\"https:\/\/schema.org\/ListItem\"><span itemprop=\"name\" title=\"Blog\">Blog<\/span><meta itemprop=\"position\" content=\"2\" \/><\/li>\t\t\t\t\t<\/ol>\r\n\t\t\t\t\t<div class=\"clearfix\"><\/div>\r\n\t\t\t\t<\/div>\r\n\t\t\t<\/div>\r\n\t\t\t\n<\/div><\/div>\n\n\n\n<div style=\"height:32px\" aria-hidden=\"true\" class=\"wp-block-spacer\"><\/div>\n\n\n\n<div class=\"wp-block-citadela-blocks-custom-container citadela-block-custom-container size-wide bg-type-none inside-space-none\"><div class=\"inner-holder\">\n<div class=\"wp-block-citadela-blocks-custom-container citadela-block-custom-container size-wide bg-type-none inside-space-none\"><div class=\"inner-holder\">\n<h2 class=\"wp-block-heading\"><img decoding=\"async\" data-src=\"https:\/\/ads.nodengo.com\/wp-content\/uploads\/north-american-countries.png\" alt=\"publicit\u00e9s pour les \u00c9tats-Unis\" src=\"data:image\/svg+xml;base64,PHN2ZyB3aWR0aD0iMSIgaGVpZ2h0PSIxIiB4bWxucz0iaHR0cDovL3d3dy53My5vcmcvMjAwMC9zdmciPjwvc3ZnPg==\" class=\"lazyload\" style=\"--smush-placeholder-width: 20px; --smush-placeholder-aspect-ratio: 20\/20;\">   Annonces pour les \u00c9tats-Unis d'Am\u00e9rique<\/h2>\n\n\n\n<p>Merci de l'int\u00e9r\u00eat que vous portez \u00e0 la publicit\u00e9 avec nous. Vous choisissez l'UNE des annonces suivantes pour l'option publicitaire aux \u00c9tats-Unis pour notre site. <a href=\"https:\/\/nodengo.com\" target=\"_blank\" rel=\"noopener\">Nodengo.com<\/a><\/p>\n\n\n\n<p>Vous choisissez de faire de la publicit\u00e9 dans une ou plusieurs des cat\u00e9gories ci-dessous pour \u00eatre r\u00e9pertori\u00e9 sur l'une des pages des \u00c9tats sur nos annonces pour les pages des \u00c9tats-Unis, veuillez s\u00e9lectionner VOTRE \u00c9tat (ci-dessous) et vous serez redirig\u00e9 vers la section appropri\u00e9e pour placer votre achat<\/p>\n\n\n\n<h4 class=\"wp-block-heading has-text-color has-link-color wp-elements-8a91e9691082bd6e5d891271203fba48\" style=\"color:#eba421\">Veuillez noter que cette option concerne les annonces sur les pages principales des \u00c9tats-Unis faisant la publicit\u00e9 d'un \u00c9tat particulier et <strong>NON<\/strong> pour des villes sp\u00e9cifiques des \u00c9tats-Unis (si vous souhaitez faire de la publicit\u00e9 dans une ville uniquement\u2026<a href=\"https:\/\/ads.nodengo.com\/fr\/country-main-index-page\/\"> en savoir plus<\/a>)<\/h4>\n\n\n\n<p class=\"has-text-align-center\">Si vous n'\u00eates pas s\u00fbr de l'option qui vous convient le mieux. Veuillez lire la description de nos <a href=\"https:\/\/ads.nodengo.com\/fr\/advertising-options\/\" target=\"_blank\" rel=\"noreferrer noopener\">options publicitaires<\/a><\/p>\n\n\n\n<hr class=\"wp-block-separator has-alpha-channel-opacity\"\/>\n\n\n\n<h4 class=\"wp-block-heading has-text-align-center\"> State Index page    &#8211;     Blog page<\/h4>\n\n\n\n<hr class=\"wp-block-separator has-alpha-channel-opacity\"\/>\n<\/div><\/div>\n<\/div><\/div>\n\n\n\n<div class=\"wp-block-citadela-blocks-custom-container citadela-block-custom-container size-wide bg-type-none inside-space-none\"><div class=\"inner-holder\">\n<p>* En cliquant sur le bouton \u00c9tats en surbrillance, vous serez redirig\u00e9 vers l'\u00e9tape suivante pour passer votre commande.<\/p>\n\n\n\n<h2 class=\"wp-block-heading\">Options de publicit\u00e9 \u2013 \u00c9tats-Unis <\/h2>\n\n\n\n<p class=\"has-background has-medium-font-size\" style=\"background-color:#faefd159\">Alabama |\u00a0 Alaska\u00a0| Arizona\u00a0| Arkansas\u00a0| California\u00a0| Colorado |\u00a0Connecticut\u00a0| Delaware\u00a0|<a href=\"https:\/\/ads.nodengo.com\/fr\/agency-order-ads\/?site_id=17\"> <strong>Florida<\/strong><\/a>\u00a0| Georgia\u00a0| Hawaii\u00a0 Idaho\u00a0| Illinois\u00a0| Indiana\u00a0| Iowa\u00a0| Kansas\u00a0| Kentucky\u00a0| Louisiana\u00a0| Maine |\u00a0Maryland\u00a0| Massachusetts\u00a0| Michigan\u00a0| Minnesota\u00a0| Mississippi\u00a0| Missouri\u00a0| Montana\u00a0| Nebraska\u00a0| Nevada\u00a0| New Hampshire\u00a0| New Jersey\u00a0| New Mexico\u00a0 | New York\u00a0| <strong><a href=\"https:\/\/ads.nodengo.com\/fr\/agency-order-ads\/?site_id=17\">Caroline du Nord<\/a>\u00a0| <\/strong>North Dakota\u00a0| Ohio\u00a0| Oklahoma\u00a0| Oregon\u00a0| Pennsylvania\u00a0| Rhode Island\u00a0| South Carolina\u00a0| South Dakota\u00a0| Tennessee\u00a0| Texas\u00a0| Utah\u00a0| Vermont\u00a0| Virginia\u00a0| Washington |\u00a0 West Virginia\u00a0| Wisconsin\u00a0 | Wyoming | Washington DC<\/p>\n\n\n\n<hr class=\"wp-block-separator has-alpha-channel-opacity is-style-dots\"\/>\n\n\n\n<p>Informations sur la publication<\/p>\n\n\n\n<ol class=\"wp-block-list\">\n<li class=\"has-small-font-size\"><em>Si l'\u00e9tat que vous avez choisi ci-dessus n'est pas \u00ab\u00a0mis en surbrillance\u00a0\u00bb, cela signifie que nous n'avons pas encore d'\u00e9diteur pour ce pays sp\u00e9cifique et que la publicit\u00e9 n'est donc pas disponible actuellement.<\/em>. <\/li>\n\n\n\n<li class=\"has-small-font-size\"><em>Veuillez noter que si l'espace publicitaire choisi n'appara\u00eet pas dans le menu d\u00e9roulant de la page suivante, cela signifie malheureusement que tous les espaces disponibles sont actuellement utilis\u00e9s.<\/em><\/li>\n\n\n\n<li class=\"has-small-font-size\">Une fois command\u00e9e la campagne publicitaire ne peut \u00eatre annul\u00e9e<\/li>\n\n\n\n<li class=\"has-small-font-size\"><em>Une fois achet\u00e9es, les annonces ne peuvent pas \u00eatre rembours\u00e9es<\/em><\/li>\n\n\n\n<li class=\"has-small-font-size\"><em>Choisissez ATTENTIVEMENT la SECTION dans laquelle vous souhaitez que l'annonce apparaisse<\/em>.<\/li>\n\n\n\n<li class=\"has-small-font-size\"><em>Toutes les campagnes publicitaires sur Nodengo.com passent par un processus de v\u00e9rification interne avant d'\u00eatre publi\u00e9es.<\/em><\/li>\n<\/ol>\n<\/div><\/div>\n\n\n\n<div style=\"height:55px\" aria-hidden=\"true\" class=\"wp-block-spacer\"><\/div>\n\n\n\n<p><\/p>","protected":false},"excerpt":{"rendered":"","protected":false},"author":2,"featured_media":0,"parent":0,"menu_order":0,"comment_status":"closed","ping_status":"closed","template":"","meta":{"_citadela_hide_page_title":"1","_citadela_remove_header_space":"1","_citadela_custom_class":"","_citadela_half_map_provider":"","_citadela_half_map_theme":"","_citadela_half_map_themeOSM":"","_citadela_half_map_customTheme":"","_citadela_half_map_dataType":"","_citadela_half_map_dynamicTrack":false,"_citadela_half_map_trackColor":"","_citadela_half_map_trackEndpointsColor":"","_citadela_half_map_filterCategory":"","_citadela_half_map_filterLocation":"","_citadela_half_map_filterFeatured":false,"_citadela_half_map_noDataBehavior":"empty-map","_citadela_half_map_noDataText":"","_citadela_half_map_clusterGridSize":80,"_citadela_header":true,"_citadela_header_over_content":true,"_citadela_header_text_color":"","_citadela_header_logo":[],"_citadela_header_bg_image":[],"_citadela_header_bg_position":{"x":0.5,"y":0.5},"_citadela_header_bg_size":"cover","_citadela_header_bg_repeat":"no-repeat","_citadela_header_bg_fixed":false,"_citadela_header_bg_color":"","_citadela_header_bg_image_overlay":"","_citadela_header_transparent_bg":true,"_citadela_content_width":"default","_citadela_half_layout_position":"","footnotes":""},"class_list":["post-1504","page","type-page","status-publish","hentry"],"_links":{"self":[{"href":"https:\/\/ads.nodengo.com\/fr\/wp-json\/wp\/v2\/pages\/1504","targetHints":{"allow":["GET"]}}],"collection":[{"href":"https:\/\/ads.nodengo.com\/fr\/wp-json\/wp\/v2\/pages"}],"about":[{"href":"https:\/\/ads.nodengo.com\/fr\/wp-json\/wp\/v2\/types\/page"}],"author":[{"embeddable":true,"href":"https:\/\/ads.nodengo.com\/fr\/wp-json\/wp\/v2\/users\/2"}],"replies":[{"embeddable":true,"href":"https:\/\/ads.nodengo.com\/fr\/wp-json\/wp\/v2\/comments?post=1504"}],"version-history":[{"count":0,"href":"https:\/\/ads.nodengo.com\/fr\/wp-json\/wp\/v2\/pages\/1504\/revisions"}],"wp:attachment":[{"href":"https:\/\/ads.nodengo.com\/fr\/wp-json\/wp\/v2\/media?parent=1504"}],"curies":[{"name":"wp","href":"https:\/\/api.w.org\/{rel}","templated":true}]}}