{"id":605,"date":"2023-12-05T15:18:09","date_gmt":"2023-12-05T15:18:09","guid":{"rendered":"https:\/\/ads.nodengo.com\/?page_id=605"},"modified":"2023-12-13T10:14:35","modified_gmt":"2023-12-13T10:14:35","slug":"informacion-2","status":"publish","type":"page","link":"https:\/\/ads.nodengo.com\/es\/information\/","title":{"rendered":"Informaci\u00f3n"},"content":{"rendered":"<div class=\"wp-block-citadela-blocks-custom-container citadela-block-custom-container size-content bg-type-image inside-space-none bg-size-cover has-bg has-overlay\" style=\"background-color:rgba(36, 37, 39, 1)\"><div class=\"bg-image-wrapper lazyload\" style=\"background-image:inherit;background-repeat:no-repeat;background-position:50% 50%\" data-bg-image=\"url(https:\/\/ads.nodengo.com\/wp-content\/uploads\/2019\/09\/owen-cl-boLgiM0qwkg-unsplash.jpg)\"><\/div><div class=\"bg-image-overlay\" style=\"background-color:#1f2125;opacity:0.9\"><\/div><div class=\"inner-holder\">\n<div class=\"wp-block-citadela-blocks-spacer citadela-block-spacer responsive-options loading\" data-block-attr=\"{&quot;desktop&quot;:{&quot;height&quot;:&quot;7em&quot;},&quot;mobile&quot;:{&quot;height&quot;:&quot;3em&quot;}}\" data-block-mobile-breakpoint=\"600\"><div class=\"inner-holder\" style=\"padding-top:7em\"><\/div><\/div>\n\n\n\n<div class=\"wp-block-citadela-blocks-spacer citadela-block-spacer responsive-options loading\" data-block-attr=\"{&quot;desktop&quot;:{&quot;height&quot;:&quot;4vw&quot;},&quot;mobile&quot;:{&quot;height&quot;:&quot;1.4vw&quot;}}\" data-block-mobile-breakpoint=\"600\"><div class=\"inner-holder\" style=\"padding-top:4vw\"><\/div><\/div>\n\n\n\n<h1 class=\"wp-block-heading has-text-align-center has-white-color has-text-color has-link-color wp-elements-8dc5dc561e6d7f3ede868b39a384130e\" style=\"font-size:64px\">Informaci\u00f3n<\/h1>\n\n\n         <div \r\n            class=\"citadela-block-responsive-text align-center\"\r\n                                 >\r\n            <p class=\"inner-tag\" style=\"font-size: 0.95em; letter-spacing: 0.05em; color: #c09b72;\">Acerca de nuestro programa de publicidad<br>Ofrecemos publicidad verdaderamente dirigida que le permite llegar a clientes potenciales directamente cuando buscan informaci\u00f3n sobre el destino y planifican sus vacaciones.<\/p>         <\/div>\r\n      \n\n\n<div class=\"wp-block-citadela-blocks-spacer citadela-block-spacer\"><div class=\"inner-holder\" style=\"padding-top:20px\"><\/div><\/div>\n\n\n\n<div class=\"wp-block-buttons is-horizontal is-content-justification-center is-layout-flex wp-container-core-buttons-is-layout-499968f5 wp-block-buttons-is-layout-flex\">\n<div class=\"wp-block-button is-style-outline is-style-outline--2\"><a class=\"wp-block-button__link has-text-color wp-element-button\" href=\"https:\/\/ads.nodengo.com\/es\/advertising-options\/\" style=\"color:#c09b72\" target=\"_blank\" rel=\"noreferrer noopener\">Ver ofertas y precios<\/a><\/div>\n<\/div>\n\n\n\n<div class=\"wp-block-citadela-blocks-spacer citadela-block-spacer\"><div class=\"inner-holder\" style=\"padding-top:20px\"><\/div><\/div>\n\n\n\n<div class=\"wp-block-citadela-blocks-spacer citadela-block-spacer\"><div class=\"inner-holder\" style=\"padding-top:7.5vw\"><\/div><\/div>\n<\/div><\/div>\n\n\n\n<div class=\"wp-block-group alignwide\"><div class=\"wp-block-group__inner-container is-layout-flow wp-block-group-is-layout-flow\">\t\t\t<!-- Flexy Breadcrumb -->\r\n\t\t\t<div class=\"fbc fbc-page\">\r\n\r\n\t\t\t\t<!-- Breadcrumb wrapper -->\r\n\t\t\t\t<div class=\"fbc-wrap\">\r\n\r\n\t\t\t\t\t<!-- Ordered list-->\r\n\t\t\t\t\t<ol class=\"fbc-items\" itemscope itemtype=\"https:\/\/schema.org\/BreadcrumbList\">\r\n\t\t\t\t\t\t            <li itemprop=\"itemListElement\" itemscope itemtype=\"https:\/\/schema.org\/ListItem\">\r\n                <span itemprop=\"name\">\r\n                    <!-- Home Link -->\r\n                    <a itemprop=\"item\" href=\"https:\/\/ads.nodengo.com\/es\/\">\r\n                    \r\n                                                    <i class=\"fa fa-home\" aria-hidden=\"true\"><\/i>Home                    <\/a>\r\n                <\/span>\r\n                <meta itemprop=\"position\" content=\"1\" \/><!-- Meta Position-->\r\n             <\/li><li><span class=\"fbc-separator\">\/<\/span><\/li><li class=\"active\" itemprop=\"itemListElement\" itemscope itemtype=\"https:\/\/schema.org\/ListItem\"><span itemprop=\"name\" title=\"Blog\">Blog<\/span><meta itemprop=\"position\" content=\"2\" \/><\/li>\t\t\t\t\t<\/ol>\r\n\t\t\t\t\t<div class=\"clearfix\"><\/div>\r\n\t\t\t\t<\/div>\r\n\t\t\t<\/div>\r\n\t\t\t\n<\/div><\/div>\n\n\n\r\n        <div class=\"wp-block-citadela-blocks ctdl-directory-search-form border-thin shadow-default align-center\">\r\n            <div class=\"citadela-block-form search-form-component-container\" style=\"\" data-action=\"&quot;https:\\\/\\\/ads.nodengo.com\\\/es\\\/&quot;\"data-post-type=\"citadela-item\"data-category-taxonomy=\"citadela-item-category\"data-location-taxonomy=\"citadela-item-location\">\r\n            <\/div>\r\n                    <\/div>\r\n\r\n        \n\n\n<div class=\"wp-block-citadela-blocks-custom-container citadela-block-custom-container size-wide bg-type-none inside-space-none\"><div class=\"inner-holder\">\n<div class=\"wp-block-citadela-blocks-custom-container citadela-block-custom-container size-wide bg-type-none inside-space-none\"><div class=\"inner-holder\">\n<h2 class=\"wp-block-heading\">INFORMACI\u00d3N SOBRE NUESTRO PROGRAMA<\/h2>\n\n\n\n<h4 class=\"wp-block-heading\"><img decoding=\"async\" data-src=\"https:\/\/ads.nodengo.com\/wp-content\/uploads\/buttongrey.gif\" src=\"data:image\/svg+xml;base64,PHN2ZyB3aWR0aD0iMSIgaGVpZ2h0PSIxIiB4bWxucz0iaHR0cDovL3d3dy53My5vcmcvMjAwMC9zdmciPjwvc3ZnPg==\" class=\"lazyload\" style=\"--smush-placeholder-width: 16px; --smush-placeholder-aspect-ratio: 16\/9;\">&nbsp;<u>\u00bfQu\u00e9 es Nodengo.com?<\/u><\/h4>\n\n\n\n<p>Nodengo.com es una red en l\u00ednea centrada en proporcionar informaci\u00f3n tur\u00edstica local, detalles de viajes y gu\u00edas de ciudades. Reconocimos la falta de informaci\u00f3n local precisa e imparcial en Internet, lo que nos llev\u00f3 a establecer esta plataforma. Con nuestra experiencia en la industria del turismo y la hosteler\u00eda, vimos la necesidad de mejorar y cre\u00edmos que deber\u00eda haber una forma m\u00e1s eficaz de promocionar los establecimientos entre el p\u00fablico.<\/p>\n\n\n\n<p>Nuestra misi\u00f3n es abordar este problema ofreciendo a los visitantes informaci\u00f3n actualizada sobre su ciudad de destino. Ya sea que tenga preferencias de viaje espec\u00edficas o sea flexible y busque informaci\u00f3n, Nodengo.com es el recurso ideal para buscar y planificar el mejor viaje con recomendaciones.<\/p>\n\n\n\n<p><img decoding=\"async\" data-src=\"https:\/\/ads.nodengo.com\/wp-content\/uploads\/buttongrey.gif\" alt=\"information\" src=\"data:image\/svg+xml;base64,PHN2ZyB3aWR0aD0iMSIgaGVpZ2h0PSIxIiB4bWxucz0iaHR0cDovL3d3dy53My5vcmcvMjAwMC9zdmciPjwvc3ZnPg==\" class=\"lazyload\" style=\"--smush-placeholder-width: 16px; --smush-placeholder-aspect-ratio: 16\/9;\">  Si desea obtener m\u00e1s informaci\u00f3n sobre c\u00f3mo podemos ayudarlo adem\u00e1s de la publicidad en nuestro sitio, lo invitamos a consultar nuestro <a href=\"https:\/\/nodengo.com\/es\/hospitality-network\/\" target=\"_blank\" rel=\"noopener\">Network information&nbsp;<\/a><\/p>\n\n\n\n<h4 class=\"wp-block-heading\"><img decoding=\"async\" data-src=\"https:\/\/ads.nodengo.com\/wp-content\/uploads\/buttongrey.gif\" src=\"data:image\/svg+xml;base64,PHN2ZyB3aWR0aD0iMSIgaGVpZ2h0PSIxIiB4bWxucz0iaHR0cDovL3d3dy53My5vcmcvMjAwMC9zdmciPjwvc3ZnPg==\" class=\"lazyload\" style=\"--smush-placeholder-width: 16px; --smush-placeholder-aspect-ratio: 16\/9;\">&nbsp;\u00bfPor qu\u00e9 Nodengo.com?<\/h4>\n\n\n\n<p>A&nbsp;<a href=\"http:\/\/nodengo.com\/\" target=\"_blank\" rel=\"noreferrer noopener\">Nodengo.com<\/a>&nbsp;queremos ofrecer publicidad directamente a trav\u00e9s de nuestro sistema de anuncios. Somos una reuni\u00f3n de profesionales del turismo local como usted, que viven en su vecindario y pueden contarle al mundo \u201cprofesionalmente\u201d sobre su establecimiento. Nos hemos propuesto ser el lugar n\u00famero uno para la informaci\u00f3n de destinos en todo el mundo, al proporcionar rese\u00f1as imparciales, profesionales y precisas sobre establecimientos locales proporcionadas por Editores locales.<\/p>\n\n\n\n<h4 class=\"wp-block-heading\"><img decoding=\"async\" data-src=\"https:\/\/ads.nodengo.com\/wp-content\/uploads\/buttongrey.gif\" src=\"data:image\/svg+xml;base64,PHN2ZyB3aWR0aD0iMSIgaGVpZ2h0PSIxIiB4bWxucz0iaHR0cDovL3d3dy53My5vcmcvMjAwMC9zdmciPjwvc3ZnPg==\" class=\"lazyload\" style=\"--smush-placeholder-width: 16px; --smush-placeholder-aspect-ratio: 16\/9;\">&nbsp;Opciones de orientaci\u00f3n geogr\u00e1fica<\/h4>\n\n\n\n<p>Hemos optado por ofrecer publicidad directa porque creemos que las \"palabras publicitarias\" y otros programas no ofrecen la flexibilidad de presentar un anuncio para una ciudad espec\u00edfica o espec\u00edficamente para su tipo de negocio.<\/p>\n\n\n\n<p>La mayor\u00eda de los sitios se basan en la publicidad autom\u00e1tica y no est\u00e1n dirigidos espec\u00edficamente a su audiencia. Si est\u00e1 pensando en visitar la Patagonia el pr\u00f3ximo verano, es posible que el anuncio de una nueva m\u00e1quina de coser no sea lo que le interesa en este momento en particular. Sin embargo, si tiene un establecimiento en Budapest, mostrar su anuncio en nuestra p\u00e1gina de Budapest sin duda aumentar\u00e1 su exposici\u00f3n a clientes potenciales.<\/p>\n\n\n\n<h4 class=\"wp-block-heading\"><img decoding=\"async\" data-src=\"https:\/\/ads.nodengo.com\/wp-content\/uploads\/buttongrey.gif\" src=\"data:image\/svg+xml;base64,PHN2ZyB3aWR0aD0iMSIgaGVpZ2h0PSIxIiB4bWxucz0iaHR0cDovL3d3dy53My5vcmcvMjAwMC9zdmciPjwvc3ZnPg==\" class=\"lazyload\" style=\"--smush-placeholder-width: 16px; --smush-placeholder-aspect-ratio: 16\/9;\">&nbsp;\u00bfD\u00f3nde aparecer\u00e1n los anuncios?<\/h4>\n\n\n\n<p>La apariencia de su anuncio se define por la ubicaci\u00f3n elegida cuando compra un bloque de anuncios. Como se mencion\u00f3, su anuncio est\u00e1 orientado seg\u00fan su ubicaci\u00f3n para atraer clientes \/ visitantes a una ciudad espec\u00edfica<\/p>\n\n\n\n<h4 class=\"wp-block-heading\"><img decoding=\"async\" data-src=\"https:\/\/ads.nodengo.com\/wp-content\/uploads\/buttongrey.gif\" src=\"data:image\/svg+xml;base64,PHN2ZyB3aWR0aD0iMSIgaGVpZ2h0PSIxIiB4bWxucz0iaHR0cDovL3d3dy53My5vcmcvMjAwMC9zdmciPjwvc3ZnPg==\" class=\"lazyload\" style=\"--smush-placeholder-width: 16px; --smush-placeholder-aspect-ratio: 16\/9;\">&nbsp;\u00bfCu\u00e1nto costar\u00e1n los anuncios?<\/h4>\n\n\n\n<p>Hay varios planes de precios disponibles, depende del pa\u00eds o ciudad a la que se dirija, as\u00ed como de la posici\u00f3n de su publicidad.<\/p>\n\n\n\n<p><strong>Controle su inversi\u00f3n publicitaria<\/strong>&nbsp;: En este momento solo ofrecemos publicidad de CPD, ya que consideramos que le brinda un mejor retorno de su presupuesto publicitario, ofreceremos las opciones de CPC y CPM en el futuro. Los anuncios son espec\u00edficos de una ubicaci\u00f3n para obtener m\u00e1s informaci\u00f3n, consulte nuestro&nbsp;<a href=\"https:\/\/ads.nodengo.com\/es\/order-prices\/\">list<\/a><\/p>\n\n\n\n<h4 class=\"wp-block-heading\"><img decoding=\"async\" data-src=\"https:\/\/ads.nodengo.com\/wp-content\/uploads\/buttongrey.gif\" src=\"data:image\/svg+xml;base64,PHN2ZyB3aWR0aD0iMSIgaGVpZ2h0PSIxIiB4bWxucz0iaHR0cDovL3d3dy53My5vcmcvMjAwMC9zdmciPjwvc3ZnPg==\" class=\"lazyload\" style=\"--smush-placeholder-width: 16px; --smush-placeholder-aspect-ratio: 16\/9;\">&nbsp;\u00bfQu\u00e9 formatos se aceptan?<\/h4>\n\n\n\n<p>Est\u00e1n disponibles los siguientes formatos de anuncios: Flash ya no se acepta. Se aceptan im\u00e1genes de texto (jpg, png, gif) Para mantener la coherencia en nuestra entrega y versi\u00f3n m\u00f3vil, privilegiamos los anuncios de banner est\u00e1ndar (en su mayor\u00eda 300 \u00d7 250 y 728 \u00d7 90) que hemos encontrado que funcionan bien. Sin embargo tenemos<\/p>\n\n\n\n<h4 class=\"wp-block-heading\"><img decoding=\"async\" data-src=\"https:\/\/ads.nodengo.com\/wp-content\/uploads\/buttongrey.gif\" src=\"data:image\/svg+xml;base64,PHN2ZyB3aWR0aD0iMSIgaGVpZ2h0PSIxIiB4bWxucz0iaHR0cDovL3d3dy53My5vcmcvMjAwMC9zdmciPjwvc3ZnPg==\" class=\"lazyload\" style=\"--smush-placeholder-width: 16px; --smush-placeholder-aspect-ratio: 16\/9;\">&nbsp;Lo hacemos f\u00e1cil<\/h4>\n\n\n\n<p>Desde facilitarle la orientaci\u00f3n a clientes potenciales, hasta ofrecer opciones de publicidad muy asequibles, ayudarlo a orientar su audiencia y realizar un seguimiento de su presupuesto publicitario a trav\u00e9s de nuestras estad\u00edsticas en l\u00ednea y ofrecer t\u00e9rminos publicitarios flexibles, le facilitamos la obtenci\u00f3n de \" M\u00e1s beneficios para tu pub \"&nbsp;<strong>\u201cMore bang for your pub\u201d<\/strong><\/p>\n\n\n\n<h4 class=\"wp-block-heading\"><img decoding=\"async\" data-src=\"https:\/\/ads.nodengo.com\/wp-content\/uploads\/buttongrey.gif\" src=\"data:image\/svg+xml;base64,PHN2ZyB3aWR0aD0iMSIgaGVpZ2h0PSIxIiB4bWxucz0iaHR0cDovL3d3dy53My5vcmcvMjAwMC9zdmciPjwvc3ZnPg==\" class=\"lazyload\" style=\"--smush-placeholder-width: 16px; --smush-placeholder-aspect-ratio: 16\/9;\">&nbsp;Controle su inversi\u00f3n publicitaria<\/h4>\n\n\n\n<p>Cada anunciante tiene acceso a las estad\u00edsticas en l\u00ednea. Despu\u00e9s de comprar un espacio publicitario, recibir\u00e1 un correo electr\u00f3nico con un enlace a las estad\u00edsticas que est\u00e1n disponibles en l\u00ednea.<\/p>\n\n\n\n<p>Tambi\u00e9n puede iniciar sesi\u00f3n y ver sus estad\u00edsticas publicitarias.<br>Las estad\u00edsticas son receptivas para que pueda controlarlas en todo momento. Las estad\u00edsticas incluyen (<strong>contador de clics \/ vistas, CTR<\/strong>&nbsp;y haga clic en detalles:&nbsp;<strong>fecha, IP, navegador, estado<\/strong>)<\/p>\n\n\n\n<h4 class=\"wp-block-heading\"><img decoding=\"async\" data-src=\"https:\/\/ads.nodengo.com\/wp-content\/uploads\/buttongrey.gif\" src=\"data:image\/svg+xml;base64,PHN2ZyB3aWR0aD0iMSIgaGVpZ2h0PSIxIiB4bWxucz0iaHR0cDovL3d3dy53My5vcmcvMjAwMC9zdmciPjwvc3ZnPg==\" class=\"lazyload\" style=\"--smush-placeholder-width: 16px; --smush-placeholder-aspect-ratio: 16\/9;\">&nbsp;Configure el pago en minutos<\/h4>\n\n\n\n<p>Todo lo que necesita es una tarjeta de cr\u00e9dito y una cuenta de Paypal.<\/p>\n\n\n\n<h4 class=\"wp-block-heading\"><img decoding=\"async\" data-src=\"https:\/\/ads.nodengo.com\/wp-content\/uploads\/buttongrey.gif\" src=\"data:image\/svg+xml;base64,PHN2ZyB3aWR0aD0iMSIgaGVpZ2h0PSIxIiB4bWxucz0iaHR0cDovL3d3dy53My5vcmcvMjAwMC9zdmciPjwvc3ZnPg==\" class=\"lazyload\" style=\"--smush-placeholder-width: 16px; --smush-placeholder-aspect-ratio: 16\/9;\">&nbsp;\u00bfPor qu\u00e9 necesito registrarme?<\/h4>\n\n\n\n<p>Con el fin de ofrecer la mejor experiencia a nuestros visitantes y anunciantes, le solicitamos que se registre antes de colocar un anuncio. No solo nos permite obtener estad\u00edsticas sobre su campa\u00f1a publicitaria, sino que tambi\u00e9n evita que el spam y otros robots utilicen nuestro sistema de publicidad automatizado.<\/p>\n\n\n\n<p>Su cuenta se utiliza \u00fanicamente para los fines enumerados anteriormente y siga nuestras<a href=\"https:\/\/ads.nodengo.com\/es\/privacy\/\"><strong>&nbsp;pol\u00edtica de privacidad<\/strong><\/a><\/p>\n<\/div><\/div>\n<\/div><\/div>","protected":false},"excerpt":{"rendered":"","protected":false},"author":5,"featured_media":0,"parent":0,"menu_order":0,"comment_status":"closed","ping_status":"closed","template":"","meta":{"_citadela_hide_page_title":"1","_citadela_remove_header_space":"1","_citadela_custom_class":"","_citadela_half_map_provider":"","_citadela_half_map_theme":"","_citadela_half_map_themeOSM":"","_citadela_half_map_customTheme":"","_citadela_half_map_dataType":"","_citadela_half_map_dynamicTrack":false,"_citadela_half_map_trackColor":"","_citadela_half_map_trackEndpointsColor":"","_citadela_half_map_filterCategory":"","_citadela_half_map_filterLocation":"","_citadela_half_map_filterFeatured":false,"_citadela_half_map_noDataBehavior":"empty-map","_citadela_half_map_noDataText":"","_citadela_half_map_clusterGridSize":80,"_citadela_header":true,"_citadela_header_over_content":true,"_citadela_header_text_color":"","_citadela_header_logo":[],"_citadela_header_bg_image":[],"_citadela_header_bg_position":{"x":0.5,"y":0.5},"_citadela_header_bg_size":"cover","_citadela_header_bg_repeat":"no-repeat","_citadela_header_bg_fixed":false,"_citadela_header_bg_color":"","_citadela_header_bg_image_overlay":"","_citadela_header_transparent_bg":true,"_citadela_content_width":"default","_citadela_half_layout_position":"","footnotes":""},"class_list":["post-605","page","type-page","status-publish","hentry"],"_links":{"self":[{"href":"https:\/\/ads.nodengo.com\/es\/wp-json\/wp\/v2\/pages\/605","targetHints":{"allow":["GET"]}}],"collection":[{"href":"https:\/\/ads.nodengo.com\/es\/wp-json\/wp\/v2\/pages"}],"about":[{"href":"https:\/\/ads.nodengo.com\/es\/wp-json\/wp\/v2\/types\/page"}],"author":[{"embeddable":true,"href":"https:\/\/ads.nodengo.com\/es\/wp-json\/wp\/v2\/users\/5"}],"replies":[{"embeddable":true,"href":"https:\/\/ads.nodengo.com\/es\/wp-json\/wp\/v2\/comments?post=605"}],"version-history":[{"count":0,"href":"https:\/\/ads.nodengo.com\/es\/wp-json\/wp\/v2\/pages\/605\/revisions"}],"wp:attachment":[{"href":"https:\/\/ads.nodengo.com\/es\/wp-json\/wp\/v2\/media?parent=605"}],"curies":[{"name":"wp","href":"https:\/\/api.w.org\/{rel}","templated":true}]}}