{"id":589,"date":"2023-12-05T14:51:52","date_gmt":"2023-12-05T14:51:52","guid":{"rendered":"https:\/\/ads.nodengo.com\/?page_id=589"},"modified":"2023-12-14T17:55:20","modified_gmt":"2023-12-14T17:55:20","slug":"terms-and-conditions","status":"publish","type":"page","link":"https:\/\/ads.nodengo.com\/es\/terms-and-conditions\/","title":{"rendered":"T\u00e9rminos y condiciones"},"content":{"rendered":"<div class=\"wp-block-citadela-blocks-custom-container citadela-block-custom-container size-wide bg-type-none inside-space-none\"><div class=\"inner-holder\">\n<div class=\"wp-block-citadela-blocks-spacer citadela-block-spacer responsive-options loading\" data-block-attr=\"{&quot;desktop&quot;:{&quot;height&quot;:&quot;40px&quot;},&quot;mobile&quot;:{&quot;height&quot;:&quot;30px&quot;}}\" data-block-mobile-breakpoint=\"600\"><div class=\"inner-holder\" style=\"padding-top:40px\"><\/div><\/div>\n\n\n\t\t\t<!-- Flexy Breadcrumb -->\r\n\t\t\t<div class=\"fbc fbc-page\">\r\n\r\n\t\t\t\t<!-- Breadcrumb wrapper -->\r\n\t\t\t\t<div class=\"fbc-wrap\">\r\n\r\n\t\t\t\t\t<!-- Ordered list-->\r\n\t\t\t\t\t<ol class=\"fbc-items\" itemscope itemtype=\"https:\/\/schema.org\/BreadcrumbList\">\r\n\t\t\t\t\t\t            <li itemprop=\"itemListElement\" itemscope itemtype=\"https:\/\/schema.org\/ListItem\">\r\n                <span itemprop=\"name\">\r\n                    <!-- Home Link -->\r\n                    <a itemprop=\"item\" href=\"https:\/\/ads.nodengo.com\/es\/\">\r\n                    \r\n                                                    <i class=\"fa fa-home\" aria-hidden=\"true\"><\/i>Home                    <\/a>\r\n                <\/span>\r\n                <meta itemprop=\"position\" content=\"1\" \/><!-- Meta Position-->\r\n             <\/li><li><span class=\"fbc-separator\">\/<\/span><\/li><li class=\"active\" itemprop=\"itemListElement\" itemscope itemtype=\"https:\/\/schema.org\/ListItem\"><span itemprop=\"name\" title=\"Blog\">Blog<\/span><meta itemprop=\"position\" content=\"2\" \/><\/li>\t\t\t\t\t<\/ol>\r\n\t\t\t\t\t<div class=\"clearfix\"><\/div>\r\n\t\t\t\t<\/div>\r\n\t\t\t<\/div>\r\n\t\t\t\n\n\n\n<h2 class=\"wp-block-heading\"><img decoding=\"async\" data-src=\"https:\/\/ads.nodengo.com\/wp-content\/uploads\/nodengo-2.gif\" alt=\"terms and conditions\" src=\"data:image\/svg+xml;base64,PHN2ZyB3aWR0aD0iMSIgaGVpZ2h0PSIxIiB4bWxucz0iaHR0cDovL3d3dy53My5vcmcvMjAwMC9zdmciPjwvc3ZnPg==\" class=\"lazyload\" style=\"--smush-placeholder-width: 58px; --smush-placeholder-aspect-ratio: 58\/57;\"><strong>T\u00e9rminos y condiciones de publicidad<\/strong><\/h2>\n\n\n\n<p><strong>T\u00e9rminos y condiciones para la Aceptaci\u00f3n de Publicidad<\/strong><\/p>\n\n\n\n<p>En estos T\u00e9rminos y Condiciones, Red de Publicidad Nodengo.com\/ <a href=\"https:\/\/ads.nodengo.com\/es\/\">ads.nodengo.com<\/a>  (colectivamente \"Empresa, nuestro sitio, nosotros\"), y \"Anunciante\" significa la persona u otra entidad legal que realiza el pedido del Anuncio (\"el Pedido\"), ya sea el anunciante del producto o servicio. mencionado en el Anuncio o la agencia de publicidad o comprador de medios para dicho anunciante y al realizar un Pedido, el Anunciante acepta y acepta estar sujeto a estos T\u00e9rminos y Condiciones en su totalidad.  <\/p>\n\n\n\n<p>Cuando el Anunciante sea una agencia de publicidad o un comprador de medios, el Anunciante garantiza que est\u00e1 autorizado por el anunciante del producto o servicio para realizar el Pedido con nosotros y el Anunciante nos compensar\u00e1 e indemnizar\u00e1 en su totalidad por cualquier reclamo realizado por dicho anunciante contra nosotros con respecto a la publicaci\u00f3n de dicho Anuncio.<br>Todos los pedidos se aceptar\u00e1n sujetos a la aprobaci\u00f3n de nuestro sitio de la copia publicitaria y al espacio disponible en la publicaci\u00f3n correspondiente.<\/p>\n\n\n\n<p>Reconocemos la importancia de la seguridad e integridad de la marca de los anunciantes. Por lo tanto, empleamos nuestro propio sistema de publicidad para garantizar la efectividad de cada una de las campa\u00f1as de nuestros anunciantes.<br>Todas las campa\u00f1as publicitarias de nuestro sitio pasan por un proceso de investigaci\u00f3n interno antes de publicarse en nuestro sitio. Comprobamos, entre otras cosas, la calidad de la campa\u00f1a publicitaria y la ubicaci\u00f3n del contenido dentro de la p\u00e1gina, ya que la publicidad debe dirigirse a pa\u00edses\/ciudades\/etc espec\u00edficos. Solo aceptamos publicidad que sea pertinente a ese pa\u00eds\/ciudad.<\/p>\n\n\n\n<p>Una parte integral del negocio de nuestro sitio es mostrar anuncios espec\u00edficamente para el pa\u00eds\/ciudad. Todos los contenidos enviados por los usuarios son moderados y publicados de acuerdo con las pautas de env\u00edo y los t\u00e9rminos y condiciones de nuestro sitio. para garantizar que se excluyan contenidos y contextos inapropiados.<\/p>\n\n\n\n<p>No podemos garantizar la cantidad de impresiones durante ning\u00fan per\u00edodo de la campa\u00f1a, ya sea CPM\/CPC o CPD. No podemos garantizar la posici\u00f3n, fecha y\/u hora de la publicaci\u00f3n de un Anuncio y dicha decisi\u00f3n quedar\u00e1 a discreci\u00f3n exclusiva de nuestro sitio, que utilizar\u00e1 sus medidas razonables para cumplir con los deseos del Anunciante.\n\u200b<br>En el improbable caso de que un anunciante haya solicitado la colocaci\u00f3n de una campa\u00f1a que no sigue las pautas de nuestro pa\u00eds\/ciudad, se le notificar\u00e1 para que investigue la inquietud y discuta una soluci\u00f3n.<\/p>\n\n\n\n<p>Podemos cambiar sus tarifas de Publicidad en cualquier momento publicando las tarifas modificadas en dicho sitio web. Cualquier cambio en las tarifas entrar\u00e1 en vigor de inmediato, pero no se aplicar\u00e1 a ning\u00fan pedido cuya publicaci\u00f3n haya aceptado Nodengo.com antes de la fecha de dicho cambio.<\/p>\n\n\n\n<p>Utilizaremos todos los medios razonables para reproducir los Anuncios proporcionados por el Anunciante, pero no podemos garantizar que el Anuncio sea de la misma calidad.<\/p>\n\n\n\n<p>Si nuestro sitio ha aceptado un Pedido y el Anuncio no se publica \u00fanicamente debido a nuestro error, intentaremos ofrecer una fecha de publicaci\u00f3n alternativa. Si el Anunciante no acepta la fecha de publicaci\u00f3n alternativa, el Pedido original se cancelar\u00e1 y el Anunciante tendr\u00e1 derecho a un reembolso completo. Este ser\u00e1 el \u00fanico recurso del Anunciante en caso de no publicar el Anuncio.<\/p>\n\n\n\n<p>Si el Anuncio publicado por nosotros contiene un error sustancial \u00fanicamente debido a nuestro error, a petici\u00f3n del Anunciante, volveremos a publicar el Anuncio sin costo adicional para el Anunciante. Este ser\u00e1 el \u00fanico remedio del Anunciante por el error original. No seremos responsables de la repetici\u00f3n de errores y ser\u00e1 responsabilidad del Anunciante informarnos de cualquier error.<\/p>\n\n\n\n<p><br>S\u00f3lo seremos responsables de las p\u00e9rdidas directas y comprobadas sufridas o incurridas por el Anunciante que surjan de cualquier responsabilidad de nuestro sitio hacia el Anunciante, ya sea como resultado de un incumplimiento de Contrato, incumplimiento de deber o de otro modo y en cualquier caso el total La responsabilidad de nuestro sitio por dichas p\u00e9rdidas directas no exceder\u00e1 el monto total de la tarifa por el Anuncio relevante realmente pagado por el Anunciante.<\/p>\n\n\n\n<p>No seremos responsables de ninguna p\u00e9rdida de ingresos, p\u00e9rdida de ganancias, p\u00e9rdida de ahorros anticipados, p\u00e9rdida de oportunidades, p\u00e9rdida de fondo de comercio y\/o cualquier otra p\u00e9rdida que ocurra como consecuencia de cualquier p\u00e9rdida directa y probada sufrida por el Anunciante o por cualquier otra p\u00e9rdida que no podamos contemplar.<\/p>\n\n\n\n<p>El Anunciante nos otorga el derecho, de forma gratuita, en todo momento a utilizar los nombres, marcas comerciales y\/o logotipos del Anunciante que consideremos necesarios con el fin de publicar el Anuncio.<br><\/p>\n\n\n\n<p>T\u00e9rminos y condiciones <strong>Pol\u00edtica para todos los anunciantes<\/strong><\/p>\n\n\n\n<p>El idioma principal de nuestro sitio es el \u201cingl\u00e9s\u201d, por lo tanto solicitamos que su banner se presente en este idioma; si eso no fuera posible, se puede utilizar el idioma local.<br>No competitive advertiser we are working on a translation features are allowed (e.g. TripAdvisor etc.).<br>Tampoco se permitir\u00e1 la publicidad de sitios de metabuscadores (kayak, etc.) en el \u00e1mbito de viajes y hoteles.\n\u200b<br>El anuncio enviado para su publicaci\u00f3n en l\u00ednea estar\u00e1 libre de virus y no causar\u00e1 ning\u00fan efecto adverso en el funcionamiento de ning\u00fan sitio web u otro dispositivo digital.<br>El Anunciante nos garantiza que toda la informaci\u00f3n proporcionada en relaci\u00f3n con el Anuncio es precisa, completa, verdadera y no enga\u00f1osa;<br>No se aceptar\u00e1 publicidad sobre publicidad no relacionada con viajes o sin vinculaci\u00f3n con viajes.<br>No se permiten en el sitio materiales publicitarios que sean indecentes, ilegales, enga\u00f1osos, da\u00f1inos, abusivos, acosadores, injuriosos, difamatorios u otros materiales ofensivos.<br>No se aceptar\u00e1n materiales publicitarios que sean ilegales en el Pa\u00eds\/Ciudad que se desee publicar.<br>No se permitir\u00e1n en el sitio anuncios que simulen nuestro material editorial en apariencia o estilo, o que no sean f\u00e1cilmente identificables como anuncios.<br>Nuestro sitio no restringe ning\u00fan color dentro de los anuncios; sin embargo, la creatividad podr\u00eda rechazarse si parece imitar los colores, la funcionalidad, el contenido o la apariencia de nuestro sitio o marca. Esto tambi\u00e9n se aplica a los anuncios que pueden confundirse con el contenido de nuestro sitio, como listas, blogs, p\u00e1ginas locales o funciones.<br>Sin estilo publicitario \u201cllamativo\u201d y \u201cparpadeante\u201d.<br>No se aceptar\u00e1 contenido ofrecido a cambio de beneficio personal, como obsequios, servicios o dinero.<br>No se aceptar\u00e1 publicidad de juegos de azar, medicamentos recetados, tabaco, religi\u00f3n, pol\u00edtica, armas o temas sexualmente expl\u00edcitos.<br>Nos reservamos el derecho de rechazar publicidad o solicitar una revisi\u00f3n si el contenido o el dise\u00f1o del anuncio se considera inadecuado para el sitio o impacta negativamente la experiencia del usuario, a su entera discreci\u00f3n.<br>No se permiten im\u00e1genes ni videos que infrinjan derechos de autor, marcas comerciales u otros derechos de propiedad legales.<br>Los anunciantes asumir\u00e1n la responsabilidad total de cualquier anuncio colocado en nuestro sitio y de cualquier servicio proporcionado en el Sitio o productos vendidos a trav\u00e9s de esos anuncios.<br>No somos responsables del contenido de los sitios accesibles a trav\u00e9s de banners que muestran los Anunciantes.<br>Ya no se acepta Flash. Se aceptan GIF, JPG, PNG y HTML5 son obligatorios.<\/p>\n\n\n\n<p><strong>Indemnidad<\/strong><\/p>\n\n\n\n<p>Usted acepta indemnizar y eximir a nuestro sitio y a sus empleados y agentes de toda responsabilidad, honorarios legales, da\u00f1os, p\u00e9rdidas, costos y otros gastos en relaci\u00f3n con cualquier reclamo o acci\u00f3n interpuesta contra nuestro sitio que surja de cualquier incumplimiento por su parte. de estos T\u00e9rminos y condiciones u otras responsabilidades que surjan de su uso de este sitio web.<\/p>\n\n\n\n<p><\/p>\n\n\n\n<div style=\"height:19px\" aria-hidden=\"true\" class=\"wp-block-spacer\"><\/div>\n\n\n\n<p><em>Tenga en cuenta que esta p\u00e1gina ha sido traducida autom\u00e1ticamente del ingl\u00e9s original.<\/em>.&nbsp;<em>No se ofrece ninguna garant\u00eda de ning\u00fan tipo, ya sea expresa o impl\u00edcita, en cuanto a la exactitud, confiabilidad o correcci\u00f3n de las traducciones realizadas del ingl\u00e9s a cualquier otro idioma.<\/em><\/p>\n<\/div><\/div>\n\n\n\n<div class=\"wp-block-citadela-blocks-spacer citadela-block-spacer\"><div class=\"inner-holder\" style=\"padding-top:50px\"><\/div><\/div>\n\n\n\n<div class=\"wp-block-citadela-blocks-spacer citadela-block-spacer\"><div class=\"inner-holder\" style=\"padding-top:2vw\"><\/div><\/div>\n\n\n\n<div class=\"wp-block-citadela-blocks-custom-container citadela-block-custom-container size-wide bg-type-image inside-space-none bg-size-auto\"><div class=\"bg-image-wrapper lazyload\" style=\"background-image:inherit;background-repeat:no-repeat;background-position:40% 100%\" data-bg-image=\"url(https:\/\/ads.nodengo.com\/wp-content\/uploads\/2019\/09\/graph.png)\"><\/div><div class=\"inner-holder\">\n<div class=\"wp-block-citadela-blocks-spacer citadela-block-spacer\"><div class=\"inner-holder\" style=\"padding-top:40px\"><\/div><\/div>\n\n\n\n<div class=\"wp-block-citadela-blocks-spacer citadela-block-spacer\"><div class=\"inner-holder\" style=\"padding-top:145px\"><\/div><\/div>\n<\/div><\/div>\n\n\n\n<div class=\"wp-block-citadela-blocks-spacer citadela-block-spacer\"><div class=\"inner-holder\" style=\"padding-top:4vw\"><\/div><\/div>","protected":false},"excerpt":{"rendered":"","protected":false},"author":2,"featured_media":0,"parent":0,"menu_order":0,"comment_status":"closed","ping_status":"closed","template":"","meta":{"_citadela_hide_page_title":"1","_citadela_remove_header_space":"1","_citadela_custom_class":"","_citadela_half_map_provider":"","_citadela_half_map_theme":"","_citadela_half_map_themeOSM":"","_citadela_half_map_customTheme":"","_citadela_half_map_dataType":"","_citadela_half_map_dynamicTrack":false,"_citadela_half_map_trackColor":"","_citadela_half_map_trackEndpointsColor":"","_citadela_half_map_filterCategory":"","_citadela_half_map_filterLocation":"","_citadela_half_map_filterFeatured":false,"_citadela_half_map_noDataBehavior":"empty-map","_citadela_half_map_noDataText":"","_citadela_half_map_clusterGridSize":80,"_citadela_header":true,"_citadela_header_over_content":false,"_citadela_header_text_color":"","_citadela_header_logo":[],"_citadela_header_bg_image":{"id":102,"url":"https:\/\/ads.nodengo.com\/wp-content\/uploads\/2019\/09\/owen-cl-boLgiM0qwkg-unsplash.jpg","size":{"width":1920,"height":1280}},"_citadela_header_bg_position":{"x":0.5,"y":0.6},"_citadela_header_bg_size":"cover","_citadela_header_bg_repeat":"no-repeat","_citadela_header_bg_fixed":false,"_citadela_header_bg_color":"rgba(31, 33, 37, 1)","_citadela_header_bg_image_overlay":"rgba(30, 32, 36, 0.9)","_citadela_header_transparent_bg":false,"_citadela_content_width":"","_citadela_half_layout_position":"","footnotes":""},"class_list":["post-589","page","type-page","status-publish","hentry"],"_links":{"self":[{"href":"https:\/\/ads.nodengo.com\/es\/wp-json\/wp\/v2\/pages\/589","targetHints":{"allow":["GET"]}}],"collection":[{"href":"https:\/\/ads.nodengo.com\/es\/wp-json\/wp\/v2\/pages"}],"about":[{"href":"https:\/\/ads.nodengo.com\/es\/wp-json\/wp\/v2\/types\/page"}],"author":[{"embeddable":true,"href":"https:\/\/ads.nodengo.com\/es\/wp-json\/wp\/v2\/users\/2"}],"replies":[{"embeddable":true,"href":"https:\/\/ads.nodengo.com\/es\/wp-json\/wp\/v2\/comments?post=589"}],"version-history":[{"count":0,"href":"https:\/\/ads.nodengo.com\/es\/wp-json\/wp\/v2\/pages\/589\/revisions"}],"wp:attachment":[{"href":"https:\/\/ads.nodengo.com\/es\/wp-json\/wp\/v2\/media?parent=589"}],"curies":[{"name":"wp","href":"https:\/\/api.w.org\/{rel}","templated":true}]}}