{"id":585,"date":"2023-12-07T08:43:53","date_gmt":"2023-12-07T08:43:53","guid":{"rendered":"https:\/\/ads.nodengo.com\/?page_id=585"},"modified":"2024-01-24T10:56:33","modified_gmt":"2024-01-24T10:56:33","slug":"advertising-options","status":"publish","type":"page","link":"https:\/\/ads.nodengo.com\/es\/advertising-options\/","title":{"rendered":"Opciones publicitarias"},"content":{"rendered":"<div class=\"wp-block-citadela-blocks-custom-container citadela-block-custom-container size-wide bg-type-none inside-space-none\"><div class=\"inner-holder\">\n<div class=\"wp-block-citadela-blocks-spacer citadela-block-spacer responsive-options loading\" data-block-attr=\"{&quot;desktop&quot;:{&quot;height&quot;:&quot;40px&quot;},&quot;mobile&quot;:{&quot;height&quot;:&quot;30px&quot;}}\" data-block-mobile-breakpoint=\"600\"><div class=\"inner-holder\" style=\"padding-top:40px\"><\/div><\/div>\n\n\n\t\t\t<!-- Flexy Breadcrumb -->\r\n\t\t\t<div class=\"fbc fbc-page\">\r\n\r\n\t\t\t\t<!-- Breadcrumb wrapper -->\r\n\t\t\t\t<div class=\"fbc-wrap\">\r\n\r\n\t\t\t\t\t<!-- Ordered list-->\r\n\t\t\t\t\t<ol class=\"fbc-items\" itemscope itemtype=\"https:\/\/schema.org\/BreadcrumbList\">\r\n\t\t\t\t\t\t            <li itemprop=\"itemListElement\" itemscope itemtype=\"https:\/\/schema.org\/ListItem\">\r\n                <span itemprop=\"name\">\r\n                    <!-- Home Link -->\r\n                    <a itemprop=\"item\" href=\"https:\/\/ads.nodengo.com\/es\/\">\r\n                    \r\n                                                    <i class=\"fa fa-home\" aria-hidden=\"true\"><\/i>Home                    <\/a>\r\n                <\/span>\r\n                <meta itemprop=\"position\" content=\"1\" \/><!-- Meta Position-->\r\n             <\/li><li><span class=\"fbc-separator\">\/<\/span><\/li><li class=\"active\" itemprop=\"itemListElement\" itemscope itemtype=\"https:\/\/schema.org\/ListItem\"><span itemprop=\"name\" title=\"Blog\">Blog<\/span><meta itemprop=\"position\" content=\"2\" \/><\/li>\t\t\t\t\t<\/ol>\r\n\t\t\t\t\t<div class=\"clearfix\"><\/div>\r\n\t\t\t\t<\/div>\r\n\t\t\t<\/div>\r\n\t\t\t\n\n\n\r\n        <div class=\"wp-block-citadela-blocks ctdl-directory-search-form border-thin shadow-default align-center\">\r\n            <div class=\"citadela-block-form search-form-component-container\" style=\"\" data-action=\"&quot;https:\\\/\\\/ads.nodengo.com\\\/es\\\/&quot;\"data-post-type=\"citadela-item\"data-category-taxonomy=\"citadela-item-category\"data-location-taxonomy=\"citadela-item-location\">\r\n            <\/div>\r\n                    <\/div>\r\n\r\n        \n\n\n<h2 class=\"wp-block-heading\"><img decoding=\"async\" data-src=\"https:\/\/ads.nodengo.com\/wp-content\/uploads\/orange_titre.gif\" alt=\"opciones publicitarias\" src=\"data:image\/svg+xml;base64,PHN2ZyB3aWR0aD0iMSIgaGVpZ2h0PSIxIiB4bWxucz0iaHR0cDovL3d3dy53My5vcmcvMjAwMC9zdmciPjwvc3ZnPg==\" class=\"lazyload\" style=\"--smush-placeholder-width: 40px; --smush-placeholder-aspect-ratio: 40\/27;\">  Opciones de publicidad en Nodengo.com<\/h2>\n\n\n\n<p class=\"has-text-align-center\">Cada clic en un anuncio de Nodengo est\u00e1 altamente calificado: un cliente potencial que est\u00e1 listo para convertirse en cliente.<\/p>\n\n\n\n<div class=\"wp-block-citadela-blocks-spacer citadela-block-spacer responsive-options loading\" data-block-attr=\"{&quot;desktop&quot;:{&quot;height&quot;:&quot;2vw&quot;},&quot;mobile&quot;:{&quot;height&quot;:&quot;0vw&quot;}}\" data-block-mobile-breakpoint=\"600\"><div class=\"inner-holder\" style=\"padding-top:2vw\"><\/div><\/div>\n\n\n\n<p>Dirigido a una audiencia mundial a nivel local, nuestros visitantes acuden a nosotros cuando est\u00e1n planeando sus vacaciones, sea parte de ello, no pierda la oportunidad.<br>H\u00e1gales saber sobre su negocio antes de que lleguen a su destino. O incluso podr\u00edas capturar empresas locales. Vea nuestras opciones a continuaci\u00f3n u obtenga m\u00e1s informaci\u00f3n sobre nuestras<a href=\"https:\/\/nodengo.com\/es\/hospitality-network\/\" target=\"_blank\" rel=\"noopener\"> Network<\/a> <\/p>\n\n\n\n<p>Maximice su presupuesto, dir\u00edjase a una audiencia mundial a nivel local, no pierda la oportunidad<br>H\u00e1gales saber sobre su negocio antes de que lleguen a su destino. O incluso podr\u00eda capturar negocios locales. Su banner aparecer\u00e1 en la p\u00e1gina de la ciudad que les interesa.<\/p>\n\n\n\n<p><strong>Nuestras opciones de publicidad<\/strong><\/p>\n\n\n\n<p><strong>Publicidad para ciudades<\/strong>  Capte su atenci\u00f3n destacando su establecimiento en las ubicaciones clave de la p\u00e1gina de la ciudad: hay varias ubicaciones clave disponibles<br>Tiene varios establecimientos en el pa\u00eds o desea llegar a un p\u00fablico m\u00e1s amplio, ofrecemos colocaci\u00f3n publicitaria clave en las p\u00e1ginas de su pa\u00eds.<\/p>\n\n\n\n<p><strong>Publicidad para pa\u00edses<\/strong> Tiene varios establecimientos en el pa\u00eds o desea llegar a un p\u00fablico m\u00e1s amplio, ofrecemos colocaci\u00f3n publicitaria clave en las p\u00e1ginas de su pa\u00eds.<\/p>\n\n\n\n<p><strong>Publicidad en la secci\u00f3n \u201cRestaurantes\u201d<\/strong> Destaque su restaurante en nuestras p\u00e1ginas locales, mejor a\u00fan agregue un banner que se ver\u00e1 en el listado, maximizando as\u00ed su exposici\u00f3n a clientes potenciales<\/p>\n\n\n\n<p><strong>Publicidad de actividades<\/strong> Ofrecemos a nuestros visitantes buscar y reservar actividades directamente en l\u00ednea mientras planifican sus vacaciones, \u00bfpor qu\u00e9 no anunciar su banner y contarles sobre su negocio?<\/p>\n\n\n\n<p>Llegue a todos nuestros visitantes - Llegue a los visitantes que buscan informaci\u00f3n sobre viajes - P\u00fablico objetivo que planifica sus vacaciones - Inter\u00e9s espec\u00edfico objetivo<br>Llegue a todo el mundo - Llegue a una audiencia m\u00e1s amplia - Llegue al mercado local en todo el mundo - Exposici\u00f3n en todos los continentes - Cubra todos los destinos<\/p>\n<\/div><\/div>\n\n\n\n<div class=\"wp-block-citadela-blocks-custom-container citadela-block-custom-container size-wide bg-type-none inside-space-none\"><div class=\"inner-holder\">\n<div class=\"wp-block-citadela-blocks-service citadela-block-service main-holder layout-list header-type-image-as-icon has-bg standard\" style=\"background-color:#f4f4f4\"><div class=\"service-header\"><div class=\"service-image\"><img decoding=\"async\" data-src=\"https:\/\/ads.nodengo.com\/wp-content\/uploads\/2019\/09\/owen-cl-boLgiM0qwkg-unsplash.jpg\" alt=\"\" width=\"1920\" height=\"1280\" data-id=\"102\" data-full-url=\"https:\/\/ads.nodengo.com\/wp-content\/uploads\/2019\/09\/owen-cl-boLgiM0qwkg-unsplash.jpg\" data-link=\"https:\/\/ads.nodengo.com\/owen-cl-bolgim0qwkg-unsplash\/\" class=\"wp-image-102 lazyload\" data-srcset=\"https:\/\/ads.nodengo.com\/wp-content\/uploads\/2019\/09\/owen-cl-boLgiM0qwkg-unsplash.jpg 1920w, https:\/\/ads.nodengo.com\/wp-content\/uploads\/2019\/09\/owen-cl-boLgiM0qwkg-unsplash-150x100.jpg 150w, https:\/\/ads.nodengo.com\/wp-content\/uploads\/2019\/09\/owen-cl-boLgiM0qwkg-unsplash-600x400.jpg 600w, https:\/\/ads.nodengo.com\/wp-content\/uploads\/2019\/09\/owen-cl-boLgiM0qwkg-unsplash-300x200.jpg 300w, https:\/\/ads.nodengo.com\/wp-content\/uploads\/2019\/09\/owen-cl-boLgiM0qwkg-unsplash-768x512.jpg 768w, https:\/\/ads.nodengo.com\/wp-content\/uploads\/2019\/09\/owen-cl-boLgiM0qwkg-unsplash-1024x683.jpg 1024w\" data-sizes=\"(max-width: 1920px) 100vw, 1920px\" src=\"data:image\/svg+xml;base64,PHN2ZyB3aWR0aD0iMSIgaGVpZ2h0PSIxIiB4bWxucz0iaHR0cDovL3d3dy53My5vcmcvMjAwMC9zdmciPjwvc3ZnPg==\" style=\"--smush-placeholder-width: 1920px; --smush-placeholder-aspect-ratio: 1920\/1280;\" \/><\/div><\/div><div class=\"service-content\"><div class=\"service-content-wrap\"><h3 class=\"service-title\">Enlaces de opciones de publicaci\u00f3n<\/h3><p class=\"service-description\"><strong>P\u00e1ginas principales para <a href=\"https:\/\/ads.nodengo.com\/es\/ads\/main-index-page\/\">Index<\/a> | <a href=\"https:\/\/ads.nodengo.com\/es\/ads\/main-travel-blog-page\/\">Blog<\/a> | <a href=\"https:\/\/ads.nodengo.com\/es\/ads\/main-review-page\/\">Valoraci\u00f3n<\/a> | <a href=\"https:\/\/ads.nodengo.com\/es\/ads\/hotel-reservation-main-page\/\">Hoteles<\/a> | <a href=\"https:\/\/ads.nodengo.com\/es\/ads\/flights-reservation-main-page\/\">Vuelos<\/a><\/strong><br\/><strong>P\u00e1ginas de pa\u00edses para: <a href=\"https:\/\/ads.nodengo.com\/es\/ads-for-african-countries\/\">\u00c1FRICA<\/a>\u00a0\u2013\u00a0<a href=\"https:\/\/ads.nodengo.com\/es\/ads--for-asian-countries\/\">ASIA\u00a0<\/a>\u2013\u00a0\u00a0<a href=\"https:\/\/ads.nodengo.com\/es\/ads-for-canadian-provinces\/\">CANAD\u00c1\u00a0<\/a>\u2013\u00a0<a href=\"https:\/\/ads.nodengo.com\/es\/ads-for-caribbean-countries\/\">CARIBE<\/a>\u00a0\u2013\u00a0<a href=\"https:\/\/ads.nodengo.com\/es\/ads-for-south-and-central-american-countries\/\">CENTROAM\u00c9RICA<\/a>\u00a0\u2013\u00a0<a href=\"https:\/\/ads.nodengo.com\/es\/ads-for-european-countries\/\">EUROPA<\/a>\u00a0\u2013\u00a0<a href=\"https:\/\/ads.nodengo.com\/es\/ads-for-oceanian-countries\/\">OCEAN\u00cdA\u00a0<\/a>\u00a0\u2013\u00a0<a href=\"https:\/\/ads.nodengo.com\/es\/ads-for-south-and-central-american-countries\/\">SUDAMERICA<\/a>\u00a0\u2013\u00a0<a href=\"https:\/\/ads.nodengo.com\/es\/ads-for-the-united-states\/\">ESTADOS UNIDOS<\/a><\/strong><br\/><strong>P\u00e1ginas de ciudades para: <a href=\"https:\/\/ads.nodengo.com\/es\/ads-for-african-cities\/\">\u00c1FRICA<\/a> &#8211; <a href=\"https:\/\/ads.nodengo.com\/es\/ads-for-asian-cities\/\">ASIA<\/a> &#8211;\u00a0 <a href=\"https:\/\/ads.nodengo.com\/es\/ads-for-canadian-cities\/\">CANAD\u00c1<\/a> &#8211; <a href=\"https:\/\/ads.nodengo.com\/es\/ads-for-caribbean-cities\/\">CARIBE<\/a> &#8211; <a href=\"https:\/\/ads.nodengo.com\/es\/ads-for-central-american-cities\/\">CENTROAM\u00c9RICA<\/a> &#8211; <a href=\"https:\/\/ads.nodengo.com\/es\/ads-for-european-cities\/\">EUROPA<\/a> &#8211; <a href=\"https:\/\/ads.nodengo.com\/es\/ads-for-mexican-cities\/\">M\u00c9XICO<\/a> &#8211;\u00a0 <a href=\"https:\/\/ads.nodengo.com\/es\/ads-for-oceanian-cities\/\">OCEAN\u00cdA<\/a>\u00a0 &#8211; <a href=\"https:\/\/ads.nodengo.com\/es\/ads-for-south-american-cities\/\">SUDAMERICA<\/a> &#8211; <a href=\"https:\/\/ads.nodengo.com\/es\/ads-for-united-states-cities\/\">ESTADOS UNIDOS<\/a><\/strong><br\/><\/p><\/div><\/div><\/div>\n<\/div><\/div>\n\n\n\n<div class=\"wp-block-citadela-blocks-custom-container citadela-block-custom-container size-wide bg-type-none inside-space-none\"><div class=\"inner-holder\">\n<h2 class=\"wp-block-heading\">Opciones de publicidad para publicar en Nodengo.com<\/h2>\n\n\n\n<p>La mayor\u00eda de los sitios se basan en la publicidad autom\u00e1tica y no est\u00e1n dirigidos espec\u00edficamente a su audiencia. Si est\u00e1 pensando en visitar la Patagonia el pr\u00f3ximo verano, es posible que el anuncio de una nueva m\u00e1quina de coser no sea lo que le interesa en este momento en particular. Sin embargo, si tiene un establecimiento en Budapest, mostrar su anuncio en nuestra p\u00e1gina de Budapest sin duda aumentar\u00e1 su exposici\u00f3n a clientes potenciales.<\/p>\n<\/div><\/div>\n\n\n\n<div class=\"wp-block-citadela-blocks-custom-container citadela-block-custom-container size-wide bg-type-none inside-space-none\"><div class=\"inner-holder\">\n<div class=\"wp-block-columns is-layout-flex wp-container-core-columns-is-layout-9d6595d7 wp-block-columns-is-layout-flex\">\n<div class=\"wp-block-column is-layout-flow wp-block-column-is-layout-flow\">\n<div class=\"wp-block-citadela-blocks-service citadela-block-service main-holder layout-list header-type-icon standard\"><div class=\"service-header\"><div class=\"service-icon\"><a href=\"https:\/\/ads.nodengo.com\/es\/ads\/main-index-page\/\"><i class=\"fas fa-utensils\" style=\"color:#b9b9b9\"><\/i><\/a><\/div><\/div><div class=\"service-content\"><div class=\"service-content-wrap\"><a href=\"https:\/\/ads.nodengo.com\/es\/ads\/main-index-page\/\"><h3 class=\"service-title\">Paginas Principales<\/h3><\/a><p class=\"service-description\">Advertise on our main pages, Index page, Travel Blog and Main review pages <\/p><\/div><\/div><\/div>\n<\/div>\n\n\n\n<div class=\"wp-block-column is-layout-flow wp-block-column-is-layout-flow\">\n<div class=\"wp-block-citadela-blocks-service citadela-block-service main-holder layout-list header-type-icon standard\"><div class=\"service-header\"><div class=\"service-icon\"><a href=\"https:\/\/ads.nodengo.com\/es\/ads\/flights-reservation-main-page\/\"><i class=\"fas fa-plane\" style=\"color:#b9b9b9\"><\/i><\/a><\/div><\/div><div class=\"service-content\"><div class=\"service-content-wrap\"><a href=\"https:\/\/ads.nodengo.com\/es\/ads\/flights-reservation-main-page\/\"><h3 class=\"service-title\">Flight Booking<\/h3><\/a><p class=\"service-description\">Disponibilidad limitada para colocar su banner en nuestras p\u00e1ginas de reserva de hoteles.<\/p><\/div><\/div><\/div>\n<\/div>\n\n\n\n<div class=\"wp-block-column is-layout-flow wp-block-column-is-layout-flow\">\n<div class=\"wp-block-citadela-blocks-service citadela-block-service main-holder layout-list header-type-icon standard\"><div class=\"service-header\"><div class=\"service-icon\"><a href=\"https:\/\/ads.nodengo.com\/es\/ads\/hotel-reservation-main-page\/\"><i class=\"fas fa-concierge-bell\" style=\"color:#b9b9b9\"><\/i><\/a><\/div><\/div><div class=\"service-content\"><div class=\"service-content-wrap\"><a href=\"https:\/\/ads.nodengo.com\/es\/ads\/hotel-reservation-main-page\/\"><h3 class=\"service-title\">Hotel Booking<\/h3><\/a><p class=\"service-description\">Disponibilidad limitada para colocar su banner en nuestras p\u00e1ginas de reserva de hoteles.<\/p><\/div><\/div><\/div>\n<\/div>\n<\/div>\n\n\n\n<h4 class=\"wp-block-heading has-text-color has-link-color wp-elements-5725bbfc390e6b3a51c83482ac39b328\" style=\"color:#1d5576\">COUNTRY PAGES<\/h4>\n\n\n\n<div class=\"wp-block-columns is-layout-flex wp-container-core-columns-is-layout-9d6595d7 wp-block-columns-is-layout-flex\">\n<div class=\"wp-block-column is-layout-flow wp-block-column-is-layout-flow\">\n<div class=\"wp-block-citadela-blocks-service citadela-block-service main-holder layout-list header-type-icon standard\"><div class=\"service-header\"><div class=\"service-icon\"><a href=\"https:\/\/ads.nodengo.com\/es\/ads\/country-index-entry-page\/\"><i class=\"fas fa-globe\" style=\"color:#b9b9b9\"><\/i><\/a><\/div><\/div><div class=\"service-content\"><div class=\"service-content-wrap\"><a href=\"https:\/\/ads.nodengo.com\/es\/ads\/country-index-entry-page\/\"><h3 class=\"service-title\">Country Main page  <\/h3><\/a><p class=\"service-description\">Anuncie en todo un pa\u00eds, su banner se muestra en la p\u00e1gina de entrada de un pa\u00eds espec\u00edfico<\/p><\/div><\/div><\/div>\n<\/div>\n\n\n\n<div class=\"wp-block-column is-layout-flow wp-block-column-is-layout-flow\">\n<div class=\"wp-block-citadela-blocks-service citadela-block-service main-holder layout-list header-type-icon standard\"><div class=\"service-header\"><div class=\"service-icon\"><a href=\"https:\/\/ads.nodengo.com\/es\/ads\/country-travel-blog-page\/\"><i class=\"fas fa-rss-square\" style=\"color:#b9b9b9\"><\/i><\/a><\/div><\/div><div class=\"service-content\"><div class=\"service-content-wrap\"><a href=\"https:\/\/ads.nodengo.com\/es\/ads\/country-travel-blog-page\/\"><h3 class=\"service-title\">P\u00e1gina del blog de viajes (pa\u00eds)<\/h3><\/a><p class=\"service-description\">Cada pa\u00eds tiene una p\u00e1gina de blog que recopila todos los blogs de cada ciudad.<\/p><\/div><\/div><\/div>\n<\/div>\n\n\n\n<div class=\"wp-block-column is-layout-flow wp-block-column-is-layout-flow\">\n<div class=\"wp-block-citadela-blocks-service citadela-block-service main-holder layout-list header-type-icon standard\"><div class=\"service-header\"><div class=\"service-icon\"><a href=\"https:\/\/ads.nodengo.com\/es\/ads\/main-review-page\/\"><i class=\"fas fa-medal\" style=\"color:#b9b9b9\"><\/i><\/a><\/div><\/div><div class=\"service-content\"><div class=\"service-content-wrap\"><a href=\"https:\/\/ads.nodengo.com\/es\/ads\/main-review-page\/\"><h3 class=\"service-title\">Country Review page<\/h3><\/a><p class=\"service-description\">Each Country has a review page which compiled all the reviews from every cities<\/p><\/div><\/div><\/div>\n<\/div>\n<\/div>\n\n\n\n<h4 class=\"wp-block-heading has-text-color has-link-color wp-elements-4926c10c98c76504a54ee46cc4efdbd9\" style=\"color:#396177\">CITY PAGES<\/h4>\n\n\n\n<div class=\"wp-block-columns is-layout-flex wp-container-core-columns-is-layout-9d6595d7 wp-block-columns-is-layout-flex\">\n<div class=\"wp-block-column is-layout-flow wp-block-column-is-layout-flow\">\n<div class=\"wp-block-citadela-blocks-service citadela-block-service main-holder layout-list header-type-icon standard\"><div class=\"service-header\"><div class=\"service-icon\"><a href=\"https:\/\/ads.nodengo.com\/es\/ads\/country-index-entry-page\/\"><i class=\"fas fa-globe\" style=\"color:#b9b9b9\"><\/i><\/a><\/div><\/div><div class=\"service-content\"><div class=\"service-content-wrap\"><a href=\"https:\/\/ads.nodengo.com\/es\/ads\/country-index-entry-page\/\"><h3 class=\"service-title\">City Main Page  <\/h3><\/a><p class=\"service-description\">Anuncie en todo un pa\u00eds, su banner se muestra en la p\u00e1gina de entrada de un pa\u00eds espec\u00edfico<\/p><\/div><\/div><\/div>\n\n\n\n<div class=\"wp-block-citadela-blocks-service citadela-block-service main-holder layout-list header-type-icon standard\"><div class=\"service-header\"><div class=\"service-icon\"><a href=\"https:\/\/ads.nodengo.com\/es\/ads\/city-things-to-do-ad-1\/\"><i class=\"fas fa-tasks\" style=\"color:#b9b9b9\"><\/i><\/a><\/div><\/div><div class=\"service-content\"><div class=\"service-content-wrap\"><a href=\"https:\/\/ads.nodengo.com\/es\/ads\/city-things-to-do-ad-1\/\"><h3 class=\"service-title\">City Things to do<\/h3><\/a><p class=\"service-description\">Anuncie \u201cCosas que hacer\u201d brindando una valiosa oportunidad para promocionar su establecimiento dentro de su ciudad. Varias opciones disponibles<\/p><\/div><\/div><\/div>\n<\/div>\n\n\n\n<div class=\"wp-block-column is-layout-flow wp-block-column-is-layout-flow\">\n<div class=\"wp-block-citadela-blocks-service citadela-block-service main-holder layout-list header-type-icon standard\"><div class=\"service-header\"><div class=\"service-icon\"><a href=\"https:\/\/ads.nodengo.com\/es\/ads\/city-restaurant-page\/\"><i class=\"fas fa-utensils\" style=\"color:#b9b9b9\"><\/i><\/a><\/div><\/div><div class=\"service-content\"><div class=\"service-content-wrap\"><a href=\"https:\/\/ads.nodengo.com\/es\/ads\/city-restaurant-page\/\"><h3 class=\"service-title\">City Restaurant<\/h3><\/a><p class=\"service-description\">Anuncie en la lista de restaurantes la ciudad en la que se encuentra su establecimiento. <\/p><\/div><\/div><\/div>\n\n\n\n<div class=\"wp-block-citadela-blocks-service citadela-block-service main-holder layout-list header-type-icon standard\"><div class=\"service-header\"><div class=\"service-icon\"><a href=\"https:\/\/ads.nodengo.com\/es\/ads\/city-review-page\/\"><i class=\"fas fa-award\" style=\"color:#b9b9b9\"><\/i><\/a><\/div><\/div><div class=\"service-content\"><div class=\"service-content-wrap\"><a href=\"https:\/\/ads.nodengo.com\/es\/ads\/city-review-page\/\"><h3 class=\"service-title\">City Reviews<\/h3><\/a><p class=\"service-description\">El anuncio se mostrar\u00e1 en la p\u00e1gina \"City Review\"<\/p><\/div><\/div><\/div>\n<\/div>\n\n\n\n<div class=\"wp-block-column is-layout-flow wp-block-column-is-layout-flow\">\n<div class=\"wp-block-citadela-blocks-service citadela-block-service main-holder layout-list header-type-icon standard\"><div class=\"service-header\"><div class=\"service-icon\"><i class=\"fas fa-city\" style=\"color:#b9b9b9\"><\/i><\/div><\/div><div class=\"service-content\"><div class=\"service-content-wrap\"><h3 class=\"service-title\">City Activities<\/h3><p class=\"service-description\">Anuncie sus actividades brindando una valiosa oportunidad para promocionar su establecimiento dentro de su ciudad. Varias opciones disponibles<\/p><\/div><\/div><\/div>\n\n\n\n<div class=\"wp-block-citadela-blocks-service citadela-block-service main-holder layout-list header-type-icon standard\"><div class=\"service-header\"><div class=\"service-icon\"><a href=\"https:\/\/ads.nodengo.com\/es\/ads\/city-blog-page\/\"><i class=\"fas fa-rss\" style=\"color:#b9b9b9\"><\/i><\/a><\/div><\/div><div class=\"service-content\"><div class=\"service-content-wrap\"><a href=\"https:\/\/ads.nodengo.com\/es\/ads\/city-blog-page\/\"><h3 class=\"service-title\">Blog de la ciudad<\/h3><\/a><p class=\"service-description\">El anuncio se mostrar\u00e1 en la p\u00e1gina \u201cBlog de la ciudad\u201d.<\/p><\/div><\/div><\/div>\n<\/div>\n<\/div>\n\n\n\n<div class=\"wp-block-columns is-layout-flex wp-container-core-columns-is-layout-9d6595d7 wp-block-columns-is-layout-flex\">\n<div class=\"wp-block-column is-layout-flow wp-block-column-is-layout-flow\"><\/div>\n\n\n\n<div class=\"wp-block-column is-layout-flow wp-block-column-is-layout-flow\"><\/div>\n<\/div>\n<\/div><\/div>\n\n\n\n<p><\/p>\n\n\n\n<p>Ofrecemos una multitud de opciones publicitarias, desde publicidad en toda la ciudad hasta publicidad verdaderamente dirigida en la p\u00e1gina local que coincide con su tipo de negocio y estos son precios muy competitivos, actualmente hemos optado por un programa de CPD que le permite presupuestar con bastante precisi\u00f3n lo que desee. gastar en publicidad,<\/p>\n\n\n\n<div class=\"wp-block-citadela-blocks-spacer citadela-block-spacer\"><div class=\"inner-holder\" style=\"padding-top:2vw\"><\/div><\/div>\n\n\n\n<div class=\"wp-block-citadela-blocks-custom-container citadela-block-custom-container size-wide bg-type-none inside-space-none\"><div class=\"inner-holder\">\n<div class=\"wp-block-citadela-blocks-service citadela-block-service main-holder layout-list header-type-icon has-bg standard\" style=\"background-color:#f2eee9\"><div class=\"service-header\"><div class=\"service-icon\"><i class=\"fas fa-info-circle\" style=\"color:#000000\"><\/i><\/div><\/div><div class=\"service-content\"><div class=\"service-content-wrap\"><h3 class=\"service-title\"><strong>Sin planificar una campa\u00f1a publicitaria ahora, ofrecemos varias otras opciones:<\/strong><\/h3><p class=\"service-description\">Incluya su <a href=\"https:\/\/nodengo.com\/en\/register-to-submit-your-establishment\/\" target=\"_blank\" rel=\"noopener\">establecimiento GRATIS <\/a>en las p\u00e1ginas de nuestras ciudades locales<br\/>Mejore su listado con <a href=\"https:\/\/nodengo.com\/en\/register-to-submit-your-establishment\/\" target=\"_blank\" rel=\"noopener\">caracter\u00edsticas de listado<\/a> adicionales<br\/>Consiga su establecimiento <a href=\"https:\/\/nodengo.com\/es\/hospitality-network\/\" target=\"_blank\" rel=\"noopener\">revisado<\/a> Por uno de nuestros editores locales.<br\/>Patrocinar un emplazamiento en la secci\u00f3n <a href=\"https:\/\/ads.nodengo.com\/es\/ads\/hotel-reservation-main-page\/\">Hoteles<\/a>, <a href=\"https:\/\/ads.nodengo.com\/es\/ads\/flights-reservation-main-page\/\">Vuelos<\/a>.<\/p><\/div><\/div><\/div>\n<\/div><\/div>\n\n\n\n<div class=\"wp-block-citadela-blocks-spacer citadela-block-spacer\"><div class=\"inner-holder\" style=\"padding-top:4vw\"><\/div><\/div>","protected":false},"excerpt":{"rendered":"<p>Ofrecemos una multitud de opciones publicitarias, desde publicidad en toda la ciudad hasta publicidad verdaderamente dirigida en la p\u00e1gina local que coincide con su tipo de negocio y estos son precios muy competitivos, actualmente hemos optado por un programa de CPD que le permite presupuestar con bastante precisi\u00f3n lo que desee. gastar en publicidad,<\/p>","protected":false},"author":2,"featured_media":0,"parent":0,"menu_order":0,"comment_status":"closed","ping_status":"closed","template":"","meta":{"_citadela_hide_page_title":"1","_citadela_remove_header_space":"1","_citadela_custom_class":"","_citadela_half_map_provider":"","_citadela_half_map_theme":"","_citadela_half_map_themeOSM":"","_citadela_half_map_customTheme":"","_citadela_half_map_dataType":"","_citadela_half_map_dynamicTrack":false,"_citadela_half_map_trackColor":"","_citadela_half_map_trackEndpointsColor":"","_citadela_half_map_filterCategory":"","_citadela_half_map_filterLocation":"","_citadela_half_map_filterFeatured":false,"_citadela_half_map_noDataBehavior":"empty-map","_citadela_half_map_noDataText":"","_citadela_half_map_clusterGridSize":80,"_citadela_header":true,"_citadela_header_over_content":false,"_citadela_header_text_color":"","_citadela_header_logo":[],"_citadela_header_bg_image":{"id":102,"url":"https:\/\/ads.nodengo.com\/wp-content\/uploads\/2019\/09\/owen-cl-boLgiM0qwkg-unsplash.jpg","size":{"width":1920,"height":1280}},"_citadela_header_bg_position":{"x":0.5,"y":0.6},"_citadela_header_bg_size":"cover","_citadela_header_bg_repeat":"no-repeat","_citadela_header_bg_fixed":false,"_citadela_header_bg_color":"rgba(31, 33, 37, 1)","_citadela_header_bg_image_overlay":"rgba(30, 32, 36, 0.9)","_citadela_header_transparent_bg":false,"_citadela_content_width":"","_citadela_half_layout_position":"","footnotes":""},"class_list":["post-585","page","type-page","status-publish","hentry"],"_links":{"self":[{"href":"https:\/\/ads.nodengo.com\/es\/wp-json\/wp\/v2\/pages\/585","targetHints":{"allow":["GET"]}}],"collection":[{"href":"https:\/\/ads.nodengo.com\/es\/wp-json\/wp\/v2\/pages"}],"about":[{"href":"https:\/\/ads.nodengo.com\/es\/wp-json\/wp\/v2\/types\/page"}],"author":[{"embeddable":true,"href":"https:\/\/ads.nodengo.com\/es\/wp-json\/wp\/v2\/users\/2"}],"replies":[{"embeddable":true,"href":"https:\/\/ads.nodengo.com\/es\/wp-json\/wp\/v2\/comments?post=585"}],"version-history":[{"count":0,"href":"https:\/\/ads.nodengo.com\/es\/wp-json\/wp\/v2\/pages\/585\/revisions"}],"wp:attachment":[{"href":"https:\/\/ads.nodengo.com\/es\/wp-json\/wp\/v2\/media?parent=585"}],"curies":[{"name":"wp","href":"https:\/\/api.w.org\/{rel}","templated":true}]}}