{"id":507,"date":"2023-12-05T14:47:18","date_gmt":"2023-12-05T14:47:18","guid":{"rendered":"https:\/\/ads.nodengo.com\/?page_id=507"},"modified":"2023-12-14T16:12:10","modified_gmt":"2023-12-14T16:12:10","slug":"privacy-statement","status":"publish","type":"page","link":"https:\/\/ads.nodengo.com\/es\/privacy-statement\/","title":{"rendered":"Declaracion de privacidad"},"content":{"rendered":"<div class=\"wp-block-citadela-blocks-custom-container citadela-block-custom-container size-wide bg-type-none inside-space-none\"><div class=\"inner-holder\">\n<div class=\"wp-block-citadela-blocks-spacer citadela-block-spacer responsive-options loading\" data-block-attr=\"{&quot;desktop&quot;:{&quot;height&quot;:&quot;40px&quot;},&quot;mobile&quot;:{&quot;height&quot;:&quot;30px&quot;}}\" data-block-mobile-breakpoint=\"600\"><div class=\"inner-holder\" style=\"padding-top:40px\"><\/div><\/div>\n\n\n\t\t\t<!-- Flexy Breadcrumb -->\r\n\t\t\t<div class=\"fbc fbc-page\">\r\n\r\n\t\t\t\t<!-- Breadcrumb wrapper -->\r\n\t\t\t\t<div class=\"fbc-wrap\">\r\n\r\n\t\t\t\t\t<!-- Ordered list-->\r\n\t\t\t\t\t<ol class=\"fbc-items\" itemscope itemtype=\"https:\/\/schema.org\/BreadcrumbList\">\r\n\t\t\t\t\t\t            <li itemprop=\"itemListElement\" itemscope itemtype=\"https:\/\/schema.org\/ListItem\">\r\n                <span itemprop=\"name\">\r\n                    <!-- Home Link -->\r\n                    <a itemprop=\"item\" href=\"https:\/\/ads.nodengo.com\/es\/\">\r\n                    \r\n                                                    <i class=\"fa fa-home\" aria-hidden=\"true\"><\/i>Home                    <\/a>\r\n                <\/span>\r\n                <meta itemprop=\"position\" content=\"1\" \/><!-- Meta Position-->\r\n             <\/li><li><span class=\"fbc-separator\">\/<\/span><\/li><li class=\"active\" itemprop=\"itemListElement\" itemscope itemtype=\"https:\/\/schema.org\/ListItem\"><span itemprop=\"name\" title=\"Blog\">Blog<\/span><meta itemprop=\"position\" content=\"2\" \/><\/li>\t\t\t\t\t<\/ol>\r\n\t\t\t\t\t<div class=\"clearfix\"><\/div>\r\n\t\t\t\t<\/div>\r\n\t\t\t<\/div>\r\n\t\t\t\n\n\n\n<h2 class=\"wp-block-heading\"><img decoding=\"async\" data-src=\"https:\/\/ads.nodengo.com\/wp-content\/uploads\/nodengo-2.gif\" alt=\"privacy\" src=\"data:image\/svg+xml;base64,PHN2ZyB3aWR0aD0iMSIgaGVpZ2h0PSIxIiB4bWxucz0iaHR0cDovL3d3dy53My5vcmcvMjAwMC9zdmciPjwvc3ZnPg==\" class=\"lazyload\" style=\"--smush-placeholder-width: 58px; --smush-placeholder-aspect-ratio: 58\/57;\">Pol\u00edtica de privacidad<\/h2>\n\n\n\n<p>Respetamos la privacidad de nuestros clientes y de las personas con las que trabajamos. Valoramos su confianza y por eso estamos comprometidos a proteger y salvaguardar la informaci\u00f3n personal que nos proporciona. Esta Pol\u00edtica de Privacidad rige la manera en que Nodengo.com Advertising recopila, utiliza, mantiene y divulga informaci\u00f3n recopilada de los Anunciantes (cada uno, un \"Usuario\") del <a href=\"https:\/\/ads.nodengo.com\/es\/\">https:\/\/ads.nodengo.com\/<\/a> sitio web (\u201cSitio\u201d).<\/p>\n\n\n\n<p><em>Consulte nuestra pol\u00edtica de privacidad separada que describe c\u00f3mo&nbsp;<a href=\"http:\/\/nodengo.com\/privacy-policy\" target=\"_blank\" rel=\"noreferrer noopener\">Nodengo.com<\/a>, utiliza y procesa informaci\u00f3n personal en relaci\u00f3n con el sitio de acceso p\u00fablico.<\/em><\/p>\n\n\n\n<h4 class=\"wp-block-heading\">Informaci\u00f3n de identificaci\u00f3n personal<\/h4>\n\n\n\n<p>Recopilamos informaci\u00f3n de identificaci\u00f3n personal de los \"Anunciantes\" de diversas maneras, que incluyen, entre otras:<\/p>\n\n\n\n<p>Cuando los \"Anunciantes\" visitan nuestro sitio, se registran en el sitio, realizan un pedido, completan un formulario y en relaci\u00f3n con otras actividades, servicios, caracter\u00edsticas o recursos que ponemos a disposici\u00f3n en nuestro Sitio.<br>A los \u201cAnunciantes\u201d se les puede solicitar, seg\u00fan corresponda, nombre, direcci\u00f3n de correo electr\u00f3nico, direcci\u00f3n postal; sin embargo, los \u201cAnunciantes\u201d NO pueden visitar nuestro Sitio de forma an\u00f3nima.<br>Recopilaremos informaci\u00f3n de identificaci\u00f3n personal de los \"Anunciantes\" si nos env\u00edan dicha informaci\u00f3n voluntariamente.<br>Los \u201cAnunciantes\u201d deben aceptar proporcionar informaci\u00f3n de identificaci\u00f3n personal para poder participar en ciertas actividades relacionadas con el Sitio y comprar publicidad.<br><\/p>\n\n\n\n<h4 class=\"wp-block-heading\">Informaci\u00f3n de identificaci\u00f3n no personal<\/h4>\n\n\n\n<p>Podemos recopilar informaci\u00f3n de identificaci\u00f3n no personal sobre los \"Anunciantes\" cada vez que interact\u00faan con nuestro Sitio. La informaci\u00f3n de identificaci\u00f3n no personal puede incluir el nombre del navegador, el tipo de computadora e informaci\u00f3n t\u00e9cnica sobre los medios de conexi\u00f3n de los \"Anunciantes\" a nuestro Sitio, como el sistema operativo y los proveedores de servicios de Internet utilizados y otra informaci\u00f3n similar.<\/p>\n\n\n\n<h4 class=\"wp-block-heading\">C\u00f3mo utilizamos la informaci\u00f3n recopilada<\/h4>\n\n\n\n<p>Nodengo.com Advertising puede recopilar y utilizar informaci\u00f3n personal de los \u201cAnunciantes\u201d para los siguientes fines:<br>Para mejorar: la informaci\u00f3n que usted proporciona nos ayuda a responder a sus solicitudes de servicio al cliente y necesidades de soporte de manera m\u00e1s eficiente.<\/p>\n\n\n\n<p>Para procesar pagos: podemos utilizar la informaci\u00f3n que los \"Anunciantes\" proporcionan sobre s\u00ed mismos al realizar un pedido \u00fanicamente para brindar servicio a ese pedido.<br>No compartimos esta informaci\u00f3n con terceros excepto en la medida necesaria para proporcionar el servicio.<br>Podemos utilizar informaci\u00f3n en conjunto para comprender c\u00f3mo nuestros \"Anunciantes\" como grupo utilizan los servicios y recursos proporcionados en nuestro Sitio.<br>Para contactar a los \u201cAnunciantes\u201d sobre su trabajo y otras actividades relacionadas con la consecuci\u00f3n de la asociaci\u00f3n con nosotros.<br>Para enviar correos electr\u00f3nicos peri\u00f3dicos: podemos utilizar la direcci\u00f3n de correo electr\u00f3nico para enviarles informaci\u00f3n y actualizaciones relacionadas con su pedido, o correos electr\u00f3nicos que pueden incluir noticias de la empresa, actualizaciones, informaci\u00f3n de productos o servicios relacionados, etc.<\/p>\n\n\n\n<h4 class=\"wp-block-heading\">C\u00f3mo protegemos su informaci\u00f3n<\/h4>\n\n\n\n<p>Adoptamos pr\u00e1cticas apropiadas de recopilaci\u00f3n, almacenamiento y procesamiento de datos y medidas de seguridad para proteger contra el acceso no autorizado, alteraci\u00f3n, divulgaci\u00f3n o destrucci\u00f3n de su informaci\u00f3n personal, nombre de usuario, contrase\u00f1a, informaci\u00f3n de transacciones y datos almacenados en nuestro Sitio.<br>El intercambio de datos confidenciales y privados entre el Sitio y sus \"Anunciantes\" se realiza a trav\u00e9s de un canal de comunicaci\u00f3n seguro SSL y est\u00e1 cifrado y protegido con firmas digitales.<\/p>\n\n\n\n<h4 class=\"wp-block-heading\">Compartir su informaci\u00f3n personal<\/h4>\n\n\n\n<p>No vendemos, comercializamos ni alquilamos informaci\u00f3n de identificaci\u00f3n personal de los \u201cAnunciantes\u201d a otros. Podemos compartir informaci\u00f3n demogr\u00e1fica agregada gen\u00e9rica no vinculada a ninguna informaci\u00f3n de identificaci\u00f3n personal con respecto a visitantes y Anunciantes con nuestros socios comerciales, afiliados de confianza y anunciantes para los fines descritos anteriormente.<\/p>\n\n\n\n<h4 class=\"wp-block-heading\">Third party websites<\/h4>\n\n\n\n<p>Los anunciantes pueden encontrar publicidad u otro contenido en nuestro Sitio que enlace a los sitios y servicios de nuestros socios, proveedores, anunciantes, patrocinadores, licenciantes y otros terceros. No controlamos el contenido o los enlaces que aparecen en estos sitios y no somos responsables de las pr\u00e1cticas empleadas por los sitios web vinculados hacia o desde nuestro Sitio. Adem\u00e1s, estos sitios o servicios, incluido su contenido y enlaces, pueden cambiar constantemente. Estos sitios y servicios pueden tener sus propias pol\u00edticas de privacidad y pol\u00edticas de servicio al cliente. La navegaci\u00f3n y la interacci\u00f3n en cualquier otro sitio web, incluidos los sitios web que tienen un enlace a nuestro Sitio, est\u00e1n sujetas a los t\u00e9rminos y pol\u00edticas propios de ese sitio web.<\/p>\n\n\n\n<h4 class=\"wp-block-heading\">Cambios en esta pol\u00edtica de privacidad<\/h4>\n\n\n\n<p><a href=\"https:\/\/ads.nodengo.com\/es\/\">Nodengo.com <\/a>Network tiene la discreci\u00f3n de actualizar esta pol\u00edtica de privacidad en cualquier momento. Alentamos a los \"Anunciantes\" a que consulten con frecuencia esta p\u00e1gina en busca de cambios para mantenerse informados sobre c\u00f3mo estamos ayudando a proteger la informaci\u00f3n personal que recopilamos. Usted reconoce y acepta que es su responsabilidad revisar esta pol\u00edtica de privacidad peri\u00f3dicamente y estar al tanto de las modificaciones.<\/p>\n\n\n\n<div class=\"wp-block-citadela-blocks-custom-container citadela-block-custom-container size-wide bg-type-none inside-space-none\"><div class=\"inner-holder\">\n<p><em>Tenga en cuenta que esta p\u00e1gina ha sido traducida autom\u00e1ticamente del ingl\u00e9s original.<\/em>.&nbsp;<em>No se ofrece ninguna garant\u00eda de ning\u00fan tipo, ya sea expresa o impl\u00edcita, en cuanto a la exactitud, confiabilidad o correcci\u00f3n de las traducciones realizadas del ingl\u00e9s a cualquier otro idioma.<\/em><\/p>\n<\/div><\/div>\n<\/div><\/div>\n\n\n\n<div class=\"wp-block-citadela-blocks-spacer citadela-block-spacer\"><div class=\"inner-holder\" style=\"padding-top:50px\"><\/div><\/div>\n\n\n\n<div class=\"wp-block-citadela-blocks-spacer citadela-block-spacer\"><div class=\"inner-holder\" style=\"padding-top:2vw\"><\/div><\/div>\n\n\n\n<div class=\"wp-block-citadela-blocks-custom-container citadela-block-custom-container size-wide bg-type-image inside-space-none bg-size-auto\"><div class=\"bg-image-wrapper lazyload\" style=\"background-image:inherit;background-repeat:no-repeat;background-position:40% 100%\" data-bg-image=\"url(https:\/\/ads.nodengo.com\/wp-content\/uploads\/2019\/09\/graph.png)\"><\/div><div class=\"inner-holder\">\n<div class=\"wp-block-citadela-blocks-spacer citadela-block-spacer\"><div class=\"inner-holder\" style=\"padding-top:40px\"><\/div><\/div>\n\n\n\n<div class=\"wp-block-citadela-blocks-spacer citadela-block-spacer\"><div class=\"inner-holder\" style=\"padding-top:145px\"><\/div><\/div>\n<\/div><\/div>\n\n\n\n<div class=\"wp-block-citadela-blocks-spacer citadela-block-spacer\"><div class=\"inner-holder\" style=\"padding-top:4vw\"><\/div><\/div>","protected":false},"excerpt":{"rendered":"","protected":false},"author":2,"featured_media":0,"parent":0,"menu_order":0,"comment_status":"closed","ping_status":"closed","template":"","meta":{"_citadela_hide_page_title":"1","_citadela_remove_header_space":"1","_citadela_custom_class":"","_citadela_half_map_provider":"","_citadela_half_map_theme":"","_citadela_half_map_themeOSM":"","_citadela_half_map_customTheme":"","_citadela_half_map_dataType":"","_citadela_half_map_dynamicTrack":false,"_citadela_half_map_trackColor":"","_citadela_half_map_trackEndpointsColor":"","_citadela_half_map_filterCategory":"","_citadela_half_map_filterLocation":"","_citadela_half_map_filterFeatured":false,"_citadela_half_map_noDataBehavior":"empty-map","_citadela_half_map_noDataText":"","_citadela_half_map_clusterGridSize":80,"_citadela_header":true,"_citadela_header_over_content":false,"_citadela_header_text_color":"","_citadela_header_logo":[],"_citadela_header_bg_image":{"id":102,"url":"https:\/\/ads.nodengo.com\/wp-content\/uploads\/2019\/09\/owen-cl-boLgiM0qwkg-unsplash.jpg","size":{"width":1920,"height":1280}},"_citadela_header_bg_position":{"x":0.5,"y":0.6},"_citadela_header_bg_size":"cover","_citadela_header_bg_repeat":"no-repeat","_citadela_header_bg_fixed":false,"_citadela_header_bg_color":"rgba(31, 33, 37, 1)","_citadela_header_bg_image_overlay":"rgba(30, 32, 36, 0.9)","_citadela_header_transparent_bg":false,"_citadela_content_width":"","_citadela_half_layout_position":"","footnotes":""},"class_list":["post-507","page","type-page","status-publish","hentry"],"_links":{"self":[{"href":"https:\/\/ads.nodengo.com\/es\/wp-json\/wp\/v2\/pages\/507","targetHints":{"allow":["GET"]}}],"collection":[{"href":"https:\/\/ads.nodengo.com\/es\/wp-json\/wp\/v2\/pages"}],"about":[{"href":"https:\/\/ads.nodengo.com\/es\/wp-json\/wp\/v2\/types\/page"}],"author":[{"embeddable":true,"href":"https:\/\/ads.nodengo.com\/es\/wp-json\/wp\/v2\/users\/2"}],"replies":[{"embeddable":true,"href":"https:\/\/ads.nodengo.com\/es\/wp-json\/wp\/v2\/comments?post=507"}],"version-history":[{"count":0,"href":"https:\/\/ads.nodengo.com\/es\/wp-json\/wp\/v2\/pages\/507\/revisions"}],"wp:attachment":[{"href":"https:\/\/ads.nodengo.com\/es\/wp-json\/wp\/v2\/media?parent=507"}],"curies":[{"name":"wp","href":"https:\/\/api.w.org\/{rel}","templated":true}]}}