{"id":2,"date":"2019-09-03T21:17:10","date_gmt":"2019-09-03T21:17:10","guid":{"rendered":"https:\/\/ads.nodengo.com\/about-us\/"},"modified":"2023-12-05T14:27:12","modified_gmt":"2023-12-05T14:27:12","slug":"about-us","status":"publish","type":"page","link":"https:\/\/ads.nodengo.com\/es\/about-us\/","title":{"rendered":"About Nodengo.com #1 Best Targeted Advertising"},"content":{"rendered":"<div class=\"wp-block-citadela-blocks-custom-container citadela-block-custom-container size-wide bg-type-none inside-space-none\"><div class=\"inner-holder\">\n<div class=\"wp-block-citadela-blocks-spacer citadela-block-spacer responsive-options loading\" data-block-attr=\"{&quot;desktop&quot;:{&quot;height&quot;:&quot;40px&quot;},&quot;mobile&quot;:{&quot;height&quot;:&quot;30px&quot;}}\" data-block-mobile-breakpoint=\"600\"><div class=\"inner-holder\" style=\"padding-top:40px\"><\/div><\/div>\n\n\n\t\t\t<!-- Flexy Breadcrumb -->\r\n\t\t\t<div class=\"fbc fbc-page\">\r\n\r\n\t\t\t\t<!-- Breadcrumb wrapper -->\r\n\t\t\t\t<div class=\"fbc-wrap\">\r\n\r\n\t\t\t\t\t<!-- Ordered list-->\r\n\t\t\t\t\t<ol class=\"fbc-items\" itemscope itemtype=\"https:\/\/schema.org\/BreadcrumbList\">\r\n\t\t\t\t\t\t            <li itemprop=\"itemListElement\" itemscope itemtype=\"https:\/\/schema.org\/ListItem\">\r\n                <span itemprop=\"name\">\r\n                    <!-- Home Link -->\r\n                    <a itemprop=\"item\" href=\"https:\/\/ads.nodengo.com\/es\/\">\r\n                    \r\n                                                    <i class=\"fa fa-home\" aria-hidden=\"true\"><\/i>Home                    <\/a>\r\n                <\/span>\r\n                <meta itemprop=\"position\" content=\"1\" \/><!-- Meta Position-->\r\n             <\/li><li><span class=\"fbc-separator\">\/<\/span><\/li><li class=\"active\" itemprop=\"itemListElement\" itemscope itemtype=\"https:\/\/schema.org\/ListItem\"><span itemprop=\"name\" title=\"Blog\">Blog<\/span><meta itemprop=\"position\" content=\"2\" \/><\/li>\t\t\t\t\t<\/ol>\r\n\t\t\t\t\t<div class=\"clearfix\"><\/div>\r\n\t\t\t\t<\/div>\r\n\t\t\t<\/div>\r\n\t\t\t\n\n\n         <div \r\n            class=\"citadela-block-responsive-text align-left responsive-options loading\"\r\n            data-block-mobile-attr=\"{&quot;desktop&quot;:{&quot;fontSize&quot;:&quot;37px&quot;},&quot;mobile&quot;:{&quot;fontSize&quot;:&quot;2.6em&quot;}}\"            data-block-mobile-breakpoint=\"600\"         >\r\n            <h2 class=\"inner-tag\" style=\"font-size: 37px;\">About us &#8211;  Advertising on Nodengo.com<\/h2>         <\/div>\r\n      \n\n         <div \r\n            class=\"citadela-block-responsive-text align-center\"\r\n                                 >\r\n            <p class=\"inner-tag\" style=\"font-size: 15px; letter-spacing: 0.05em; color: #c09b72;\"><strong> <\/strong><a href=\"https:\/\/ads.nodengo.com\/es\/\"><strong>Ads.nodengo.com<\/strong><\/a> es el brazo publicitario del sitio de informaci\u00f3n tur\u00edstica y de gu\u00edas de la ciudad-&gt; <a href=\"http:\/\/nodengo.com\/es\/\" target=\"_blank\" rel=\"noopener\"><strong>Nodengo.com<\/strong><\/a><\/p>         <\/div>\r\n      \n\n\n<div class=\"wp-block-citadela-blocks-spacer citadela-block-spacer responsive-options loading\" data-block-attr=\"{&quot;desktop&quot;:{&quot;height&quot;:&quot;2vw&quot;},&quot;mobile&quot;:{&quot;height&quot;:&quot;0vw&quot;}}\" data-block-mobile-breakpoint=\"600\"><div class=\"inner-holder\" style=\"padding-top:2vw\"><\/div><\/div>\n<\/div><\/div>\n\n\n\n<div class=\"wp-block-citadela-blocks-spacer citadela-block-spacer\"><div class=\"inner-holder\" style=\"padding-top:50px\"><\/div><\/div>\n\n\n\n<div class=\"wp-block-citadela-blocks-custom-container citadela-block-custom-container size-wide bg-type-none inside-space-none\"><div class=\"inner-holder\">\n<h2 class=\"wp-block-heading\">ACERCA DE LA PUBLICIDAD DE NODENGO.COM<\/h2>\n\n\n\n<p>Ofrecemos publicidad verdaderamente dirigida que le permite llegar a clientes potenciales directamente cuando buscan informaci\u00f3n sobre el destino y planifican sus vacaciones.<\/p>\n\n\n\n<p>La mayor\u00eda de los sitios se basan en la publicidad autom\u00e1tica y no est\u00e1n dirigidos espec\u00edficamente a su audiencia. Si est\u00e1 pensando en visitar la Patagonia el pr\u00f3ximo verano, es posible que el anuncio de una nueva m\u00e1quina de coser no sea lo que le interesa en este momento en particular. Sin embargo, si tiene un establecimiento en Budapest, mostrar su anuncio en nuestra p\u00e1gina de Budapest sin duda aumentar\u00e1 su exposici\u00f3n a clientes potenciales.<\/p>\n\n\n\n<p>Desde facilitarle la orientaci\u00f3n a clientes potenciales, hasta ofrecer opciones de publicidad muy asequibles, ayudarlo a orientar su audiencia y realizar un seguimiento de su presupuesto publicitario a trav\u00e9s de nuestras estad\u00edsticas en l\u00ednea y ofrecer t\u00e9rminos publicitarios flexibles, le facilitamos la obtenci\u00f3n de \" M\u00e1s beneficios para tu pub \"<\/p>\n\n\n\n<p>Ofrecemos una multitud de opciones publicitarias, desde publicidad en toda la ciudad hasta publicidad verdaderamente dirigida en la p\u00e1gina local que coincide con su tipo de negocio y estos son precios muy competitivos, actualmente hemos optado por un programa de CPD que le permite presupuestar con bastante precisi\u00f3n lo que desee. gastar en publicidad,<\/p>\n\n\n\n<p>Maximice su presupuesto publicitario. Dir\u00edjase a una audiencia mundial a nivel local, nuestros visitantes acuden a nosotros cuando est\u00e1n planificando sus vacaciones, sea parte de ellas, no pierda la oportunidad. H\u00e1gales saber sobre su negocio antes de que lleguen a su destino. O incluso podr\u00eda capturar negocios locales.<\/p>\n\n\n\n<p>Consulte nuestras opciones: Para obtener m\u00e1s informaci\u00f3n sobre c\u00f3mo anunciarse en Nodengo.com&nbsp; &nbsp; <a href=\"https:\/\/ads.nodengo.com\/es\/promotions\/\">Promociones<\/a> | <a href=\"https:\/\/ads.nodengo.com\/es\/order-prices\/\">PRECIOS<\/a><\/p>\n<\/div><\/div>\n\n\n\n<div class=\"wp-block-citadela-blocks-custom-container citadela-block-custom-container size-wide bg-type-none inside-space-none\"><div class=\"inner-holder\">\n<h2 class=\"wp-block-heading\">ACERCA DE NODENGO.COM <\/h2>\n\n\n\n<p>Nodengo.com es una empresa emergente y una red dedicada a la distribuci\u00f3n de informaci\u00f3n tur\u00edstica local y gu\u00edas de la ciudad. Una y otra vez nos dimos cuenta de que de alguna manera faltaba informaci\u00f3n local precisa e imparcial en Internet.<br>Como profesionales del turismo desde hace mucho tiempo y en la industria hotelera, sentimos que era algo que merec\u00eda una mejora.<\/p>\n\n\n\n<p>En general, los sitios de viajes y ciudades se basan en enlaces de pago o en rese\u00f1as gen\u00e9ricas de clientes para propagar su informaci\u00f3n local, apreciamos la idea, pero creemos honestamente que deber\u00eda haber un concepto mejor, uno que ofrezca informaci\u00f3n y rese\u00f1as sobre un establecimiento a los clientes al tiempo que permite que este establecimiento est\u00e9 representado de manera profesional e independiente.<\/p>\n\n\n\n<p>Y como profesionales somos los mejor calificados para revisar su establecimiento, una nueva forma no remunerada, imparcial e inigualable de promocionar su establecimiento.<\/p>\n\n\n\n<p><a href=\"https:\/\/nodengo.com\/en\/register-to-submit-your-establishment\/\" target=\"_blank\" rel=\"noopener\"><strong>Saber m\u00e1s<\/strong><\/a> sobre c\u00f3mo podemos ayudarle a promocionar su establecimiento. Desde el listado gratuito hasta el listado mejorado, desde el patrocinio hasta las rese\u00f1as, ofrecemos varias soluciones para promover su establecimiento<\/p>\n\n\n\n<p><a href=\"https:\/\/nodengo.com\/es\/hospitality-network\/\" target=\"_blank\" rel=\"noreferrer noopener\"><strong>Saber m\u00e1s<\/strong><\/a> sobre qu\u00e9 es Nodengo.com y c\u00f3mo nos hemos propuesto ayudar a los establecimientos a promocionarse de una manera nueva y diferente.<\/p>\n\n\n\n<h2 class=\"wp-block-heading\">OTRAS OFERTAS <\/h2>\n\n\n\n<p>Tal vez a\u00fan no est\u00e9 interesado en anunciarse en Nodengo.com, est\u00e1 bien, ofrecemos una gran cantidad de otras oportunidades, como&nbsp; <a href=\"https:\/\/nodengo.com\/en\/register-to-submit-your-establishment\/\" target=\"_blank\" rel=\"noopener\">LISTADO<\/a> | <a href=\"https:\/\/nodengo.com\/en\/register-to-submit-your-establishment\/\" target=\"_blank\" rel=\"noopener\">PATROCINADOR<\/a> | <a href=\"https:\/\/nodengo.com\/es\/hospitality-network\/reviews\/\" target=\"_blank\" rel=\"noopener\">OPINIONES<\/a> |<\/p>\n\n\n\n<p>Nodengo.com cuenta con editores locales, que son profesionales del turismo y la hospitalidad y pueden asesorar a los viajeros potenciales sobre su ciudad mejor que nadie.<\/p>\n\n\n\n<p>Estas interesado en convertirte en <strong><a href=\"https:\/\/nodengo.com\/en\/hospitality-network\/become-an-editor\/\" target=\"_blank\" rel=\"noopener\">Editor local <\/a><\/strong>\u00bfPor qu\u00e9 no averiguarlo y ver si re\u00fane los requisitos para unirse a nuestro editor local? Vea si SU ciudad todav\u00eda est\u00e1 disponible.<\/p>\n\n\n\n<p>Or maybe you would like to refer someone to our services, send them this link via email to tell them&nbsp; &nbsp;:&nbsp; <a href=\"https:\/\/nodengo.com\/en\/referral\/\" target=\"_blank\" rel=\"noopener\">&nbsp;via this form<\/a><\/p>\n<\/div><\/div>\n\n\n\n<div class=\"wp-block-citadela-blocks-spacer citadela-block-spacer\"><div class=\"inner-holder\" style=\"padding-top:2vw\"><\/div><\/div>\n\n\n\n<div class=\"wp-block-citadela-blocks-custom-container citadela-block-custom-container size-wide bg-type-image inside-space-none bg-size-auto\"><div class=\"bg-image-wrapper lazyload\" style=\"background-image:inherit;background-repeat:no-repeat;background-position:40% 100%\" data-bg-image=\"url(https:\/\/ads.nodengo.com\/wp-content\/uploads\/2019\/09\/graph.png)\"><\/div><div class=\"inner-holder\">\n<div class=\"wp-block-citadela-blocks-spacer citadela-block-spacer\"><div class=\"inner-holder\" style=\"padding-top:3vw\"><\/div><\/div>\n\n\n\n<div class=\"wp-block-citadela-blocks-spacer citadela-block-spacer\"><div class=\"inner-holder\" style=\"padding-top:145px\"><\/div><\/div>\n<\/div><\/div>\n\n\n\n<div class=\"wp-block-citadela-blocks-spacer citadela-block-spacer negative-height\"><div class=\"inner-holder\" style=\"margin-top:-45px\"><\/div><\/div>\n\n\n\n<div class=\"wp-block-citadela-blocks-custom-container citadela-block-custom-container size-content bg-type-none inside-space-none\"><div class=\"inner-holder\">\n<div class=\"wp-block-buttons is-horizontal is-content-justification-center is-layout-flex wp-container-core-buttons-is-layout-499968f5 wp-block-buttons-is-layout-flex\">\n<div class=\"wp-block-button is-style-outline is-style-outline--2\"><a class=\"wp-block-button__link has-text-color wp-element-button\" style=\"color:#c09b72\">View our offers<\/a><\/div>\n<\/div>\n<\/div><\/div>\n\n\n\n<div class=\"wp-block-citadela-blocks-spacer citadela-block-spacer\"><div class=\"inner-holder\" style=\"padding-top:4vw\"><\/div><\/div>","protected":false},"excerpt":{"rendered":"","protected":false},"author":2,"featured_media":0,"parent":0,"menu_order":0,"comment_status":"closed","ping_status":"closed","template":"","meta":{"_citadela_hide_page_title":"1","_citadela_remove_header_space":"1","_citadela_custom_class":"","_citadela_half_map_provider":"","_citadela_half_map_theme":"","_citadela_half_map_themeOSM":"","_citadela_half_map_customTheme":"","_citadela_half_map_dataType":"","_citadela_half_map_dynamicTrack":false,"_citadela_half_map_trackColor":"","_citadela_half_map_trackEndpointsColor":"","_citadela_half_map_filterCategory":"","_citadela_half_map_filterLocation":"","_citadela_half_map_filterFeatured":false,"_citadela_half_map_noDataBehavior":"empty-map","_citadela_half_map_noDataText":"","_citadela_half_map_clusterGridSize":80,"_citadela_header":true,"_citadela_header_over_content":false,"_citadela_header_text_color":"","_citadela_header_logo":[],"_citadela_header_bg_image":{"id":102,"url":"https:\/\/ads.nodengo.com\/wp-content\/uploads\/2019\/09\/owen-cl-boLgiM0qwkg-unsplash.jpg","size":{"width":1920,"height":1280}},"_citadela_header_bg_position":{"x":0.5,"y":0.6},"_citadela_header_bg_size":"cover","_citadela_header_bg_repeat":"no-repeat","_citadela_header_bg_fixed":false,"_citadela_header_bg_color":"rgba(31, 33, 37, 1)","_citadela_header_bg_image_overlay":"rgba(30, 32, 36, 0.9)","_citadela_header_transparent_bg":false,"_citadela_content_width":"","_citadela_half_layout_position":"","footnotes":""},"class_list":["post-2","page","type-page","status-publish","hentry"],"_links":{"self":[{"href":"https:\/\/ads.nodengo.com\/es\/wp-json\/wp\/v2\/pages\/2","targetHints":{"allow":["GET"]}}],"collection":[{"href":"https:\/\/ads.nodengo.com\/es\/wp-json\/wp\/v2\/pages"}],"about":[{"href":"https:\/\/ads.nodengo.com\/es\/wp-json\/wp\/v2\/types\/page"}],"author":[{"embeddable":true,"href":"https:\/\/ads.nodengo.com\/es\/wp-json\/wp\/v2\/users\/2"}],"replies":[{"embeddable":true,"href":"https:\/\/ads.nodengo.com\/es\/wp-json\/wp\/v2\/comments?post=2"}],"version-history":[{"count":0,"href":"https:\/\/ads.nodengo.com\/es\/wp-json\/wp\/v2\/pages\/2\/revisions"}],"wp:attachment":[{"href":"https:\/\/ads.nodengo.com\/es\/wp-json\/wp\/v2\/media?parent=2"}],"curies":[{"name":"wp","href":"https:\/\/api.w.org\/{rel}","templated":true}]}}