{"id":1660,"date":"2023-12-06T21:01:50","date_gmt":"2023-12-06T21:01:50","guid":{"rendered":"https:\/\/ads.nodengo.com\/?page_id=1660"},"modified":"2023-12-13T10:14:21","modified_gmt":"2023-12-13T10:14:21","slug":"ads-for-mexican-cities","status":"publish","type":"page","link":"https:\/\/ads.nodengo.com\/es\/ads-for-mexican-cities\/","title":{"rendered":"Affordable advertising for Mexican cities"},"content":{"rendered":"<div class=\"wp-block-citadela-blocks-custom-container citadela-block-custom-container size-content bg-type-image inside-space-none bg-size-cover has-overlay has-min-height vertical-align-center\" style=\"min-height:350px\"><div class=\"bg-image-wrapper lazyload\" style=\"background-image:inherit;background-repeat:no-repeat;background-position:50% 50%\" data-bg-image=\"url(https:\/\/ads.nodengo.com\/wp-content\/uploads\/adbanner.jpg)\"><\/div><div class=\"bg-image-overlay\" style=\"background-color:#1f2125;opacity:0.59\"><\/div><div class=\"inner-holder\">\n<div class=\"wp-block-citadela-blocks-spacer citadela-block-spacer responsive-options loading\" data-block-attr=\"{&quot;desktop&quot;:{&quot;height&quot;:&quot;7em&quot;},&quot;mobile&quot;:{&quot;height&quot;:&quot;3em&quot;}}\" data-block-mobile-breakpoint=\"600\"><div class=\"inner-holder\" style=\"padding-top:7em\"><\/div><\/div>\n\n\n\n<div class=\"wp-block-citadela-blocks-spacer citadela-block-spacer responsive-options loading\" data-block-attr=\"{&quot;desktop&quot;:{&quot;height&quot;:&quot;4vw&quot;},&quot;mobile&quot;:{&quot;height&quot;:&quot;1.4vw&quot;}}\" data-block-mobile-breakpoint=\"600\"><div class=\"inner-holder\" style=\"padding-top:4vw\"><\/div><\/div>\n\n\n         <div \r\n            class=\"citadela-block-responsive-text align-center responsive-options loading\"\r\n            data-block-mobile-attr=\"{&quot;desktop&quot;:{&quot;fontSize&quot;:&quot;3em&quot;},&quot;mobile&quot;:{&quot;fontSize&quot;:&quot;2.6em&quot;}}\"            data-block-mobile-breakpoint=\"600\"         >\r\n            <h1 class=\"inner-tag\" style=\"font-size: 3em; color: #ffffff;\">Ads for Mexican Cities<\/h1>         <\/div>\r\n      \n\n         <div \r\n            class=\"citadela-block-responsive-text align-center\"\r\n                                 >\r\n            <p class=\"inner-tag\" style=\"font-size: 0.95em; letter-spacing: 0.05em; color: #eba421;\">Nuestras disculpas. Actualmente no tenemos editores para todas estas ubicaciones. Por lo tanto, es posible que la publicidad no est\u00e9 disponible para la ciudad en la que desea anunciarse. Agregamos ciudades con regularidad, as\u00ed que vuelva a consultarnos pronto.<\/p>         <\/div>\r\n      \n\n\n<div class=\"wp-block-citadela-blocks-spacer citadela-block-spacer\"><div class=\"inner-holder\" style=\"padding-top:20px\"><\/div><\/div>\n\n\n\n<div class=\"wp-block-buttons is-horizontal is-content-justification-center is-layout-flex wp-container-core-buttons-is-layout-499968f5 wp-block-buttons-is-layout-flex\">\n<div class=\"wp-block-button is-style-outline is-style-outline--2\"><a class=\"wp-block-button__link has-text-color wp-element-button\" style=\"color:#c09b72\">Ver ofertas y precios<\/a><\/div>\n<\/div>\n\n\n\n<div class=\"wp-block-citadela-blocks-spacer citadela-block-spacer\"><div class=\"inner-holder\" style=\"padding-top:20px\"><\/div><\/div>\n<\/div><\/div>\n\n\n\n<div class=\"wp-block-group alignwide\"><div class=\"wp-block-group__inner-container is-layout-flow wp-block-group-is-layout-flow\">\t\t\t<!-- Flexy Breadcrumb -->\r\n\t\t\t<div class=\"fbc fbc-page\">\r\n\r\n\t\t\t\t<!-- Breadcrumb wrapper -->\r\n\t\t\t\t<div class=\"fbc-wrap\">\r\n\r\n\t\t\t\t\t<!-- Ordered list-->\r\n\t\t\t\t\t<ol class=\"fbc-items\" itemscope itemtype=\"https:\/\/schema.org\/BreadcrumbList\">\r\n\t\t\t\t\t\t            <li itemprop=\"itemListElement\" itemscope itemtype=\"https:\/\/schema.org\/ListItem\">\r\n                <span itemprop=\"name\">\r\n                    <!-- Home Link -->\r\n                    <a itemprop=\"item\" href=\"https:\/\/ads.nodengo.com\/es\/\">\r\n                    \r\n                                                    <i class=\"fa fa-home\" aria-hidden=\"true\"><\/i>Home                    <\/a>\r\n                <\/span>\r\n                <meta itemprop=\"position\" content=\"1\" \/><!-- Meta Position-->\r\n             <\/li><li><span class=\"fbc-separator\">\/<\/span><\/li><li class=\"active\" itemprop=\"itemListElement\" itemscope itemtype=\"https:\/\/schema.org\/ListItem\"><span itemprop=\"name\" title=\"Blog\">Blog<\/span><meta itemprop=\"position\" content=\"2\" \/><\/li>\t\t\t\t\t<\/ol>\r\n\t\t\t\t\t<div class=\"clearfix\"><\/div>\r\n\t\t\t\t<\/div>\r\n\t\t\t<\/div>\r\n\t\t\t\n<\/div><\/div>\n\n\n\n<div style=\"height:32px\" aria-hidden=\"true\" class=\"wp-block-spacer\"><\/div>\n\n\n\n<div class=\"wp-block-citadela-blocks-custom-container citadela-block-custom-container size-wide bg-type-none inside-space-none\"><div class=\"inner-holder\">\n<div class=\"wp-block-citadela-blocks-custom-container citadela-block-custom-container size-wide bg-type-none inside-space-none\"><div class=\"inner-holder\">\n<h2 class=\"wp-block-heading\" id=\"ads-for-mexican-cities\"><img decoding=\"async\" data-src=\"https:\/\/ads.nodengo.com\/wp-content\/uploads\/vert_titre.gif\" alt=\"ads for mexican cities\" src=\"data:image\/svg+xml;base64,PHN2ZyB3aWR0aD0iMSIgaGVpZ2h0PSIxIiB4bWxucz0iaHR0cDovL3d3dy53My5vcmcvMjAwMC9zdmciPjwvc3ZnPg==\" class=\"lazyload\" style=\"--smush-placeholder-width: 40px; --smush-placeholder-aspect-ratio: 40\/27;\">   Ads for Mexican Cities<\/h2>\n\n\n\n<p>Gracias por su inter\u00e9s en anunciarse con nosotros en&nbsp;<a href=\"https:\/\/nodengo.com\/\" target=\"_blank\" rel=\"noopener\">Nodengo.com<\/a>. Las siguientes opciones le permiten comprar publicidad para una de nuestras p\u00e1ginas locales para la ciudad de su establecimiento en M\u00e9xico.<\/p>\n\n\n\n<p class=\"has-text-align-center\">Si no est\u00e1 seguro de cu\u00e1l es la mejor opci\u00f3n para usted. Por favor lea la descripci\u00f3n de nuestro <a href=\"https:\/\/ads.nodengo.com\/es\/advertising-options\/\" target=\"_blank\" rel=\"noreferrer noopener\">opciones publicitarias<\/a>.<\/p>\n\n\n\n<h4 class=\"wp-block-heading has-text-color has-link-color wp-elements-f7b5c6c40dc9db963030e9a1d4522af1\" id=\"please-note-that-this-option-is-for-the-ads-for-african-cities-pages-advertising-and-not-for-specific-cities-should-you-want-to-advertise-in-a-city-only-learn-more\" style=\"color:#eba421\">Usted elige anunciarse en una o m\u00e1s de las categor\u00edas a continuaci\u00f3n para aparecer en las p\u00e1ginas de la ciudad africana donde se encuentra su establecimiento. Seleccione SU ciudad (desde abajo) y ser\u00e1 dirigido a la secci\u00f3n correspondiente para completar su compra.<\/h4>\n\n\n\n<hr class=\"wp-block-separator has-alpha-channel-opacity\"\/>\n\n\n\n<h4 class=\"wp-block-heading has-text-align-center\" id=\"country-index-page-country-blog-page\">Anuncios para p\u00e1ginas de ciudades africanas:  Main Index  \u2013  Restaurant  \u2013 Things to Do \u2013 Activities \u2013 City Blog  \u2013 City Reviews <\/h4>\n\n\n\n<hr class=\"wp-block-separator has-alpha-channel-opacity\"\/>\n<\/div><\/div>\n<\/div><\/div>\n\n\n\n<div class=\"wp-block-citadela-blocks-custom-container citadela-block-custom-container size-wide bg-type-none inside-space-none\"><div class=\"inner-holder\">\n<p class=\"has-background\" style=\"background-color:#e7faeb;font-size:16px\">Si la ciudad que desea no aparece bajo el encabezado del pa\u00eds, significa que a\u00fan no tenemos un editor para esta ciudad espec\u00edfica y, por lo tanto, la publicidad no est\u00e1 disponible actualmente. Si la ciudad aparece en la lista, est\u00e1 disponible, haga clic en ella para seguir el proceso de pedido. .<\/p>\n\n\n\n<h2 class=\"wp-block-heading has-text-color has-link-color wp-elements-128fa8092ae960add79b413d782b4ce1\" id=\"advertising-options-african-cities\" style=\"color:#eba421\">Advertising options &#8211; Ads for Mexican Cities<\/h2>\n\n\n\n<p>Esta secci\u00f3n es para anuncios de<strong> Mexican cities only<\/strong> \u2013 Al hacer clic en el enlace de la ciudad en la secci\u00f3n de pa\u00eds, acceder\u00e1 al siguiente paso para realizar su pedido. <\/p>\n\n\n\n<div class=\"wp-block-columns is-layout-flex wp-container-core-columns-is-layout-9d6595d7 wp-block-columns-is-layout-flex\">\n<div class=\"wp-block-column is-layout-flow wp-block-column-is-layout-flow\"><div id=\"rank-math-faq\" class=\"rank-math-block\">\n<div class=\"rank-math-list\">\n<div id=\"faq-question-1701878950501\" class=\"rank-math-list-item\">\n<h3 class=\"rank-math-question\">Aguascalientes<\/h3>\n<div class=\"rank-math-answer\">\n\n<p>a\u00fan no hay ciudades<\/p>\n\n<\/div>\n<\/div>\n<div id=\"faq-question-1701878972521\" class=\"rank-math-list-item\">\n<h3 class=\"rank-math-question\">Campeche<\/h3>\n<div class=\"rank-math-answer\">\n\n<p>a\u00fan no hay ciudades<\/p>\n\n<\/div>\n<\/div>\n<div id=\"faq-question-1701879556727\" class=\"rank-math-list-item\">\n<h3 class=\"rank-math-question\">Coahuila<\/h3>\n<div class=\"rank-math-answer\">\n\n<p>a\u00fan no hay ciudades<\/p>\n\n<\/div>\n<\/div>\n<div id=\"faq-question-1701879559795\" class=\"rank-math-list-item\">\n<h3 class=\"rank-math-question\">Guanajuato<\/h3>\n<div class=\"rank-math-answer\">\n\n<p>a\u00fan no hay ciudades<\/p>\n\n<\/div>\n<\/div>\n<div id=\"faq-question-1701880054665\" class=\"rank-math-list-item\">\n<h3 class=\"rank-math-question\">Jalisco<\/h3>\n<div class=\"rank-math-answer\">\n\n<p>a\u00fan no hay ciudades<\/p>\n\n<\/div>\n<\/div>\n<div id=\"faq-question-1701880093521\" class=\"rank-math-list-item\">\n<h3 class=\"rank-math-question\">Morelos<\/h3>\n<div class=\"rank-math-answer\">\n\n<p>a\u00fan no hay ciudades<\/p>\n\n<\/div>\n<\/div>\n<div id=\"faq-question-1701880119817\" class=\"rank-math-list-item\">\n<h3 class=\"rank-math-question\">Oaxaca<\/h3>\n<div class=\"rank-math-answer\">\n\n<p>a\u00fan no hay ciudades<\/p>\n\n<\/div>\n<\/div>\n<div id=\"faq-question-1701880125002\" class=\"rank-math-list-item\">\n<h3 class=\"rank-math-question\">Queretaro<\/h3>\n<div class=\"rank-math-answer\">\n\n<p>a\u00fan no hay ciudades<\/p>\n\n<\/div>\n<\/div>\n<div id=\"faq-question-1701880254723\" class=\"rank-math-list-item\">\n<h3 class=\"rank-math-question\">Sinaloa<\/h3>\n<div class=\"rank-math-answer\">\n\n<p>a\u00fan no hay ciudades<\/p>\n\n<\/div>\n<\/div>\n<div id=\"faq-question-1701880256441\" class=\"rank-math-list-item\">\n<h3 class=\"rank-math-question\">Tamaulipas<\/h3>\n<div class=\"rank-math-answer\">\n\n<p>a\u00fan no hay ciudades<\/p>\n\n<\/div>\n<\/div>\n<div id=\"faq-question-1701880476074\" class=\"rank-math-list-item\">\n<h3 class=\"rank-math-question\">Yucatan<\/h3>\n<div class=\"rank-math-answer\">\n\n<p>a\u00fan no hay ciudades<\/p>\n\n<\/div>\n<\/div>\n<\/div>\n<\/div><\/div>\n\n\n\n<div class=\"wp-block-column is-layout-flow wp-block-column-is-layout-flow\"><div id=\"rank-math-faq\" class=\"rank-math-block\">\n<div class=\"rank-math-list\">\n<div id=\"faq-question-1701879208288\" class=\"rank-math-list-item\">\n<h3 class=\"rank-math-question\">Baja California<\/h3>\n<div class=\"rank-math-answer\">\n\n<p>Ninguna ciudad todav\u00eda<\/p>\n\n<\/div>\n<\/div>\n<div id=\"faq-question-1701879477004\" class=\"rank-math-list-item\">\n<h3 class=\"rank-math-question\">Chiapas<\/h3>\n<div class=\"rank-math-answer\">\n\n<p>a\u00fan no hay ciudades<\/p>\n\n<\/div>\n<\/div>\n<div id=\"faq-question-1701879557414\" class=\"rank-math-list-item\">\n<h3 class=\"rank-math-question\">Colima<\/h3>\n<div class=\"rank-math-answer\">\n\n<p>a\u00fan no hay ciudades<\/p>\n\n<\/div>\n<\/div>\n<div id=\"faq-question-1701879560382\" class=\"rank-math-list-item\">\n<h3 class=\"rank-math-question\">Guerrero<\/h3>\n<div class=\"rank-math-answer\">\n\n<p>a\u00fan no hay ciudades<\/p>\n\n<\/div>\n<\/div>\n<div id=\"faq-question-1701880055737\" class=\"rank-math-list-item\">\n<h3 class=\"rank-math-question\">Mexico<\/h3>\n<div class=\"rank-math-answer\">\n\n<p>a\u00fan no hay ciudades<\/p>\n\n<\/div>\n<\/div>\n<div id=\"faq-question-1701880094785\" class=\"rank-math-list-item\">\n<h3 class=\"rank-math-question\">Nayarit<\/h3>\n<div class=\"rank-math-answer\">\n\n<p>a\u00fan no hay ciudades<\/p>\n\n<\/div>\n<\/div>\n<div id=\"faq-question-1701880120489\" class=\"rank-math-list-item\">\n<h3 class=\"rank-math-question\">Puebla<\/h3>\n<div class=\"rank-math-answer\">\n\n<p>a\u00fan no hay ciudades<\/p>\n\n<\/div>\n<\/div>\n<div id=\"faq-question-1701880122706\" class=\"rank-math-list-item\">\n<h3 class=\"rank-math-question\">Quintana Roo<\/h3>\n<div class=\"rank-math-answer\">\n\n<p>a\u00fan no hay ciudades<\/p>\n\n<\/div>\n<\/div>\n<div id=\"faq-question-1701880125684\" class=\"rank-math-list-item\">\n<h3 class=\"rank-math-question\">Sonora<\/h3>\n<div class=\"rank-math-answer\">\n\n<p>a\u00fan no hay ciudades<\/p>\n\n<\/div>\n<\/div>\n<div id=\"faq-question-1701880257425\" class=\"rank-math-list-item\">\n<h3 class=\"rank-math-question\">Tlaxcala<\/h3>\n<div class=\"rank-math-answer\">\n\n<p>a\u00fan no hay ciudades<\/p>\n\n<\/div>\n<\/div>\n<div id=\"faq-question-1701880476917\" class=\"rank-math-list-item\">\n<h3 class=\"rank-math-question\">Zacatecas<\/h3>\n<div class=\"rank-math-answer\">\n\n<p>a\u00fan no hay ciudades<\/p>\n\n<\/div>\n<\/div>\n<\/div>\n<\/div><\/div>\n\n\n\n<div class=\"wp-block-column is-layout-flow wp-block-column-is-layout-flow\"><div id=\"rank-math-faq\" class=\"rank-math-block\">\n<div class=\"rank-math-list\">\n<div id=\"faq-question-1701879225227\" class=\"rank-math-list-item\">\n<h3 class=\"rank-math-question\">Baja California Sur<\/h3>\n<div class=\"rank-math-answer\">\n\n<p>a\u00fan no hay ciudades<\/p>\n\n<\/div>\n<\/div>\n<div id=\"faq-question-1701879477827\" class=\"rank-math-list-item\">\n<h3 class=\"rank-math-question\">Chihuahua<\/h3>\n<div class=\"rank-math-answer\">\n\n<p>a\u00fan no hay ciudades<\/p>\n\n<\/div>\n<\/div>\n<div id=\"faq-question-1701879558135\" class=\"rank-math-list-item\">\n<h3 class=\"rank-math-question\">Durango<\/h3>\n<div class=\"rank-math-answer\">\n\n<p>a\u00fan no hay ciudades<\/p>\n\n<\/div>\n<\/div>\n<div id=\"faq-question-1701879561078\" class=\"rank-math-list-item\">\n<h3 class=\"rank-math-question\">Hidalgo<\/h3>\n<div class=\"rank-math-answer\">\n\n<p>a\u00fan no hay ciudades<\/p>\n\n<\/div>\n<\/div>\n<div id=\"faq-question-1701880056409\" class=\"rank-math-list-item\">\n<h3 class=\"rank-math-question\">Michoacan<\/h3>\n<div class=\"rank-math-answer\">\n\n<p>a\u00fan no hay ciudades<\/p>\n\n<\/div>\n<\/div>\n<div id=\"faq-question-1701880096098\" class=\"rank-math-list-item\">\n<h3 class=\"rank-math-question\">Nuevo Leon<\/h3>\n<div class=\"rank-math-answer\">\n\n<p>a\u00fan no hay ciudades<\/p>\n\n<\/div>\n<\/div>\n<div id=\"faq-question-1701880121201\" class=\"rank-math-list-item\">\n<h3 class=\"rank-math-question\">San Luis Potosi<\/h3>\n<div class=\"rank-math-answer\">\n\n<p>a\u00fan no hay ciudades<\/p>\n\n<\/div>\n<\/div>\n<div id=\"faq-question-1701880123505\" class=\"rank-math-list-item\">\n<h3 class=\"rank-math-question\">Tabasco<\/h3>\n<div class=\"rank-math-answer\">\n\n<p>a\u00fan no hay ciudades<\/p>\n\n<\/div>\n<\/div>\n<div id=\"faq-question-1701880126769\" class=\"rank-math-list-item\">\n<h3 class=\"rank-math-question\">Veracruz<\/h3>\n<div class=\"rank-math-answer\">\n\n<p>a\u00fan no hay ciudades<\/p>\n\n<\/div>\n<\/div>\n<\/div>\n<\/div><\/div>\n<\/div>\n\n\n\n<hr class=\"wp-block-separator has-alpha-channel-opacity is-style-dots\"\/>\n\n\n\n<p class=\"has-medium-font-size\"><strong>Informaci\u00f3n de publicaci\u00f3n<\/strong><\/p>\n\n\n\n<ol class=\"wp-block-list\">\n<li class=\"has-small-font-size\"><em>Si la ciudad que ha elegido no aparece bajo el encabezado de pa\u00eds, significa que a\u00fan no tenemos un editor para esta ciudad espec\u00edfica y, por lo tanto, la publicidad no est\u00e1 disponible actualmente. Si la ciudad est\u00e1 disponible, haga clic para seguir el proceso de pedido.<\/em><\/li>\n\n\n\n<li class=\"has-small-font-size\"><em>Tenga en cuenta que si el espacio publicitario que eligi\u00f3 no aparece en el men\u00fa desplegable de la p\u00e1gina siguiente, lamentablemente significa que todos los espacios disponibles est\u00e1n actualmente en uso.<\/em><\/li>\n\n\n\n<li class=\"has-small-font-size\">Una vez comprada, la publicidad no se puede cancelar<\/li>\n\n\n\n<li class=\"has-small-font-size\"><em>Los anuncios una vez comprados no se pueden reembolsar<\/em><\/li>\n\n\n\n<li class=\"has-small-font-size\"><em>Elija CUIDADOSAMENTE la SECCI\u00d3N en la que le gustar\u00eda que aparezca el anuncio<\/em>.<\/li>\n\n\n\n<li class=\"has-small-font-size\"><em>Todas las campa\u00f1as publicitarias en Nodengo.com pasan por un proceso de investigaci\u00f3n interno antes de ser publicadas.<\/em><\/li>\n<\/ol>\n<\/div><\/div>\n\n\n\n<div style=\"height:55px\" aria-hidden=\"true\" class=\"wp-block-spacer\"><\/div>\n\n\n\n<p><\/p>","protected":false},"excerpt":{"rendered":"","protected":false},"author":2,"featured_media":0,"parent":0,"menu_order":0,"comment_status":"closed","ping_status":"closed","template":"","meta":{"_citadela_hide_page_title":"1","_citadela_remove_header_space":"1","_citadela_custom_class":"","_citadela_half_map_provider":"","_citadela_half_map_theme":"","_citadela_half_map_themeOSM":"","_citadela_half_map_customTheme":"","_citadela_half_map_dataType":"","_citadela_half_map_dynamicTrack":false,"_citadela_half_map_trackColor":"","_citadela_half_map_trackEndpointsColor":"","_citadela_half_map_filterCategory":"","_citadela_half_map_filterLocation":"","_citadela_half_map_filterFeatured":false,"_citadela_half_map_noDataBehavior":"empty-map","_citadela_half_map_noDataText":"","_citadela_half_map_clusterGridSize":80,"_citadela_header":true,"_citadela_header_over_content":true,"_citadela_header_text_color":"","_citadela_header_logo":[],"_citadela_header_bg_image":[],"_citadela_header_bg_position":{"x":0.5,"y":0.5},"_citadela_header_bg_size":"cover","_citadela_header_bg_repeat":"no-repeat","_citadela_header_bg_fixed":false,"_citadela_header_bg_color":"","_citadela_header_bg_image_overlay":"","_citadela_header_transparent_bg":true,"_citadela_content_width":"default","_citadela_half_layout_position":"","footnotes":""},"class_list":["post-1660","page","type-page","status-publish","hentry"],"_links":{"self":[{"href":"https:\/\/ads.nodengo.com\/es\/wp-json\/wp\/v2\/pages\/1660","targetHints":{"allow":["GET"]}}],"collection":[{"href":"https:\/\/ads.nodengo.com\/es\/wp-json\/wp\/v2\/pages"}],"about":[{"href":"https:\/\/ads.nodengo.com\/es\/wp-json\/wp\/v2\/types\/page"}],"author":[{"embeddable":true,"href":"https:\/\/ads.nodengo.com\/es\/wp-json\/wp\/v2\/users\/2"}],"replies":[{"embeddable":true,"href":"https:\/\/ads.nodengo.com\/es\/wp-json\/wp\/v2\/comments?post=1660"}],"version-history":[{"count":0,"href":"https:\/\/ads.nodengo.com\/es\/wp-json\/wp\/v2\/pages\/1660\/revisions"}],"wp:attachment":[{"href":"https:\/\/ads.nodengo.com\/es\/wp-json\/wp\/v2\/media?parent=1660"}],"curies":[{"name":"wp","href":"https:\/\/api.w.org\/{rel}","templated":true}]}}