{"id":1145,"date":"2023-12-06T07:26:46","date_gmt":"2023-12-06T07:26:46","guid":{"rendered":"https:\/\/ads.nodengo.com\/?page_id=1145"},"modified":"2023-12-29T12:09:22","modified_gmt":"2023-12-29T12:09:22","slug":"ads-for-canadian-provinces","status":"publish","type":"page","link":"https:\/\/ads.nodengo.com\/es\/ads-for-canadian-provinces\/","title":{"rendered":"Ads for Canada Provinces"},"content":{"rendered":"<div class=\"wp-block-citadela-blocks-custom-container citadela-block-custom-container size-content bg-type-image inside-space-none bg-size-cover has-overlay has-min-height vertical-align-center\" style=\"min-height:350px\"><div class=\"bg-image-wrapper lazyload\" style=\"background-image:inherit;background-repeat:no-repeat;background-position:50% 50%\" data-bg-image=\"url(https:\/\/ads.nodengo.com\/wp-content\/uploads\/adbanner.jpg)\"><\/div><div class=\"bg-image-overlay\" style=\"background-color:#1f2125;opacity:0.59\"><\/div><div class=\"inner-holder\">\n<div class=\"wp-block-citadela-blocks-spacer citadela-block-spacer responsive-options loading\" data-block-attr=\"{&quot;desktop&quot;:{&quot;height&quot;:&quot;7em&quot;},&quot;mobile&quot;:{&quot;height&quot;:&quot;3em&quot;}}\" data-block-mobile-breakpoint=\"600\"><div class=\"inner-holder\" style=\"padding-top:7em\"><\/div><\/div>\n\n\n\n<div class=\"wp-block-citadela-blocks-spacer citadela-block-spacer responsive-options loading\" data-block-attr=\"{&quot;desktop&quot;:{&quot;height&quot;:&quot;4vw&quot;},&quot;mobile&quot;:{&quot;height&quot;:&quot;1.4vw&quot;}}\" data-block-mobile-breakpoint=\"600\"><div class=\"inner-holder\" style=\"padding-top:4vw\"><\/div><\/div>\n\n\n         <div \r\n            class=\"citadela-block-responsive-text align-center responsive-options loading\"\r\n            data-block-mobile-attr=\"{&quot;desktop&quot;:{&quot;fontSize&quot;:&quot;3em&quot;},&quot;mobile&quot;:{&quot;fontSize&quot;:&quot;2.6em&quot;}}\"            data-block-mobile-breakpoint=\"600\"         >\r\n            <h1 class=\"inner-tag\" style=\"font-size: 3em; color: #ffffff;\">Anuncios para provincias canadienses<\/h1>         <\/div>\r\n      \n\n         <div \r\n            class=\"citadela-block-responsive-text align-center\"\r\n                                 >\r\n            <p class=\"inner-tag\" style=\"font-size: 0.95em; letter-spacing: 0.05em; color: #eba421;\">Nuestras disculpas. Actualmente no tenemos editores para las provincias de Canad\u00e1. Por lo tanto, la publicidad no est\u00e1 disponible; agregamos pa\u00edses con regularidad, as\u00ed que vuelva a consultarnos pronto.<\/p>         <\/div>\r\n      \n\n\n<div class=\"wp-block-citadela-blocks-spacer citadela-block-spacer\"><div class=\"inner-holder\" style=\"padding-top:20px\"><\/div><\/div>\n\n\n\n<div class=\"wp-block-buttons is-horizontal is-content-justification-center is-layout-flex wp-container-core-buttons-is-layout-499968f5 wp-block-buttons-is-layout-flex\">\n<div class=\"wp-block-button is-style-outline is-style-outline--2\"><a class=\"wp-block-button__link has-text-color wp-element-button\" style=\"color:#c09b72\">Ver ofertas y precios<\/a><\/div>\n<\/div>\n\n\n\n<div class=\"wp-block-citadela-blocks-spacer citadela-block-spacer\"><div class=\"inner-holder\" style=\"padding-top:20px\"><\/div><\/div>\n<\/div><\/div>\n\n\n\n<div class=\"wp-block-group alignwide\"><div class=\"wp-block-group__inner-container is-layout-flow wp-block-group-is-layout-flow\">\t\t\t<!-- Flexy Breadcrumb -->\r\n\t\t\t<div class=\"fbc fbc-page\">\r\n\r\n\t\t\t\t<!-- Breadcrumb wrapper -->\r\n\t\t\t\t<div class=\"fbc-wrap\">\r\n\r\n\t\t\t\t\t<!-- Ordered list-->\r\n\t\t\t\t\t<ol class=\"fbc-items\" itemscope itemtype=\"https:\/\/schema.org\/BreadcrumbList\">\r\n\t\t\t\t\t\t            <li itemprop=\"itemListElement\" itemscope itemtype=\"https:\/\/schema.org\/ListItem\">\r\n                <span itemprop=\"name\">\r\n                    <!-- Home Link -->\r\n                    <a itemprop=\"item\" href=\"https:\/\/ads.nodengo.com\/es\/\">\r\n                    \r\n                                                    <i class=\"fa fa-home\" aria-hidden=\"true\"><\/i>Home                    <\/a>\r\n                <\/span>\r\n                <meta itemprop=\"position\" content=\"1\" \/><!-- Meta Position-->\r\n             <\/li><li><span class=\"fbc-separator\">\/<\/span><\/li><li class=\"active\" itemprop=\"itemListElement\" itemscope itemtype=\"https:\/\/schema.org\/ListItem\"><span itemprop=\"name\" title=\"Blog\">Blog<\/span><meta itemprop=\"position\" content=\"2\" \/><\/li>\t\t\t\t\t<\/ol>\r\n\t\t\t\t\t<div class=\"clearfix\"><\/div>\r\n\t\t\t\t<\/div>\r\n\t\t\t<\/div>\r\n\t\t\t\n<\/div><\/div>\n\n\n\n<div style=\"height:32px\" aria-hidden=\"true\" class=\"wp-block-spacer\"><\/div>\n\n\n\n<div class=\"wp-block-citadela-blocks-custom-container citadela-block-custom-container size-wide bg-type-none inside-space-none\"><div class=\"inner-holder\">\n<div class=\"wp-block-citadela-blocks-custom-container citadela-block-custom-container size-wide bg-type-none inside-space-none\"><div class=\"inner-holder\">\n<h2 class=\"wp-block-heading\"><img decoding=\"async\" data-src=\"https:\/\/ads.nodengo.com\/wp-content\/uploads\/north-american-countries.png\" alt=\"ads for canadian provinces\" src=\"data:image\/svg+xml;base64,PHN2ZyB3aWR0aD0iMSIgaGVpZ2h0PSIxIiB4bWxucz0iaHR0cDovL3d3dy53My5vcmcvMjAwMC9zdmciPjwvc3ZnPg==\" class=\"lazyload\" style=\"--smush-placeholder-width: 20px; --smush-placeholder-aspect-ratio: 20\/20;\">  Anuncios para provincias canadienses<\/h2>\n\n\n\n<p>Gracias por su inter\u00e9s en anunciarse con nosotros, est\u00e1 eligiendo UNA de las siguientes opciones de anuncios de provincias canadienses para nuestro sitio <a href=\"https:\/\/nodengo.com\" target=\"_blank\" rel=\"noopener\">Nodengo.com<\/a><\/p>\n\n\n\n<p>Eliges anunciarte en una o m\u00e1s de las categor\u00edas a continuaci\u00f3n para incluirlas en las p\u00e1ginas de la provincia, selecciona TU provincia (a continuaci\u00f3n) y se te llevar\u00e1 a la secci\u00f3n correspondiente para realizar tu compra.<\/p>\n\n\n\n<h4 class=\"wp-block-heading has-text-color has-link-color wp-elements-307e7836cbb34a1f923c0ede46d79acf\" style=\"color:#eba421\">Tenga en cuenta que esta opci\u00f3n es para las p\u00e1ginas principales de publicidad de las provincias canadienses y <strong>NO<\/strong> para ciudades espec\u00edficas (si desea anunciarse solo en una ciudad...<a href=\"https:\/\/ads.nodengo.com\/es\/country-main-index-page\/\"> M\u00e1s informaci\u00f3n<\/a>)<\/h4>\n\n\n\n<p class=\"has-text-align-center\">Si no est\u00e1 seguro de qu\u00e9 opci\u00f3n de anuncios de provincias canadienses es mejor para usted. Por favor lea la descripci\u00f3n de nuestro <a href=\"https:\/\/ads.nodengo.com\/es\/advertising-options\/\" target=\"_blank\" rel=\"noreferrer noopener\">opciones publicitarias<\/a><\/p>\n\n\n\n<hr class=\"wp-block-separator has-alpha-channel-opacity\"\/>\n\n\n\n<h4 class=\"wp-block-heading has-text-align-center\">Provinces Index page    &#8211;    Provinces Blog page<\/h4>\n\n\n\n<hr class=\"wp-block-separator has-alpha-channel-opacity\"\/>\n<\/div><\/div>\n<\/div><\/div>\n\n\n\n<div class=\"wp-block-citadela-blocks-custom-container citadela-block-custom-container size-wide bg-type-none inside-space-none\"><div class=\"inner-holder\">\n<p>Al hacer clic en el nombre del pa\u00eds, se le llevar\u00e1 al siguiente paso para realizar su pedido.<\/p>\n\n\n\n<h2 class=\"wp-block-heading\">Opciones de publicidad \u2013 Provincias canadienses <\/h2>\n\n\n\n<p class=\"has-background\" style=\"background-color:#faefd159\">Alberta&nbsp;| British Columbia&nbsp;| Manitoba&nbsp;| New Brunswick&nbsp; | Newfoundland and Labrador&nbsp;| Northwest Territories&nbsp;| Nova Scotia&nbsp;| Nunavut&nbsp;| Ontario |&nbsp; Prince Edward Island&nbsp; Quebec |&nbsp; Saskatchewan |&nbsp; Yukon<\/p>\n\n\n\n<hr class=\"wp-block-separator has-alpha-channel-opacity is-style-dots\"\/>\n\n\n\n<p>Informaci\u00f3n de publicaci\u00f3n<\/p>\n\n\n\n<ol class=\"wp-block-list\">\n<li class=\"has-small-font-size\"><em>Si las provincias canadienses que ha elegido anteriormente no est\u00e1n \"resaltadas\", significa que a\u00fan no tenemos un editor para este pa\u00eds espec\u00edfico y, por lo tanto, la publicidad no est\u00e1 disponible actualmente.<\/em>. <\/li>\n\n\n\n<li class=\"has-small-font-size\"><em>Tenga en cuenta que si el espacio publicitario que eligi\u00f3 no aparece en el men\u00fa desplegable de la p\u00e1gina siguiente, lamentablemente significa que todos los espacios disponibles est\u00e1n actualmente en uso.<\/em> <\/li>\n\n\n\n<li class=\"has-small-font-size\"><em>Una vez comprada, la publicidad no se puede cancelar<\/em><\/li>\n\n\n\n<li class=\"has-small-font-size\"><em>Los anuncios una vez comprados no se pueden reembolsar<\/em><\/li>\n\n\n\n<li class=\"has-small-font-size\"><em>Elija CUIDADOSAMENTE la SECCI\u00d3N en la que le gustar\u00eda que aparezca el anuncio<\/em><\/li>\n\n\n\n<li class=\"has-small-font-size\"><em>Todas las campa\u00f1as publicitarias en Nodengo.com pasan por un proceso de investigaci\u00f3n interno antes de ser publicadas.<\/em><\/li>\n<\/ol>\n<\/div><\/div>\n\n\n\n<div style=\"height:55px\" aria-hidden=\"true\" class=\"wp-block-spacer\"><\/div>\n\n\n\n<p><\/p>","protected":false},"excerpt":{"rendered":"","protected":false},"author":2,"featured_media":0,"parent":0,"menu_order":0,"comment_status":"closed","ping_status":"closed","template":"","meta":{"_citadela_hide_page_title":"1","_citadela_remove_header_space":"1","_citadela_custom_class":"","_citadela_half_map_provider":"","_citadela_half_map_theme":"","_citadela_half_map_themeOSM":"","_citadela_half_map_customTheme":"","_citadela_half_map_dataType":"","_citadela_half_map_dynamicTrack":false,"_citadela_half_map_trackColor":"","_citadela_half_map_trackEndpointsColor":"","_citadela_half_map_filterCategory":"","_citadela_half_map_filterLocation":"","_citadela_half_map_filterFeatured":false,"_citadela_half_map_noDataBehavior":"empty-map","_citadela_half_map_noDataText":"","_citadela_half_map_clusterGridSize":80,"_citadela_header":true,"_citadela_header_over_content":true,"_citadela_header_text_color":"","_citadela_header_logo":[],"_citadela_header_bg_image":[],"_citadela_header_bg_position":{"x":0.5,"y":0.5},"_citadela_header_bg_size":"cover","_citadela_header_bg_repeat":"no-repeat","_citadela_header_bg_fixed":false,"_citadela_header_bg_color":"","_citadela_header_bg_image_overlay":"","_citadela_header_transparent_bg":true,"_citadela_content_width":"default","_citadela_half_layout_position":"","footnotes":""},"class_list":["post-1145","page","type-page","status-publish","hentry"],"_links":{"self":[{"href":"https:\/\/ads.nodengo.com\/es\/wp-json\/wp\/v2\/pages\/1145","targetHints":{"allow":["GET"]}}],"collection":[{"href":"https:\/\/ads.nodengo.com\/es\/wp-json\/wp\/v2\/pages"}],"about":[{"href":"https:\/\/ads.nodengo.com\/es\/wp-json\/wp\/v2\/types\/page"}],"author":[{"embeddable":true,"href":"https:\/\/ads.nodengo.com\/es\/wp-json\/wp\/v2\/users\/2"}],"replies":[{"embeddable":true,"href":"https:\/\/ads.nodengo.com\/es\/wp-json\/wp\/v2\/comments?post=1145"}],"version-history":[{"count":0,"href":"https:\/\/ads.nodengo.com\/es\/wp-json\/wp\/v2\/pages\/1145\/revisions"}],"wp:attachment":[{"href":"https:\/\/ads.nodengo.com\/es\/wp-json\/wp\/v2\/media?parent=1145"}],"curies":[{"name":"wp","href":"https:\/\/api.w.org\/{rel}","templated":true}]}}