{"id":1111,"date":"2023-12-05T21:56:40","date_gmt":"2023-12-05T21:56:40","guid":{"rendered":"https:\/\/ads.nodengo.com\/?page_id=1111"},"modified":"2023-12-29T12:09:22","modified_gmt":"2023-12-29T12:09:22","slug":"ads-for-african-countries","status":"publish","type":"page","link":"https:\/\/ads.nodengo.com\/en\/ads-for-african-countries\/","title":{"rendered":"Affordable ads for African Countries"},"content":{"rendered":"\n<div class=\"wp-block-citadela-blocks-custom-container citadela-block-custom-container size-content bg-type-image inside-space-none bg-size-cover has-overlay has-min-height vertical-align-center\" style=\"min-height:350px\"><div class=\"bg-image-wrapper lazyload\" style=\"background-image:inherit;background-repeat:no-repeat;background-position:50% 50%\" data-bg-image=\"url(https:\/\/ads.nodengo.com\/wp-content\/uploads\/adbanner.jpg)\"><\/div><div class=\"bg-image-overlay\" style=\"background-color:#1f2125;opacity:0.59\"><\/div><div class=\"inner-holder\">\n<div class=\"wp-block-citadela-blocks-spacer citadela-block-spacer responsive-options loading\" data-block-attr=\"{&quot;desktop&quot;:{&quot;height&quot;:&quot;7em&quot;},&quot;mobile&quot;:{&quot;height&quot;:&quot;3em&quot;}}\" data-block-mobile-breakpoint=\"600\"><div class=\"inner-holder\" style=\"padding-top:7em\"><\/div><\/div>\n\n\n\n<div class=\"wp-block-citadela-blocks-spacer citadela-block-spacer responsive-options loading\" data-block-attr=\"{&quot;desktop&quot;:{&quot;height&quot;:&quot;4vw&quot;},&quot;mobile&quot;:{&quot;height&quot;:&quot;1.4vw&quot;}}\" data-block-mobile-breakpoint=\"600\"><div class=\"inner-holder\" style=\"padding-top:4vw\"><\/div><\/div>\n\n\n         <div \r\n            class=\"citadela-block-responsive-text align-center responsive-options loading\"\r\n            data-block-mobile-attr=\"{&quot;desktop&quot;:{&quot;fontSize&quot;:&quot;3em&quot;},&quot;mobile&quot;:{&quot;fontSize&quot;:&quot;2.6em&quot;}}\"            data-block-mobile-breakpoint=\"600\"         >\r\n            <h1 class=\"inner-tag\" style=\"font-size: 3em; color: #ffffff;\">Ads for African Countries<\/h1>         <\/div>\r\n      \n\n         <div \r\n            class=\"citadela-block-responsive-text align-center\"\r\n                                 >\r\n            <p class=\"inner-tag\" style=\"font-size: 0.95em; letter-spacing: 0.05em; color: #eba421;\">Our apologies We do not currently have Editors for ads for African countries. Therefore advertising in unavailable, we are adding countries regularly so check back with us soon.<\/p>         <\/div>\r\n      \n\n\n<div class=\"wp-block-citadela-blocks-spacer citadela-block-spacer\"><div class=\"inner-holder\" style=\"padding-top:20px\"><\/div><\/div>\n\n\n\n<div class=\"wp-block-buttons is-horizontal is-content-justification-center is-layout-flex wp-container-core-buttons-is-layout-499968f5 wp-block-buttons-is-layout-flex\">\n<div class=\"wp-block-button is-style-outline is-style-outline--2\"><a class=\"wp-block-button__link has-text-color wp-element-button\" style=\"color:#c09b72\">View offer and pricing<\/a><\/div>\n<\/div>\n\n\n\n<div class=\"wp-block-citadela-blocks-spacer citadela-block-spacer\"><div class=\"inner-holder\" style=\"padding-top:20px\"><\/div><\/div>\n<\/div><\/div>\n\n\n\n<div class=\"wp-block-group alignwide\"><div class=\"wp-block-group__inner-container is-layout-flow wp-block-group-is-layout-flow\">\t\t\t<!-- Flexy Breadcrumb -->\r\n\t\t\t<div class=\"fbc fbc-page\">\r\n\r\n\t\t\t\t<!-- Breadcrumb wrapper -->\r\n\t\t\t\t<div class=\"fbc-wrap\">\r\n\r\n\t\t\t\t\t<!-- Ordered list-->\r\n\t\t\t\t\t<ol class=\"fbc-items\" itemscope itemtype=\"https:\/\/schema.org\/BreadcrumbList\">\r\n\t\t\t\t\t\t            <li itemprop=\"itemListElement\" itemscope itemtype=\"https:\/\/schema.org\/ListItem\">\r\n                <span itemprop=\"name\">\r\n                    <!-- Home Link -->\r\n                    <a itemprop=\"item\" href=\"https:\/\/ads.nodengo.com\">\r\n                    \r\n                                                    <i class=\"fa fa-home\" aria-hidden=\"true\"><\/i>Home                    <\/a>\r\n                <\/span>\r\n                <meta itemprop=\"position\" content=\"1\" \/><!-- Meta Position-->\r\n             <\/li><li><span class=\"fbc-separator\">\/<\/span><\/li><li class=\"active\" itemprop=\"itemListElement\" itemscope itemtype=\"https:\/\/schema.org\/ListItem\"><span itemprop=\"name\" title=\"Blog\">Blog<\/span><meta itemprop=\"position\" content=\"2\" \/><\/li>\t\t\t\t\t<\/ol>\r\n\t\t\t\t\t<div class=\"clearfix\"><\/div>\r\n\t\t\t\t<\/div>\r\n\t\t\t<\/div>\r\n\t\t\t\n<\/div><\/div>\n\n\n\n<div style=\"height:32px\" aria-hidden=\"true\" class=\"wp-block-spacer\"><\/div>\n\n\n\n<div class=\"wp-block-citadela-blocks-custom-container citadela-block-custom-container size-wide bg-type-none inside-space-none\"><div class=\"inner-holder\">\n<div class=\"wp-block-citadela-blocks-custom-container citadela-block-custom-container size-wide bg-type-none inside-space-none\"><div class=\"inner-holder\">\n<h2 class=\"wp-block-heading\"><img decoding=\"async\" data-src=\"https:\/\/ads.nodengo.com\/wp-content\/uploads\/african-countries.png\" alt=\"ads for african countries\" src=\"data:image\/svg+xml;base64,PHN2ZyB3aWR0aD0iMSIgaGVpZ2h0PSIxIiB4bWxucz0iaHR0cDovL3d3dy53My5vcmcvMjAwMC9zdmciPjwvc3ZnPg==\" class=\"lazyload\" style=\"--smush-placeholder-width: 20px; --smush-placeholder-aspect-ratio: 20\/20;\">  ADS for AFRICAN COUNTRIES<\/h2>\n\n\n\n<p>Thank you for your interest in advertising with us, you are choosing ONE of the following ads for African countries ad option for our site <a href=\"https:\/\/nodengo.com\" target=\"_blank\" rel=\"noopener\">Nodengo.com<\/a><\/p>\n\n\n\n<p>You are choosing to advertise in one or more from the categories below for listing on the country pages, please select YOUR country (from below) and you will be taken to the appropriate section to place your purchase<\/p>\n\n\n\n<h4 class=\"wp-block-heading has-text-color has-link-color wp-elements-d4192b2c99b67b6a251ad0a43e870aae\" style=\"color:#eba421\">Please note that this option is for the ads for African countries main pages advertising and <strong>NOT<\/strong> for specific cities (should you want to advertise in a city only&#8230;<a href=\"https:\/\/ads.nodengo.com\/en\/country-main-index-page\"> learn more<\/a>)<\/h4>\n\n\n\n<p class=\"has-text-align-center\">If you are uncertain as to what ads for african countires option is best for you. Please read the description of our <a href=\"https:\/\/ads.nodengo.com\/en\/advertising-options\" target=\"_blank\" rel=\"noreferrer noopener\">advertising options<\/a><\/p>\n\n\n\n<hr class=\"wp-block-separator has-alpha-channel-opacity\"\/>\n\n\n\n<h4 class=\"wp-block-heading has-text-align-center\">Country Index page    &#8211;    Country Blog page<\/h4>\n\n\n\n<hr class=\"wp-block-separator has-alpha-channel-opacity\"\/>\n<\/div><\/div>\n<\/div><\/div>\n\n\n\n<div class=\"wp-block-citadela-blocks-custom-container citadela-block-custom-container size-wide bg-type-none inside-space-none\"><div class=\"inner-holder\">\n<p>By clicking the highlighted country button, you will be taken to the following step to place your order.<\/p>\n\n\n\n<h2 class=\"wp-block-heading\">Advertising options &#8211; African Countries<\/h2>\n\n\n\n<p class=\"has-background\" style=\"background-color:#faefd159\">Algeria | Angola | Benin | Botswana | Burkina Faso | Burundi | Cameroon | Cape Verde | Central Africa Republic | Chad | Comoros | Congo | Democratic Republic of the Congo | Djibouti | Egypt | Equatorial Guinea | Eritrea | Ethiopia | Gabon | Gambia | Ghana | Guinea | Guinea-Bissau | Ivory Coast | Kenya | Lesotho | Liberia | Libya | Madagascar | Malawi | Mali | Mauritania | Mauritius | Mayotte | Morocco | Mozambique | Namibia | Niger | Nigeria | Reunion | Rwanda | Senegal | Seychelles | Sierra Leone | Somalia | South Africa | South Sudan | Swaziland | S\u00e3o Tom\u00e9 and Pr\u00edncipe | Tanzania | Togo | Tunisia | Uganda | Zambia | Zimbabwe<\/p>\n\n\n\n<hr class=\"wp-block-separator has-alpha-channel-opacity is-style-dots\"\/>\n\n\n\n<p>Publishing Information<\/p>\n\n\n\n<ol class=\"wp-block-list\">\n<li class=\"has-small-font-size\"><em>If the african countries you have chosen above is not &#8220;highlighted&#8221; it means that we do not have yet an editor for this specific country and thus advertising is not currently available<\/em>. <\/li>\n\n\n\n<li class=\"has-small-font-size\"><em>Please note that should your chosen ad space not appear on the pull-down menu on the following page, it unfortunately means that all spaces available are currently in use.<\/em><\/li>\n\n\n\n<li class=\"has-small-font-size\">Once purchased advertising cannot be cancelled<\/li>\n\n\n\n<li class=\"has-small-font-size\"><em>Once purchased ads cannot be refunded<\/em><\/li>\n\n\n\n<li class=\"has-small-font-size\"><em>Choose CAREFULLY the SECTION where you would like the ad to appear in<\/em><\/li>\n\n\n\n<li class=\"has-small-font-size\"><em>All Advertising campaigns on Nodengo.com go through an internal vetting process before being published.<\/em><\/li>\n<\/ol>\n<\/div><\/div>\n\n\n\n<div style=\"height:55px\" aria-hidden=\"true\" class=\"wp-block-spacer\"><\/div>\n\n\n\n<p><\/p>\n","protected":false},"excerpt":{"rendered":"","protected":false},"author":2,"featured_media":0,"parent":0,"menu_order":0,"comment_status":"closed","ping_status":"closed","template":"","meta":{"_citadela_hide_page_title":"1","_citadela_remove_header_space":"1","_citadela_custom_class":"","_citadela_half_map_provider":"","_citadela_half_map_theme":"","_citadela_half_map_themeOSM":"","_citadela_half_map_customTheme":"","_citadela_half_map_dataType":"","_citadela_half_map_dynamicTrack":false,"_citadela_half_map_trackColor":"","_citadela_half_map_trackEndpointsColor":"","_citadela_half_map_filterCategory":"","_citadela_half_map_filterLocation":"","_citadela_half_map_filterFeatured":false,"_citadela_half_map_noDataBehavior":"empty-map","_citadela_half_map_noDataText":"","_citadela_half_map_clusterGridSize":80,"_citadela_header":true,"_citadela_header_over_content":true,"_citadela_header_text_color":"","_citadela_header_logo":[],"_citadela_header_bg_image":[],"_citadela_header_bg_position":{"x":0.5,"y":0.5},"_citadela_header_bg_size":"cover","_citadela_header_bg_repeat":"no-repeat","_citadela_header_bg_fixed":false,"_citadela_header_bg_color":"","_citadela_header_bg_image_overlay":"","_citadela_header_transparent_bg":true,"_citadela_content_width":"default","_citadela_half_layout_position":"","footnotes":""},"class_list":["post-1111","page","type-page","status-publish","hentry"],"_links":{"self":[{"href":"https:\/\/ads.nodengo.com\/en\/wp-json\/wp\/v2\/pages\/1111","targetHints":{"allow":["GET"]}}],"collection":[{"href":"https:\/\/ads.nodengo.com\/en\/wp-json\/wp\/v2\/pages"}],"about":[{"href":"https:\/\/ads.nodengo.com\/en\/wp-json\/wp\/v2\/types\/page"}],"author":[{"embeddable":true,"href":"https:\/\/ads.nodengo.com\/en\/wp-json\/wp\/v2\/users\/2"}],"replies":[{"embeddable":true,"href":"https:\/\/ads.nodengo.com\/en\/wp-json\/wp\/v2\/comments?post=1111"}],"version-history":[{"count":0,"href":"https:\/\/ads.nodengo.com\/en\/wp-json\/wp\/v2\/pages\/1111\/revisions"}],"wp:attachment":[{"href":"https:\/\/ads.nodengo.com\/en\/wp-json\/wp\/v2\/media?parent=1111"}],"curies":[{"name":"wp","href":"https:\/\/api.w.org\/{rel}","templated":true}]}}