{"id":679,"date":"2023-12-05T16:20:43","date_gmt":"2023-12-05T16:20:43","guid":{"rendered":"https:\/\/ads.nodengo.com\/?page_id=679"},"modified":"2023-12-29T14:44:59","modified_gmt":"2023-12-29T14:44:59","slug":"help-center","status":"publish","type":"page","link":"https:\/\/ads.nodengo.com\/de\/help-center\/","title":{"rendered":"Hilfezentrum"},"content":{"rendered":"<div class=\"wp-block-citadela-blocks-custom-container citadela-block-custom-container size-content bg-type-image inside-space-none bg-size-cover has-bg has-overlay\" style=\"background-color:rgba(36, 37, 39, 1)\"><div class=\"bg-image-wrapper lazyload\" style=\"background-image:inherit;background-repeat:no-repeat;background-position:50% 50%\" data-bg-image=\"url(https:\/\/ads.nodengo.com\/wp-content\/uploads\/2019\/09\/owen-cl-boLgiM0qwkg-unsplash.jpg)\"><\/div><div class=\"bg-image-overlay\" style=\"background-color:#1f2125;opacity:0.9\"><\/div><div class=\"inner-holder\">\n<div class=\"wp-block-citadela-blocks-spacer citadela-block-spacer responsive-options loading\" data-block-attr=\"{&quot;desktop&quot;:{&quot;height&quot;:&quot;7em&quot;},&quot;mobile&quot;:{&quot;height&quot;:&quot;3em&quot;}}\" data-block-mobile-breakpoint=\"600\"><div class=\"inner-holder\" style=\"padding-top:7em\"><\/div><\/div>\n\n\n\n<div class=\"wp-block-citadela-blocks-spacer citadela-block-spacer responsive-options loading\" data-block-attr=\"{&quot;desktop&quot;:{&quot;height&quot;:&quot;4vw&quot;},&quot;mobile&quot;:{&quot;height&quot;:&quot;1.4vw&quot;}}\" data-block-mobile-breakpoint=\"600\"><div class=\"inner-holder\" style=\"padding-top:4vw\"><\/div><\/div>\n\n\n         <div \r\n            class=\"citadela-block-responsive-text align-center responsive-options loading\"\r\n            data-block-mobile-attr=\"{&quot;desktop&quot;:{&quot;fontSize&quot;:&quot;3em&quot;},&quot;mobile&quot;:{&quot;fontSize&quot;:&quot;2.6em&quot;}}\"            data-block-mobile-breakpoint=\"600\"         >\r\n            <h1 class=\"inner-tag\" style=\"font-size: 3em; color: #ffffff;\">Hilfezentrum<\/h1>         <\/div>\r\n      \n\n         <div \r\n            class=\"citadela-block-responsive-text align-center\"\r\n                                 >\r\n            <p class=\"inner-tag\" style=\"font-size: 0.95em; letter-spacing: 0.05em; color: #c09b72;\">Brauchen Sie Hilfe ! Wir haben einige h\u00e4ufig gestellte Fragen zusammengestellt <\/p>         <\/div>\r\n      \n\n\n<div class=\"wp-block-citadela-blocks-spacer citadela-block-spacer\"><div class=\"inner-holder\" style=\"padding-top:20px\"><\/div><\/div>\n\n\n\n<div class=\"wp-block-buttons is-horizontal is-content-justification-center is-layout-flex wp-container-core-buttons-is-layout-499968f5 wp-block-buttons-is-layout-flex\">\n<div class=\"wp-block-button is-style-outline is-style-outline--2\"><a class=\"wp-block-button__link has-text-color wp-element-button\" style=\"color:#c09b72\">Siehe Angebote und Preise<\/a><\/div>\n<\/div>\n\n\n\n<div class=\"wp-block-citadela-blocks-spacer citadela-block-spacer\"><div class=\"inner-holder\" style=\"padding-top:20px\"><\/div><\/div>\n\n\n\n<div class=\"wp-block-citadela-blocks-spacer citadela-block-spacer\"><div class=\"inner-holder\" style=\"padding-top:7.5vw\"><\/div><\/div>\n<\/div><\/div>\n\n\n\n<div class=\"wp-block-group alignwide\"><div class=\"wp-block-group__inner-container is-layout-flow wp-block-group-is-layout-flow\">\t\t\t<!-- Flexy Breadcrumb -->\r\n\t\t\t<div class=\"fbc fbc-page\">\r\n\r\n\t\t\t\t<!-- Breadcrumb wrapper -->\r\n\t\t\t\t<div class=\"fbc-wrap\">\r\n\r\n\t\t\t\t\t<!-- Ordered list-->\r\n\t\t\t\t\t<ol class=\"fbc-items\" itemscope itemtype=\"https:\/\/schema.org\/BreadcrumbList\">\r\n\t\t\t\t\t\t            <li itemprop=\"itemListElement\" itemscope itemtype=\"https:\/\/schema.org\/ListItem\">\r\n                <span itemprop=\"name\">\r\n                    <!-- Home Link -->\r\n                    <a itemprop=\"item\" href=\"https:\/\/ads.nodengo.com\/de\/\">\r\n                    \r\n                                                    <i class=\"fa fa-home\" aria-hidden=\"true\"><\/i>Home                    <\/a>\r\n                <\/span>\r\n                <meta itemprop=\"position\" content=\"1\" \/><!-- Meta Position-->\r\n             <\/li><li><span class=\"fbc-separator\">\/<\/span><\/li><li class=\"active\" itemprop=\"itemListElement\" itemscope itemtype=\"https:\/\/schema.org\/ListItem\"><span itemprop=\"name\" title=\"Blog\">Blog<\/span><meta itemprop=\"position\" content=\"2\" \/><\/li>\t\t\t\t\t<\/ol>\r\n\t\t\t\t\t<div class=\"clearfix\"><\/div>\r\n\t\t\t\t<\/div>\r\n\t\t\t<\/div>\r\n\t\t\t\n<\/div><\/div>\n\n\n\n<div style=\"height:55px\" aria-hidden=\"true\" class=\"wp-block-spacer\"><\/div>\n\n\n\n<div class=\"wp-block-citadela-blocks-custom-container citadela-block-custom-container size-wide bg-type-none inside-space-none\"><div class=\"inner-holder\">\n<h2 class=\"wp-block-heading\"><img decoding=\"async\" data-src=\"https:\/\/ads.nodengo.com\/wp-content\/uploads\/vert_titre.gif\" alt=\"help center\" src=\"data:image\/svg+xml;base64,PHN2ZyB3aWR0aD0iMSIgaGVpZ2h0PSIxIiB4bWxucz0iaHR0cDovL3d3dy53My5vcmcvMjAwMC9zdmciPjwvc3ZnPg==\" class=\"lazyload\" style=\"--smush-placeholder-width: 40px; --smush-placeholder-aspect-ratio: 40\/27;\">HILFE ZENTRUM<\/h2>\n\n\n\n<p>Our help center aim to answer most of your questions, if it does not feel free to <a href=\"https:\/\/ads.nodengo.com\/de\/kontakt-2\/\" data-type=\"page\" data-id=\"74\">kontaktiere uns<\/a><\/p>\n<\/div><\/div>\n\n\n<div id=\"rank-math-faq\" class=\"rank-math-block\">\n<div class=\"rank-math-list\">\n<div id=\"faq-question-1701792969815\" class=\"rank-math-list-item\">\n<h3 class=\"rank-math-question\">Muss ich mich registrieren, um eine Anzeige zu ver\u00f6ffentlichen?<\/h3>\n<div class=\"rank-math-answer\">\n\n<p>Ja  ! Sie m\u00fcssen\u00a0<a href=\"https:\/\/ads.nodengo.com\/de\/register\/\">registrieren<\/a>\u00a0um eine Bestellung aufzugeben, aber auch um auf die Werbestatistiken f\u00fcr Ihre Werbekampagne zugreifen zu k\u00f6nnen.<\/p>\n\n<\/div>\n<\/div>\n<div id=\"faq-question-1701793019245\" class=\"rank-math-list-item\">\n<h3 class=\"rank-math-question\">Welches Anzeigenformat ist verf\u00fcgbar?<\/h3>\n<div class=\"rank-math-answer\">\n\n<p>Flash wird nicht mehr akzeptiert. Das folgende Format wird akzeptiert und verf\u00fcgbarer Text - Bilder (jpg, png, gif) - Video (html5, flash) - Text \/ Bilder (Anzeigenvorlagen) - html-Javascript - CSS (benutzerdefiniertes CSS)<br \/>Zu diesem Zeitpunkt, um unsere Seitenlayouts und Werbung beizubehalten. Wir haben unsere Angebote auf das folgende Anzeigenformat beschr\u00e4nkt: 300 \u00d7 250 und 728 x 90 Standardbanner.<\/p>\n\n<\/div>\n<\/div>\n<div id=\"faq-question-1701793061138\" class=\"rank-math-list-item\">\n<h3 class=\"rank-math-question\">Wo wird meine Anzeige erscheinen?<\/h3>\n<div class=\"rank-math-answer\">\n\n<p>Wir haben uns entschlossen, ein eigenes Werbesystem bereitzustellen, um genau zu steuern, wo Anzeigen erscheinen. Beim Kauf von Werbung w\u00e4hlen Sie den Standort Ihres Banners entsprechend dem Standort Ihres Unternehmens auf <a href=\"https:\/\/nodengo.com\" target=\"_blank\" rel=\"noopener\">Nodengo.com<\/a> Seiten<br \/>Wenn sich Ihr Unternehmen in London befindet, k\u00f6nnen Sie daher Anzeigen auf den Londoner Seiten kaufen, jedoch nicht auf den Lissaboner Seiten.<\/p>\n\n<\/div>\n<\/div>\n<div id=\"faq-question-1701793083185\" class=\"rank-math-list-item\">\n<h3 class=\"rank-math-question\">Fragen vor dem Verkauf<\/h3>\n<div class=\"rank-math-answer\">\n\n<p>Die meisten Informationen in Bezug auf Werbung finden Sie auf unseren Seiten wie \"Optionen\", \"Informationen\", \"Werbeaktionen\" und \"Preise\". Sollten Sie die Antwort nicht finden, k\u00f6nnen Sie uns gerne kontaktieren.<\/p>\n\n<\/div>\n<\/div>\n<div id=\"faq-question-1701793105732\" class=\"rank-math-list-item\">\n<h3 class=\"rank-math-question\">Verf\u00fcgbare Anzeigentypen <\/h3>\n<div class=\"rank-math-answer\">\n\n<p>Derzeit haben wir unsere Angebote auf CPD (Kosten pro Tag) beschr\u00e4nkt, was Ihnen unserer Ansicht nach die Budgetierung und Vereinfachung unseres Werbesystems erleichtert.<br \/>Wir erw\u00e4gen, in Zukunft CPC (Cost per Click) und CPM (Cost per Impressions) hinzuzuf\u00fcgen und werden Sie informieren, wenn diese Funktionen verf\u00fcgbar sind.<\/p>\n\n<\/div>\n<\/div>\n<div id=\"faq-question-1701793189612\" class=\"rank-math-list-item\">\n<h3 class=\"rank-math-question\">Gibt es ein anderes Format?<\/h3>\n<div class=\"rank-math-answer\">\n\n<p>Derzeit bieten wir Banner im Format 300\u00a0x\u00a0250 oder 728\u00a0x\u00a090 an, die sehr gut funktioniert haben. Wir suchen nach weiteren Formaten und k\u00f6nnen diese in Zukunft pr\u00e4sentieren<\/p>\n\n<\/div>\n<\/div>\n<div id=\"faq-question-1701793128764\" class=\"rank-math-list-item\">\n<h3 class=\"rank-math-question\">Anmelde Probleme<\/h3>\n<div class=\"rank-math-answer\">\n\n<p>Mit unserem Kontoverwaltungssystem k\u00f6nnen Sie auf Ihr Konto zugreifen, auf Ihre Kontostatistiken zugreifen und zus\u00e4tzliche Werbung erwerben.<br \/>In Ihrem Konto k\u00f6nnen Sie auch Ihr Konto und Ihr Passwort \u00e4ndern \/ zur\u00fccksetzen oder modifizieren. Alle diese Links finden Sie in der Fu\u00dfzeile aller Seiten unserer Website.<br \/>Wenn diese Optionen Ihr Problem nicht l\u00f6sen, kontaktieren Sie uns bitte<\/p>\n\n<\/div>\n<\/div>\n<div id=\"faq-question-1701793148804\" class=\"rank-math-list-item\">\n<h3 class=\"rank-math-question\">Abrechnung und Zahlung<\/h3>\n<div class=\"rank-math-answer\">\n\n<p>Derzeit arbeiten wir ausschlie\u00dflich mit Paypal zusammen, um unsere Zahlung abzuwickeln, daher wird Werbung beim Kauf bezahlt. Sie haben zun\u00e4chst die M\u00f6glichkeit, Werbung f\u00fcr 30 - 60 oder 90 Tage zu erwerben. Gekaufte Werbung wird nicht erstattet.<br \/>Wenn Sie 30 Tage gekauft haben und Ihre Kampagne verl\u00e4ngern m\u00f6chten, kaufen Sie einfach weitere Tage in Ihrem Werbekonto.<br \/>Bei weiteren Fragen zu Ihrer Abrechnung wenden Sie sich bitte direkt an uns<\/p>\n\n<\/div>\n<\/div>\n<div id=\"faq-question-1701793175508\" class=\"rank-math-list-item\">\n<h3 class=\"rank-math-question\">Optionen f\u00fcr die Anzeigenl\u00e4nge<\/h3>\n<div class=\"rank-math-answer\">\n\n<p>Wir bieten die M\u00f6glichkeit, Werbung f\u00fcr 30 - 60 oder 90 Tage zu kaufen. Derzeit bieten wir f\u00fcr die meisten unserer Werbeangebote den folgenden Rabatt an<br \/>60 Tage - 10% Rabatt 90 Tage - 20% Rabatt.<br \/>Wenn Sie 30 Tage gekauft haben und Ihre Kampagne verl\u00e4ngern m\u00f6chten, kaufen Sie einfach weitere Tage in Ihrem Werbekonto. Der Rabatt ist sowohl f\u00fcr den Erstkauf als auch f\u00fcr zus\u00e4tzliche Eink\u00e4ufe verf\u00fcgbar.<br \/>Technische Fragen und Support<br \/>Technische Fragen und Support-Hilfe sind besser bedient, wenn Sie<a href=\"https:\/\/ads.nodengo.com\/de\/contact-1\/\"> kontaktiere uns<\/a> direkt<br \/>Ben\u00f6tigen Sie weitere Hilfe, haben Sie andere Fragen<br \/>Wenn Sie weitere Hilfe ben\u00f6tigen und wir Ihre Fragen nicht beantwortet haben, k\u00f6nnen Sie uns gerne \u00fcber das Kontaktformular kontaktieren<\/p>\n\n<\/div>\n<\/div>\n<div id=\"faq-question-1702313572409\" class=\"rank-math-list-item\">\n<h3 class=\"rank-math-question\">Help Center advertising shortcut<\/h3>\n<div class=\"rank-math-answer\">\n\n<p>1 Advertising for main pages<br \/>2 Advertising for Country pages<br \/>3. Advertising for City pages<br \/>4. Quick order form for returning advertisers<br \/>5. Order and pricing information<\/p>\n\n<\/div>\n<\/div>\n<\/div>\n<\/div>","protected":false},"excerpt":{"rendered":"","protected":false},"author":5,"featured_media":0,"parent":0,"menu_order":0,"comment_status":"closed","ping_status":"closed","template":"","meta":{"_citadela_hide_page_title":"1","_citadela_remove_header_space":"1","_citadela_custom_class":"","_citadela_half_map_provider":"","_citadela_half_map_theme":"","_citadela_half_map_themeOSM":"","_citadela_half_map_customTheme":"","_citadela_half_map_dataType":"","_citadela_half_map_dynamicTrack":false,"_citadela_half_map_trackColor":"","_citadela_half_map_trackEndpointsColor":"","_citadela_half_map_filterCategory":"","_citadela_half_map_filterLocation":"","_citadela_half_map_filterFeatured":false,"_citadela_half_map_noDataBehavior":"empty-map","_citadela_half_map_noDataText":"","_citadela_half_map_clusterGridSize":80,"_citadela_header":true,"_citadela_header_over_content":true,"_citadela_header_text_color":"","_citadela_header_logo":[],"_citadela_header_bg_image":[],"_citadela_header_bg_position":{"x":0.5,"y":0.5},"_citadela_header_bg_size":"cover","_citadela_header_bg_repeat":"no-repeat","_citadela_header_bg_fixed":false,"_citadela_header_bg_color":"","_citadela_header_bg_image_overlay":"","_citadela_header_transparent_bg":true,"_citadela_content_width":"default","_citadela_half_layout_position":"","footnotes":""},"class_list":["post-679","page","type-page","status-publish","hentry"],"_links":{"self":[{"href":"https:\/\/ads.nodengo.com\/de\/wp-json\/wp\/v2\/pages\/679","targetHints":{"allow":["GET"]}}],"collection":[{"href":"https:\/\/ads.nodengo.com\/de\/wp-json\/wp\/v2\/pages"}],"about":[{"href":"https:\/\/ads.nodengo.com\/de\/wp-json\/wp\/v2\/types\/page"}],"author":[{"embeddable":true,"href":"https:\/\/ads.nodengo.com\/de\/wp-json\/wp\/v2\/users\/5"}],"replies":[{"embeddable":true,"href":"https:\/\/ads.nodengo.com\/de\/wp-json\/wp\/v2\/comments?post=679"}],"version-history":[{"count":0,"href":"https:\/\/ads.nodengo.com\/de\/wp-json\/wp\/v2\/pages\/679\/revisions"}],"wp:attachment":[{"href":"https:\/\/ads.nodengo.com\/de\/wp-json\/wp\/v2\/media?parent=679"}],"curies":[{"name":"wp","href":"https:\/\/api.w.org\/{rel}","templated":true}]}}