{"id":605,"date":"2023-12-05T15:18:09","date_gmt":"2023-12-05T15:18:09","guid":{"rendered":"https:\/\/ads.nodengo.com\/?page_id=605"},"modified":"2023-12-13T10:14:35","modified_gmt":"2023-12-13T10:14:35","slug":"information","status":"publish","type":"page","link":"https:\/\/ads.nodengo.com\/de\/information\/","title":{"rendered":"Information"},"content":{"rendered":"<div class=\"wp-block-citadela-blocks-custom-container citadela-block-custom-container size-content bg-type-image inside-space-none bg-size-cover has-bg has-overlay\" style=\"background-color:rgba(36, 37, 39, 1)\"><div class=\"bg-image-wrapper lazyload\" style=\"background-image:inherit;background-repeat:no-repeat;background-position:50% 50%\" data-bg-image=\"url(https:\/\/ads.nodengo.com\/wp-content\/uploads\/2019\/09\/owen-cl-boLgiM0qwkg-unsplash.jpg)\"><\/div><div class=\"bg-image-overlay\" style=\"background-color:#1f2125;opacity:0.9\"><\/div><div class=\"inner-holder\">\n<div class=\"wp-block-citadela-blocks-spacer citadela-block-spacer responsive-options loading\" data-block-attr=\"{&quot;desktop&quot;:{&quot;height&quot;:&quot;7em&quot;},&quot;mobile&quot;:{&quot;height&quot;:&quot;3em&quot;}}\" data-block-mobile-breakpoint=\"600\"><div class=\"inner-holder\" style=\"padding-top:7em\"><\/div><\/div>\n\n\n\n<div class=\"wp-block-citadela-blocks-spacer citadela-block-spacer responsive-options loading\" data-block-attr=\"{&quot;desktop&quot;:{&quot;height&quot;:&quot;4vw&quot;},&quot;mobile&quot;:{&quot;height&quot;:&quot;1.4vw&quot;}}\" data-block-mobile-breakpoint=\"600\"><div class=\"inner-holder\" style=\"padding-top:4vw\"><\/div><\/div>\n\n\n\n<h1 class=\"wp-block-heading has-text-align-center has-white-color has-text-color has-link-color wp-elements-8dc5dc561e6d7f3ede868b39a384130e\" style=\"font-size:64px\">Information<\/h1>\n\n\n         <div \r\n            class=\"citadela-block-responsive-text align-center\"\r\n                                 >\r\n            <p class=\"inner-tag\" style=\"font-size: 0.95em; letter-spacing: 0.05em; color: #c09b72;\">\u00dcber unser Werbeprogramm<br>Wir bieten wirklich zielgerichtete Werbung, mit der Sie potenzielle Kunden direkt erreichen k\u00f6nnen, wenn sie Informationen \u00fcber das Reiseziel suchen und ihren Urlaub planen.<\/p>         <\/div>\r\n      \n\n\n<div class=\"wp-block-citadela-blocks-spacer citadela-block-spacer\"><div class=\"inner-holder\" style=\"padding-top:20px\"><\/div><\/div>\n\n\n\n<div class=\"wp-block-buttons is-horizontal is-content-justification-center is-layout-flex wp-container-core-buttons-is-layout-499968f5 wp-block-buttons-is-layout-flex\">\n<div class=\"wp-block-button is-style-outline is-style-outline--2\"><a class=\"wp-block-button__link has-text-color wp-element-button\" href=\"https:\/\/ads.nodengo.com\/de\/advertising-options\/\" style=\"color:#c09b72\" target=\"_blank\" rel=\"noreferrer noopener\">Siehe Angebote und Preise<\/a><\/div>\n<\/div>\n\n\n\n<div class=\"wp-block-citadela-blocks-spacer citadela-block-spacer\"><div class=\"inner-holder\" style=\"padding-top:20px\"><\/div><\/div>\n\n\n\n<div class=\"wp-block-citadela-blocks-spacer citadela-block-spacer\"><div class=\"inner-holder\" style=\"padding-top:7.5vw\"><\/div><\/div>\n<\/div><\/div>\n\n\n\n<div class=\"wp-block-group alignwide\"><div class=\"wp-block-group__inner-container is-layout-flow wp-block-group-is-layout-flow\">\t\t\t<!-- Flexy Breadcrumb -->\r\n\t\t\t<div class=\"fbc fbc-page\">\r\n\r\n\t\t\t\t<!-- Breadcrumb wrapper -->\r\n\t\t\t\t<div class=\"fbc-wrap\">\r\n\r\n\t\t\t\t\t<!-- Ordered list-->\r\n\t\t\t\t\t<ol class=\"fbc-items\" itemscope itemtype=\"https:\/\/schema.org\/BreadcrumbList\">\r\n\t\t\t\t\t\t            <li itemprop=\"itemListElement\" itemscope itemtype=\"https:\/\/schema.org\/ListItem\">\r\n                <span itemprop=\"name\">\r\n                    <!-- Home Link -->\r\n                    <a itemprop=\"item\" href=\"https:\/\/ads.nodengo.com\/de\/\">\r\n                    \r\n                                                    <i class=\"fa fa-home\" aria-hidden=\"true\"><\/i>Home                    <\/a>\r\n                <\/span>\r\n                <meta itemprop=\"position\" content=\"1\" \/><!-- Meta Position-->\r\n             <\/li><li><span class=\"fbc-separator\">\/<\/span><\/li><li class=\"active\" itemprop=\"itemListElement\" itemscope itemtype=\"https:\/\/schema.org\/ListItem\"><span itemprop=\"name\" title=\"Blog\">Blog<\/span><meta itemprop=\"position\" content=\"2\" \/><\/li>\t\t\t\t\t<\/ol>\r\n\t\t\t\t\t<div class=\"clearfix\"><\/div>\r\n\t\t\t\t<\/div>\r\n\t\t\t<\/div>\r\n\t\t\t\n<\/div><\/div>\n\n\n\r\n        <div class=\"wp-block-citadela-blocks ctdl-directory-search-form border-thin shadow-default align-center\">\r\n            <div class=\"citadela-block-form search-form-component-container\" style=\"\" data-action=\"&quot;https:\\\/\\\/ads.nodengo.com\\\/de\\\/&quot;\"data-post-type=\"citadela-item\"data-category-taxonomy=\"citadela-item-category\"data-location-taxonomy=\"citadela-item-location\">\r\n            <\/div>\r\n                    <\/div>\r\n\r\n        \n\n\n<div class=\"wp-block-citadela-blocks-custom-container citadela-block-custom-container size-wide bg-type-none inside-space-none\"><div class=\"inner-holder\">\n<div class=\"wp-block-citadela-blocks-custom-container citadela-block-custom-container size-wide bg-type-none inside-space-none\"><div class=\"inner-holder\">\n<h2 class=\"wp-block-heading\">INFORMATIONEN ZU UNSEREM PROGRAMM<\/h2>\n\n\n\n<h4 class=\"wp-block-heading\"><img decoding=\"async\" data-src=\"https:\/\/ads.nodengo.com\/wp-content\/uploads\/buttongrey.gif\" src=\"data:image\/svg+xml;base64,PHN2ZyB3aWR0aD0iMSIgaGVpZ2h0PSIxIiB4bWxucz0iaHR0cDovL3d3dy53My5vcmcvMjAwMC9zdmciPjwvc3ZnPg==\" class=\"lazyload\" style=\"--smush-placeholder-width: 16px; --smush-placeholder-aspect-ratio: 16\/9;\">&nbsp;<u>Was ist Nodengo.com?<\/u><\/h4>\n\n\n\n<p>Nodengo.com ist ein Online-Netzwerk, das sich auf die Bereitstellung lokaler touristischer Informationen, Reisedetails und Stadtf\u00fchrer konzentriert. Wir erkannten einen Mangel an genauen und unvoreingenommenen lokalen Informationen im Internet, was uns dazu veranlasste, diese Plattform einzurichten. Mit unserem Hintergrund in der Tourismus- und Gastgewerbebranche erkannten wir den Bedarf an Verbesserungen und waren davon \u00fcberzeugt, dass es einen effektiveren Weg geben sollte, Einrichtungen in der \u00d6ffentlichkeit bekannt zu machen.<\/p>\n\n\n\n<p>Unsere Mission ist es, dieses Problem anzugehen, indem wir Besuchern aktuelle Informationen \u00fcber ihre Zielstadt bieten. Unabh\u00e4ngig davon, ob Sie bestimmte Reisepr\u00e4ferenzen haben oder flexibel sind und Informationen suchen, ist Nodengo.com die ideale Ressource f\u00fcr die Suche und Planung der besten Reise mit Empfehlungen.<\/p>\n\n\n\n<p><img decoding=\"async\" data-src=\"https:\/\/ads.nodengo.com\/wp-content\/uploads\/buttongrey.gif\" alt=\"information\" src=\"data:image\/svg+xml;base64,PHN2ZyB3aWR0aD0iMSIgaGVpZ2h0PSIxIiB4bWxucz0iaHR0cDovL3d3dy53My5vcmcvMjAwMC9zdmciPjwvc3ZnPg==\" class=\"lazyload\" style=\"--smush-placeholder-width: 16px; --smush-placeholder-aspect-ratio: 16\/9;\">  Wenn Sie weitere Informationen dar\u00fcber w\u00fcnschen, wie wir Ihnen neben der Werbung auf unserer Website helfen k\u00f6nnen, laden wir Sie ein, sich unsere anzuschauen <a href=\"https:\/\/nodengo.com\/de\/hospitality-network\/\" target=\"_blank\" rel=\"noopener\">Network information&nbsp;<\/a><\/p>\n\n\n\n<h4 class=\"wp-block-heading\"><img decoding=\"async\" data-src=\"https:\/\/ads.nodengo.com\/wp-content\/uploads\/buttongrey.gif\" src=\"data:image\/svg+xml;base64,PHN2ZyB3aWR0aD0iMSIgaGVpZ2h0PSIxIiB4bWxucz0iaHR0cDovL3d3dy53My5vcmcvMjAwMC9zdmciPjwvc3ZnPg==\" class=\"lazyload\" style=\"--smush-placeholder-width: 16px; --smush-placeholder-aspect-ratio: 16\/9;\">&nbsp;Warum Nodengo.com?<\/h4>\n\n\n\n<p>Beim&nbsp;<a href=\"http:\/\/nodengo.com\/\" target=\"_blank\" rel=\"noreferrer noopener\">Nodengo.com<\/a>&nbsp;Wir m\u00f6chten Werbung direkt \u00fcber unser Anzeigensystem anbieten. Wir sind eine Versammlung lokaler Tourismusprofis wie Sie, die in Ihrer Nachbarschaft leben und der Welt \u201eprofessionell\u201c von Ihrem Unternehmen erz\u00e4hlen k\u00f6nnen. Wir haben uns zum Ziel gesetzt, weltweit die Nummer eins f\u00fcr Zielinformationen zu sein, indem wir unvoreingenommene, professionelle und genaue Bewertungen lokaler Einrichtungen durch lokale Redakteure bereitstellen.<\/p>\n\n\n\n<h4 class=\"wp-block-heading\"><img decoding=\"async\" data-src=\"https:\/\/ads.nodengo.com\/wp-content\/uploads\/buttongrey.gif\" src=\"data:image\/svg+xml;base64,PHN2ZyB3aWR0aD0iMSIgaGVpZ2h0PSIxIiB4bWxucz0iaHR0cDovL3d3dy53My5vcmcvMjAwMC9zdmciPjwvc3ZnPg==\" class=\"lazyload\" style=\"--smush-placeholder-width: 16px; --smush-placeholder-aspect-ratio: 16\/9;\">&nbsp;Geo-Targeting-Optionen<\/h4>\n\n\n\n<p>Wir haben uns f\u00fcr Direktwerbung entschieden, da wir der Ansicht sind, dass \u201eAd Words\u201c und andere Programme nicht die Flexibilit\u00e4t bieten, eine Anzeige f\u00fcr die jeweilige Stadt oder speziell f\u00fcr Ihre Art von Unternehmen zu schalten.<\/p>\n\n\n\n<p>Die meisten Websites setzen auf automatische Werbung und richten sich nicht speziell an ihre Zielgruppe. Wenn Sie Patagonia im n\u00e4chsten Sommer besuchen m\u00f6chten, ist die Anzeige f\u00fcr eine neue N\u00e4hmaschine m\u00f6glicherweise nicht das, woran Sie gerade interessiert sind. Wenn Sie jedoch eine Niederlassung in Budapest haben, erh\u00f6ht die Schaltung Ihrer Anzeige auf unserer Budapester Seite mit Sicherheit Ihr Engagement f\u00fcr potenzielle Kunden.<\/p>\n\n\n\n<h4 class=\"wp-block-heading\"><img decoding=\"async\" data-src=\"https:\/\/ads.nodengo.com\/wp-content\/uploads\/buttongrey.gif\" src=\"data:image\/svg+xml;base64,PHN2ZyB3aWR0aD0iMSIgaGVpZ2h0PSIxIiB4bWxucz0iaHR0cDovL3d3dy53My5vcmcvMjAwMC9zdmciPjwvc3ZnPg==\" class=\"lazyload\" style=\"--smush-placeholder-width: 16px; --smush-placeholder-aspect-ratio: 16\/9;\">&nbsp;Wo werden die Anzeigen geschaltet?<\/h4>\n\n\n\n<p>Ihr Anzeigenauftritt wird durch den Standort definiert, der beim Kauf eines Anzeigenblocks ausgew\u00e4hlt wurde. Wie bereits erw\u00e4hnt, ist Ihre Anzeige abh\u00e4ngig von Ihrem Standort darauf ausgerichtet, Kunden \/ Besucher f\u00fcr eine bestimmte Stadt zu gewinnen<\/p>\n\n\n\n<h4 class=\"wp-block-heading\"><img decoding=\"async\" data-src=\"https:\/\/ads.nodengo.com\/wp-content\/uploads\/buttongrey.gif\" src=\"data:image\/svg+xml;base64,PHN2ZyB3aWR0aD0iMSIgaGVpZ2h0PSIxIiB4bWxucz0iaHR0cDovL3d3dy53My5vcmcvMjAwMC9zdmciPjwvc3ZnPg==\" class=\"lazyload\" style=\"--smush-placeholder-width: 16px; --smush-placeholder-aspect-ratio: 16\/9;\">&nbsp;Wie viel kosten die Anzeigen?<\/h4>\n\n\n\n<p>Es stehen verschiedene Preispl\u00e4ne zur Verf\u00fcgung, die vom Land oder der Stadt, auf die Sie abzielen, sowie von der Position Ihrer Werbung abh\u00e4ngen.<\/p>\n\n\n\n<p><strong>Kontrollieren Sie Ihre Werbeausgaben<\/strong>&nbsp;: Derzeit bieten wir nur CPD-Werbung an, da wir der Meinung sind, dass sich Ihr Werbebudget damit besser bezahlt macht. In Zukunft werden wir die CPC- und CPM-Optionen anbieten. Anzeigen sind standortspezifisch. Weitere Informationen finden Sie in unseren&nbsp;<a href=\"https:\/\/ads.nodengo.com\/de\/order-prices\/\">list<\/a><\/p>\n\n\n\n<h4 class=\"wp-block-heading\"><img decoding=\"async\" data-src=\"https:\/\/ads.nodengo.com\/wp-content\/uploads\/buttongrey.gif\" src=\"data:image\/svg+xml;base64,PHN2ZyB3aWR0aD0iMSIgaGVpZ2h0PSIxIiB4bWxucz0iaHR0cDovL3d3dy53My5vcmcvMjAwMC9zdmciPjwvc3ZnPg==\" class=\"lazyload\" style=\"--smush-placeholder-width: 16px; --smush-placeholder-aspect-ratio: 16\/9;\">&nbsp;Welches Format wird akzeptiert?<\/h4>\n\n\n\n<p>Das folgende Anzeigenformat ist verf\u00fcgbar: Flash wird nicht mehr akzeptiert. Akzeptiert werden - Text - Bilder (jpg, png, gif) Um die Konsistenz in unserer Liefer- und Mobilversion zu gew\u00e4hrleisten, bevorzugen wir Standard-Bannerwerbung (meistens 300 \u00d7 250 und 728 \u00d7 90), von denen wir festgestellt haben, dass sie gut funktioniert. Wir haben es jedoch<\/p>\n\n\n\n<h4 class=\"wp-block-heading\"><img decoding=\"async\" data-src=\"https:\/\/ads.nodengo.com\/wp-content\/uploads\/buttongrey.gif\" src=\"data:image\/svg+xml;base64,PHN2ZyB3aWR0aD0iMSIgaGVpZ2h0PSIxIiB4bWxucz0iaHR0cDovL3d3dy53My5vcmcvMjAwMC9zdmciPjwvc3ZnPg==\" class=\"lazyload\" style=\"--smush-placeholder-width: 16px; --smush-placeholder-aspect-ratio: 16\/9;\">&nbsp;Wir machen es einfach<\/h4>\n\n\n\n<p>Wir machen es Ihnen einfach, potenzielle Kunden anzusprechen, bieten sehr erschwingliche Werbem\u00f6glichkeiten, helfen Ihnen, Ihre Zielgruppe anzusprechen, verfolgen Ihr Werbebudget \u00fcber unsere Online-Statistiken und bieten flexible Werbebedingungen. Mehr Knall f\u00fcr deine Kneipe \u201c&nbsp;<strong>\u201cMore bang for your pub\u201d<\/strong><\/p>\n\n\n\n<h4 class=\"wp-block-heading\"><img decoding=\"async\" data-src=\"https:\/\/ads.nodengo.com\/wp-content\/uploads\/buttongrey.gif\" src=\"data:image\/svg+xml;base64,PHN2ZyB3aWR0aD0iMSIgaGVpZ2h0PSIxIiB4bWxucz0iaHR0cDovL3d3dy53My5vcmcvMjAwMC9zdmciPjwvc3ZnPg==\" class=\"lazyload\" style=\"--smush-placeholder-width: 16px; --smush-placeholder-aspect-ratio: 16\/9;\">&nbsp;Kontrollieren Sie Ihre Werbeausgaben<\/h4>\n\n\n\n<p>Jeder Werbetreibende erh\u00e4lt Zugriff auf Online-Statistiken. Nach dem Kauf einer Werbefl\u00e4che erhalten Sie eine E-Mail mit einem Link zu Statistiken, die online verf\u00fcgbar sind.<\/p>\n\n\n\n<p>Sie k\u00f6nnen sich auch anmelden und Ihre Werbestatistiken anzeigen<br>Statistiken reagieren, sodass Sie sie jedes Mal steuern k\u00f6nnen. Statistiken umfassen (<strong>Klick- \/ Ansichtsz\u00e4hler, CTR<\/strong>&nbsp;und klicken Sie auf Details:&nbsp;<strong>Datum, IP, Browser, Status<\/strong>)<\/p>\n\n\n\n<h4 class=\"wp-block-heading\"><img decoding=\"async\" data-src=\"https:\/\/ads.nodengo.com\/wp-content\/uploads\/buttongrey.gif\" src=\"data:image\/svg+xml;base64,PHN2ZyB3aWR0aD0iMSIgaGVpZ2h0PSIxIiB4bWxucz0iaHR0cDovL3d3dy53My5vcmcvMjAwMC9zdmciPjwvc3ZnPg==\" class=\"lazyload\" style=\"--smush-placeholder-width: 16px; --smush-placeholder-aspect-ratio: 16\/9;\">&nbsp;Richten Sie die Zahlung in Minuten ein<\/h4>\n\n\n\n<p>Sie ben\u00f6tigen lediglich eine Kreditkarte und ein Paypal-Konto.<\/p>\n\n\n\n<h4 class=\"wp-block-heading\"><img decoding=\"async\" data-src=\"https:\/\/ads.nodengo.com\/wp-content\/uploads\/buttongrey.gif\" src=\"data:image\/svg+xml;base64,PHN2ZyB3aWR0aD0iMSIgaGVpZ2h0PSIxIiB4bWxucz0iaHR0cDovL3d3dy53My5vcmcvMjAwMC9zdmciPjwvc3ZnPg==\" class=\"lazyload\" style=\"--smush-placeholder-width: 16px; --smush-placeholder-aspect-ratio: 16\/9;\">&nbsp;Warum muss ich mich registrieren?<\/h4>\n\n\n\n<p>Um unseren Besuchern und Werbetreibenden die bestm\u00f6gliche Erfahrung zu bieten, bitten wir Sie, sich vor der Schaltung einer Anzeige zu registrieren. Dadurch k\u00f6nnen wir nicht nur Statistiken \u00fcber Ihre Werbekampagne abrufen, sondern auch verhindern, dass Spam und andere Bots unser automatisiertes Werbesystem verwenden.<\/p>\n\n\n\n<p>Ihr Konto wird ausschlie\u00dflich f\u00fcr den oben genannten Zweck verwendet und folgt unserem<a href=\"https:\/\/ads.nodengo.com\/de\/privacy\/\"><strong>&nbsp;Datenschutz-Bestimmungen<\/strong><\/a><\/p>\n<\/div><\/div>\n<\/div><\/div>","protected":false},"excerpt":{"rendered":"","protected":false},"author":5,"featured_media":0,"parent":0,"menu_order":0,"comment_status":"closed","ping_status":"closed","template":"","meta":{"_citadela_hide_page_title":"1","_citadela_remove_header_space":"1","_citadela_custom_class":"","_citadela_half_map_provider":"","_citadela_half_map_theme":"","_citadela_half_map_themeOSM":"","_citadela_half_map_customTheme":"","_citadela_half_map_dataType":"","_citadela_half_map_dynamicTrack":false,"_citadela_half_map_trackColor":"","_citadela_half_map_trackEndpointsColor":"","_citadela_half_map_filterCategory":"","_citadela_half_map_filterLocation":"","_citadela_half_map_filterFeatured":false,"_citadela_half_map_noDataBehavior":"empty-map","_citadela_half_map_noDataText":"","_citadela_half_map_clusterGridSize":80,"_citadela_header":true,"_citadela_header_over_content":true,"_citadela_header_text_color":"","_citadela_header_logo":[],"_citadela_header_bg_image":[],"_citadela_header_bg_position":{"x":0.5,"y":0.5},"_citadela_header_bg_size":"cover","_citadela_header_bg_repeat":"no-repeat","_citadela_header_bg_fixed":false,"_citadela_header_bg_color":"","_citadela_header_bg_image_overlay":"","_citadela_header_transparent_bg":true,"_citadela_content_width":"default","_citadela_half_layout_position":"","footnotes":""},"class_list":["post-605","page","type-page","status-publish","hentry"],"_links":{"self":[{"href":"https:\/\/ads.nodengo.com\/de\/wp-json\/wp\/v2\/pages\/605","targetHints":{"allow":["GET"]}}],"collection":[{"href":"https:\/\/ads.nodengo.com\/de\/wp-json\/wp\/v2\/pages"}],"about":[{"href":"https:\/\/ads.nodengo.com\/de\/wp-json\/wp\/v2\/types\/page"}],"author":[{"embeddable":true,"href":"https:\/\/ads.nodengo.com\/de\/wp-json\/wp\/v2\/users\/5"}],"replies":[{"embeddable":true,"href":"https:\/\/ads.nodengo.com\/de\/wp-json\/wp\/v2\/comments?post=605"}],"version-history":[{"count":0,"href":"https:\/\/ads.nodengo.com\/de\/wp-json\/wp\/v2\/pages\/605\/revisions"}],"wp:attachment":[{"href":"https:\/\/ads.nodengo.com\/de\/wp-json\/wp\/v2\/media?parent=605"}],"curies":[{"name":"wp","href":"https:\/\/api.w.org\/{rel}","templated":true}]}}