{"id":589,"date":"2023-12-05T14:51:52","date_gmt":"2023-12-05T14:51:52","guid":{"rendered":"https:\/\/ads.nodengo.com\/?page_id=589"},"modified":"2023-12-14T17:55:20","modified_gmt":"2023-12-14T17:55:20","slug":"terms-and-conditions","status":"publish","type":"page","link":"https:\/\/ads.nodengo.com\/de\/terms-and-conditions\/","title":{"rendered":"Gesch\u00e4ftsbedingungen"},"content":{"rendered":"<div class=\"wp-block-citadela-blocks-custom-container citadela-block-custom-container size-wide bg-type-none inside-space-none\"><div class=\"inner-holder\">\n<div class=\"wp-block-citadela-blocks-spacer citadela-block-spacer responsive-options loading\" data-block-attr=\"{&quot;desktop&quot;:{&quot;height&quot;:&quot;40px&quot;},&quot;mobile&quot;:{&quot;height&quot;:&quot;30px&quot;}}\" data-block-mobile-breakpoint=\"600\"><div class=\"inner-holder\" style=\"padding-top:40px\"><\/div><\/div>\n\n\n\t\t\t<!-- Flexy Breadcrumb -->\r\n\t\t\t<div class=\"fbc fbc-page\">\r\n\r\n\t\t\t\t<!-- Breadcrumb wrapper -->\r\n\t\t\t\t<div class=\"fbc-wrap\">\r\n\r\n\t\t\t\t\t<!-- Ordered list-->\r\n\t\t\t\t\t<ol class=\"fbc-items\" itemscope itemtype=\"https:\/\/schema.org\/BreadcrumbList\">\r\n\t\t\t\t\t\t            <li itemprop=\"itemListElement\" itemscope itemtype=\"https:\/\/schema.org\/ListItem\">\r\n                <span itemprop=\"name\">\r\n                    <!-- Home Link -->\r\n                    <a itemprop=\"item\" href=\"https:\/\/ads.nodengo.com\/de\/\">\r\n                    \r\n                                                    <i class=\"fa fa-home\" aria-hidden=\"true\"><\/i>Home                    <\/a>\r\n                <\/span>\r\n                <meta itemprop=\"position\" content=\"1\" \/><!-- Meta Position-->\r\n             <\/li><li><span class=\"fbc-separator\">\/<\/span><\/li><li class=\"active\" itemprop=\"itemListElement\" itemscope itemtype=\"https:\/\/schema.org\/ListItem\"><span itemprop=\"name\" title=\"Blog\">Blog<\/span><meta itemprop=\"position\" content=\"2\" \/><\/li>\t\t\t\t\t<\/ol>\r\n\t\t\t\t\t<div class=\"clearfix\"><\/div>\r\n\t\t\t\t<\/div>\r\n\t\t\t<\/div>\r\n\t\t\t\n\n\n\n<h2 class=\"wp-block-heading\"><img decoding=\"async\" data-src=\"https:\/\/ads.nodengo.com\/wp-content\/uploads\/nodengo-2.gif\" alt=\"terms and conditions\" src=\"data:image\/svg+xml;base64,PHN2ZyB3aWR0aD0iMSIgaGVpZ2h0PSIxIiB4bWxucz0iaHR0cDovL3d3dy53My5vcmcvMjAwMC9zdmciPjwvc3ZnPg==\" class=\"lazyload\" style=\"--smush-placeholder-width: 58px; --smush-placeholder-aspect-ratio: 58\/57;\"><strong>Werbebedingungen<\/strong><\/h2>\n\n\n\n<p><strong>Allgemeine Gesch\u00e4ftsbedingungen f\u00fcr die Annahme von Werbung<\/strong><\/p>\n\n\n\n<p>In diesen Allgemeinen Gesch\u00e4ftsbedingungen gilt Nodengo.com Advertising Network\/ <a href=\"https:\/\/ads.nodengo.com\/de\/\">ads.nodengo.com<\/a>  (gemeinsam \u201eUnternehmen, unsere Website, wir, unser oder uns\u201c) und \u201eWerbetreibender\u201c bezeichnet die Person oder andere juristische Person, die den Auftrag f\u00fcr die Werbung (\u201eder Auftrag\u201c) erteilt, unabh\u00e4ngig davon, ob sie der Werbetreibende des Produkts oder der Dienstleistung ist auf den in der Anzeige Bezug genommen wird, oder die Werbeagentur oder der Medienk\u00e4ufer f\u00fcr diesen Werbetreibenden, und durch die Aufgabe einer Bestellung akzeptiert der Werbetreibende diese Allgemeinen Gesch\u00e4ftsbedingungen und erkl\u00e4rt sich damit einverstanden, an sie in vollem Umfang gebunden zu sein.  <\/p>\n\n\n\n<p>Wenn es sich bei dem Werbetreibenden um eine Werbeagentur oder einen Medienk\u00e4ufer handelt, garantiert der Werbetreibende, dass er vom Werbetreibenden des Produkts oder der Dienstleistung autorisiert ist, die Bestellung bei uns aufzugeben, und der Werbetreibende wird uns f\u00fcr alle Anspr\u00fcche dieses Werbetreibenden in vollem Umfang entsch\u00e4digen und schadlos halten uns im Hinblick auf die Ver\u00f6ffentlichung einer solchen Anzeige.<br>Alle Bestellungen werden vorbehaltlich der Genehmigung des Werbetextes durch unsere Website und der Verf\u00fcgbarkeit von Platz in der entsprechenden Ver\u00f6ffentlichung angenommen.<\/p>\n\n\n\n<p>Wir sind uns der Bedeutung der Markensicherheit und -integrit\u00e4t von Werbetreibenden bewusst. Deshalb nutzen wir unser eigenes Werbesystem, um die Wirksamkeit jeder Kampagne unserer Werbetreibenden sicherzustellen.<br>Alle Werbekampagnen auf unserer Website durchlaufen einen internen \u00dcberpr\u00fcfungsprozess, bevor sie auf unserer Website ver\u00f6ffentlicht werden. Wir pr\u00fcfen unter anderem die Qualit\u00e4t der Werbekampagne und die Platzierung der Inhalte innerhalb der Seite, da die Werbung gezielt auf bestimmte L\u00e4nder\/St\u00e4dte etc. ausgerichtet sein muss. Wir akzeptieren nur Werbung, die f\u00fcr dieses Land\/diese Stadt relevant ist<\/p>\n\n\n\n<p>Ein wesentlicher Bestandteil des Gesch\u00e4fts unserer Website ist die gezielte Anzeige von Anzeigen f\u00fcr ein Land\/eine Stadt. Alle von Benutzern eingereichten Inhalte werden gem\u00e4\u00df den Einreichungsrichtlinien und den Nutzungsbedingungen unserer Website moderiert und ver\u00f6ffentlicht. um sicherzustellen, dass unangemessene Inhalte und Kontexte ausgeschlossen werden.<\/p>\n\n\n\n<p>Wir k\u00f6nnen die Anzahl der Impressionen w\u00e4hrend eines Kampagnenzeitraums nicht garantieren, unabh\u00e4ngig davon, ob es sich um CPM\/CPC oder CPD handelt. Wir k\u00f6nnen die Position, das Datum und\/oder die Uhrzeit der Ver\u00f6ffentlichung einer Anzeige nicht garantieren und eine solche Entscheidung liegt im alleinigen Ermessen unserer Website, die alle angemessenen Ma\u00dfnahmen ergreifen wird, um den W\u00fcnschen des Werbetreibenden nachzukommen<br>F\u00fcr den unwahrscheinlichen Fall, dass ein Werbetreibender die Platzierung einer Kampagne beantragt hat, die nicht unseren Landes-\/Stadtrichtlinien entspricht, wird er benachrichtigt, um das Problem zu untersuchen und eine L\u00f6sung zu besprechen.<\/p>\n\n\n\n<p>Wir k\u00f6nnen die Werbetarife jederzeit \u00e4ndern, indem wir die ge\u00e4nderten Tarife auf der besagten Website ver\u00f6ffentlichen. Jegliche \u00c4nderungen der Tarife treten sofort in Kraft, gelten jedoch nicht f\u00fcr Bestellungen, deren Ver\u00f6ffentlichung Nodengo.com vor dem Datum dieser \u00c4nderung angenommen hat.<\/p>\n\n\n\n<p>Wir werden alle angemessenen Mittel nutzen, um die vom Werbetreibenden bereitgestellten Werbeanzeigen wiederzugeben, k\u00f6nnen jedoch nicht garantieren, dass die Werbeanzeigen die gleiche Qualit\u00e4t haben.<\/p>\n\n\n\n<p>Wenn unsere Website einen Auftrag angenommen hat und die Anzeige allein aufgrund unseres Fehlers \u00fcberhaupt nicht ver\u00f6ffentlicht wird, werden wir versuchen, einen alternativen Ver\u00f6ffentlichungstermin anzubieten. Wenn der Werbetreibende den alternativen Ver\u00f6ffentlichungstermin nicht akzeptiert, wird die urspr\u00fcngliche Bestellung storniert und der Werbetreibende hat Anspruch auf eine vollst\u00e4ndige R\u00fcckerstattung. Dies ist das einzige Rechtsmittel des Werbetreibenden bei Nichtver\u00f6ffentlichung der Anzeige.<\/p>\n\n\n\n<p>Wenn die von uns ver\u00f6ffentlichte Anzeige einen erheblichen Fehler enth\u00e4lt, der allein auf unseren Fehler zur\u00fcckzuf\u00fchren ist, werden wir die Anzeige auf Anfrage des Werbetreibenden erneut ver\u00f6ffentlichen, ohne dass dem Werbetreibenden zus\u00e4tzliche Kosten entstehen. Dies ist die einzige Abhilfema\u00dfnahme des Werbetreibenden f\u00fcr den urspr\u00fcnglichen Fehler. Wir haften nicht f\u00fcr die Wiederholung von Fehlern und es liegt in der Verantwortung des Werbetreibenden, uns \u00fcber etwaige Fehler zu informieren.<\/p>\n\n\n\n<p><br>Wir haften nur f\u00fcr die direkten und nachgewiesenen Verluste, die dem Werbetreibenden aus der Haftung unserer Website gegen\u00fcber dem Werbetreibenden entstehen, sei es aufgrund einer Vertragsverletzung, einer Pflichtverletzung oder aus anderen Gr\u00fcnden, und in jedem Fall f\u00fcr den Gesamtbetrag Die Haftung unserer Website f\u00fcr solche direkten Verluste \u00fcbersteigt nicht den Gesamtbetrag der Geb\u00fchr f\u00fcr die entsprechende Anzeige, die tats\u00e4chlich vom Werbetreibenden gezahlt wurde.<\/p>\n\n\n\n<p>Wir haften nicht f\u00fcr Umsatzeinbu\u00dfen, entgangenen Gewinn, entgangene erwartete Einsparungen, entgangene Chancen, entgangenen Gesch\u00e4ftswert und\/oder andere Verluste, die als Folge direkter und nachgewiesener Verluste entstehen, die der Werbetreibende erlitten hat oder f\u00fcr jeder andere Verlust, der von uns nicht ber\u00fccksichtigt werden konnte.<\/p>\n\n\n\n<p>Der Werbetreibende r\u00e4umt uns jederzeit kostenlos das Recht ein, die Namen, Marken und\/oder Logos des Werbetreibenden zu verwenden, die wir f\u00fcr die Ver\u00f6ffentlichung der Anzeige als notwendig erachten.<br><\/p>\n\n\n\n<p>Gesch\u00e4ftsbedingungen <strong>Richtlinie f\u00fcr alle Werbetreibenden<\/strong><\/p>\n\n\n\n<p>Die Hauptsprache auf unserer Website ist \u201eEnglisch\u201c. Wir bitten daher darum, dass Ihr Banner in dieser Sprache angezeigt wird. Sollte dies nicht m\u00f6glich sein, kann die Landessprache verwendet werden<br>No competitive advertiser we are working on a translation features are allowed (e.g. TripAdvisor etc.).<br>Auch Werbung f\u00fcr Metasuchseiten (Kajak usw.) im Reise- und Hotelbereich ist nicht gestattet.<br>Zur Online-Ver\u00f6ffentlichung eingereichte Werbung ist frei von Viren und hat keine negativen Auswirkungen auf den Betrieb einer Website oder eines anderen digitalen Ger\u00e4ts.<br>Der Werbetreibende garantiert uns, dass alle im Zusammenhang mit der Werbung bereitgestellten Informationen korrekt, vollst\u00e4ndig, wahr und nicht irref\u00fchrend sind;<br>Werbung, die sich nicht auf die Reise bezieht oder keinen Reisebezug hat, wird nicht akzeptiert.<br>Auf der Website sind keine Werbematerialien zul\u00e4ssig, die unanst\u00e4ndig, illegal, irref\u00fchrend, sch\u00e4dlich, beleidigend, bel\u00e4stigend, verleumderisch, verleumderisch oder anderweitig beleidigend sind.<br>Es werden keine Werbematerialien akzeptiert, die illegal sind und in dem Land\/der gew\u00fcnschten Stadt ver\u00f6ffentlicht werden sollen.<br>Auf der Website sind keine Anzeigen zul\u00e4ssig, die in ihrem Erscheinungsbild oder Stil unsere redaktionellen Inhalte simulieren oder die nicht ohne weiteres als Werbung erkennbar sind.<br>Auf unserer Website sind die Farben in der Werbung nicht eingeschr\u00e4nkt. Creatives k\u00f6nnen jedoch abgelehnt werden, wenn sie den Anschein erwecken, dass sie die Farben, die Funktionalit\u00e4t, den Inhalt oder das Erscheinungsbild unserer Website oder Marke nachahmen. Dies gilt auch f\u00fcr Anzeigen, die m\u00f6glicherweise mit den Inhalten unserer Website verwechselt werden, z. B. Eintr\u00e4ge, Blogs, lokale Seiten oder Funktionen.<br>Kein \u201eauff\u00e4lliger\u201c, \u201eblinzelnder\u201c Werbestil.<br>Inhalte, die als Gegenleistung f\u00fcr pers\u00f6nliche Vorteile wie Geschenke, Dienstleistungen oder Geld angeboten werden, werden nicht akzeptiert<br>Es wird keine Werbung f\u00fcr Gl\u00fccksspiele, verschreibungspflichtige Medikamente, Tabak, Religion, Politik, Waffen oder sexuell eindeutige Themen akzeptiert.<br>Wir behalten uns das Recht vor, Werbung abzulehnen oder eine \u00dcberarbeitung zu verlangen, wenn der Inhalt oder das Design der Anzeige nach unserem alleinigen Ermessen f\u00fcr die Website ungeeignet ist oder sich negativ auf das Benutzererlebnis auswirkt<br>Keine Bilder oder Videos, die Urheberrechte, Markenrechte oder andere gesetzliche Eigentumsrechte verletzen.<br>Werbetreibende tragen die volle Verantwortung f\u00fcr alle auf unserer Website platzierten Anzeigen und alle auf der Website bereitgestellten Dienstleistungen oder Produkte, die \u00fcber diese Anzeigen verkauft werden.\n\u200b<br>Wir sind nicht verantwortlich f\u00fcr den Inhalt von Websites, die \u00fcber Banner zug\u00e4nglich sind, die von den Werbetreibenden angezeigt werden<br>Flash wird nicht mehr akzeptiert. Akzeptiert sind GIF, JPG, PNG, HTML5 sind obligatorisch.<\/p>\n\n\n\n<p><strong>Entsch\u00e4digung<\/strong><\/p>\n\n\n\n<p>Sie erkl\u00e4ren sich damit einverstanden, unsere Website und ihre Mitarbeiter und Vertreter von allen Verbindlichkeiten, Anwaltskosten, Sch\u00e4den, Verlusten, Kosten und anderen Ausgaben im Zusammenhang mit Anspr\u00fcchen oder Klagen gegen unsere Website, die sich aus einem Versto\u00df Ihrerseits ergeben, schad- und klaglos zu halten dieser Allgemeinen Gesch\u00e4ftsbedingungen oder anderer Verbindlichkeiten, die sich aus Ihrer Nutzung dieser Website ergeben.<\/p>\n\n\n\n<p><\/p>\n\n\n\n<div style=\"height:19px\" aria-hidden=\"true\" class=\"wp-block-spacer\"><\/div>\n\n\n\n<p><em>Bitte beachten Sie, dass diese Seite maschinell aus dem urspr\u00fcnglichen Englisch \u00fcbersetzt wurde<\/em>.&nbsp;<em>Es wird keine Garantie jeglicher Art, weder ausdr\u00fccklich noch stillschweigend, hinsichtlich der Genauigkeit, Zuverl\u00e4ssigkeit oder Korrektheit von \u00dcbersetzungen aus dem Englischen in eine andere Sprache \u00fcbernommen.<\/em><\/p>\n<\/div><\/div>\n\n\n\n<div class=\"wp-block-citadela-blocks-spacer citadela-block-spacer\"><div class=\"inner-holder\" style=\"padding-top:50px\"><\/div><\/div>\n\n\n\n<div class=\"wp-block-citadela-blocks-spacer citadela-block-spacer\"><div class=\"inner-holder\" style=\"padding-top:2vw\"><\/div><\/div>\n\n\n\n<div class=\"wp-block-citadela-blocks-custom-container citadela-block-custom-container size-wide bg-type-image inside-space-none bg-size-auto\"><div class=\"bg-image-wrapper lazyload\" style=\"background-image:inherit;background-repeat:no-repeat;background-position:40% 100%\" data-bg-image=\"url(https:\/\/ads.nodengo.com\/wp-content\/uploads\/2019\/09\/graph.png)\"><\/div><div class=\"inner-holder\">\n<div class=\"wp-block-citadela-blocks-spacer citadela-block-spacer\"><div class=\"inner-holder\" style=\"padding-top:40px\"><\/div><\/div>\n\n\n\n<div class=\"wp-block-citadela-blocks-spacer citadela-block-spacer\"><div class=\"inner-holder\" style=\"padding-top:145px\"><\/div><\/div>\n<\/div><\/div>\n\n\n\n<div class=\"wp-block-citadela-blocks-spacer citadela-block-spacer\"><div class=\"inner-holder\" style=\"padding-top:4vw\"><\/div><\/div>","protected":false},"excerpt":{"rendered":"","protected":false},"author":2,"featured_media":0,"parent":0,"menu_order":0,"comment_status":"closed","ping_status":"closed","template":"","meta":{"_citadela_hide_page_title":"1","_citadela_remove_header_space":"1","_citadela_custom_class":"","_citadela_half_map_provider":"","_citadela_half_map_theme":"","_citadela_half_map_themeOSM":"","_citadela_half_map_customTheme":"","_citadela_half_map_dataType":"","_citadela_half_map_dynamicTrack":false,"_citadela_half_map_trackColor":"","_citadela_half_map_trackEndpointsColor":"","_citadela_half_map_filterCategory":"","_citadela_half_map_filterLocation":"","_citadela_half_map_filterFeatured":false,"_citadela_half_map_noDataBehavior":"empty-map","_citadela_half_map_noDataText":"","_citadela_half_map_clusterGridSize":80,"_citadela_header":true,"_citadela_header_over_content":false,"_citadela_header_text_color":"","_citadela_header_logo":[],"_citadela_header_bg_image":{"id":102,"url":"https:\/\/ads.nodengo.com\/wp-content\/uploads\/2019\/09\/owen-cl-boLgiM0qwkg-unsplash.jpg","size":{"width":1920,"height":1280}},"_citadela_header_bg_position":{"x":0.5,"y":0.6},"_citadela_header_bg_size":"cover","_citadela_header_bg_repeat":"no-repeat","_citadela_header_bg_fixed":false,"_citadela_header_bg_color":"rgba(31, 33, 37, 1)","_citadela_header_bg_image_overlay":"rgba(30, 32, 36, 0.9)","_citadela_header_transparent_bg":false,"_citadela_content_width":"","_citadela_half_layout_position":"","footnotes":""},"class_list":["post-589","page","type-page","status-publish","hentry"],"_links":{"self":[{"href":"https:\/\/ads.nodengo.com\/de\/wp-json\/wp\/v2\/pages\/589","targetHints":{"allow":["GET"]}}],"collection":[{"href":"https:\/\/ads.nodengo.com\/de\/wp-json\/wp\/v2\/pages"}],"about":[{"href":"https:\/\/ads.nodengo.com\/de\/wp-json\/wp\/v2\/types\/page"}],"author":[{"embeddable":true,"href":"https:\/\/ads.nodengo.com\/de\/wp-json\/wp\/v2\/users\/2"}],"replies":[{"embeddable":true,"href":"https:\/\/ads.nodengo.com\/de\/wp-json\/wp\/v2\/comments?post=589"}],"version-history":[{"count":0,"href":"https:\/\/ads.nodengo.com\/de\/wp-json\/wp\/v2\/pages\/589\/revisions"}],"wp:attachment":[{"href":"https:\/\/ads.nodengo.com\/de\/wp-json\/wp\/v2\/media?parent=589"}],"curies":[{"name":"wp","href":"https:\/\/api.w.org\/{rel}","templated":true}]}}