{"id":585,"date":"2023-12-07T08:43:53","date_gmt":"2023-12-07T08:43:53","guid":{"rendered":"https:\/\/ads.nodengo.com\/?page_id=585"},"modified":"2024-01-24T10:56:33","modified_gmt":"2024-01-24T10:56:33","slug":"advertising-options","status":"publish","type":"page","link":"https:\/\/ads.nodengo.com\/de\/advertising-options\/","title":{"rendered":"Werbem\u00f6glichkeiten"},"content":{"rendered":"<div class=\"wp-block-citadela-blocks-custom-container citadela-block-custom-container size-wide bg-type-none inside-space-none\"><div class=\"inner-holder\">\n<div class=\"wp-block-citadela-blocks-spacer citadela-block-spacer responsive-options loading\" data-block-attr=\"{&quot;desktop&quot;:{&quot;height&quot;:&quot;40px&quot;},&quot;mobile&quot;:{&quot;height&quot;:&quot;30px&quot;}}\" data-block-mobile-breakpoint=\"600\"><div class=\"inner-holder\" style=\"padding-top:40px\"><\/div><\/div>\n\n\n\t\t\t<!-- Flexy Breadcrumb -->\r\n\t\t\t<div class=\"fbc fbc-page\">\r\n\r\n\t\t\t\t<!-- Breadcrumb wrapper -->\r\n\t\t\t\t<div class=\"fbc-wrap\">\r\n\r\n\t\t\t\t\t<!-- Ordered list-->\r\n\t\t\t\t\t<ol class=\"fbc-items\" itemscope itemtype=\"https:\/\/schema.org\/BreadcrumbList\">\r\n\t\t\t\t\t\t            <li itemprop=\"itemListElement\" itemscope itemtype=\"https:\/\/schema.org\/ListItem\">\r\n                <span itemprop=\"name\">\r\n                    <!-- Home Link -->\r\n                    <a itemprop=\"item\" href=\"https:\/\/ads.nodengo.com\/de\/\">\r\n                    \r\n                                                    <i class=\"fa fa-home\" aria-hidden=\"true\"><\/i>Home                    <\/a>\r\n                <\/span>\r\n                <meta itemprop=\"position\" content=\"1\" \/><!-- Meta Position-->\r\n             <\/li><li><span class=\"fbc-separator\">\/<\/span><\/li><li class=\"active\" itemprop=\"itemListElement\" itemscope itemtype=\"https:\/\/schema.org\/ListItem\"><span itemprop=\"name\" title=\"Blog\">Blog<\/span><meta itemprop=\"position\" content=\"2\" \/><\/li>\t\t\t\t\t<\/ol>\r\n\t\t\t\t\t<div class=\"clearfix\"><\/div>\r\n\t\t\t\t<\/div>\r\n\t\t\t<\/div>\r\n\t\t\t\n\n\n\r\n        <div class=\"wp-block-citadela-blocks ctdl-directory-search-form border-thin shadow-default align-center\">\r\n            <div class=\"citadela-block-form search-form-component-container\" style=\"\" data-action=\"&quot;https:\\\/\\\/ads.nodengo.com\\\/de\\\/&quot;\"data-post-type=\"citadela-item\"data-category-taxonomy=\"citadela-item-category\"data-location-taxonomy=\"citadela-item-location\">\r\n            <\/div>\r\n                    <\/div>\r\n\r\n        \n\n\n<h2 class=\"wp-block-heading\"><img decoding=\"async\" data-src=\"https:\/\/ads.nodengo.com\/wp-content\/uploads\/orange_titre.gif\" alt=\"Werbem\u00f6glichkeiten\" src=\"data:image\/svg+xml;base64,PHN2ZyB3aWR0aD0iMSIgaGVpZ2h0PSIxIiB4bWxucz0iaHR0cDovL3d3dy53My5vcmcvMjAwMC9zdmciPjwvc3ZnPg==\" class=\"lazyload\" style=\"--smush-placeholder-width: 40px; --smush-placeholder-aspect-ratio: 40\/27;\">  Werbem\u00f6glichkeiten auf Nodengo.com<\/h2>\n\n\n\n<p class=\"has-text-align-center\">Jeder Klick auf eine Nodengo-Anzeige ist hochqualifiziert - ein potenzieller Kunde, der bereit ist, in einen Kunden umgewandelt zu werden<\/p>\n\n\n\n<div class=\"wp-block-citadela-blocks-spacer citadela-block-spacer responsive-options loading\" data-block-attr=\"{&quot;desktop&quot;:{&quot;height&quot;:&quot;2vw&quot;},&quot;mobile&quot;:{&quot;height&quot;:&quot;0vw&quot;}}\" data-block-mobile-breakpoint=\"600\"><div class=\"inner-holder\" style=\"padding-top:2vw\"><\/div><\/div>\n\n\n\n<p>Sprechen Sie ein weltweites Publikum auf lokaler Ebene an. Unsere Besucher kommen zu uns, wenn sie ihren Urlaub planen, seien Sie dabei und lassen Sie sich die Gelegenheit nicht entgehen.<br>Informieren Sie sie \u00fcber Ihr Unternehmen, bevor sie ihr Ziel erreichen. Oder Sie k\u00f6nnten sogar lokale Gesch\u00e4fte erfassen. Schauen Sie sich unten unsere Optionen an oder erfahren Sie mehr \u00fcber unsere<a href=\"https:\/\/nodengo.com\/de\/hospitality-network\/\" target=\"_blank\" rel=\"noopener\"> Network<\/a> <\/p>\n\n\n\n<p>Maximieren Sie Ihr Budget, sprechen Sie ein weltweites Publikum auf lokaler Ebene an und verpassen Sie nicht die Gelegenheit<br>Informieren Sie sie \u00fcber Ihr Unternehmen, bevor sie ihr Ziel erreichen. Oder Sie k\u00f6nnten sogar lokale Gesch\u00e4fte erfassen. Ihr Banner wird auf der Seite der Stadt angezeigt, an der sie interessiert sind.<\/p>\n\n\n\n<p><strong>Unsere Werbem\u00f6glichkeiten<\/strong><\/p>\n\n\n\n<p><strong>Werbung f\u00fcr St\u00e4dte<\/strong>  Erregen Sie ihre Aufmerksamkeit, indem Sie Ihr Unternehmen auf der Stadtseite mit wichtigen Standorten pr\u00e4sentieren \u2013 Es stehen mehrere wichtige Platzierungen zur Verf\u00fcgung<br>Sie haben mehrere Niederlassungen im Land oder m\u00f6chten ein breiteres Publikum erreichen? Wir bieten Ihnen die Platzierung wichtiger Werbeanzeigen auf Ihren L\u00e4nderseiten an<\/p>\n\n\n\n<p><strong>Werbung f\u00fcr das Land<\/strong> Sie haben mehrere Niederlassungen im Land oder m\u00f6chten ein breiteres Publikum erreichen? Wir bieten Ihnen die Platzierung wichtiger Werbeanzeigen auf Ihren L\u00e4nderseiten an<\/p>\n\n\n\n<p><strong>Werbung im Bereich \u201eRestaurants\u201c.<\/strong> Stellen Sie Ihr Restaurant auf unseren lokalen Seiten vor. F\u00fcgen Sie besser noch ein Banner hinzu, das in der Liste angezeigt wird, und maximieren Sie so Ihren Kontakt zu potenziellen Kunden<\/p>\n\n\n\n<p><strong>Werbung f\u00fcr Aktivit\u00e4ten<\/strong> Wir bieten unseren Besuchern an, direkt online Aktivit\u00e4ten zu recherchieren und zu buchen, w\u00e4hrend sie ihren Urlaub planen. Warum nicht Ihr Banner schalten und ihnen von Ihrem Unternehmen erz\u00e4hlen?<\/p>\n\n\n\n<p>Erreichen Sie alle unsere Besucher \u2013 Erreichen Sie Besucher, die Reiseinformationen suchen \u2013 Zielgruppe, die ihren Urlaub plant \u2013 Zielgruppe mit spezifischem Interesse<br>Erreichen Sie rund um den Globus \u2013 Erreichen Sie ein breiteres Publikum \u2013 Erreichen Sie den lokalen Markt weltweit \u2013 Pr\u00e4senz auf allen Kontinenten \u2013 Decken Sie jedes Ziel ab<\/p>\n<\/div><\/div>\n\n\n\n<div class=\"wp-block-citadela-blocks-custom-container citadela-block-custom-container size-wide bg-type-none inside-space-none\"><div class=\"inner-holder\">\n<div class=\"wp-block-citadela-blocks-service citadela-block-service main-holder layout-list header-type-image-as-icon has-bg standard\" style=\"background-color:#f4f4f4\"><div class=\"service-header\"><div class=\"service-image\"><img decoding=\"async\" data-src=\"https:\/\/ads.nodengo.com\/wp-content\/uploads\/2019\/09\/owen-cl-boLgiM0qwkg-unsplash.jpg\" alt=\"\" width=\"1920\" height=\"1280\" data-id=\"102\" data-full-url=\"https:\/\/ads.nodengo.com\/wp-content\/uploads\/2019\/09\/owen-cl-boLgiM0qwkg-unsplash.jpg\" data-link=\"https:\/\/ads.nodengo.com\/owen-cl-bolgim0qwkg-unsplash\/\" class=\"wp-image-102 lazyload\" data-srcset=\"https:\/\/ads.nodengo.com\/wp-content\/uploads\/2019\/09\/owen-cl-boLgiM0qwkg-unsplash.jpg 1920w, https:\/\/ads.nodengo.com\/wp-content\/uploads\/2019\/09\/owen-cl-boLgiM0qwkg-unsplash-150x100.jpg 150w, https:\/\/ads.nodengo.com\/wp-content\/uploads\/2019\/09\/owen-cl-boLgiM0qwkg-unsplash-600x400.jpg 600w, https:\/\/ads.nodengo.com\/wp-content\/uploads\/2019\/09\/owen-cl-boLgiM0qwkg-unsplash-300x200.jpg 300w, https:\/\/ads.nodengo.com\/wp-content\/uploads\/2019\/09\/owen-cl-boLgiM0qwkg-unsplash-768x512.jpg 768w, https:\/\/ads.nodengo.com\/wp-content\/uploads\/2019\/09\/owen-cl-boLgiM0qwkg-unsplash-1024x683.jpg 1024w\" data-sizes=\"(max-width: 1920px) 100vw, 1920px\" src=\"data:image\/svg+xml;base64,PHN2ZyB3aWR0aD0iMSIgaGVpZ2h0PSIxIiB4bWxucz0iaHR0cDovL3d3dy53My5vcmcvMjAwMC9zdmciPjwvc3ZnPg==\" style=\"--smush-placeholder-width: 1920px; --smush-placeholder-aspect-ratio: 1920\/1280;\" \/><\/div><\/div><div class=\"service-content\"><div class=\"service-content-wrap\"><h3 class=\"service-title\">Links zu Ver\u00f6ffentlichungsoptionen<\/h3><p class=\"service-description\"><strong>Hauptseiten f\u00fcr <a href=\"https:\/\/ads.nodengo.com\/de\/ads\/main-index-page\/\">Index<\/a> | <a href=\"https:\/\/ads.nodengo.com\/de\/ads\/main-travel-blog-page\/\">Blog<\/a> | <a href=\"https:\/\/ads.nodengo.com\/de\/ads\/main-review-page\/\">Bewertung<\/a> | <a href=\"https:\/\/ads.nodengo.com\/de\/ads\/hotel-reservation-main-page\/\">Hotels<\/a> | <a href=\"https:\/\/ads.nodengo.com\/de\/ads\/flights-reservation-main-page\/\">Fl\u00fcge<\/a><\/strong><br\/><strong>L\u00e4nderseiten f\u00fcr: <a href=\"https:\/\/ads.nodengo.com\/de\/ads-for-african-countries\/\">AFRIKA<\/a>\u00a0\u2013\u00a0<a href=\"https:\/\/ads.nodengo.com\/de\/ads--for-asian-countries\/\">ASIEN\u00a0<\/a>\u2013\u00a0\u00a0<a href=\"https:\/\/ads.nodengo.com\/de\/ads-for-canadian-provinces\/\">KANADA\u00a0<\/a>\u2013\u00a0<a href=\"https:\/\/ads.nodengo.com\/de\/ads-for-caribbean-countries\/\">KARIBIK<\/a>\u00a0\u2013\u00a0<a href=\"https:\/\/ads.nodengo.com\/de\/ads-for-south-and-central-american-countries\/\">ZENTRALAMERIKA<\/a>\u00a0\u2013\u00a0<a href=\"https:\/\/ads.nodengo.com\/de\/ads-for-european-countries\/\">EUROPA<\/a>\u00a0\u2013\u00a0<a href=\"https:\/\/ads.nodengo.com\/de\/ads-for-oceanian-countries\/\">OZEANIEN\u00a0<\/a>\u00a0\u2013\u00a0<a href=\"https:\/\/ads.nodengo.com\/de\/ads-for-south-and-central-american-countries\/\">S\u00dcDAMERIKA<\/a>\u00a0\u2013\u00a0<a href=\"https:\/\/ads.nodengo.com\/de\/ads-for-the-united-states\/\">VEREINIGTE STAATEN<\/a><\/strong><br\/><strong>Stadtseiten f\u00fcr: <a href=\"https:\/\/ads.nodengo.com\/de\/ads-for-african-cities\/\">AFRIKA<\/a> &#8211; <a href=\"https:\/\/ads.nodengo.com\/de\/ads-for-asian-cities\/\">ASIEN<\/a> &#8211;\u00a0 <a href=\"https:\/\/ads.nodengo.com\/de\/ads-for-canadian-cities\/\">KANADA<\/a> &#8211; <a href=\"https:\/\/ads.nodengo.com\/de\/ads-for-caribbean-cities\/\">KARIBIK<\/a> &#8211; <a href=\"https:\/\/ads.nodengo.com\/de\/ads-for-central-american-cities\/\">ZENTRALAMERIKA<\/a> &#8211; <a href=\"https:\/\/ads.nodengo.com\/de\/ads-for-european-cities\/\">EUROPA<\/a> &#8211; <a href=\"https:\/\/ads.nodengo.com\/de\/ads-for-mexican-cities\/\">MEXIKO<\/a> &#8211;\u00a0 <a href=\"https:\/\/ads.nodengo.com\/de\/ads-for-oceanian-cities\/\">OZEANIEN<\/a>\u00a0 &#8211; <a href=\"https:\/\/ads.nodengo.com\/de\/ads-for-south-american-cities\/\">S\u00dcDAMERIKA<\/a> &#8211; <a href=\"https:\/\/ads.nodengo.com\/de\/ads-for-united-states-cities\/\">VEREINIGTE STAATEN<\/a><\/strong><br\/><\/p><\/div><\/div><\/div>\n<\/div><\/div>\n\n\n\n<div class=\"wp-block-citadela-blocks-custom-container citadela-block-custom-container size-wide bg-type-none inside-space-none\"><div class=\"inner-holder\">\n<h2 class=\"wp-block-heading\">Werbem\u00f6glichkeiten zur Ver\u00f6ffentlichung auf Nodengo.com<\/h2>\n\n\n\n<p>Die meisten Websites setzen auf automatische Werbung und richten sich nicht speziell an ihre Zielgruppe. Wenn Sie Patagonia im n\u00e4chsten Sommer besuchen m\u00f6chten, ist die Anzeige f\u00fcr eine neue N\u00e4hmaschine m\u00f6glicherweise nicht das, woran Sie gerade interessiert sind. Wenn Sie jedoch eine Niederlassung in Budapest haben, erh\u00f6ht die Schaltung Ihrer Anzeige auf unserer Budapester Seite mit Sicherheit Ihr Engagement f\u00fcr potenzielle Kunden.<\/p>\n<\/div><\/div>\n\n\n\n<div class=\"wp-block-citadela-blocks-custom-container citadela-block-custom-container size-wide bg-type-none inside-space-none\"><div class=\"inner-holder\">\n<div class=\"wp-block-columns is-layout-flex wp-container-core-columns-is-layout-9d6595d7 wp-block-columns-is-layout-flex\">\n<div class=\"wp-block-column is-layout-flow wp-block-column-is-layout-flow\">\n<div class=\"wp-block-citadela-blocks-service citadela-block-service main-holder layout-list header-type-icon standard\"><div class=\"service-header\"><div class=\"service-icon\"><a href=\"https:\/\/ads.nodengo.com\/de\/ads\/main-index-page\/\"><i class=\"fas fa-utensils\" style=\"color:#b9b9b9\"><\/i><\/a><\/div><\/div><div class=\"service-content\"><div class=\"service-content-wrap\"><a href=\"https:\/\/ads.nodengo.com\/de\/ads\/main-index-page\/\"><h3 class=\"service-title\">Hauptseiten<\/h3><\/a><p class=\"service-description\">Advertise on our main pages, Index page, Travel Blog and Main review pages <\/p><\/div><\/div><\/div>\n<\/div>\n\n\n\n<div class=\"wp-block-column is-layout-flow wp-block-column-is-layout-flow\">\n<div class=\"wp-block-citadela-blocks-service citadela-block-service main-holder layout-list header-type-icon standard\"><div class=\"service-header\"><div class=\"service-icon\"><a href=\"https:\/\/ads.nodengo.com\/de\/ads\/flights-reservation-main-page\/\"><i class=\"fas fa-plane\" style=\"color:#b9b9b9\"><\/i><\/a><\/div><\/div><div class=\"service-content\"><div class=\"service-content-wrap\"><a href=\"https:\/\/ads.nodengo.com\/de\/ads\/flights-reservation-main-page\/\"><h3 class=\"service-title\">Flight Booking<\/h3><\/a><p class=\"service-description\">Begrenzte Verf\u00fcgbarkeit f\u00fcr die Platzierung Ihres Banners auf unseren Hotelbuchungsseiten.<\/p><\/div><\/div><\/div>\n<\/div>\n\n\n\n<div class=\"wp-block-column is-layout-flow wp-block-column-is-layout-flow\">\n<div class=\"wp-block-citadela-blocks-service citadela-block-service main-holder layout-list header-type-icon standard\"><div class=\"service-header\"><div class=\"service-icon\"><a href=\"https:\/\/ads.nodengo.com\/de\/ads\/hotel-reservation-main-page\/\"><i class=\"fas fa-concierge-bell\" style=\"color:#b9b9b9\"><\/i><\/a><\/div><\/div><div class=\"service-content\"><div class=\"service-content-wrap\"><a href=\"https:\/\/ads.nodengo.com\/de\/ads\/hotel-reservation-main-page\/\"><h3 class=\"service-title\">Hotel Booking<\/h3><\/a><p class=\"service-description\">Begrenzte Verf\u00fcgbarkeit f\u00fcr die Platzierung Ihres Banners auf unseren Hotelbuchungsseiten.<\/p><\/div><\/div><\/div>\n<\/div>\n<\/div>\n\n\n\n<h4 class=\"wp-block-heading has-text-color has-link-color wp-elements-5725bbfc390e6b3a51c83482ac39b328\" style=\"color:#1d5576\">COUNTRY PAGES<\/h4>\n\n\n\n<div class=\"wp-block-columns is-layout-flex wp-container-core-columns-is-layout-9d6595d7 wp-block-columns-is-layout-flex\">\n<div class=\"wp-block-column is-layout-flow wp-block-column-is-layout-flow\">\n<div class=\"wp-block-citadela-blocks-service citadela-block-service main-holder layout-list header-type-icon standard\"><div class=\"service-header\"><div class=\"service-icon\"><a href=\"https:\/\/ads.nodengo.com\/de\/ads\/country-index-entry-page\/\"><i class=\"fas fa-globe\" style=\"color:#b9b9b9\"><\/i><\/a><\/div><\/div><div class=\"service-content\"><div class=\"service-content-wrap\"><a href=\"https:\/\/ads.nodengo.com\/de\/ads\/country-index-entry-page\/\"><h3 class=\"service-title\">Country Main page  <\/h3><\/a><p class=\"service-description\">Werben Sie f\u00fcr ein ganzes Land. Ihr Banner wird auf der Einstiegsseite f\u00fcr ein bestimmtes Land angezeigt<\/p><\/div><\/div><\/div>\n<\/div>\n\n\n\n<div class=\"wp-block-column is-layout-flow wp-block-column-is-layout-flow\">\n<div class=\"wp-block-citadela-blocks-service citadela-block-service main-holder layout-list header-type-icon standard\"><div class=\"service-header\"><div class=\"service-icon\"><a href=\"https:\/\/ads.nodengo.com\/de\/ads\/country-travel-blog-page\/\"><i class=\"fas fa-rss-square\" style=\"color:#b9b9b9\"><\/i><\/a><\/div><\/div><div class=\"service-content\"><div class=\"service-content-wrap\"><a href=\"https:\/\/ads.nodengo.com\/de\/ads\/country-travel-blog-page\/\"><h3 class=\"service-title\">Reiseblog (Land) Seite<\/h3><\/a><p class=\"service-description\">Jedes Land hat eine Blog-Seite, auf der alle Blogs aus allen St\u00e4dten zusammengestellt sind<\/p><\/div><\/div><\/div>\n<\/div>\n\n\n\n<div class=\"wp-block-column is-layout-flow wp-block-column-is-layout-flow\">\n<div class=\"wp-block-citadela-blocks-service citadela-block-service main-holder layout-list header-type-icon standard\"><div class=\"service-header\"><div class=\"service-icon\"><a href=\"https:\/\/ads.nodengo.com\/de\/ads\/main-review-page\/\"><i class=\"fas fa-medal\" style=\"color:#b9b9b9\"><\/i><\/a><\/div><\/div><div class=\"service-content\"><div class=\"service-content-wrap\"><a href=\"https:\/\/ads.nodengo.com\/de\/ads\/main-review-page\/\"><h3 class=\"service-title\">Country Review page<\/h3><\/a><p class=\"service-description\">Each Country has a review page which compiled all the reviews from every cities<\/p><\/div><\/div><\/div>\n<\/div>\n<\/div>\n\n\n\n<h4 class=\"wp-block-heading has-text-color has-link-color wp-elements-4926c10c98c76504a54ee46cc4efdbd9\" style=\"color:#396177\">CITY PAGES<\/h4>\n\n\n\n<div class=\"wp-block-columns is-layout-flex wp-container-core-columns-is-layout-9d6595d7 wp-block-columns-is-layout-flex\">\n<div class=\"wp-block-column is-layout-flow wp-block-column-is-layout-flow\">\n<div class=\"wp-block-citadela-blocks-service citadela-block-service main-holder layout-list header-type-icon standard\"><div class=\"service-header\"><div class=\"service-icon\"><a href=\"https:\/\/ads.nodengo.com\/de\/ads\/country-index-entry-page\/\"><i class=\"fas fa-globe\" style=\"color:#b9b9b9\"><\/i><\/a><\/div><\/div><div class=\"service-content\"><div class=\"service-content-wrap\"><a href=\"https:\/\/ads.nodengo.com\/de\/ads\/country-index-entry-page\/\"><h3 class=\"service-title\">City Main Page  <\/h3><\/a><p class=\"service-description\">Werben Sie f\u00fcr ein ganzes Land. Ihr Banner wird auf der Einstiegsseite f\u00fcr ein bestimmtes Land angezeigt<\/p><\/div><\/div><\/div>\n\n\n\n<div class=\"wp-block-citadela-blocks-service citadela-block-service main-holder layout-list header-type-icon standard\"><div class=\"service-header\"><div class=\"service-icon\"><a href=\"https:\/\/ads.nodengo.com\/de\/ads\/city-things-to-do-ad-1\/\"><i class=\"fas fa-tasks\" style=\"color:#b9b9b9\"><\/i><\/a><\/div><\/div><div class=\"service-content\"><div class=\"service-content-wrap\"><a href=\"https:\/\/ads.nodengo.com\/de\/ads\/city-things-to-do-ad-1\/\"><h3 class=\"service-title\">City Things to do<\/h3><\/a><p class=\"service-description\">Machen Sie Werbung f\u00fcr \u201eAktivit\u00e4ten\u201c, die eine wertvolle Gelegenheit bieten, Ihr Unternehmen in Ihrer Stadt bekannt zu machen. Mehrere Optionen verf\u00fcgbar<\/p><\/div><\/div><\/div>\n<\/div>\n\n\n\n<div class=\"wp-block-column is-layout-flow wp-block-column-is-layout-flow\">\n<div class=\"wp-block-citadela-blocks-service citadela-block-service main-holder layout-list header-type-icon standard\"><div class=\"service-header\"><div class=\"service-icon\"><a href=\"https:\/\/ads.nodengo.com\/de\/ads\/city-restaurant-page\/\"><i class=\"fas fa-utensils\" style=\"color:#b9b9b9\"><\/i><\/a><\/div><\/div><div class=\"service-content\"><div class=\"service-content-wrap\"><a href=\"https:\/\/ads.nodengo.com\/de\/ads\/city-restaurant-page\/\"><h3 class=\"service-title\">City Restaurant<\/h3><\/a><p class=\"service-description\">Machen Sie in der Restaurantliste der Stadt Werbung, in der sich Ihr Lokal befindet. <\/p><\/div><\/div><\/div>\n\n\n\n<div class=\"wp-block-citadela-blocks-service citadela-block-service main-holder layout-list header-type-icon standard\"><div class=\"service-header\"><div class=\"service-icon\"><a href=\"https:\/\/ads.nodengo.com\/de\/ads\/city-review-page\/\"><i class=\"fas fa-award\" style=\"color:#b9b9b9\"><\/i><\/a><\/div><\/div><div class=\"service-content\"><div class=\"service-content-wrap\"><a href=\"https:\/\/ads.nodengo.com\/de\/ads\/city-review-page\/\"><h3 class=\"service-title\">City Reviews<\/h3><\/a><p class=\"service-description\">Die Anzeige wird auf der Seite \u201eStadtbewertung\u201c angezeigt<\/p><\/div><\/div><\/div>\n<\/div>\n\n\n\n<div class=\"wp-block-column is-layout-flow wp-block-column-is-layout-flow\">\n<div class=\"wp-block-citadela-blocks-service citadela-block-service main-holder layout-list header-type-icon standard\"><div class=\"service-header\"><div class=\"service-icon\"><i class=\"fas fa-city\" style=\"color:#b9b9b9\"><\/i><\/div><\/div><div class=\"service-content\"><div class=\"service-content-wrap\"><h3 class=\"service-title\">City Activities<\/h3><p class=\"service-description\">Machen Sie Werbung f\u00fcr Ihre Aktivit\u00e4ten und bieten Sie eine wertvolle Gelegenheit, Ihr Unternehmen in Ihrer Stadt bekannt zu machen. Mehrere Optionen verf\u00fcgbar<\/p><\/div><\/div><\/div>\n\n\n\n<div class=\"wp-block-citadela-blocks-service citadela-block-service main-holder layout-list header-type-icon standard\"><div class=\"service-header\"><div class=\"service-icon\"><a href=\"https:\/\/ads.nodengo.com\/de\/ads\/city-blog-page\/\"><i class=\"fas fa-rss\" style=\"color:#b9b9b9\"><\/i><\/a><\/div><\/div><div class=\"service-content\"><div class=\"service-content-wrap\"><a href=\"https:\/\/ads.nodengo.com\/de\/ads\/city-blog-page\/\"><h3 class=\"service-title\">Stadtblog<\/h3><\/a><p class=\"service-description\">Die Anzeige wird auf der Seite \u201eStadtblog\u201c angezeigt<\/p><\/div><\/div><\/div>\n<\/div>\n<\/div>\n\n\n\n<div class=\"wp-block-columns is-layout-flex wp-container-core-columns-is-layout-9d6595d7 wp-block-columns-is-layout-flex\">\n<div class=\"wp-block-column is-layout-flow wp-block-column-is-layout-flow\"><\/div>\n\n\n\n<div class=\"wp-block-column is-layout-flow wp-block-column-is-layout-flow\"><\/div>\n<\/div>\n<\/div><\/div>\n\n\n\n<p><\/p>\n\n\n\n<p>Wir bieten eine Vielzahl von Werbem\u00f6glichkeiten, von stadtweiter Werbung bis hin zu wirklich zielgerichteter Werbung auf der lokalen Seite, die zu Ihrer Art von Gesch\u00e4ft passt. Dies ist ein sehr wettbewerbsf\u00e4higer Preis. Derzeit haben wir uns f\u00fcr ein CPD-Programm entschieden, mit dem Sie genau planen k\u00f6nnen, was Sie wollen f\u00fcr Werbung ausgeben,<\/p>\n\n\n\n<div class=\"wp-block-citadela-blocks-spacer citadela-block-spacer\"><div class=\"inner-holder\" style=\"padding-top:2vw\"><\/div><\/div>\n\n\n\n<div class=\"wp-block-citadela-blocks-custom-container citadela-block-custom-container size-wide bg-type-none inside-space-none\"><div class=\"inner-holder\">\n<div class=\"wp-block-citadela-blocks-service citadela-block-service main-holder layout-list header-type-icon has-bg standard\" style=\"background-color:#f2eee9\"><div class=\"service-header\"><div class=\"service-icon\"><i class=\"fas fa-info-circle\" style=\"color:#000000\"><\/i><\/div><\/div><div class=\"service-content\"><div class=\"service-content-wrap\"><h3 class=\"service-title\"><strong>Wir planen derzeit keine Werbekampagne und bieten verschiedene andere Optionen an:<\/strong><\/h3><p class=\"service-description\">Tragen Sie Ihr <a href=\"https:\/\/nodengo.com\/en\/register-to-submit-your-establishment\/\" target=\"_blank\" rel=\"noopener\">Unternehmen KOSTENLOS <\/a>auf unseren lokalen Stadtseiten ein<br\/>Erweitern Sie Ihren Eintrag mit <a href=\"https:\/\/nodengo.com\/en\/register-to-submit-your-establishment\/\" target=\"_blank\" rel=\"noopener\">zus\u00e4tzliche<\/a> Eintragsfunktionen<br\/>Holen Sie sich Ihre Einrichtung <a href=\"https:\/\/nodengo.com\/de\/hospitality-network\/\" target=\"_blank\" rel=\"noopener\">\u00fcberpr\u00fcft<\/a> von einem unserer lokalen Redakteure.<br\/>Sponsern Sie eine Platzierung auf dem Abschnitt <a href=\"https:\/\/ads.nodengo.com\/de\/ads\/hotel-reservation-main-page\/\">Hotels<\/a>, <a href=\"https:\/\/ads.nodengo.com\/de\/ads\/flights-reservation-main-page\/\">Fl\u00fcge<\/a>.<\/p><\/div><\/div><\/div>\n<\/div><\/div>\n\n\n\n<div class=\"wp-block-citadela-blocks-spacer citadela-block-spacer\"><div class=\"inner-holder\" style=\"padding-top:4vw\"><\/div><\/div>","protected":false},"excerpt":{"rendered":"<p>Wir bieten eine Vielzahl von Werbem\u00f6glichkeiten, von stadtweiter Werbung bis hin zu wirklich zielgerichteter Werbung auf der lokalen Seite, die zu Ihrer Art von Gesch\u00e4ft passt. Dies ist ein sehr wettbewerbsf\u00e4higer Preis. Derzeit haben wir uns f\u00fcr ein CPD-Programm entschieden, mit dem Sie genau planen k\u00f6nnen, was Sie wollen f\u00fcr Werbung ausgeben,<\/p>","protected":false},"author":2,"featured_media":0,"parent":0,"menu_order":0,"comment_status":"closed","ping_status":"closed","template":"","meta":{"_citadela_hide_page_title":"1","_citadela_remove_header_space":"1","_citadela_custom_class":"","_citadela_half_map_provider":"","_citadela_half_map_theme":"","_citadela_half_map_themeOSM":"","_citadela_half_map_customTheme":"","_citadela_half_map_dataType":"","_citadela_half_map_dynamicTrack":false,"_citadela_half_map_trackColor":"","_citadela_half_map_trackEndpointsColor":"","_citadela_half_map_filterCategory":"","_citadela_half_map_filterLocation":"","_citadela_half_map_filterFeatured":false,"_citadela_half_map_noDataBehavior":"empty-map","_citadela_half_map_noDataText":"","_citadela_half_map_clusterGridSize":80,"_citadela_header":true,"_citadela_header_over_content":false,"_citadela_header_text_color":"","_citadela_header_logo":[],"_citadela_header_bg_image":{"id":102,"url":"https:\/\/ads.nodengo.com\/wp-content\/uploads\/2019\/09\/owen-cl-boLgiM0qwkg-unsplash.jpg","size":{"width":1920,"height":1280}},"_citadela_header_bg_position":{"x":0.5,"y":0.6},"_citadela_header_bg_size":"cover","_citadela_header_bg_repeat":"no-repeat","_citadela_header_bg_fixed":false,"_citadela_header_bg_color":"rgba(31, 33, 37, 1)","_citadela_header_bg_image_overlay":"rgba(30, 32, 36, 0.9)","_citadela_header_transparent_bg":false,"_citadela_content_width":"","_citadela_half_layout_position":"","footnotes":""},"class_list":["post-585","page","type-page","status-publish","hentry"],"_links":{"self":[{"href":"https:\/\/ads.nodengo.com\/de\/wp-json\/wp\/v2\/pages\/585","targetHints":{"allow":["GET"]}}],"collection":[{"href":"https:\/\/ads.nodengo.com\/de\/wp-json\/wp\/v2\/pages"}],"about":[{"href":"https:\/\/ads.nodengo.com\/de\/wp-json\/wp\/v2\/types\/page"}],"author":[{"embeddable":true,"href":"https:\/\/ads.nodengo.com\/de\/wp-json\/wp\/v2\/users\/2"}],"replies":[{"embeddable":true,"href":"https:\/\/ads.nodengo.com\/de\/wp-json\/wp\/v2\/comments?post=585"}],"version-history":[{"count":0,"href":"https:\/\/ads.nodengo.com\/de\/wp-json\/wp\/v2\/pages\/585\/revisions"}],"wp:attachment":[{"href":"https:\/\/ads.nodengo.com\/de\/wp-json\/wp\/v2\/media?parent=585"}],"curies":[{"name":"wp","href":"https:\/\/api.w.org\/{rel}","templated":true}]}}