{"id":507,"date":"2023-12-05T14:47:18","date_gmt":"2023-12-05T14:47:18","guid":{"rendered":"https:\/\/ads.nodengo.com\/?page_id=507"},"modified":"2023-12-14T16:12:10","modified_gmt":"2023-12-14T16:12:10","slug":"privacy-statement","status":"publish","type":"page","link":"https:\/\/ads.nodengo.com\/de\/privacy-statement\/","title":{"rendered":"Datenschutzerkl\u00e4rung"},"content":{"rendered":"<div class=\"wp-block-citadela-blocks-custom-container citadela-block-custom-container size-wide bg-type-none inside-space-none\"><div class=\"inner-holder\">\n<div class=\"wp-block-citadela-blocks-spacer citadela-block-spacer responsive-options loading\" data-block-attr=\"{&quot;desktop&quot;:{&quot;height&quot;:&quot;40px&quot;},&quot;mobile&quot;:{&quot;height&quot;:&quot;30px&quot;}}\" data-block-mobile-breakpoint=\"600\"><div class=\"inner-holder\" style=\"padding-top:40px\"><\/div><\/div>\n\n\n\t\t\t<!-- Flexy Breadcrumb -->\r\n\t\t\t<div class=\"fbc fbc-page\">\r\n\r\n\t\t\t\t<!-- Breadcrumb wrapper -->\r\n\t\t\t\t<div class=\"fbc-wrap\">\r\n\r\n\t\t\t\t\t<!-- Ordered list-->\r\n\t\t\t\t\t<ol class=\"fbc-items\" itemscope itemtype=\"https:\/\/schema.org\/BreadcrumbList\">\r\n\t\t\t\t\t\t            <li itemprop=\"itemListElement\" itemscope itemtype=\"https:\/\/schema.org\/ListItem\">\r\n                <span itemprop=\"name\">\r\n                    <!-- Home Link -->\r\n                    <a itemprop=\"item\" href=\"https:\/\/ads.nodengo.com\/de\/\">\r\n                    \r\n                                                    <i class=\"fa fa-home\" aria-hidden=\"true\"><\/i>Home                    <\/a>\r\n                <\/span>\r\n                <meta itemprop=\"position\" content=\"1\" \/><!-- Meta Position-->\r\n             <\/li><li><span class=\"fbc-separator\">\/<\/span><\/li><li class=\"active\" itemprop=\"itemListElement\" itemscope itemtype=\"https:\/\/schema.org\/ListItem\"><span itemprop=\"name\" title=\"Blog\">Blog<\/span><meta itemprop=\"position\" content=\"2\" \/><\/li>\t\t\t\t\t<\/ol>\r\n\t\t\t\t\t<div class=\"clearfix\"><\/div>\r\n\t\t\t\t<\/div>\r\n\t\t\t<\/div>\r\n\t\t\t\n\n\n\n<h2 class=\"wp-block-heading\"><img decoding=\"async\" data-src=\"https:\/\/ads.nodengo.com\/wp-content\/uploads\/nodengo-2.gif\" alt=\"privacy\" src=\"data:image\/svg+xml;base64,PHN2ZyB3aWR0aD0iMSIgaGVpZ2h0PSIxIiB4bWxucz0iaHR0cDovL3d3dy53My5vcmcvMjAwMC9zdmciPjwvc3ZnPg==\" class=\"lazyload\" style=\"--smush-placeholder-width: 58px; --smush-placeholder-aspect-ratio: 58\/57;\">Datenschutzrichtlinie<\/h2>\n\n\n\n<p>Wir respektieren die Privatsph\u00e4re unserer Kunden und der Menschen, mit denen wir zusammenarbeiten. Wir sch\u00e4tzen Ihr Vertrauen und setzen uns daher f\u00fcr den Schutz und die Sicherheit der von Ihnen bereitgestellten personenbezogenen Daten ein. Diese Datenschutzrichtlinie regelt die Art und Weise, wie Nodengo.com Advertising von Werbetreibenden (jeweils ein \u201eBenutzer\u201c) gesammelte Informationen sammelt, verwendet, verwaltet und offenlegt <a href=\"https:\/\/ads.nodengo.com\/de\/\">https:\/\/ads.nodengo.com\/<\/a> Website (\u201eWebsite\u201c).<\/p>\n\n\n\n<p><em>Sehen Sie sich unsere separate Datenschutzrichtlinie an, in der beschrieben wird, wie&nbsp;<a href=\"http:\/\/nodengo.com\/privacy-policy\" target=\"_blank\" rel=\"noreferrer noopener\">Nodengo.com<\/a>, nutzt und verarbeitet personenbezogene Daten im Zusammenhang mit der \u00f6ffentlich zug\u00e4nglichen Website.<\/em><\/p>\n\n\n\n<h4 class=\"wp-block-heading\">Pers\u00f6nliche Identifikationsinformationen<\/h4>\n\n\n\n<p>Wir erfassen pers\u00f6nliche Identifikationsdaten von \u201eWerbetreibenden\u201c auf verschiedene Weise, einschlie\u00dflich, aber nicht beschr\u00e4nkt auf:<\/p>\n\n\n\n<p>Wenn \u201eWerbetreibende\u201c unsere Website besuchen, sich auf der Website registrieren, eine Bestellung aufgeben, ein Formular ausf\u00fcllen und im Zusammenhang mit anderen Aktivit\u00e4ten, Diensten, Funktionen oder Ressourcen, die wir auf unserer Website zur Verf\u00fcgung stellen.<br>\u201eWerbetreibende\u201c k\u00f6nnen ggf. nach Namen, E-Mail-Adresse und Postanschrift gefragt werden. \u201eWerbetreibende\u201c d\u00fcrfen unsere Website jedoch NICHT anonym besuchen.<br>Wir erfassen personenbezogene Identifikationsinformationen von \u201eWerbetreibenden\u201c, wenn diese uns diese Informationen freiwillig \u00fcbermitteln.<br>\u201eWerbetreibende\u201c m\u00fcssen der Bereitstellung pers\u00f6nlicher Identifikationsdaten zustimmen, um an bestimmten Aktivit\u00e4ten im Zusammenhang mit der Website teilzunehmen und Werbung zu erwerben.<br><\/p>\n\n\n\n<h4 class=\"wp-block-heading\">Nicht personenbezogene Identifikationsinformationen<\/h4>\n\n\n\n<p>Wir erfassen m\u00f6glicherweise nicht personenbezogene Identifikationsdaten \u00fcber \u201eWerbetreibende\u201c, wenn diese mit unserer Website interagieren. Zu den nicht personenbezogenen Identifikationsdaten k\u00f6nnen der Name des Browsers, der Computertyp und technische Informationen \u00fcber die Verbindungsart des \u201eWerbetreibenden\u201c zu unserer Website geh\u00f6ren, wie etwa das Betriebssystem und die genutzten Internetdienstanbieter sowie andere \u00e4hnliche Informationen.<\/p>\n\n\n\n<h4 class=\"wp-block-heading\">Wie wir gesammelte Informationen verwenden<\/h4>\n\n\n\n<p>Nodengo.com Advertising kann personenbezogene Daten von \u201eWerbetreibenden\u201c f\u00fcr folgende Zwecke sammeln und verwenden:<br>Zur Verbesserung \u2013 Die von Ihnen bereitgestellten Informationen helfen uns, effizienter auf Ihre Kundendienstanfragen und Supportanforderungen zu reagieren.<\/p>\n\n\n\n<p>Um Zahlungen abzuwickeln \u2013 Wir d\u00fcrfen die Informationen, die \u201eWerbetreibende\u201c \u00fcber sich selbst bereitstellen, wenn sie eine Bestellung aufgeben, nur zur Erbringung von Dienstleistungen f\u00fcr diese Bestellung verwenden.<br>Wir geben diese Informationen nicht an Dritte weiter, es sei denn, dies ist f\u00fcr die Bereitstellung der Dienstleistung erforderlich.<br>Wir k\u00f6nnen die gesammelten Informationen verwenden, um zu verstehen, wie unsere \u201eWerbetreibenden\u201c als Gruppe die auf unserer Website bereitgestellten Dienste und Ressourcen nutzen.<br>Um \u201eWerbetreibende\u201c \u00fcber ihre Arbeit und andere Aktivit\u00e4ten im Zusammenhang mit der Verfolgung der Partnerschaft mit uns zu kontaktieren<br>Um regelm\u00e4\u00dfig E-Mails zu senden \u2013 Wir k\u00f6nnen die E-Mail-Adresse verwenden, um ihnen Informationen und Aktualisierungen im Zusammenhang mit ihrer Bestellung oder E-Mails zu senden, die Unternehmensnachrichten, Aktualisierungen, verwandte Produkt- oder Serviceinformationen usw. enthalten k\u00f6nnen.<\/p>\n\n\n\n<h4 class=\"wp-block-heading\">Wie wir Ihre Daten sch\u00fctzen<\/h4>\n\n\n\n<p>Wir ergreifen geeignete Datenerfassungs-, Speicher- und Verarbeitungspraktiken sowie Sicherheitsma\u00dfnahmen, um Ihre auf unserer Website gespeicherten pers\u00f6nlichen Daten, Benutzernamen, Passw\u00f6rter, Transaktionsinformationen und Daten vor unbefugtem Zugriff, \u00c4nderung, Offenlegung oder Zerst\u00f6rung zu sch\u00fctzen.<br>Der Austausch sensibler und privater Daten zwischen der Website und ihren \u201eWerbetreibenden\u201c erfolgt \u00fcber einen SSL-gesicherten Kommunikationskanal und ist verschl\u00fcsselt und durch digitale Signaturen gesch\u00fctzt.<\/p>\n\n\n\n<h4 class=\"wp-block-heading\">Weitergabe Ihrer pers\u00f6nlichen Daten<\/h4>\n\n\n\n<p>Wir verkaufen, tauschen oder vermieten die pers\u00f6nlichen Identifikationsdaten von \u201eWerbetreibenden\u201c nicht an andere. F\u00fcr die oben genannten Zwecke k\u00f6nnen wir generische aggregierte demografische Informationen, die nicht mit pers\u00f6nlichen Identifikationsdaten von Besuchern und Werbetreibenden verkn\u00fcpft sind, an unsere Gesch\u00e4ftspartner, vertrauensw\u00fcrdigen verbundenen Unternehmen und Werbetreibenden weitergeben.<\/p>\n\n\n\n<h4 class=\"wp-block-heading\">Third party websites<\/h4>\n\n\n\n<p>Werbetreibende k\u00f6nnen auf unserer Website Werbung oder andere Inhalte finden, die auf die Websites und Dienste unserer Partner, Lieferanten, Werbetreibenden, Sponsoren, Lizenzgeber und anderer Dritter verweisen. Wir haben keine Kontrolle \u00fcber die Inhalte oder Links, die auf diesen Websites erscheinen, und sind nicht verantwortlich f\u00fcr die Praktiken von Websites, die mit unserer Website verlinkt sind oder von dieser aus verlinkt werden. Dar\u00fcber hinaus k\u00f6nnen sich diese Websites oder Dienste, einschlie\u00dflich ihrer Inhalte und Links, st\u00e4ndig \u00e4ndern. F\u00fcr diese Websites und Dienste gelten m\u00f6glicherweise eigene Datenschutzrichtlinien und Kundendienstrichtlinien. Das Surfen und die Interaktion auf anderen Websites, einschlie\u00dflich Websites, die \u00fcber einen Link zu unserer Website verf\u00fcgen, unterliegen den eigenen Bedingungen und Richtlinien dieser Website.<\/p>\n\n\n\n<h4 class=\"wp-block-heading\">\u00c4nderungen dieser Datenschutzrichtlinie<\/h4>\n\n\n\n<p><a href=\"https:\/\/ads.nodengo.com\/de\/\">Nodengo.com <\/a>Es liegt im Ermessen von Network, diese Datenschutzrichtlinie jederzeit zu aktualisieren. Wir empfehlen \u201eWerbetreibenden\u201c, diese Seite regelm\u00e4\u00dfig auf \u00c4nderungen zu \u00fcberpr\u00fcfen, um dar\u00fcber informiert zu bleiben, wie wir zum Schutz der von uns erfassten personenbezogenen Daten beitragen. Sie erkennen an und stimmen zu, dass es in Ihrer Verantwortung liegt, diese Datenschutzrichtlinie regelm\u00e4\u00dfig zu \u00fcberpr\u00fcfen und sich \u00fcber \u00c4nderungen zu informieren.<\/p>\n\n\n\n<div class=\"wp-block-citadela-blocks-custom-container citadela-block-custom-container size-wide bg-type-none inside-space-none\"><div class=\"inner-holder\">\n<p><em>Bitte beachten Sie, dass diese Seite maschinell aus dem urspr\u00fcnglichen Englisch \u00fcbersetzt wurde<\/em>.&nbsp;<em>Es wird keine Garantie jeglicher Art, weder ausdr\u00fccklich noch stillschweigend, hinsichtlich der Genauigkeit, Zuverl\u00e4ssigkeit oder Korrektheit von \u00dcbersetzungen aus dem Englischen in eine andere Sprache \u00fcbernommen.<\/em><\/p>\n<\/div><\/div>\n<\/div><\/div>\n\n\n\n<div class=\"wp-block-citadela-blocks-spacer citadela-block-spacer\"><div class=\"inner-holder\" style=\"padding-top:50px\"><\/div><\/div>\n\n\n\n<div class=\"wp-block-citadela-blocks-spacer citadela-block-spacer\"><div class=\"inner-holder\" style=\"padding-top:2vw\"><\/div><\/div>\n\n\n\n<div class=\"wp-block-citadela-blocks-custom-container citadela-block-custom-container size-wide bg-type-image inside-space-none bg-size-auto\"><div class=\"bg-image-wrapper lazyload\" style=\"background-image:inherit;background-repeat:no-repeat;background-position:40% 100%\" data-bg-image=\"url(https:\/\/ads.nodengo.com\/wp-content\/uploads\/2019\/09\/graph.png)\"><\/div><div class=\"inner-holder\">\n<div class=\"wp-block-citadela-blocks-spacer citadela-block-spacer\"><div class=\"inner-holder\" style=\"padding-top:40px\"><\/div><\/div>\n\n\n\n<div class=\"wp-block-citadela-blocks-spacer citadela-block-spacer\"><div class=\"inner-holder\" style=\"padding-top:145px\"><\/div><\/div>\n<\/div><\/div>\n\n\n\n<div class=\"wp-block-citadela-blocks-spacer citadela-block-spacer\"><div class=\"inner-holder\" style=\"padding-top:4vw\"><\/div><\/div>","protected":false},"excerpt":{"rendered":"","protected":false},"author":2,"featured_media":0,"parent":0,"menu_order":0,"comment_status":"closed","ping_status":"closed","template":"","meta":{"_citadela_hide_page_title":"1","_citadela_remove_header_space":"1","_citadela_custom_class":"","_citadela_half_map_provider":"","_citadela_half_map_theme":"","_citadela_half_map_themeOSM":"","_citadela_half_map_customTheme":"","_citadela_half_map_dataType":"","_citadela_half_map_dynamicTrack":false,"_citadela_half_map_trackColor":"","_citadela_half_map_trackEndpointsColor":"","_citadela_half_map_filterCategory":"","_citadela_half_map_filterLocation":"","_citadela_half_map_filterFeatured":false,"_citadela_half_map_noDataBehavior":"empty-map","_citadela_half_map_noDataText":"","_citadela_half_map_clusterGridSize":80,"_citadela_header":true,"_citadela_header_over_content":false,"_citadela_header_text_color":"","_citadela_header_logo":[],"_citadela_header_bg_image":{"id":102,"url":"https:\/\/ads.nodengo.com\/wp-content\/uploads\/2019\/09\/owen-cl-boLgiM0qwkg-unsplash.jpg","size":{"width":1920,"height":1280}},"_citadela_header_bg_position":{"x":0.5,"y":0.6},"_citadela_header_bg_size":"cover","_citadela_header_bg_repeat":"no-repeat","_citadela_header_bg_fixed":false,"_citadela_header_bg_color":"rgba(31, 33, 37, 1)","_citadela_header_bg_image_overlay":"rgba(30, 32, 36, 0.9)","_citadela_header_transparent_bg":false,"_citadela_content_width":"","_citadela_half_layout_position":"","footnotes":""},"class_list":["post-507","page","type-page","status-publish","hentry"],"_links":{"self":[{"href":"https:\/\/ads.nodengo.com\/de\/wp-json\/wp\/v2\/pages\/507","targetHints":{"allow":["GET"]}}],"collection":[{"href":"https:\/\/ads.nodengo.com\/de\/wp-json\/wp\/v2\/pages"}],"about":[{"href":"https:\/\/ads.nodengo.com\/de\/wp-json\/wp\/v2\/types\/page"}],"author":[{"embeddable":true,"href":"https:\/\/ads.nodengo.com\/de\/wp-json\/wp\/v2\/users\/2"}],"replies":[{"embeddable":true,"href":"https:\/\/ads.nodengo.com\/de\/wp-json\/wp\/v2\/comments?post=507"}],"version-history":[{"count":0,"href":"https:\/\/ads.nodengo.com\/de\/wp-json\/wp\/v2\/pages\/507\/revisions"}],"wp:attachment":[{"href":"https:\/\/ads.nodengo.com\/de\/wp-json\/wp\/v2\/media?parent=507"}],"curies":[{"name":"wp","href":"https:\/\/api.w.org\/{rel}","templated":true}]}}