{"id":2,"date":"2019-09-03T21:17:10","date_gmt":"2019-09-03T21:17:10","guid":{"rendered":"https:\/\/ads.nodengo.com\/about-us\/"},"modified":"2023-12-05T14:27:12","modified_gmt":"2023-12-05T14:27:12","slug":"about-us","status":"publish","type":"page","link":"https:\/\/ads.nodengo.com\/de\/about-us\/","title":{"rendered":"About Nodengo.com #1 Best Targeted Advertising"},"content":{"rendered":"<div class=\"wp-block-citadela-blocks-custom-container citadela-block-custom-container size-wide bg-type-none inside-space-none\"><div class=\"inner-holder\">\n<div class=\"wp-block-citadela-blocks-spacer citadela-block-spacer responsive-options loading\" data-block-attr=\"{&quot;desktop&quot;:{&quot;height&quot;:&quot;40px&quot;},&quot;mobile&quot;:{&quot;height&quot;:&quot;30px&quot;}}\" data-block-mobile-breakpoint=\"600\"><div class=\"inner-holder\" style=\"padding-top:40px\"><\/div><\/div>\n\n\n\t\t\t<!-- Flexy Breadcrumb -->\r\n\t\t\t<div class=\"fbc fbc-page\">\r\n\r\n\t\t\t\t<!-- Breadcrumb wrapper -->\r\n\t\t\t\t<div class=\"fbc-wrap\">\r\n\r\n\t\t\t\t\t<!-- Ordered list-->\r\n\t\t\t\t\t<ol class=\"fbc-items\" itemscope itemtype=\"https:\/\/schema.org\/BreadcrumbList\">\r\n\t\t\t\t\t\t            <li itemprop=\"itemListElement\" itemscope itemtype=\"https:\/\/schema.org\/ListItem\">\r\n                <span itemprop=\"name\">\r\n                    <!-- Home Link -->\r\n                    <a itemprop=\"item\" href=\"https:\/\/ads.nodengo.com\/de\/\">\r\n                    \r\n                                                    <i class=\"fa fa-home\" aria-hidden=\"true\"><\/i>Home                    <\/a>\r\n                <\/span>\r\n                <meta itemprop=\"position\" content=\"1\" \/><!-- Meta Position-->\r\n             <\/li><li><span class=\"fbc-separator\">\/<\/span><\/li><li class=\"active\" itemprop=\"itemListElement\" itemscope itemtype=\"https:\/\/schema.org\/ListItem\"><span itemprop=\"name\" title=\"Blog\">Blog<\/span><meta itemprop=\"position\" content=\"2\" \/><\/li>\t\t\t\t\t<\/ol>\r\n\t\t\t\t\t<div class=\"clearfix\"><\/div>\r\n\t\t\t\t<\/div>\r\n\t\t\t<\/div>\r\n\t\t\t\n\n\n         <div \r\n            class=\"citadela-block-responsive-text align-left responsive-options loading\"\r\n            data-block-mobile-attr=\"{&quot;desktop&quot;:{&quot;fontSize&quot;:&quot;37px&quot;},&quot;mobile&quot;:{&quot;fontSize&quot;:&quot;2.6em&quot;}}\"            data-block-mobile-breakpoint=\"600\"         >\r\n            <h2 class=\"inner-tag\" style=\"font-size: 37px;\">About us &#8211;  Advertising on Nodengo.com<\/h2>         <\/div>\r\n      \n\n         <div \r\n            class=\"citadela-block-responsive-text align-center\"\r\n                                 >\r\n            <p class=\"inner-tag\" style=\"font-size: 15px; letter-spacing: 0.05em; color: #c09b72;\"><strong> <\/strong><a href=\"https:\/\/ads.nodengo.com\/de\/\"><strong>Ads.nodengo.com<\/strong><\/a> ist der Werbearm des Stadtf\u00fchrers und der Reiseinformationsseite-&gt; <a href=\"http:\/\/nodengo.com\/de\/\" target=\"_blank\" rel=\"noopener\"><strong>Nodengo.com<\/strong><\/a><\/p>         <\/div>\r\n      \n\n\n<div class=\"wp-block-citadela-blocks-spacer citadela-block-spacer responsive-options loading\" data-block-attr=\"{&quot;desktop&quot;:{&quot;height&quot;:&quot;2vw&quot;},&quot;mobile&quot;:{&quot;height&quot;:&quot;0vw&quot;}}\" data-block-mobile-breakpoint=\"600\"><div class=\"inner-holder\" style=\"padding-top:2vw\"><\/div><\/div>\n<\/div><\/div>\n\n\n\n<div class=\"wp-block-citadela-blocks-spacer citadela-block-spacer\"><div class=\"inner-holder\" style=\"padding-top:50px\"><\/div><\/div>\n\n\n\n<div class=\"wp-block-citadela-blocks-custom-container citadela-block-custom-container size-wide bg-type-none inside-space-none\"><div class=\"inner-holder\">\n<h2 class=\"wp-block-heading\">\u00dcBER NODENGO.COM WERBUNG<\/h2>\n\n\n\n<p>Wir bieten wirklich zielgerichtete Werbung, mit der Sie potenzielle Kunden direkt erreichen k\u00f6nnen, wenn sie Informationen \u00fcber das Reiseziel suchen und ihren Urlaub planen.<\/p>\n\n\n\n<p>Die meisten Websites setzen auf automatische Werbung und richten sich nicht speziell an ihre Zielgruppe. Wenn Sie Patagonia im n\u00e4chsten Sommer besuchen m\u00f6chten, ist die Anzeige f\u00fcr eine neue N\u00e4hmaschine m\u00f6glicherweise nicht das, woran Sie gerade interessiert sind. Wenn Sie jedoch eine Niederlassung in Budapest haben, erh\u00f6ht die Schaltung Ihrer Anzeige auf unserer Budapester Seite mit Sicherheit Ihr Engagement f\u00fcr potenzielle Kunden.<\/p>\n\n\n\n<p>Wir machen es Ihnen einfach, potenzielle Kunden anzusprechen, bieten sehr erschwingliche Werbem\u00f6glichkeiten, helfen Ihnen, Ihre Zielgruppe anzusprechen, verfolgen Ihr Werbebudget \u00fcber unsere Online-Statistiken und bieten flexible Werbebedingungen. Mehr Knall f\u00fcr deine Kneipe \u201c<\/p>\n\n\n\n<p>Wir bieten eine Vielzahl von Werbem\u00f6glichkeiten, von stadtweiter Werbung bis hin zu wirklich zielgerichteter Werbung auf der lokalen Seite, die zu Ihrer Art von Gesch\u00e4ft passt. Dies ist ein sehr wettbewerbsf\u00e4higer Preis. Derzeit haben wir uns f\u00fcr ein CPD-Programm entschieden, mit dem Sie genau planen k\u00f6nnen, was Sie wollen f\u00fcr Werbung ausgeben,<\/p>\n\n\n\n<p>Maximieren Sie Ihr Werbebudget. Unsere Besucher richten sich an ein weltweites Publikum auf lokaler Ebene. Sie kommen zu uns, wenn sie ihren Urlaub planen. Seien Sie dabei und verpassen Sie nicht die Gelegenheit. Informieren Sie sie \u00fcber Ihr Unternehmen, bevor sie ihr Ziel erreichen. Oder Sie k\u00f6nnten sogar lokale Gesch\u00e4fte erfassen.<\/p>\n\n\n\n<p>\u00dcberpr\u00fcfen Sie unsere Optionen: Erfahren Sie mehr dar\u00fcber, wie Sie auf Nodengo.com werben k\u00f6nnen&nbsp; &nbsp; <a href=\"https:\/\/ads.nodengo.com\/de\/promotions\/\">PROMOTIONS<\/a> | <a href=\"https:\/\/ads.nodengo.com\/de\/order-prices\/\">PREISE<\/a><\/p>\n<\/div><\/div>\n\n\n\n<div class=\"wp-block-citadela-blocks-custom-container citadela-block-custom-container size-wide bg-type-none inside-space-none\"><div class=\"inner-holder\">\n<h2 class=\"wp-block-heading\">\u00dcBER NODENGO.COM <\/h2>\n\n\n\n<p>Nodengo.com ist ein Startup-Unternehmen und Netzwerk, das sich der Verbreitung lokaler touristischer Informationen und Stadtf\u00fchrer widmet. Immer wieder stellten wir fest, dass im Internet irgendwie genaue und unvoreingenommene lokale Informationen fehlten.<br>Als langj\u00e4hriger Tourismusprofi und in der Hotellerie waren wir der Meinung, dass dies eine Verbesserung rechtfertigt.<\/p>\n\n\n\n<p>Im Allgemeinen - Reise- und Stadtseiten st\u00fctzen sich entweder auf kostenpflichtige Links oder auf allgemeine Kundenbewertungen, um ihre lokalen Informationen zu verbreiten. Wir sch\u00e4tzen die Idee, sind jedoch der festen \u00dcberzeugung, dass es ein besseres Konzept geben sollte, das Informationen und Bewertungen zu einem Unternehmen bietet an die Kunden, w\u00e4hrend diese Einrichtung professionell und unabh\u00e4ngig vertreten werden kann.<\/p>\n\n\n\n<p>Und als Fachmann sind wir am besten qualifiziert, um Ihre Einrichtung zu \u00fcberpr\u00fcfen, eine unbezahlte, unvoreingenommene und unerreichte neue Art, Ihre Einrichtung zu f\u00f6rdern.<\/p>\n\n\n\n<p><a href=\"https:\/\/nodengo.com\/en\/register-to-submit-your-establishment\/\" target=\"_blank\" rel=\"noopener\"><strong>Finde mehr heraus<\/strong><\/a> dar\u00fcber, wie wir Ihnen helfen k\u00f6nnen, Ihr Unternehmen zu f\u00f6rdern. Von der kostenlosen Auflistung bis zur erweiterten Auflistung, vom Sponsoring bis zur Bewertung bieten wir verschiedene L\u00f6sungen an, um Ihr Unternehmen zu f\u00f6rdern<\/p>\n\n\n\n<p><a href=\"https:\/\/nodengo.com\/de\/hospitality-network\/\" target=\"_blank\" rel=\"noreferrer noopener\"><strong>Finde mehr heraus<\/strong><\/a> dar\u00fcber, was Nodengo.com ist und wie wir uns vorgenommen haben, das Establishment dabei zu unterst\u00fctzen, sich auf eine neue und andere Art und Weise zu f\u00f6rdern.<\/p>\n\n\n\n<h2 class=\"wp-block-heading\">ANDERE ANGEBOTE <\/h2>\n\n\n\n<p>Vielleicht sind Sie noch nicht an Werbung auf Nodengo.com interessiert. Das ist in Ordnung. Wir bieten eine F\u00fclle anderer M\u00f6glichkeiten, wie z&nbsp; <a href=\"https:\/\/nodengo.com\/en\/register-to-submit-your-establishment\/\" target=\"_blank\" rel=\"noopener\">Auflistung<\/a> | <a href=\"https:\/\/nodengo.com\/en\/register-to-submit-your-establishment\/\" target=\"_blank\" rel=\"noopener\">SPONSORING<\/a> | <a href=\"https:\/\/nodengo.com\/de\/hospitality-network\/reviews\/\" target=\"_blank\" rel=\"noopener\">BEWERTUNGEN<\/a> |<\/p>\n\n\n\n<p>Nodengo.com bietet lokale Redakteure, die Tourismus- und Gastgewerbefachleute sind und potenzielle Reisende besser als jeder andere \u00fcber ihre Stadt beraten k\u00f6nnen.<\/p>\n\n\n\n<p>M\u00f6chten Sie ein lokaler <strong><a href=\"https:\/\/nodengo.com\/en\/hospitality-network\/become-an-editor\/\" target=\"_blank\" rel=\"noopener\">Redakteur werden? <\/a><\/strong>Finden Sie heraus, ob Sie sich f\u00fcr unseren lokalen Editor qualifizieren. \u00dcberpr\u00fcfen Sie, ob IHRE Stadt noch verf\u00fcgbar ist.<\/p>\n\n\n\n<p>Or maybe you would like to refer someone to our services, send them this link via email to tell them&nbsp; &nbsp;:&nbsp; <a href=\"https:\/\/nodengo.com\/en\/referral\/\" target=\"_blank\" rel=\"noopener\">&nbsp;via this form<\/a><\/p>\n<\/div><\/div>\n\n\n\n<div class=\"wp-block-citadela-blocks-spacer citadela-block-spacer\"><div class=\"inner-holder\" style=\"padding-top:2vw\"><\/div><\/div>\n\n\n\n<div class=\"wp-block-citadela-blocks-custom-container citadela-block-custom-container size-wide bg-type-image inside-space-none bg-size-auto\"><div class=\"bg-image-wrapper lazyload\" style=\"background-image:inherit;background-repeat:no-repeat;background-position:40% 100%\" data-bg-image=\"url(https:\/\/ads.nodengo.com\/wp-content\/uploads\/2019\/09\/graph.png)\"><\/div><div class=\"inner-holder\">\n<div class=\"wp-block-citadela-blocks-spacer citadela-block-spacer\"><div class=\"inner-holder\" style=\"padding-top:3vw\"><\/div><\/div>\n\n\n\n<div class=\"wp-block-citadela-blocks-spacer citadela-block-spacer\"><div class=\"inner-holder\" style=\"padding-top:145px\"><\/div><\/div>\n<\/div><\/div>\n\n\n\n<div class=\"wp-block-citadela-blocks-spacer citadela-block-spacer negative-height\"><div class=\"inner-holder\" style=\"margin-top:-45px\"><\/div><\/div>\n\n\n\n<div class=\"wp-block-citadela-blocks-custom-container citadela-block-custom-container size-content bg-type-none inside-space-none\"><div class=\"inner-holder\">\n<div class=\"wp-block-buttons is-horizontal is-content-justification-center is-layout-flex wp-container-core-buttons-is-layout-499968f5 wp-block-buttons-is-layout-flex\">\n<div class=\"wp-block-button is-style-outline is-style-outline--2\"><a class=\"wp-block-button__link has-text-color wp-element-button\" style=\"color:#c09b72\">View our offers<\/a><\/div>\n<\/div>\n<\/div><\/div>\n\n\n\n<div class=\"wp-block-citadela-blocks-spacer citadela-block-spacer\"><div class=\"inner-holder\" style=\"padding-top:4vw\"><\/div><\/div>","protected":false},"excerpt":{"rendered":"","protected":false},"author":2,"featured_media":0,"parent":0,"menu_order":0,"comment_status":"closed","ping_status":"closed","template":"","meta":{"_citadela_hide_page_title":"1","_citadela_remove_header_space":"1","_citadela_custom_class":"","_citadela_half_map_provider":"","_citadela_half_map_theme":"","_citadela_half_map_themeOSM":"","_citadela_half_map_customTheme":"","_citadela_half_map_dataType":"","_citadela_half_map_dynamicTrack":false,"_citadela_half_map_trackColor":"","_citadela_half_map_trackEndpointsColor":"","_citadela_half_map_filterCategory":"","_citadela_half_map_filterLocation":"","_citadela_half_map_filterFeatured":false,"_citadela_half_map_noDataBehavior":"empty-map","_citadela_half_map_noDataText":"","_citadela_half_map_clusterGridSize":80,"_citadela_header":true,"_citadela_header_over_content":false,"_citadela_header_text_color":"","_citadela_header_logo":[],"_citadela_header_bg_image":{"id":102,"url":"https:\/\/ads.nodengo.com\/wp-content\/uploads\/2019\/09\/owen-cl-boLgiM0qwkg-unsplash.jpg","size":{"width":1920,"height":1280}},"_citadela_header_bg_position":{"x":0.5,"y":0.6},"_citadela_header_bg_size":"cover","_citadela_header_bg_repeat":"no-repeat","_citadela_header_bg_fixed":false,"_citadela_header_bg_color":"rgba(31, 33, 37, 1)","_citadela_header_bg_image_overlay":"rgba(30, 32, 36, 0.9)","_citadela_header_transparent_bg":false,"_citadela_content_width":"","_citadela_half_layout_position":"","footnotes":""},"class_list":["post-2","page","type-page","status-publish","hentry"],"_links":{"self":[{"href":"https:\/\/ads.nodengo.com\/de\/wp-json\/wp\/v2\/pages\/2","targetHints":{"allow":["GET"]}}],"collection":[{"href":"https:\/\/ads.nodengo.com\/de\/wp-json\/wp\/v2\/pages"}],"about":[{"href":"https:\/\/ads.nodengo.com\/de\/wp-json\/wp\/v2\/types\/page"}],"author":[{"embeddable":true,"href":"https:\/\/ads.nodengo.com\/de\/wp-json\/wp\/v2\/users\/2"}],"replies":[{"embeddable":true,"href":"https:\/\/ads.nodengo.com\/de\/wp-json\/wp\/v2\/comments?post=2"}],"version-history":[{"count":0,"href":"https:\/\/ads.nodengo.com\/de\/wp-json\/wp\/v2\/pages\/2\/revisions"}],"wp:attachment":[{"href":"https:\/\/ads.nodengo.com\/de\/wp-json\/wp\/v2\/media?parent=2"}],"curies":[{"name":"wp","href":"https:\/\/api.w.org\/{rel}","templated":true}]}}