{"id":1631,"date":"2023-12-06T20:05:29","date_gmt":"2023-12-06T20:05:29","guid":{"rendered":"https:\/\/ads.nodengo.com\/?page_id=1631"},"modified":"2023-12-13T17:37:59","modified_gmt":"2023-12-13T17:37:59","slug":"ads-for-asian-cities","status":"publish","type":"page","link":"https:\/\/ads.nodengo.com\/de\/ads-for-asian-cities\/","title":{"rendered":"Werbung f\u00fcr asiatische St\u00e4dte"},"content":{"rendered":"<div class=\"wp-block-citadela-blocks-custom-container citadela-block-custom-container size-content bg-type-image inside-space-none bg-size-cover has-overlay has-min-height vertical-align-center\" style=\"min-height:350px\"><div class=\"bg-image-wrapper lazyload\" style=\"background-image:inherit;background-repeat:no-repeat;background-position:50% 50%\" data-bg-image=\"url(https:\/\/ads.nodengo.com\/wp-content\/uploads\/adbanner.jpg)\"><\/div><div class=\"bg-image-overlay\" style=\"background-color:#1f2125;opacity:0.59\"><\/div><div class=\"inner-holder\">\n<div class=\"wp-block-citadela-blocks-spacer citadela-block-spacer responsive-options loading\" data-block-attr=\"{&quot;desktop&quot;:{&quot;height&quot;:&quot;7em&quot;},&quot;mobile&quot;:{&quot;height&quot;:&quot;3em&quot;}}\" data-block-mobile-breakpoint=\"600\"><div class=\"inner-holder\" style=\"padding-top:7em\"><\/div><\/div>\n\n\n\n<div class=\"wp-block-citadela-blocks-spacer citadela-block-spacer responsive-options loading\" data-block-attr=\"{&quot;desktop&quot;:{&quot;height&quot;:&quot;4vw&quot;},&quot;mobile&quot;:{&quot;height&quot;:&quot;1.4vw&quot;}}\" data-block-mobile-breakpoint=\"600\"><div class=\"inner-holder\" style=\"padding-top:4vw\"><\/div><\/div>\n\n\n         <div \r\n            class=\"citadela-block-responsive-text align-center responsive-options loading\"\r\n            data-block-mobile-attr=\"{&quot;desktop&quot;:{&quot;fontSize&quot;:&quot;3em&quot;},&quot;mobile&quot;:{&quot;fontSize&quot;:&quot;2.6em&quot;}}\"            data-block-mobile-breakpoint=\"600\"         >\r\n            <h1 class=\"inner-tag\" style=\"font-size: 3em; color: #ffffff;\">Ank\u00fcndigungen f\u00fcr asiatische St\u00e4dte<\/h1>         <\/div>\r\n      \n\n         <div \r\n            class=\"citadela-block-responsive-text align-center\"\r\n                                 >\r\n            <p class=\"inner-tag\" style=\"font-size: 0.95em; letter-spacing: 0.05em; color: #eba421;\">Es tut uns leid, dass wir derzeit nicht f\u00fcr alle dieser Standorte Redakteure haben. Daher ist f\u00fcr die Stadt, in der Sie werben m\u00f6chten, m\u00f6glicherweise keine Werbung verf\u00fcgbar. Wir f\u00fcgen regelm\u00e4\u00dfig St\u00e4dte hinzu. Schauen Sie also bald wieder bei uns vorbei<\/p>         <\/div>\r\n      \n\n\n<div class=\"wp-block-citadela-blocks-spacer citadela-block-spacer\"><div class=\"inner-holder\" style=\"padding-top:20px\"><\/div><\/div>\n\n\n\n<div class=\"wp-block-buttons is-horizontal is-content-justification-center is-layout-flex wp-container-core-buttons-is-layout-499968f5 wp-block-buttons-is-layout-flex\">\n<div class=\"wp-block-button is-style-outline is-style-outline--2\"><a class=\"wp-block-button__link has-text-color wp-element-button\" style=\"color:#c09b72\">Siehe Angebote und Preise<\/a><\/div>\n<\/div>\n\n\n\n<div class=\"wp-block-citadela-blocks-spacer citadela-block-spacer\"><div class=\"inner-holder\" style=\"padding-top:20px\"><\/div><\/div>\n<\/div><\/div>\n\n\n\n<div class=\"wp-block-group alignwide\"><div class=\"wp-block-group__inner-container is-layout-flow wp-block-group-is-layout-flow\">\t\t\t<!-- Flexy Breadcrumb -->\r\n\t\t\t<div class=\"fbc fbc-page\">\r\n\r\n\t\t\t\t<!-- Breadcrumb wrapper -->\r\n\t\t\t\t<div class=\"fbc-wrap\">\r\n\r\n\t\t\t\t\t<!-- Ordered list-->\r\n\t\t\t\t\t<ol class=\"fbc-items\" itemscope itemtype=\"https:\/\/schema.org\/BreadcrumbList\">\r\n\t\t\t\t\t\t            <li itemprop=\"itemListElement\" itemscope itemtype=\"https:\/\/schema.org\/ListItem\">\r\n                <span itemprop=\"name\">\r\n                    <!-- Home Link -->\r\n                    <a itemprop=\"item\" href=\"https:\/\/ads.nodengo.com\/de\/\">\r\n                    \r\n                                                    <i class=\"fa fa-home\" aria-hidden=\"true\"><\/i>Home                    <\/a>\r\n                <\/span>\r\n                <meta itemprop=\"position\" content=\"1\" \/><!-- Meta Position-->\r\n             <\/li><li><span class=\"fbc-separator\">\/<\/span><\/li><li class=\"active\" itemprop=\"itemListElement\" itemscope itemtype=\"https:\/\/schema.org\/ListItem\"><span itemprop=\"name\" title=\"Blog\">Blog<\/span><meta itemprop=\"position\" content=\"2\" \/><\/li>\t\t\t\t\t<\/ol>\r\n\t\t\t\t\t<div class=\"clearfix\"><\/div>\r\n\t\t\t\t<\/div>\r\n\t\t\t<\/div>\r\n\t\t\t\n<\/div><\/div>\n\n\n\n<div style=\"height:32px\" aria-hidden=\"true\" class=\"wp-block-spacer\"><\/div>\n\n\n\n<div class=\"wp-block-citadela-blocks-custom-container citadela-block-custom-container size-wide bg-type-none inside-space-none\"><div class=\"inner-holder\">\n<div class=\"wp-block-citadela-blocks-custom-container citadela-block-custom-container size-wide bg-type-none inside-space-none\"><div class=\"inner-holder\">\n<h2 class=\"wp-block-heading\" id=\"ads-for-asian-cities\"><img decoding=\"async\" data-src=\"https:\/\/ads.nodengo.com\/wp-content\/uploads\/rouge_titre.gif\" alt=\"ank\u00fcndigungen f\u00fcr asiatische st\u00e4dte\" src=\"data:image\/svg+xml;base64,PHN2ZyB3aWR0aD0iMSIgaGVpZ2h0PSIxIiB4bWxucz0iaHR0cDovL3d3dy53My5vcmcvMjAwMC9zdmciPjwvc3ZnPg==\" class=\"lazyload\" style=\"--smush-placeholder-width: 40px; --smush-placeholder-aspect-ratio: 40\/27;\">   Ank\u00fcndigungen f\u00fcr asiatische St\u00e4dte<\/h2>\n\n\n\n<p>Vielen Dank f\u00fcr Ihr Interesse an Werbung bei uns auf&nbsp;<a href=\"https:\/\/nodengo.com\/\" target=\"_blank\" rel=\"noopener\">Nodengo.com<\/a>. Mit den folgenden Optionen k\u00f6nnen Sie Werbung f\u00fcr eine unserer lokalen Seiten f\u00fcr die Stadt Ihres Unternehmens in Asien erwerben.<\/p>\n\n\n\n<p class=\"has-text-align-center\">Wenn Sie sich nicht sicher sind, welche Option f\u00fcr Sie am besten geeignet ist. Bitte lesen Sie die Beschreibung unserer <a href=\"https:\/\/ads.nodengo.com\/de\/advertising-options\/\" target=\"_blank\" rel=\"noreferrer noopener\">Werbem\u00f6glichkeiten<\/a>.<\/p>\n\n\n\n<h4 class=\"wp-block-heading has-text-color has-link-color wp-elements-43d2230d68cb812f7ec2dde844b2ab52\" id=\"please-note-that-this-option-is-for-the-ads-for-african-cities-pages-advertising-and-not-for-specific-cities-should-you-want-to-advertise-in-a-city-only-learn-more\" style=\"color:#eba421\">Sie m\u00f6chten in einer oder mehreren der folgenden Kategorien werben, um auf den Seiten der asiatischen St\u00e4dte, in denen sich Ihr Unternehmen befindet, aufgef\u00fchrt zu werden. W\u00e4hlen Sie bitte IHRE Stadt (unten) aus und Sie werden zum entsprechenden Abschnitt weitergeleitet, um Ihren Kauf abzuschlie\u00dfen<\/h4>\n\n\n\n<hr class=\"wp-block-separator has-alpha-channel-opacity\"\/>\n\n\n\n<h4 class=\"wp-block-heading has-text-align-center\" id=\"country-index-page-country-blog-page\">Anzeigen f\u00fcr asiatische St\u00e4dteseiten:   <\/h4>\n\n\n\n<h4 class=\"wp-block-heading has-text-align-center\" id=\"country-index-page-country-blog-page\">Main Index  &#8211;  Restaurant  &#8211; Things to Do &#8211; Activities &#8211; City Blog  &#8211; City Reviews <\/h4>\n\n\n\n<hr class=\"wp-block-separator has-alpha-channel-opacity\"\/>\n<\/div><\/div>\n<\/div><\/div>\n\n\n\n<div class=\"wp-block-citadela-blocks-custom-container citadela-block-custom-container size-wide bg-type-none inside-space-none\"><div class=\"inner-holder\">\n<p class=\"has-background\" style=\"background-color:#e7faeb;font-size:16px\">Wenn die von Ihnen gew\u00fcnschte Stadt nicht unter der L\u00e4nder\u00fcberschrift erscheint, bedeutet dies, dass wir noch keinen Editor f\u00fcr diese bestimmte Stadt haben und daher derzeit keine Werbung verf\u00fcgbar ist. Wenn die Stadt aufgef\u00fchrt ist, ist sie verf\u00fcgbar. Klicken Sie darauf, um dem Bestellvorgang zu folgen .<\/p>\n\n\n\n<h2 class=\"wp-block-heading has-text-color has-link-color wp-elements-d90af81d5ecd6a252d7c88d1bca401a5\" id=\"advertising-options-african-cities\" style=\"color:#eba421\">Werbem\u00f6glichkeiten \u2013 Anzeigen f\u00fcr asiatische St\u00e4dte<\/h2>\n\n\n\n<p>Dieser Abschnitt ist f\u00fcr Anzeigen f\u00fcr<strong> Nur asiatische St\u00e4dte<\/strong> \u2013 Durch Klicken auf den Stadtlink im L\u00e4nderbereich werden Sie zum folgenden Schritt weitergeleitet, um Ihre Bestellung aufzugeben. <\/p>\n\n\n\n<div class=\"wp-block-columns is-layout-flex wp-container-core-columns-is-layout-9d6595d7 wp-block-columns-is-layout-flex\">\n<div class=\"wp-block-column is-layout-flow wp-block-column-is-layout-flow\"><div id=\"rank-math-faq\" class=\"rank-math-block\">\n<div class=\"rank-math-list\">\n<div id=\"faq-question-1701878950501\" class=\"rank-math-list-item\">\n<h3 class=\"rank-math-question\">Bahrain<\/h3>\n<div class=\"rank-math-answer\">\n\n<p>Noch keine St\u00e4dte<\/p>\n\n<\/div>\n<\/div>\n<div id=\"faq-question-1701878972521\" class=\"rank-math-list-item\">\n<h3 class=\"rank-math-question\">Brunei<\/h3>\n<div class=\"rank-math-answer\">\n\n<p>Noch keine St\u00e4dte<\/p>\n\n<\/div>\n<\/div>\n<div id=\"faq-question-1701879556727\" class=\"rank-math-list-item\">\n<h3 class=\"rank-math-question\">Hong Kong<\/h3>\n<div class=\"rank-math-answer\">\n\n<p>Noch keine St\u00e4dte<\/p>\n\n<\/div>\n<\/div>\n<div id=\"faq-question-1701879559795\" class=\"rank-math-list-item\">\n<h3 class=\"rank-math-question\">Iran<\/h3>\n<div class=\"rank-math-answer\">\n\n<p>Noch keine St\u00e4dte<\/p>\n\n<\/div>\n<\/div>\n<div id=\"faq-question-1701880054665\" class=\"rank-math-list-item\">\n<h3 class=\"rank-math-question\">Japan<\/h3>\n<div class=\"rank-math-answer\">\n\n<p>Noch keine St\u00e4dte<\/p>\n\n<\/div>\n<\/div>\n<div id=\"faq-question-1701880093521\" class=\"rank-math-list-item\">\n<h3 class=\"rank-math-question\">Kirgisistan<\/h3>\n<div class=\"rank-math-answer\">\n\n<p>Noch keine St\u00e4dte<\/p>\n\n<\/div>\n<\/div>\n<div id=\"faq-question-1701880119817\" class=\"rank-math-list-item\">\n<h3 class=\"rank-math-question\">Macau<\/h3>\n<div class=\"rank-math-answer\">\n\n<p>Noch keine St\u00e4dte<\/p>\n\n<\/div>\n<\/div>\n<div id=\"faq-question-1701880125002\" class=\"rank-math-list-item\">\n<h3 class=\"rank-math-question\">Nepal<\/h3>\n<div class=\"rank-math-answer\">\n\n<p>Noch keine St\u00e4dte<\/p>\n\n<\/div>\n<\/div>\n<div id=\"faq-question-1701880254723\" class=\"rank-math-list-item\">\n<h3 class=\"rank-math-question\">Papua Neu-Guinea<\/h3>\n<div class=\"rank-math-answer\">\n\n<p>Noch keine St\u00e4dte<\/p>\n\n<\/div>\n<\/div>\n<div id=\"faq-question-1701880256441\" class=\"rank-math-list-item\">\n<h3 class=\"rank-math-question\">Saudi-Arabien<\/h3>\n<div class=\"rank-math-answer\">\n\n<p>Noch keine St\u00e4dte<\/p>\n\n<\/div>\n<\/div>\n<div id=\"faq-question-1701880476074\" class=\"rank-math-list-item\">\n<h3 class=\"rank-math-question\">Sri Lanka<\/h3>\n<div class=\"rank-math-answer\">\n\n<p>Noch keine St\u00e4dte<\/p>\n\n<\/div>\n<\/div>\n<div id=\"faq-question-1701880478546\" class=\"rank-math-list-item\">\n<h3 class=\"rank-math-question\">Vereinigte Arabische Emirate<\/h3>\n<div class=\"rank-math-answer\">\n\n<p>Noch keine St\u00e4dte<\/p>\n\n<\/div>\n<\/div>\n<\/div>\n<\/div><\/div>\n\n\n\n<div class=\"wp-block-column is-layout-flow wp-block-column-is-layout-flow\"><div id=\"rank-math-faq\" class=\"rank-math-block\">\n<div class=\"rank-math-list\">\n<div id=\"faq-question-1701879208288\" class=\"rank-math-list-item\">\n<h3 class=\"rank-math-question\">Bangladesch<\/h3>\n<div class=\"rank-math-answer\">\n\n<p>Noch keine Stadt<\/p>\n\n<\/div>\n<\/div>\n<div id=\"faq-question-1701879477004\" class=\"rank-math-list-item\">\n<h3 class=\"rank-math-question\">Kambodscha<\/h3>\n<div class=\"rank-math-answer\">\n\n<p>Noch keine St\u00e4dte<\/p>\n\n<\/div>\n<\/div>\n<div id=\"faq-question-1701879557414\" class=\"rank-math-list-item\">\n<h3 class=\"rank-math-question\">Indien<\/h3>\n<div class=\"rank-math-answer\">\n\n<p>Noch keine St\u00e4dte<\/p>\n\n<\/div>\n<\/div>\n<div id=\"faq-question-1701879560382\" class=\"rank-math-list-item\">\n<h3 class=\"rank-math-question\">Irak<\/h3>\n<div class=\"rank-math-answer\">\n\n<p>Noch keine St\u00e4dte<\/p>\n\n<\/div>\n<\/div>\n<div id=\"faq-question-1701880055737\" class=\"rank-math-list-item\">\n<h3 class=\"rank-math-question\">Jordanien<\/h3>\n<div class=\"rank-math-answer\">\n\n<p>Noch keine St\u00e4dte<\/p>\n\n<\/div>\n<\/div>\n<div id=\"faq-question-1701880094785\" class=\"rank-math-list-item\">\n<h3 class=\"rank-math-question\">Laos<\/h3>\n<div class=\"rank-math-answer\">\n\n<p>Noch keine St\u00e4dte<\/p>\n\n<\/div>\n<\/div>\n<div id=\"faq-question-1701880120489\" class=\"rank-math-list-item\">\n<h3 class=\"rank-math-question\">Malaysia<\/h3>\n<div class=\"rank-math-answer\">\n\n<p>Noch keine St\u00e4dte<\/p>\n\n<\/div>\n<\/div>\n<div id=\"faq-question-1701880122706\" class=\"rank-math-list-item\">\n<h3 class=\"rank-math-question\">Oman<\/h3>\n<div class=\"rank-math-answer\">\n\n<p>Noch keine St\u00e4dte<\/p>\n\n<\/div>\n<\/div>\n<div id=\"faq-question-1701880125684\" class=\"rank-math-list-item\">\n<h3 class=\"rank-math-question\">Philippinen<\/h3>\n<div class=\"rank-math-answer\">\n\n<p>Noch keine St\u00e4dte<\/p>\n\n<\/div>\n<\/div>\n<div id=\"faq-question-1701880257425\" class=\"rank-math-list-item\">\n<h3 class=\"rank-math-question\">Singapur<\/h3>\n<div class=\"rank-math-answer\">\n\n<p>Noch keine St\u00e4dte<\/p>\n\n<\/div>\n<\/div>\n<div id=\"faq-question-1701880476917\" class=\"rank-math-list-item\">\n<h3 class=\"rank-math-question\">Taiwan<\/h3>\n<div class=\"rank-math-answer\">\n\n<p>Noch keine St\u00e4dte<\/p>\n\n<\/div>\n<\/div>\n<div id=\"faq-question-1701880479244\" class=\"rank-math-list-item\">\n<h3 class=\"rank-math-question\">Usbekistan<\/h3>\n<div class=\"rank-math-answer\">\n\n<p>Noch keine St\u00e4dte<\/p>\n\n<\/div>\n<\/div>\n<\/div>\n<\/div><\/div>\n\n\n\n<div class=\"wp-block-column is-layout-flow wp-block-column-is-layout-flow\"><div id=\"rank-math-faq\" class=\"rank-math-block\">\n<div class=\"rank-math-list\">\n<div id=\"faq-question-1701879225227\" class=\"rank-math-list-item\">\n<h3 class=\"rank-math-question\">Bhutan<\/h3>\n<div class=\"rank-math-answer\">\n\n<p>Noch keine St\u00e4dte<\/p>\n\n<\/div>\n<\/div>\n<div id=\"faq-question-1701879477827\" class=\"rank-math-list-item\">\n<h3 class=\"rank-math-question\">China<\/h3>\n<div class=\"rank-math-answer\">\n\n<p>Noch keine St\u00e4dte<\/p>\n\n<\/div>\n<\/div>\n<div id=\"faq-question-1701879558135\" class=\"rank-math-list-item\">\n<h3 class=\"rank-math-question\">Indonesien<\/h3>\n<div class=\"rank-math-answer\">\n\n<p><a href=\"https:\/\/ads.nodengo.com\/de\/agency-order-ads\/?site_id=16\">Bali\/Denpasar<\/a><\/p>\n\n<\/div>\n<\/div>\n<div id=\"faq-question-1701879561078\" class=\"rank-math-list-item\">\n<h3 class=\"rank-math-question\">Israel<\/h3>\n<div class=\"rank-math-answer\">\n\n<p>Noch keine St\u00e4dte<\/p>\n\n<\/div>\n<\/div>\n<div id=\"faq-question-1701880056409\" class=\"rank-math-list-item\">\n<h3 class=\"rank-math-question\">Kuwait<\/h3>\n<div class=\"rank-math-answer\">\n\n<p>Noch keine St\u00e4dte<\/p>\n\n<\/div>\n<\/div>\n<div id=\"faq-question-1701880096098\" class=\"rank-math-list-item\">\n<h3 class=\"rank-math-question\">Libanon<\/h3>\n<div class=\"rank-math-answer\">\n\n<p>Noch keine St\u00e4dte<\/p>\n\n<\/div>\n<\/div>\n<div id=\"faq-question-1701880121201\" class=\"rank-math-list-item\">\n<h3 class=\"rank-math-question\">Mongolei<\/h3>\n<div class=\"rank-math-answer\">\n\n<p>Noch keine St\u00e4dte<\/p>\n\n<\/div>\n<\/div>\n<div id=\"faq-question-1701880123505\" class=\"rank-math-list-item\">\n<h3 class=\"rank-math-question\">Pakistan<\/h3>\n<div class=\"rank-math-answer\">\n\n<p>Noch keine St\u00e4dte<\/p>\n\n<\/div>\n<\/div>\n<div id=\"faq-question-1701880126769\" class=\"rank-math-list-item\">\n<h3 class=\"rank-math-question\">Katar<\/h3>\n<div class=\"rank-math-answer\">\n\n<p>Noch keine St\u00e4dte<\/p>\n\n<\/div>\n<\/div>\n<div id=\"faq-question-1701880258233\" class=\"rank-math-list-item\">\n<h3 class=\"rank-math-question\">S\u00fcdkorea<\/h3>\n<div class=\"rank-math-answer\">\n\n<p>Noch keine St\u00e4dte<\/p>\n\n<\/div>\n<\/div>\n<div id=\"faq-question-1701880477623\" class=\"rank-math-list-item\">\n<h3 class=\"rank-math-question\">Tadschikistan<\/h3>\n<div class=\"rank-math-answer\">\n\n<p>Noch keine St\u00e4dte<\/p>\n\n<\/div>\n<\/div>\n<div id=\"faq-question-1701880479902\" class=\"rank-math-list-item\">\n<h3 class=\"rank-math-question\">Vietnam<\/h3>\n<div class=\"rank-math-answer\">\n\n<p>Noch keine St\u00e4dte<\/p>\n\n<\/div>\n<\/div>\n<\/div>\n<\/div><\/div>\n<\/div>\n\n\n\n<hr class=\"wp-block-separator has-alpha-channel-opacity is-style-dots\"\/>\n\n\n\n<p class=\"has-medium-font-size\"><strong>Ver\u00f6ffentlichungsinformationen<\/strong><\/p>\n\n\n\n<ol class=\"wp-block-list\">\n<li class=\"has-small-font-size\"><em>Wenn die von Ihnen ausgew\u00e4hlte Stadt nicht unter der \u00dcberschrift \"Land\" angezeigt wird, bedeutet dies, dass wir noch keinen Editor f\u00fcr diese bestimmte Stadt haben und daher derzeit keine Werbung verf\u00fcgbar ist. Wenn die Stadt verf\u00fcgbar ist, klicken Sie, um den Bestellvorgang zu verfolgen.<\/em><\/li>\n\n\n\n<li class=\"has-small-font-size\"><em>Bitte beachten Sie, dass die von Ihnen ausgew\u00e4hlte Werbefl\u00e4che nicht im Pulldown-Men\u00fc auf der folgenden Seite angezeigt wird. Dies bedeutet leider, dass derzeit alle verf\u00fcgbaren Fl\u00e4chen verwendet werden.<\/em><\/li>\n\n\n\n<li class=\"has-small-font-size\">Einmal gekaufte Werbung kann nicht storniert werden<\/li>\n\n\n\n<li class=\"has-small-font-size\"><em>Einmal gekaufte Anzeigen k\u00f6nnen nicht erstattet werden<\/em><\/li>\n\n\n\n<li class=\"has-small-font-size\"><em>W\u00e4hlen Sie SORGF\u00c4LTIG den ABSCHNITT aus, in dem die Anzeige erscheinen soll<\/em>.<\/li>\n\n\n\n<li class=\"has-small-font-size\"><em>Alle Werbekampagnen auf Nodengo.com werden vor ihrer Ver\u00f6ffentlichung einem internen \u00dcberpr\u00fcfungsprozess unterzogen.<\/em><\/li>\n<\/ol>\n<\/div><\/div>\n\n\n\n<div style=\"height:55px\" aria-hidden=\"true\" class=\"wp-block-spacer\"><\/div>\n\n\n\n<p><\/p>","protected":false},"excerpt":{"rendered":"","protected":false},"author":2,"featured_media":0,"parent":0,"menu_order":0,"comment_status":"closed","ping_status":"closed","template":"","meta":{"_citadela_hide_page_title":"1","_citadela_remove_header_space":"1","_citadela_custom_class":"","_citadela_half_map_provider":"","_citadela_half_map_theme":"","_citadela_half_map_themeOSM":"","_citadela_half_map_customTheme":"","_citadela_half_map_dataType":"","_citadela_half_map_dynamicTrack":false,"_citadela_half_map_trackColor":"","_citadela_half_map_trackEndpointsColor":"","_citadela_half_map_filterCategory":"","_citadela_half_map_filterLocation":"","_citadela_half_map_filterFeatured":false,"_citadela_half_map_noDataBehavior":"empty-map","_citadela_half_map_noDataText":"","_citadela_half_map_clusterGridSize":80,"_citadela_header":true,"_citadela_header_over_content":true,"_citadela_header_text_color":"","_citadela_header_logo":[],"_citadela_header_bg_image":[],"_citadela_header_bg_position":{"x":0.5,"y":0.5},"_citadela_header_bg_size":"cover","_citadela_header_bg_repeat":"no-repeat","_citadela_header_bg_fixed":false,"_citadela_header_bg_color":"","_citadela_header_bg_image_overlay":"","_citadela_header_transparent_bg":true,"_citadela_content_width":"default","_citadela_half_layout_position":"","footnotes":""},"class_list":["post-1631","page","type-page","status-publish","hentry"],"_links":{"self":[{"href":"https:\/\/ads.nodengo.com\/de\/wp-json\/wp\/v2\/pages\/1631","targetHints":{"allow":["GET"]}}],"collection":[{"href":"https:\/\/ads.nodengo.com\/de\/wp-json\/wp\/v2\/pages"}],"about":[{"href":"https:\/\/ads.nodengo.com\/de\/wp-json\/wp\/v2\/types\/page"}],"author":[{"embeddable":true,"href":"https:\/\/ads.nodengo.com\/de\/wp-json\/wp\/v2\/users\/2"}],"replies":[{"embeddable":true,"href":"https:\/\/ads.nodengo.com\/de\/wp-json\/wp\/v2\/comments?post=1631"}],"version-history":[{"count":0,"href":"https:\/\/ads.nodengo.com\/de\/wp-json\/wp\/v2\/pages\/1631\/revisions"}],"wp:attachment":[{"href":"https:\/\/ads.nodengo.com\/de\/wp-json\/wp\/v2\/media?parent=1631"}],"curies":[{"name":"wp","href":"https:\/\/api.w.org\/{rel}","templated":true}]}}