{"id":1140,"date":"2023-12-06T07:18:14","date_gmt":"2023-12-06T07:18:14","guid":{"rendered":"https:\/\/ads.nodengo.com\/?page_id=1140"},"modified":"2023-12-29T12:09:22","modified_gmt":"2023-12-29T12:09:22","slug":"anzeigen-fur-asiatische-lander-2","status":"publish","type":"page","link":"https:\/\/ads.nodengo.com\/de\/ads-for-asian-countries\/","title":{"rendered":"Anzeigen f\u00fcr asiatische L\u00e4nder"},"content":{"rendered":"<div class=\"wp-block-citadela-blocks-custom-container citadela-block-custom-container size-content bg-type-image inside-space-none bg-size-cover has-overlay has-min-height vertical-align-center\" style=\"min-height:350px\"><div class=\"bg-image-wrapper lazyload\" style=\"background-image:inherit;background-repeat:no-repeat;background-position:50% 50%\" data-bg-image=\"url(https:\/\/ads.nodengo.com\/wp-content\/uploads\/adbanner.jpg)\"><\/div><div class=\"bg-image-overlay\" style=\"background-color:#1f2125;opacity:0.59\"><\/div><div class=\"inner-holder\">\n<div class=\"wp-block-citadela-blocks-spacer citadela-block-spacer responsive-options loading\" data-block-attr=\"{&quot;desktop&quot;:{&quot;height&quot;:&quot;7em&quot;},&quot;mobile&quot;:{&quot;height&quot;:&quot;3em&quot;}}\" data-block-mobile-breakpoint=\"600\"><div class=\"inner-holder\" style=\"padding-top:7em\"><\/div><\/div>\n\n\n\n<div class=\"wp-block-citadela-blocks-spacer citadela-block-spacer responsive-options loading\" data-block-attr=\"{&quot;desktop&quot;:{&quot;height&quot;:&quot;4vw&quot;},&quot;mobile&quot;:{&quot;height&quot;:&quot;1.4vw&quot;}}\" data-block-mobile-breakpoint=\"600\"><div class=\"inner-holder\" style=\"padding-top:4vw\"><\/div><\/div>\n\n\n         <div \r\n            class=\"citadela-block-responsive-text align-center responsive-options loading\"\r\n            data-block-mobile-attr=\"{&quot;desktop&quot;:{&quot;fontSize&quot;:&quot;3em&quot;},&quot;mobile&quot;:{&quot;fontSize&quot;:&quot;2.6em&quot;}}\"            data-block-mobile-breakpoint=\"600\"         >\r\n            <h1 class=\"inner-tag\" style=\"font-size: 3em; color: #ffffff;\">Anzeigen f\u00fcr asiatische L\u00e4nder<\/h1>         <\/div>\r\n      \n\n         <div \r\n            class=\"citadela-block-responsive-text align-center\"\r\n                                 >\r\n            <p class=\"inner-tag\" style=\"font-size: 0.95em; letter-spacing: 0.05em; color: #eba421;\">Wir entschuldigen uns Derzeit haben wir keine Redakteure f\u00fcr diese Standorte. Daher ist Werbung nicht verf\u00fcgbar. Wir f\u00fcgen regelm\u00e4\u00dfig L\u00e4nder hinzu. Schauen Sie also bald wieder bei uns vorbei.<\/p>         <\/div>\r\n      \n\n\n<div class=\"wp-block-citadela-blocks-spacer citadela-block-spacer\"><div class=\"inner-holder\" style=\"padding-top:20px\"><\/div><\/div>\n\n\n\n<div class=\"wp-block-buttons is-horizontal is-content-justification-center is-layout-flex wp-container-core-buttons-is-layout-499968f5 wp-block-buttons-is-layout-flex\">\n<div class=\"wp-block-button is-style-outline is-style-outline--2\"><a class=\"wp-block-button__link has-text-color wp-element-button\" style=\"color:#c09b72\">Siehe Angebote und Preise<\/a><\/div>\n<\/div>\n\n\n\n<div class=\"wp-block-citadela-blocks-spacer citadela-block-spacer\"><div class=\"inner-holder\" style=\"padding-top:20px\"><\/div><\/div>\n<\/div><\/div>\n\n\n\n<div class=\"wp-block-group alignwide\"><div class=\"wp-block-group__inner-container is-layout-flow wp-block-group-is-layout-flow\">\t\t\t<!-- Flexy Breadcrumb -->\r\n\t\t\t<div class=\"fbc fbc-page\">\r\n\r\n\t\t\t\t<!-- Breadcrumb wrapper -->\r\n\t\t\t\t<div class=\"fbc-wrap\">\r\n\r\n\t\t\t\t\t<!-- Ordered list-->\r\n\t\t\t\t\t<ol class=\"fbc-items\" itemscope itemtype=\"https:\/\/schema.org\/BreadcrumbList\">\r\n\t\t\t\t\t\t            <li itemprop=\"itemListElement\" itemscope itemtype=\"https:\/\/schema.org\/ListItem\">\r\n                <span itemprop=\"name\">\r\n                    <!-- Home Link -->\r\n                    <a itemprop=\"item\" href=\"https:\/\/ads.nodengo.com\/de\/\">\r\n                    \r\n                                                    <i class=\"fa fa-home\" aria-hidden=\"true\"><\/i>Home                    <\/a>\r\n                <\/span>\r\n                <meta itemprop=\"position\" content=\"1\" \/><!-- Meta Position-->\r\n             <\/li><li><span class=\"fbc-separator\">\/<\/span><\/li><li class=\"active\" itemprop=\"itemListElement\" itemscope itemtype=\"https:\/\/schema.org\/ListItem\"><span itemprop=\"name\" title=\"Blog\">Blog<\/span><meta itemprop=\"position\" content=\"2\" \/><\/li>\t\t\t\t\t<\/ol>\r\n\t\t\t\t\t<div class=\"clearfix\"><\/div>\r\n\t\t\t\t<\/div>\r\n\t\t\t<\/div>\r\n\t\t\t\n<\/div><\/div>\n\n\n\n<div style=\"height:32px\" aria-hidden=\"true\" class=\"wp-block-spacer\"><\/div>\n\n\n\n<div class=\"wp-block-citadela-blocks-custom-container citadela-block-custom-container size-wide bg-type-none inside-space-none\"><div class=\"inner-holder\">\n<div class=\"wp-block-citadela-blocks-custom-container citadela-block-custom-container size-wide bg-type-none inside-space-none\"><div class=\"inner-holder\">\n<h2 class=\"wp-block-heading\"><img decoding=\"async\" data-src=\"https:\/\/ads.nodengo.com\/wp-content\/uploads\/asian-countries.png\" alt=\"anzeigen f\u00fcr asiatische L\u00e4nder\" src=\"data:image\/svg+xml;base64,PHN2ZyB3aWR0aD0iMSIgaGVpZ2h0PSIxIiB4bWxucz0iaHR0cDovL3d3dy53My5vcmcvMjAwMC9zdmciPjwvc3ZnPg==\" class=\"lazyload\" style=\"--smush-placeholder-width: 20px; --smush-placeholder-aspect-ratio: 20\/20;\">   Anzeigen f\u00fcr asiatische L\u00e4nder<\/h2>\n\n\n\n<p>Vielen Dank f\u00fcr Ihr Interesse an Werbung bei uns. Sie w\u00e4hlen eine der folgenden Anzeigenoptionen f\u00fcr unsere Website in Asien <a href=\"https:\/\/nodengo.com\" target=\"_blank\" rel=\"noopener\">Nodengo.com<\/a><\/p>\n\n\n\n<p>Sie m\u00f6chten in einer oder mehreren der folgenden Kategorien f\u00fcr die Auflistung auf den L\u00e4nderseiten werben. W\u00e4hlen Sie IHR Land aus (von unten), und Sie werden zum entsprechenden Abschnitt weitergeleitet, um Ihren Kauf zu t\u00e4tigen<\/p>\n\n\n\n<h4 class=\"wp-block-heading has-text-color has-link-color wp-elements-f5105894165b39b046e4fb9a2b8c1aad\" style=\"color:#eba421\">Bitte beachten Sie, dass diese Option f\u00fcr die Anzeigen f\u00fcr Hauptseitenwerbung und Anzeigen f\u00fcr asiatische L\u00e4nder gilt <strong>NICHT<\/strong> f\u00fcr bestimmte St\u00e4dte (falls Sie nur in einer Stadt werben m\u00f6chten ...<a href=\"https:\/\/ads.nodengo.com\/de\/country-main-index-page\/\"> Finde mehr heraus<\/a>)<\/h4>\n\n\n\n<p class=\"has-text-align-center\">Wenn Sie sich nicht sicher sind, welche Option f\u00fcr Anzeigen f\u00fcr asiatische L\u00e4nder am besten f\u00fcr Sie geeignet ist. Bitte lesen Sie die Beschreibung unseres <a href=\"https:\/\/ads.nodengo.com\/de\/advertising-options\/\" target=\"_blank\" rel=\"noreferrer noopener\">Werbem\u00f6glichkeiten<\/a><\/p>\n\n\n\n<hr class=\"wp-block-separator has-alpha-channel-opacity\"\/>\n\n\n\n<h4 class=\"wp-block-heading has-text-align-center\">Country Index page    &#8211;    Country Blog page<\/h4>\n\n\n\n<hr class=\"wp-block-separator has-alpha-channel-opacity\"\/>\n<\/div><\/div>\n<\/div><\/div>\n\n\n\n<div class=\"wp-block-citadela-blocks-custom-container citadela-block-custom-container size-wide bg-type-none inside-space-none\"><div class=\"inner-holder\">\n<p>Wenn Sie auf den L\u00e4ndernamen klicken, gelangen Sie zum n\u00e4chsten Schritt, um Ihre Bestellung aufzugeben..<\/p>\n\n\n\n<h2 class=\"wp-block-heading\">Werbung in asiatischen L\u00e4ndern<\/h2>\n\n\n\n<p class=\"has-background\" style=\"background-color:#faefd159\"><strong>Afghanistan| Armenien | Aserbaidschan | Bahrain | Bangladesch | Bhutan | Brunei | Kambodscha | China | Georgien\u00a0\u00a0\u00a0Hongkong | Indien | <a href=\"https:\/\/ads.nodengo.com\/de\/agency-order-ads\/?site_id=5\">&nbsp;Indonesien<\/a> | Iran | Irak | Israel | Japan | Jordanien | Kasachstan | Kuwait | Kirgisistan | | Laos | Libanon | Macau | Malaysia | Mongolei | Nepal | Oman | Pakistan | Pal\u00e4stinensische Gebiete | Papua-Neuguinea | Philippinen | Katar | Saudi-Arabien | Singapur | S\u00fcdkorea | Sri Lanka |Syrien| Taiwan | Tadschikistan | Thailand | Turkmenistan | Vereinigte Arabische Emirate | Usbekistan | Vietnam<\/strong><\/p>\n\n\n\n<hr class=\"wp-block-separator has-alpha-channel-opacity is-style-dots\"\/>\n\n\n\n<p>Ver\u00f6ffentlichungsinformationen<\/p>\n\n\n\n<ol class=\"wp-block-list\">\n<li class=\"has-small-font-size\"><em>Wenn das Land, das Sie oben ausgew\u00e4hlt haben, nicht \u201ehervorgehoben\u201c ist, bedeutet dies, dass wir noch keinen Editor f\u00fcr dieses bestimmte Land haben und daher derzeit keine Werbung verf\u00fcgbar ist. M\u00f6chten Sie jemanden als empfehlen?<\/em>. <\/li>\n\n\n\n<li class=\"has-small-font-size\"><em>Bitte beachten Sie, dass die von Ihnen ausgew\u00e4hlte Werbefl\u00e4che nicht im Pulldown-Men\u00fc auf der folgenden Seite angezeigt wird. Dies bedeutet leider, dass derzeit alle verf\u00fcgbaren Fl\u00e4chen verwendet werden.<\/em><\/li>\n\n\n\n<li class=\"has-small-font-size\">Einmal gekaufte Werbung kann nicht storniert werden<\/li>\n\n\n\n<li class=\"has-small-font-size\"><em>Einmal gekaufte Anzeigen k\u00f6nnen nicht erstattet werden<\/em>. <\/li>\n\n\n\n<li class=\"has-small-font-size\"><em>W\u00e4hlen Sie SORGF\u00c4LTIG den ABSCHNITT aus, in dem die Anzeige erscheinen soll<\/em>.<\/li>\n\n\n\n<li class=\"has-small-font-size\"><em>Alle Werbekampagnen auf Nodengo.com werden vor ihrer Ver\u00f6ffentlichung einem internen \u00dcberpr\u00fcfungsprozess unterzogen.<\/em><\/li>\n<\/ol>\n<\/div><\/div>\n\n\n\n<div style=\"height:55px\" aria-hidden=\"true\" class=\"wp-block-spacer\"><\/div>\n\n\n\n<p><\/p>","protected":false},"excerpt":{"rendered":"","protected":false},"author":5,"featured_media":0,"parent":0,"menu_order":0,"comment_status":"closed","ping_status":"closed","template":"","meta":{"_citadela_hide_page_title":"1","_citadela_remove_header_space":"1","_citadela_custom_class":"","_citadela_half_map_provider":"","_citadela_half_map_theme":"","_citadela_half_map_themeOSM":"","_citadela_half_map_customTheme":"","_citadela_half_map_dataType":"","_citadela_half_map_dynamicTrack":false,"_citadela_half_map_trackColor":"","_citadela_half_map_trackEndpointsColor":"","_citadela_half_map_filterCategory":"","_citadela_half_map_filterLocation":"","_citadela_half_map_filterFeatured":false,"_citadela_half_map_noDataBehavior":"empty-map","_citadela_half_map_noDataText":"","_citadela_half_map_clusterGridSize":80,"_citadela_header":true,"_citadela_header_over_content":true,"_citadela_header_text_color":"","_citadela_header_logo":[],"_citadela_header_bg_image":[],"_citadela_header_bg_position":{"x":0.5,"y":0.5},"_citadela_header_bg_size":"cover","_citadela_header_bg_repeat":"no-repeat","_citadela_header_bg_fixed":false,"_citadela_header_bg_color":"","_citadela_header_bg_image_overlay":"","_citadela_header_transparent_bg":true,"_citadela_content_width":"default","_citadela_half_layout_position":"","footnotes":""},"class_list":["post-1140","page","type-page","status-publish","hentry"],"_links":{"self":[{"href":"https:\/\/ads.nodengo.com\/de\/wp-json\/wp\/v2\/pages\/1140","targetHints":{"allow":["GET"]}}],"collection":[{"href":"https:\/\/ads.nodengo.com\/de\/wp-json\/wp\/v2\/pages"}],"about":[{"href":"https:\/\/ads.nodengo.com\/de\/wp-json\/wp\/v2\/types\/page"}],"author":[{"embeddable":true,"href":"https:\/\/ads.nodengo.com\/de\/wp-json\/wp\/v2\/users\/5"}],"replies":[{"embeddable":true,"href":"https:\/\/ads.nodengo.com\/de\/wp-json\/wp\/v2\/comments?post=1140"}],"version-history":[{"count":0,"href":"https:\/\/ads.nodengo.com\/de\/wp-json\/wp\/v2\/pages\/1140\/revisions"}],"wp:attachment":[{"href":"https:\/\/ads.nodengo.com\/de\/wp-json\/wp\/v2\/media?parent=1140"}],"curies":[{"name":"wp","href":"https:\/\/api.w.org\/{rel}","templated":true}]}}